{"id":96,"date":"2022-09-30T10:57:51","date_gmt":"2022-09-30T10:57:04","guid":{"rendered":"https:\/\/foodpunk.com\/rezepte\/"},"modified":"2024-11-15T14:44:24","modified_gmt":"2024-11-15T14:44:24","slug":"rezepte","status":"publish","type":"page","link":"https:\/\/foodpunk.com\/de\/rezepte\/","title":{"rendered":"Rezepte"},"content":{"rendered":"<div class=\"wpb-content-wrapper\"><p>[vc_section row_bg_color=&#8220;bg&#8211;color&#8211;bg-green&#8220; section_bgtext=&#8220;punk&#8220;][vc_row][vc_column]<div class=\"mb0-xs  vmb-3  wpb_content_element\" ><div class=\"hero hero--c  hero--\"><div class=\"hero__content\"><h1 class=\"hero__heading heading heading--ani\">Freie Rezepte<br \/>\nvon <em>Foodpunk<\/em><\/h1><div class=\"hero__text\"><p>Probiere hier unsere Rezepte bevor sie pers\u00f6nlich auf dich zugeschnitten werden.<\/p>\n<\/div><ul class=\"hero__bullets icon-list icon-list--fork-knife\"><li>Topaktuelle und saisonale Rezepte<br \/><\/li>\n<li>Gratis ausprobieren und lecker losschlemmen<br \/><\/li>\n<li>Vom Foodpunk-Rezeptteam f\u00fcr euch entwickelt<\/li><\/ul><a href=\"https:\/\/foodpunk.com\/de\/ernaehrungsplaene\/\" target=\"\" title=\"Ern\u00e4hrungspl\u00e4ne\" class=\"hero__btn btn--full btn--primary btn--md\">Jetzt Plan erstellen<\/a><\/div><div class=\"hero__image\"><img decoding=\"async\" src=\"https:\/\/foodpunk.com\/wp-content\/uploads\/Foodpunk_Hero_Rezepte-1024x768.jpg\" srcset=\"https:\/\/foodpunk.com\/wp-content\/uploads\/Foodpunk_Hero_Rezepte-1024x768.jpg 1024w, https:\/\/foodpunk.com\/wp-content\/uploads\/Foodpunk_Hero_Rezepte-300x225.jpg 300w, https:\/\/foodpunk.com\/wp-content\/uploads\/Foodpunk_Hero_Rezepte-768x576.jpg 768w, https:\/\/foodpunk.com\/wp-content\/uploads\/Foodpunk_Hero_Rezepte.jpg 1232w\" alt=\"\"><\/div><\/div><\/div>[\/vc_column][\/vc_row][\/vc_section][vc_section row_bg_color=&#8220;bg&#8211;color&#8211;bg-green&#8220;][vc_row][vc_column]<div class=\"templatera_shortcode\"><div class=\"vc_container vc_maxwidth \"><div class=\"vc_row wpb_row vc_row-fluid\"><div class=\"wpb_column vc_column_container vc_col-sm-12\"><div class=\"vc_column-inner\"><div class=\"wpb_wrapper\"><div class=\"wpb_content_element\" ><div class=\"logo-slider\"><div class=\"logo-slider__item\"><img decoding=\"async\" src=\"https:\/\/foodpunk.com\/wp-content\/uploads\/Logo_WomensHealth.png\" alt=\"Logo Women's Health\" title=\"\"><\/div><div class=\"logo-slider__item\"><img decoding=\"async\" src=\"https:\/\/foodpunk.com\/wp-content\/uploads\/Logo_ARD.png\" alt=\"Logo ARD\" title=\"\"><\/div><div class=\"logo-slider__item\"><img decoding=\"async\" src=\"https:\/\/foodpunk.com\/wp-content\/uploads\/Logo_ProSieben.png\" alt=\"Logo Prosieben\" title=\"\"><\/div><div class=\"logo-slider__item\"><img decoding=\"async\" src=\"https:\/\/foodpunk.com\/wp-content\/uploads\/Logo_MensHealth.png\" alt=\"Logo Men's Health\" title=\"\"><\/div><div class=\"logo-slider__item\"><img decoding=\"async\" src=\"https:\/\/foodpunk.com\/wp-content\/uploads\/Logo_Spiegel.png\" alt=\"Logo Der Spiegel\" title=\"\"><\/div><div class=\"logo-slider__item\"><img decoding=\"async\" src=\"https:\/\/foodpunk.com\/wp-content\/uploads\/Logo_BusinessPunk.png\" alt=\"Logo Business Punk\" title=\"\"><\/div><div class=\"logo-slider__item\"><img decoding=\"async\" src=\"https:\/\/foodpunk.com\/wp-content\/uploads\/arte_vector.png\" alt=\"arte logo\" title=\"arte_vector\"><\/div><\/div><\/div><\/div><\/div><\/div><\/div><\/div><\/div>[\/vc_column][\/vc_row][\/vc_section][vc_section row_padding=&#8220;vpt-7 vpb-7&#8243;][vc_row row_padding=&#8220;&#8220;][vc_column]<div class=\"vmb-3 wpb_content_element\" ><div class=\"heading heading--h2 \"><h2 class=\"heading   heading--center\" >W\u00e4hle deine Rezeptkategorie und koche los!<\/h2><\/div><\/div><div class=\"vmb-3 wpb_content_element\" ><div class=\"recipes__search vmb-5\"><div class=\"recipes__search__wrap\"><form action=\"\/\" method=\"get\" autocomplete=\"off\"><div class=\"search__spinner\"><\/div><input type=\"text\" name=\"s\" placeholder=\"Rezepte durchsuchen\" id=\"recipe_keyword\" tax=\"523\" class=\"search__input\" \/><div class=\"search__glass\"><div class=\"search__glass__icon\"><\/div><\/div><\/form><\/div><\/div><div class=\"recipes recipes__results\"><div id=\"term-523\" class=\"recipes__item\"><a href=\"\/de\/rezepte\/abnehmen\/#catanchor\" class=\"recipes__img\"><img decoding=\"async\" class=\"blur\" src=\"https:\/\/foodpunk.com\/wp-content\/uploads\/Mexikanischer_Salat_to_go_Low_Carb.jpg\" alt=\"Mealprep Abnehmen Low Carb\" \/><\/a><div class=\"recipes__body\"><div><p class=\"h4\"><a href=\"\/de\/rezepte\/abnehmen\/#catanchor\">Abnehmen<\/a><\/p><\/div><div class=\"recipes__meta recipes__cat__meta\">148 Rezepte<\/div><div><p>Leckere Rezepte zum Abnehmen, die schnell gelingen und dich lange satt machen!<\/p><\/div><\/div><\/div><div id=\"term-52\" class=\"recipes__item\"><a href=\"\/de\/rezepte\/besondere-anlaesse\/#catanchor\" class=\"recipes__img\"><img decoding=\"async\" class=\"blur\" src=\"https:\/\/foodpunk.com\/wp-content\/uploads\/Valentinstag_Low_Carb_Keto_Torte.jpg\" alt=\"Valentinstag Low Carb Keto\" \/><\/a><div class=\"recipes__body\"><div><p class=\"h4\"><a href=\"\/de\/rezepte\/besondere-anlaesse\/#catanchor\">Besondere Anl\u00e4sse<\/a><\/p><\/div><div class=\"recipes__meta recipes__cat__meta\">43 Rezepte<\/div><div><p>Valentinstag, Ostern oder ein Geburtstag? Hier findest du  Rezepte f\u00fcr besondere Momente.<\/p><\/div><\/div><\/div><div id=\"term-45\" class=\"recipes__item\"><a href=\"\/de\/rezepte\/desserts\/#catanchor\" class=\"recipes__img\"><img decoding=\"async\" class=\"blur\" src=\"https:\/\/foodpunk.com\/wp-content\/uploads\/Apfelstrudel_LowCarb-12.jpg\" alt=\"\"><\/a><div class=\"recipes__body\"><div><p class=\"h4\"><a href=\"\/de\/rezepte\/desserts\/#catanchor\">Desserts<\/a><\/p><\/div><div class=\"recipes__meta recipes__cat__meta\">105 Rezepte<\/div><div><p>Lust auf S\u00fc\u00dfes? Verw\u00f6hne dich und deine Liebsten mit gesunden Leckereien!<\/p><\/div><\/div><\/div><div id=\"term-522\" class=\"recipes__item\"><a href=\"\/de\/rezepte\/detox\/#catanchor\" class=\"recipes__img\"><img decoding=\"async\" class=\"blur\" src=\"https:\/\/foodpunk.com\/wp-content\/uploads\/Low_Carb_Veggie_Rosenkohl_Cheddar_Suppe-1.jpg\" alt=\"Rosenkohl Detox Suppe\" \/><\/a><div class=\"recipes__body\"><div><p class=\"h4\"><a href=\"\/de\/rezepte\/detox\/#catanchor\">Detox<\/a><\/p><\/div><div class=\"recipes__meta recipes__cat__meta\">80 Rezepte<\/div><div><p>G\u00f6nn deinem K\u00f6rper eine Ruhepause, entschlacke und hol dir neue Energie!<\/p><\/div><\/div><\/div><div id=\"term-40\" class=\"recipes__item\"><a href=\"\/de\/rezepte\/fruehstueck\/#catanchor\" class=\"recipes__img\"><img decoding=\"async\" class=\"blur\" src=\"https:\/\/foodpunk.com\/wp-content\/uploads\/Fruehstueck_Low_Carb_Muesli.jpg\" alt=\"Low Carb M\u00fcsli zum Fr\u00fchst\u00fcck\" \/><\/a><div class=\"recipes__body\"><div><p class=\"h4\"><a href=\"\/de\/rezepte\/fruehstueck\/#catanchor\">Fr\u00fchst\u00fcck<\/a><\/p><\/div><div class=\"recipes__meta recipes__cat__meta\">46 Rezepte<\/div><div><p>Dein gesunder Start in einen erfolgreichen Tag mit #foodielicious Fr\u00fchst\u00fccks-Food! <\/p><\/div><\/div><\/div><div id=\"term-53\" class=\"recipes__item\"><a href=\"\/de\/rezepte\/getraenke\/#catanchor\" class=\"recipes__img\"><img decoding=\"async\" class=\"blur\" src=\"https:\/\/foodpunk.com\/wp-content\/uploads\/Keto-Cocktail.jpg\" alt=\"Keto-Cocktail\" \/><\/a><div class=\"recipes__body\"><div><p class=\"h4\"><a href=\"\/de\/rezepte\/getraenke\/#catanchor\">Getr\u00e4nke<\/a><\/p><\/div><div class=\"recipes__meta recipes__cat__meta\">8 Rezepte<\/div><div><p>Diese Drinks haben es in sich! Deine Lieblinge in healthier und zuckerfrei \u2013 Cheers my dears! <\/p><\/div><\/div><\/div><div id=\"term-46\" class=\"recipes__item\"><a href=\"\/de\/rezepte\/glutenfrei\/#catanchor\" class=\"recipes__img\"><img decoding=\"async\" class=\"blur\" src=\"https:\/\/foodpunk.com\/wp-content\/uploads\/Low-Carb-Cheesecake-vegan-scaled-1.jpg\" alt=\"No Bake Paleo \"Cheesecake\" ohne Milchprodukte. Ein St\u00fcck, welches auf einen eigenen Teller im Hintergrund liegt, fehlt.\" \/><\/a><div class=\"recipes__body\"><div><p class=\"h4\"><a href=\"\/de\/rezepte\/glutenfrei\/#catanchor\">Glutenfrei<\/a><\/p><\/div><div class=\"recipes__meta recipes__cat__meta\">271 Rezepte<\/div><div><p>Glutenintoleranz und Lust auf Leckeres? Dann bist du hier genau richtig!<\/p><\/div><\/div><\/div><div id=\"term-41\" class=\"recipes__item\"><a href=\"\/de\/rezepte\/grundrezepte\/#catanchor\" class=\"recipes__img\"><img decoding=\"async\" class=\"blur\" src=\"https:\/\/foodpunk.com\/wp-content\/uploads\/Ghee_DIY_Keto_Lowcarb.jpg\" alt=\"Ghee DIY Keto Low Carb Ern\u00e4hrung\" \/><\/a><div class=\"recipes__body\"><div><p class=\"h4\"><a href=\"\/de\/rezepte\/grundrezepte\/#catanchor\">Grundrezepte<\/a><\/p><\/div><div class=\"recipes__meta recipes__cat__meta\">28 Rezepte<\/div><div><p>Ghee, Kokosjoghurt oder Low Carb Schokocreme... DIY ist hier das Motto!<\/p><\/div><\/div><\/div><div id=\"term-47\" class=\"recipes__item\"><a href=\"\/de\/rezepte\/hauptspeisen\/#catanchor\" class=\"recipes__img\"><img decoding=\"async\" class=\"blur\" src=\"https:\/\/foodpunk.com\/wp-content\/uploads\/Low_Carb_Keto_Spare_Ribs14.jpg\" alt=\"Low_Carb_Keto_Spare_Ribs\" \/><\/a><div class=\"recipes__body\"><div><p class=\"h4\"><a href=\"\/de\/rezepte\/hauptspeisen\/#catanchor\">Hauptspeisen<\/a><\/p><\/div><div class=\"recipes__meta recipes__cat__meta\">110 Rezepte<\/div><div><p>W\u00fcrzig, deftig oder s\u00fc\u00df... unsere Vielfalt kennt keine Grenzen. Ideal zum richtig satt essen!<\/p><\/div><\/div><\/div><div id=\"term-520\" class=\"recipes__item\"><a href=\"\/de\/rezepte\/intervallfasten\/#catanchor\" class=\"recipes__img\"><img decoding=\"async\" class=\"blur\" src=\"https:\/\/foodpunk.com\/wp-content\/uploads\/Low_Carb_Tabouleh_mit_Quinoa.jpg\" alt=\"Low_Carb_Tabouleh_mit_Quinoa\" \/><\/a><div class=\"recipes__body\"><div><p class=\"h4\"><a href=\"\/de\/rezepte\/intervallfasten\/#catanchor\">Intervallfasten<\/a><\/p><\/div><div class=\"recipes__meta recipes__cat__meta\">157 Rezepte<\/div><div><p>Wenn du Intervallfasten ausprobieren m\u00f6chtest, findest du hier k\u00f6stliche Rezept-Inspirationen.<\/p><\/div><\/div><\/div><div id=\"term-42\" class=\"recipes__item\"><a href=\"\/de\/rezepte\/keto\/#catanchor\" class=\"recipes__img\"><img decoding=\"async\" class=\"blur\" src=\"https:\/\/foodpunk.com\/wp-content\/uploads\/Vegan_Keto_LowCarb_Schokomousse6.jpg\" alt=\"Vegan Keto LowCarb Schokomousse\" \/><\/a><div class=\"recipes__body\"><div><p class=\"h4\"><a href=\"\/de\/rezepte\/keto\/#catanchor\">Keto<\/a><\/p><\/div><div class=\"recipes__meta recipes__cat__meta\">161 Rezepte<\/div><div><p>Keto Ern\u00e4hrung bedeutet Fleisch \u2013 Vegetarisch unm\u00f6glich? Wir beweisen dir das Gegenteil!<\/p><\/div><\/div><\/div><div id=\"term-49\" class=\"recipes__item\"><a href=\"\/de\/rezepte\/kuchen-und-andere-backwaren\/#catanchor\" class=\"recipes__img\"><img decoding=\"async\" class=\"blur\" src=\"https:\/\/foodpunk.com\/wp-content\/uploads\/Karamell_Schoko_Riegel_Keto_Low_Carb-1.jpg\" alt=\"Low Carb Keto Riegel\" \/><\/a><div class=\"recipes__body\"><div><p class=\"h4\"><a href=\"\/de\/rezepte\/kuchen-und-andere-backwaren\/#catanchor\">Kuchen und andere Backwaren<\/a><\/p><\/div><div class=\"recipes__meta recipes__cat__meta\">78 Rezepte<\/div><div><p>Entdecke ganz viel #g\u00f6nndir, kombiniert mit #healthy und #cleaneating\r\nDu wirst es lieben!<\/p><\/div><\/div><\/div><div id=\"term-521\" class=\"recipes__item\"><a href=\"\/de\/rezepte\/lipoedem\/#catanchor\" class=\"recipes__img\"><img decoding=\"async\" class=\"blur\" src=\"https:\/\/foodpunk.com\/wp-content\/uploads\/Low_Carb_Luxusfruehstueck.jpg\" alt=\"Low Carb Fr\u00fchst\u00fcck mit Eiern und B\u00e4rlauch in einem Einweglas serviert\" \/><\/a><div class=\"recipes__body\"><div><p class=\"h4\"><a href=\"\/de\/rezepte\/lipoedem\/#catanchor\">Lip\u00f6dem<\/a><\/p><\/div><div class=\"recipes__meta recipes__cat__meta\">117 Rezepte<\/div><div><p>Lip\u00f6dem Symptome lindern \u2013 die Ern\u00e4hrung macht's! Einblick in den Lip\u00f6dem Ern\u00e4hrungsplan.<\/p><\/div><\/div><\/div><div id=\"term-43\" class=\"recipes__item\"><a href=\"\/de\/rezepte\/low-carb\/#catanchor\" class=\"recipes__img\"><img decoding=\"async\" class=\"blur\" src=\"https:\/\/foodpunk.com\/wp-content\/uploads\/Poisson-Cru-Low-CarbKeto-Thunfischsalat.jpg\" alt=\"Poisson Cru - Low Carb_Keto Thunfischsalat\" \/><\/a><div class=\"recipes__body\"><div><p class=\"h4\"><a href=\"\/de\/rezepte\/low-carb\/#catanchor\">Low Carb<\/a><\/p><\/div><div class=\"recipes__meta recipes__cat__meta\">231 Rezepte<\/div><div><p>Wenig Kohlenhydrate, aber viiiiel Genuss! Lass dich \u00fcberzeugen, WIE lecker Low Carb sein kann!<\/p><\/div><\/div><\/div><div id=\"term-54\" class=\"recipes__item\"><a href=\"\/de\/rezepte\/mealprep\/#catanchor\" class=\"recipes__img\"><img decoding=\"async\" class=\"blur\" src=\"https:\/\/foodpunk.com\/wp-content\/uploads\/Low_Carb_Sandwiches.jpg\" alt=\"Low Carb Sandwiches\" \/><\/a><div class=\"recipes__body\"><div><p class=\"h4\"><a href=\"\/de\/rezepte\/mealprep\/#catanchor\">Mealprep<\/a><\/p><\/div><div class=\"recipes__meta recipes__cat__meta\">60 Rezepte<\/div><div><p>Einfache und gesunde Gerichte \u2013 ideal zum Vorbereiten, Mitnehmen und to Go genie\u00dfen.<\/p><\/div><\/div><\/div><div id=\"term-48\" class=\"recipes__item\"><a href=\"\/de\/rezepte\/paleo\/#catanchor\" class=\"recipes__img\"><img decoding=\"async\" class=\"blur\" src=\"https:\/\/foodpunk.com\/wp-content\/uploads\/Paleo_Osterfruehstueck_LowCarb_glutenfrei3.jpg\" alt=\"Ein Fr\u00fchst\u00fcck zur Osterzeit f\u00fcr Paleo Fans\" \/><\/a><div class=\"recipes__body\"><div><p class=\"h4\"><a href=\"\/de\/rezepte\/paleo\/#catanchor\">Paleo<\/a><\/p><\/div><div class=\"recipes__meta recipes__cat__meta\">94 Rezepte<\/div><div><p>Die Steinzeit-Di\u00e4t modern interpretiert \u2013 jetzt Paleo entdecken und Rezepte ausprobieren!<\/p><\/div><\/div><\/div><div id=\"term-55\" class=\"recipes__item\"><a href=\"\/de\/rezepte\/salate\/#catanchor\" class=\"recipes__img\"><img decoding=\"async\" class=\"blur\" src=\"https:\/\/foodpunk.com\/wp-content\/uploads\/Low_Carb_Nudelsalat_Asiatisch.jpg\" alt=\"Low Carb Nudelsalat\" \/><\/a><div class=\"recipes__body\"><div><p class=\"h4\"><a href=\"\/de\/rezepte\/salate\/#catanchor\">Salate<\/a><\/p><\/div><div class=\"recipes__meta recipes__cat__meta\">20 Rezepte<\/div><div><p>Alles andere als langweilig! Diese gesunden Salatrezepte machen Lust auf mehr!<\/p><\/div><\/div><\/div><div id=\"term-50\" class=\"recipes__item\"><a href=\"\/de\/rezepte\/snacks\/#catanchor\" class=\"recipes__img\"><img decoding=\"async\" class=\"blur\" src=\"https:\/\/foodpunk.com\/wp-content\/uploads\/LowCarb_Party_Snacks_Keto3.jpg\" alt=\"LowCarb_Party_Snacks_Keto\" \/><\/a><div class=\"recipes__body\"><div><p class=\"h4\"><a href=\"\/de\/rezepte\/snacks\/#catanchor\">Snacks<\/a><\/p><\/div><div class=\"recipes__meta recipes__cat__meta\">56 Rezepte<\/div><div><p>Snacken, aber gesund und ohne schlechtes Gewissen! Lass dich von uns inspirieren.<\/p><\/div><\/div><\/div><div id=\"term-51\" class=\"recipes__item\"><a href=\"\/de\/rezepte\/suppen\/#catanchor\" class=\"recipes__img\"><img decoding=\"async\" class=\"blur\" src=\"https:\/\/foodpunk.com\/wp-content\/uploads\/15_Low_Carb_Kuerbissuppe_Foodpunk.jpg\" alt=\"Low Carb K\u00fcrbissuppe auf dem Teller pr\u00e4sentiert. Dahinter befindet sich ein ausgeschnitzter Halloween K\u00fcrbis\" \/><\/a><div class=\"recipes__body\"><div><p class=\"h4\"><a href=\"\/de\/rezepte\/suppen\/#catanchor\">Suppen<\/a><\/p><\/div><div class=\"recipes__meta recipes__cat__meta\">16 Rezepte<\/div><div><p>Ideal f\u00fcr die kalte Jahreszeit machen unsere Suppen on top auch noch richtig satt! <\/p><\/div><\/div><\/div><div id=\"term-866\" class=\"recipes__item\"><a href=\"\/de\/rezepte\/vegan\/#catanchor\" class=\"recipes__img\"><img decoding=\"async\" class=\"blur\" src=\"https:\/\/foodpunk.com\/wp-content\/uploads\/Schnelle_Gruenkohl-Minestrone_Fetowuerfeln_4727_klein-1-1.jpg\" alt=\"\"><\/a><div class=\"recipes__body\"><div><p class=\"h4\"><a href=\"\/de\/rezepte\/vegan\/#catanchor\">Vegan<\/a><\/p><\/div><div class=\"recipes__meta recipes__cat__meta\">20 Rezepte<\/div><div><p>Entdecke unsere kreativen und alltagstauglichen veganen Rezepte \u2013 100 % pflanzlich, voller Geschmack und perfekt f\u00fcr deinen gesunden Lifestyle.<\/p><\/div><\/div><\/div><div id=\"term-44\" class=\"recipes__item\"><a href=\"\/de\/rezepte\/vegetarisch\/#catanchor\" class=\"recipes__img\"><img decoding=\"async\" class=\"blur\" src=\"https:\/\/foodpunk.com\/wp-content\/uploads\/Vegetarische-Pho.jpg\" alt=\"Vegetarische Low Carb Pho\" \/><\/a><div class=\"recipes__body\"><div><p class=\"h4\"><a href=\"\/de\/rezepte\/vegetarisch\/#catanchor\">Vegetarisch<\/a><\/p><\/div><div class=\"recipes__meta recipes__cat__meta\">157 Rezepte<\/div><div><p>K\u00f6stliche vegetarische Rezepte f\u00fcr Low Carb und Keto Fans! Gleich st\u00f6bern und loskochen!<\/p><\/div><\/div><\/div><\/div><div class=\"blog__pagination vpt-1 vpb-7\"><\/div><\/div>[\/vc_column][\/vc_row][\/vc_section][vc_row row_padding=&#8220;&#8220; row_maxwidth=&#8220;&#8220;][vc_column]<div class=\"templatera_shortcode\"><section class=\"vc_section custom bg--color--bg-green vc_section-sided\"><div class=\"vc_section__bgtext vc_section__bgtext--punk\">PUNK<\/div><div class=\"vc_container vc_maxwidth \"><div class=\"vc_row wpb_row vc_row-fluid vc_row-o-content-bottom vc_row-flex custom vpt-3\"><div class=\"wpb_column vc_column_container vc_col-sm-12 vc_col-lg-5 vc_col-md-8\"><div class=\"vc_column-inner\"><div class=\"wpb_wrapper\"><div class=\"vc_row wpb_row vc_inner vc_row-fluid vpt-7 vpb-7\"><div class=\"wpb_column vc_column_container vc_col-sm-12\"><div class=\"vc_column-inner\"><div class=\"wpb_wrapper\"><div class=\"vmb-3 wpb_content_element\" ><div class=\"heading heading--h2 \"><h2 class=\"heading   \" >Lass dir deinen pers\u00f6nlichen\r\n<strong>Ern\u00e4hrungsplan erstellen!<\/strong><\/h2><\/div><\/div><div class=\"wpb_content_element\" ><div class=\"heading heading--p \"><p class=\"heading h4  \" >Tausende Foodpunks haben mit uns ihr Wunschgewicht, mehr Selbstbewusstsein und ein besseres Wohlbefinden erreicht.<\/p><\/div><\/div><div class=\"vmb-7 wpb_content_element\" ><div class=\"heading heading--p \"><p class=\"heading h4  \" >Lass dir hunderte Rezepte, auf dich pers\u00f6nlich optimiert, in unserer preisgekr\u00f6nten App empfehlen.<\/p><\/div><\/div><div class=\"vmt-5 vmb-5 wpb_content_element\"  data-aos=\"fade-up\" ><div class=\"btn__wrapper \"><a href=\"https:\/\/foodpunk.com\/de\/wp-json\/wp\/v2\/pages\/96#buy\" target=\"\" rel=\"\" title=\"\" class=\"btn--full btn--primary btn--md \"><span>Jetzt Plan erstellen!<\/span><\/a><\/div><\/div><\/div><\/div><\/div><\/div><\/div><\/div><\/div><div class=\"wpb_column vc_column_container vc_col-sm-9 vc_col-lg-offset-0 vc_col-lg-7 vc_col-md-offset-2 vc_col-md-8\"><div class=\"vc_column-inner\"><div class=\"wpb_wrapper\">\n\t<div  class=\"wpb_single_image wpb_content_element vc_align_right wpb_content_element\" >\n\t\t\n\t\t<figure class=\"wpb_wrapper vc_figure\">\n\t\t\t<div class=\"vc_single_image-wrapper  \"><img loading=\"lazy\" decoding=\"async\" width=\"762\" height=\"853\" src=\"https:\/\/foodpunk.com\/wp-content\/uploads\/Buy-Bild2.png\" class=\"vc_single_image-img attachment-full\" alt=\"\" title=\"Buy-Bild2\" srcset=\"https:\/\/foodpunk.com\/wp-content\/uploads\/Buy-Bild2.png 762w, https:\/\/foodpunk.com\/wp-content\/uploads\/Buy-Bild2-268x300.png 268w\" sizes=\"auto, (max-width: 762px) 100vw, 762px\"><\/div>\n\t\t<\/figure>\n\t<\/div>\n<\/div><\/div><\/div><\/div><\/div><div class=\"vc_section__side\"><span class=\"vc_section__side__text\">Mitgliedschaft<\/span><div class=\"vc_section__side__border\"><div class=\"vc_section__side__dot\"><\/div><\/div><\/div><\/section><\/div>[\/vc_column][\/vc_row][vc_row row_padding=&#8220;vpt-10 vpb-10&#8243;][vc_column width=&#8220;2\/3&#8243; col_sticky=&#8220;&#8220; offset=&#8220;vc_col-md-7 vc_col-sm-offset-2&#8243;]<div class=\"vmb-3 wpb_content_element\" ><div class=\"heading heading--h2 \"><h2 class=\"heading   \" >Gesund, kreativ und vor allem lecker! Die Foodpunk <span class=\"deco-underline\">Rezepte zum Abnehmen!<\/span><\/h2><\/div><\/div>[vc_column_text]<strong>&#8222;Butter ist Liebe!&#8220; lautet das Motto vom Foodpunk Rezeptblog. Denn Abnehmen oder gesunde Ern\u00e4hrung hat bei Foodpunk nichts mit Verzicht zu tun. Im Gegenteil: Wir lieben Genuss!!! Gute Zutaten in liebevoll\u00a0<\/strong><b>entwickelten Rezepte machen deinen K\u00f6rper fit, gesund und gl\u00fccklich.<\/b>[\/vc_column_text]<div class=\"vmt-5 vmb-3 wpb_content_element\" ><div class=\"heading heading--h3 \"><h3 class=\"heading   \" >Finde bei uns Keto Rezepte, Low Carb Rezepte, vegetarische Rezepte, glutenfreie Rezepte... du entscheidest!<\/h3><\/div><\/div>[vc_column_text]Foodpunk Kreativkoch Francesco und das Rezeptteam entwickeln f\u00fcr dich topaktuelle und saisonale Rezepte &#8211; zus\u00e4tzlich zu den Rezepten in der Foodpunk App, die in deinem pers\u00f6nlichen Ern\u00e4hrungsplan individuell auf dich zugeschnitten werden. Freu dich auf Klassiker wie ein perfekt gegartes Rinderfilet, s\u00fc\u00dfe K\u00f6stlichkeiten wie die franz\u00f6sische Zitronentarte oder Leckereien f\u00fcr besondere Momente wie das Foodpunk Valentinstagsmen\u00fc f\u00fcr Zwei.<\/p>\n<p>Ideal dabei: Du kannst einen Einblick in unsere foodpunkige Ern\u00e4hrung gewinnen und sie so kennen&#8230; und lieben lernen![\/vc_column_text][\/vc_column][\/vc_row][vc_row row_padding=&#8220;&#8220; row_maxwidth=&#8220;&#8220;][vc_column]<div class=\"templatera_shortcode\"><section class=\"vc_section custom bg--color--bg-primary vc_section-sided\"><div class=\"vc_container vc_maxwidth \"><div class=\"vc_row wpb_row vc_row-fluid vc_row-o-content-bottom vc_row-flex\"><div class=\"vc_col-sm-push-6 wpb_column vc_column_container vc_col-sm-6\"><div class=\"vc_column-inner\"><div class=\"wpb_wrapper\"><div class=\"vc_row wpb_row vc_inner vc_row-fluid vpt-5 vpb-5\"><div class=\"wpb_column vc_column_container vc_col-sm-12 vc_col-md-10\"><div class=\"vc_column-inner\"><div class=\"wpb_wrapper\"><div class=\"vmb-3 wpb_content_element\" ><div class=\"heading heading--p \"><p class=\"heading h2  \" ><em>Barbara<\/em> ist f\u00fcr Dich da!<\/p><\/div><\/div>\r\n\t<div  class=\"wpb_text_column wpb_content_element  vmb-3  wpb_content_element\">\r\n\t\t<p><strong>Das Team der Foodpunk <span class=\"deco-underline\">Ern\u00e4hrungswissenschaftl<\/span>er\/-innen erstellt den perfekten Plan f\u00fcr dein Ziel - zusammen mit den smarten Algorithmen unserer preisgekr\u00f6nten, KI-gest\u00fctzten Foodpunk App.<\/strong><\/p>\n<p>Bei Foodpunk bist du nie alleine. Die gro\u00dfe Community und der Experten-Support sind f\u00fcr dich da.<\/p>\n<p>Du schlemmst und erreichst mit gro\u00dfartiger Unterst\u00fctzung dein Abnehmziel - ganz nebenbei.<\/p>\n\r\n\t<\/div>\r\n<div class=\"vmb-7 wpb_content_element\" ><div class=\"btn__wrapper \"><a href=\"https:\/\/foodpunk.com\/de\/team\/\" target=\"\" rel=\"\" title=\"Team\" class=\"btn--link btn--primary btn--lg btn--icon btn--icon--arrow\"><span>Erfahre alles \u00fcber Foodpunk und das Team<\/span><\/a><\/div><\/div><\/div><\/div><\/div><\/div><\/div><\/div><\/div><div class=\"vc_col-sm-pull-6 overlapping-person wpb_column vc_column_container vc_col-sm-6 vc_col-lg-offset-1 vc_col-lg-5\"><div class=\"vc_column-inner\"><div class=\"wpb_wrapper\">\n\t<div  class=\"wpb_single_image wpb_content_element vc_align_left wpb_content_element\" >\n\t\t\n\t\t<figure class=\"wpb_wrapper vc_figure\">\n\t\t\t<div class=\"vc_single_image-wrapper  \"><img loading=\"lazy\" decoding=\"async\" width=\"659\" height=\"1024\" src=\"https:\/\/foodpunk.com\/wp-content\/uploads\/Foodpunk_Barbara-659x1024.png\" class=\"vc_single_image-img attachment-large\" alt=\"\" title=\"Foodpunk_Barbara\" srcset=\"https:\/\/foodpunk.com\/wp-content\/uploads\/Foodpunk_Barbara-659x1024.png 659w, https:\/\/foodpunk.com\/wp-content\/uploads\/Foodpunk_Barbara-193x300.png 193w, https:\/\/foodpunk.com\/wp-content\/uploads\/Foodpunk_Barbara-768x1194.png 768w, https:\/\/foodpunk.com\/wp-content\/uploads\/Foodpunk_Barbara-988x1536.png 988w, https:\/\/foodpunk.com\/wp-content\/uploads\/Foodpunk_Barbara.png 1046w\" sizes=\"auto, (max-width: 659px) 100vw, 659px\"><\/div>\n\t\t<\/figure>\n\t<\/div>\n<\/div><\/div><\/div><\/div><\/div><div class=\"vc_section__side\"><span class=\"vc_section__side__text\">Support<\/span><div class=\"vc_section__side__border\"><div class=\"vc_section__side__dot\"><\/div><\/div><\/div><\/section><\/div>[\/vc_column][\/vc_row]<\/p>\n<\/div>","protected":false},"excerpt":{"rendered":"PUNKFreie Rezepte von FoodpunkProbiere hier unsere Rezepte bevor sie pers\u00f6nlich auf dich zugeschnitten werden. Topaktuelle und saisonale Rezepte Gratis ausprobieren und lecker losschlemmen Vom Foodpunk-Rezeptteam f\u00fcr euch entwickeltJetzt Plan erstellenW\u00e4hle deine Rezeptkategorie und koche los!Abnehmen148 RezepteLeckere Rezepte zum Abnehmen, die schnell gelingen und dich lange satt machen!Besondere Anl\u00e4sse43 RezepteValentinstag, Ostern oder ein Geburtstag? Hier findest [...]","protected":false},"author":38,"featured_media":0,"parent":0,"menu_order":35,"comment_status":"closed","ping_status":"closed","template":"","meta":{"_acf_changed":false,"inline_featured_image":false,"footnotes":""},"class_list":["post-96","page","type-page","status-publish","hentry"],"acf":[],"_links":{"self":[{"href":"https:\/\/foodpunk.com\/de\/wp-json\/wp\/v2\/pages\/96","targetHints":{"allow":["GET"]}}],"collection":[{"href":"https:\/\/foodpunk.com\/de\/wp-json\/wp\/v2\/pages"}],"about":[{"href":"https:\/\/foodpunk.com\/de\/wp-json\/wp\/v2\/types\/page"}],"author":[{"embeddable":true,"href":"https:\/\/foodpunk.com\/de\/wp-json\/wp\/v2\/users\/38"}],"replies":[{"embeddable":true,"href":"https:\/\/foodpunk.com\/de\/wp-json\/wp\/v2\/comments?post=96"}],"version-history":[{"count":5,"href":"https:\/\/foodpunk.com\/de\/wp-json\/wp\/v2\/pages\/96\/revisions"}],"predecessor-version":[{"id":7344,"href":"https:\/\/foodpunk.com\/de\/wp-json\/wp\/v2\/pages\/96\/revisions\/7344"}],"wp:attachment":[{"href":"https:\/\/foodpunk.com\/de\/wp-json\/wp\/v2\/media?parent=96"}],"curies":[{"name":"wp","href":"https:\/\/api.w.org\/{rel}","templated":true}]}}