{"id":72541,"date":"2025-05-14T12:04:28","date_gmt":"2025-05-14T12:04:28","guid":{"rendered":"https:\/\/foodpunk.com\/?page_id=72541"},"modified":"2025-05-14T13:53:25","modified_gmt":"2025-05-14T13:53:25","slug":"longevity-pdf","status":"publish","type":"page","link":"https:\/\/foodpunk.com\/de\/ernaehrungsplaene\/longevity-pdf\/","title":{"rendered":"Longevity f\u00fcr Unternehmer \u2013 Das Whitepaper f\u00fcr mehr Energie, Fokus und gesunde Lebensjahre"},"content":{"rendered":"<div class=\"wpb-content-wrapper\"><p>[vc_section row_bg_color=&#8220;bg&#8211;color&#8211;bg-blue&#8220; section_bgtext=&#8220;food&#8220; section_sidetitle=&#8220;Ern\u00e4hrungsplan&#8220;][vc_row row_padding=&#8220;&#8220;][vc_column]<div class=\"mb0-xs vmt-3   wpb_content_element\" ><div class=\"hero hero--b hero--flip hero--\"><div class=\"hero__content\"><h1 class=\"hero__heading heading heading--ani\">Longevity f\u00fcr Unternehmer \u2013 Energie, Fokus &amp; gesunde Lebensjahre<\/h1><div class=\"hero__text\"><p>Willst du l\u00e4nger gesund, fokussiert und leistungsf\u00e4hig bleiben \u2013 trotz voller To-do-Liste?<\/p>\n<p>Dieses Whitepaper ist dein Einstieg in eine neue Denkweise: weg von kurzfristigem Selbstoptimierungs-Hustle, hin zu echter, nachhaltiger Leistungsf\u00e4higkeit.<\/p>\n<p>Erfahre, wie du mit gezielten Strategien aus der Longevity-Forschung deine Energie neu managen, Entz\u00fcndungen reduzieren und deine biologische Jugend verl\u00e4ngern kannst \u2013 ohne dein Leben komplett umzukrempeln.<\/p>\n<\/div><ul class=\"hero__bullets icon-list icon-list--check\"><li>Wissenschaftlich fundiert.<br \/><\/li>\n<li>F\u00fcr High Performer entwickelt.<br \/><\/li>\n<li>Alltagsnah &amp; umsetzbar.<\/li><\/ul><a href=\"https:\/\/foodpunk.com\/de\/ernaehrungsplaene\/longevity-pdf\/#download\" target=\"\" title=\"Ern\u00e4hrungspl\u00e4ne\" class=\"hero__btn btn--full btn--primary btn--md\">Jetzt PDF herunterladen!<\/a><\/div><div class=\"hero__image\"><img decoding=\"async\" src=\"https:\/\/foodpunk.com\/wp-content\/uploads\/Design-ohne-Titel-4-3-670x1024.png\" srcset=\"https:\/\/foodpunk.com\/wp-content\/uploads\/Design-ohne-Titel-4-3-670x1024.png 670w, https:\/\/foodpunk.com\/wp-content\/uploads\/Design-ohne-Titel-4-3-196x300.png 196w, https:\/\/foodpunk.com\/wp-content\/uploads\/Design-ohne-Titel-4-3-768x1174.png 768w, https:\/\/foodpunk.com\/wp-content\/uploads\/Design-ohne-Titel-4-3-1005x1536.png 1005w, https:\/\/foodpunk.com\/wp-content\/uploads\/Design-ohne-Titel-4-3.png 1256w\" alt=\"Longevity Mann\" \/><lottie-player class=\"hero__lottie\" src=\"https:\/\/foodpunk.com\/wp-content\/uploads\/werte_jenni.json?234324\" background=\"transparent\" speed=\"1\" autoplay loop><\/lottie-player><\/div><\/div><\/div>[\/vc_column][\/vc_row][\/vc_section][vc_section row_padding=&#8220;vpt-3 vpb-3&#8243;][vc_row row_padding=&#8220;&#8220;][vc_column col_sticky=&#8220;&#8220;]<div class=\"templatera_shortcode\"><div class=\"vc_container vc_maxwidth \"><div class=\"vc_row wpb_row vc_row-fluid\"><div class=\"wpb_column vc_column_container vc_col-sm-12\"><div class=\"vc_column-inner\"><div class=\"wpb_wrapper\"><div class=\"wpb_content_element\" ><div class=\"logo-slider\"><div class=\"logo-slider__item\"><img decoding=\"async\" src=\"https:\/\/foodpunk.com\/wp-content\/uploads\/Logo_WomensHealth.png\" alt=\"Logo Women's Health\" title=\"\"><\/div><div class=\"logo-slider__item\"><img decoding=\"async\" src=\"https:\/\/foodpunk.com\/wp-content\/uploads\/Logo_ARD.png\" alt=\"Logo ARD\" title=\"\"><\/div><div class=\"logo-slider__item\"><img decoding=\"async\" src=\"https:\/\/foodpunk.com\/wp-content\/uploads\/Logo_ProSieben.png\" alt=\"Logo Prosieben\" title=\"\"><\/div><div class=\"logo-slider__item\"><img decoding=\"async\" src=\"https:\/\/foodpunk.com\/wp-content\/uploads\/Logo_MensHealth.png\" alt=\"Logo Men's Health\" title=\"\"><\/div><div class=\"logo-slider__item\"><img decoding=\"async\" src=\"https:\/\/foodpunk.com\/wp-content\/uploads\/Logo_Spiegel.png\" alt=\"Logo Der Spiegel\" title=\"\"><\/div><div class=\"logo-slider__item\"><img decoding=\"async\" src=\"https:\/\/foodpunk.com\/wp-content\/uploads\/Logo_BusinessPunk.png\" alt=\"Logo Business Punk\" title=\"\"><\/div><div class=\"logo-slider__item\"><img decoding=\"async\" src=\"https:\/\/foodpunk.com\/wp-content\/uploads\/arte_vector.png\" alt=\"arte logo\" title=\"arte_vector\"><\/div><\/div><\/div><\/div><\/div><\/div><\/div><\/div><\/div>[\/vc_column][\/vc_row][\/vc_section][vc_section row_padding=&#8220;vpt-7 vpb-7&#8243; section_sidetitle=&#8220;Foodpunk&#8220;][vc_row row_padding=&#8220;vpt-1 vpb-1&#8243;][vc_column]<div class=\"vmb-3 wpb_content_element\" ><div class=\"heading heading--p \"><p class=\"heading h2  \" >Was dich erwartet:<\/p><\/div><\/div>[vc_column_text]\u2705 Warum \u201eLongevity\u201c mehr ist als nur Anti-Aging<br data-start=\"999\" data-end=\"1002\" \/>\u2705 Die wichtigsten Hebel f\u00fcr Unternehmer: Ern\u00e4hrung, Schlaf, Licht, Mikron\u00e4hrstoffe, Bewegung &amp; mehr<br data-start=\"1101\" data-end=\"1104\" \/>\u2705 Wissenschaftlich fundierte Strategien \u2013 verst\u00e4ndlich erkl\u00e4rt<br data-start=\"1166\" data-end=\"1169\" \/>\u2705 Alltagsnahe Routinen, die wirklich funktionieren<br data-start=\"1219\" data-end=\"1222\" \/>\u2705 Bonus: Deine Longevity-Checkliste f\u00fcr die direkte Umsetzung[\/vc_column_text]<div class=\"vmb-3 wpb_content_element\" ><div class=\"heading heading--h2 \"><h2 class=\"heading   \" >F\u00fcr wen ist das Whitepaper gedacht?<\/h2><\/div><\/div>[vc_column_text]<\/p>\n<p style=\"text-align: left;\">F\u00fcr Unternehmer:innen, Selbstst\u00e4ndige und Entscheidungstr\u00e4ger, die<br data-start=\"1541\" data-end=\"1544\" \/>\u2026 mental &amp; k\u00f6rperlich auf dem h\u00f6chsten Level performen wollen<br data-start=\"1605\" data-end=\"1608\" \/>\u2026 ihre Gesundheit aktiv steuern m\u00f6chten<br data-start=\"1647\" data-end=\"1650\" \/>\u2026 an echter Pr\u00e4vention statt Symptombek\u00e4mpfung interessiert sind<br data-start=\"1714\" data-end=\"1717\" \/>\u2026 fundierte Informationen suchen, keine TikTok-Trends<\/p>\n<p>[\/vc_column_text]<div class=\"vmb-3 wpb_content_element\" ><div class=\"heading heading--h2 \"><h2 class=\"heading   \" >Warum du diesem Whitepaper vertrauen kannst:<\/h2><\/div><\/div>[vc_column_text]Das Whitepaper wurde in Zusammenarbeit mit Ern\u00e4hrungsexpertin <strong data-start=\"1890\" data-end=\"1939\">Marina Lommel (B. Sc. Ern\u00e4hrungswissenschaft)<\/strong> und dem Team von <strong data-start=\"1957\" data-end=\"1969\">Foodpunk<\/strong> erstellt. Es vereint aktuelle Forschung mit 10 Jahren Erfahrung in personalisierter Ern\u00e4hrung und Biohacking.<\/p>\n<p>\ud83d\udcce <strong data-start=\"2089\" data-end=\"2096\">PS:<\/strong> Das Whitepaper ist Teil der <a href=\"https:\/\/foodpunk.com\/de\/ernaehrungsplaene\/longevity-anti-aging-challenge-marina\/\">Longevity-Initiative<\/a> von Foodpunk \u2013 ein Zukunftsprojekt, das Gesundheit neu denkt.[\/vc_column_text][\/vc_column][\/vc_row][vc_row][vc_column width=&#8220;1\/2&#8243;]<div class=\"vmb-3 wpb_content_element\" ><div class=\"heading heading--h2 \"><h2 class=\"heading   \" >Bereit f\u00fcr den n\u00e4chsten Schritt?<\/h2><\/div><\/div>[vc_column_text]<\/p>\n<p data-start=\"1987\" data-end=\"2154\">Das Whitepaper liefert dir das <em data-start=\"2018\" data-end=\"2025\">Warum<\/em>.<br data-start=\"2026\" data-end=\"2029\" \/>Die <strong data-start=\"2033\" data-end=\"2078\">Foodpunk Longevity &amp; Anti-Aging Challenge<\/strong> zeigt dir das <em data-start=\"2093\" data-end=\"2098\">Wie<\/em> \u2013 konkret, motivierend und mit pers\u00f6nlicher Begleitung.<\/p>\n<blockquote data-start=\"2156\" data-end=\"2332\">\n<p data-start=\"2158\" data-end=\"2332\">In 10 Wochen baust du Schritt f\u00fcr Schritt deine Longevity-Routine auf \u2013 mit personalisiertem Ern\u00e4hrungsplan, t\u00e4glichen Mini-Challenges, gezieltem Wissen &amp; echten Ergebnissen.<\/p>\n<\/blockquote>\n<p>[\/vc_column_text]<div class=\"vmb-3 wpb_content_element\" ><div class=\"btn__wrapper \"><a href=\"https:\/\/foodpunk.com\/de\/ernaehrungsplaene\/longevity-anti-aging-challenge-marina\/\" target=\"\" rel=\"\" title=\"Foodpunk Longevity & Anti Aging Challenge\" class=\"btn--full btn--primary btn--lg \"><span>Foodpunk Longevity &amp; Anti Aging Challenge<\/span><\/a><\/div><\/div>[\/vc_column][vc_column width=&#8220;1\/2&#8243;][vc_single_image image=&#8220;72563&#8243; img_size=&#8220;full&#8220; alignment=&#8220;center&#8220;][\/vc_column][\/vc_row][vc_row el_id=&#8220;download&#8220;][vc_column]<div class=\"vmb-3 wpb_content_element\" ><div class=\"heading heading--h2 \"><h2 class=\"heading   heading--center\" >Hole dir dein kostenloses Longevity Whitepaper<\/h2><\/div><\/div><script type=\"text\/javascript\">\n\/* <![CDATA[ *\/\nvar gform;gform||(document.addEventListener(\"gform_main_scripts_loaded\",function(){gform.scriptsLoaded=!0}),document.addEventListener(\"gform\/theme\/scripts_loaded\",function(){gform.themeScriptsLoaded=!0}),window.addEventListener(\"DOMContentLoaded\",function(){gform.domLoaded=!0}),gform={domLoaded:!1,scriptsLoaded:!1,themeScriptsLoaded:!1,isFormEditor:()=>\"function\"==typeof InitializeEditor,callIfLoaded:function(o){return!(!gform.domLoaded||!gform.scriptsLoaded||!gform.themeScriptsLoaded&&!gform.isFormEditor()||(gform.isFormEditor()&&console.warn(\"The use of gform.initializeOnLoaded() is deprecated in the form editor context and will be removed in Gravity Forms 3.1.\"),o(),0))},initializeOnLoaded:function(o){gform.callIfLoaded(o)||(document.addEventListener(\"gform_main_scripts_loaded\",()=>{gform.scriptsLoaded=!0,gform.callIfLoaded(o)}),document.addEventListener(\"gform\/theme\/scripts_loaded\",()=>{gform.themeScriptsLoaded=!0,gform.callIfLoaded(o)}),window.addEventListener(\"DOMContentLoaded\",()=>{gform.domLoaded=!0,gform.callIfLoaded(o)}))},hooks:{action:{},filter:{}},addAction:function(o,r,e,t){gform.addHook(\"action\",o,r,e,t)},addFilter:function(o,r,e,t){gform.addHook(\"filter\",o,r,e,t)},doAction:function(o){gform.doHook(\"action\",o,arguments)},applyFilters:function(o){return gform.doHook(\"filter\",o,arguments)},removeAction:function(o,r){gform.removeHook(\"action\",o,r)},removeFilter:function(o,r,e){gform.removeHook(\"filter\",o,r,e)},addHook:function(o,r,e,t,n){null==gform.hooks[o][r]&&(gform.hooks[o][r]=[]);var d=gform.hooks[o][r];null==n&&(n=r+\"_\"+d.length),gform.hooks[o][r].push({tag:n,callable:e,priority:t=null==t?10:t})},doHook:function(r,o,e){var t;if(e=Array.prototype.slice.call(e,1),null!=gform.hooks[r][o]&&((o=gform.hooks[r][o]).sort(function(o,r){return o.priority-r.priority}),o.forEach(function(o){\"function\"!=typeof(t=o.callable)&&(t=window[t]),\"action\"==r?t.apply(null,e):e[0]=t.apply(null,e)})),\"filter\"==r)return e[0]},removeHook:function(o,r,t,n){var e;null!=gform.hooks[o][r]&&(e=(e=gform.hooks[o][r]).filter(function(o,r,e){return!!(null!=n&&n!=o.tag||null!=t&&t!=o.priority)}),gform.hooks[o][r]=e)}});\n\/* ]]> *\/\n<\/script>\n\n                <div class='gf_browser_gecko gform_wrapper gravity-theme gform-theme--no-framework sea-form_wrapper' data-form-theme='gravity-theme' data-form-index='0' id='gform_wrapper_60' style='display:none'>\n                        <div class='gform_heading'>\n\t\t\t\t\t\t\t<p class='gform_required_legend'>\u201e<span class=\"gfield_required gfield_required_asterisk\">*<\/span>\u201c zeigt erforderliche Felder an<\/p>\n                        <\/div><form method='post' enctype='multipart\/form-data'  id='gform_60' class='sea-form' action='\/de\/wp-json\/wp\/v2\/pages\/72541' data-formid='60' novalidate>\n                        <div class='gform-body gform_body'><div id='gform_fields_60' class='gform_fields top_label form_sublabel_above description_above validation_below'><div id=\"field_60_14\" class=\"gfield gfield--type-honeypot gform_validation_container field_sublabel_above gfield--has-description field_description_above field_validation_below gfield_visibility_visible\"  ><label class='gfield_label gform-field-label' for='input_60_14'>LinkedIn<\/label><div class='gfield_description' id='gfield_description_60_14'>Dieses Feld dient zur Validierung und sollte nicht ver\u00e4ndert werden.<\/div><div class='ginput_container'><input name='input_14' id='input_60_14' type='text' value='' autocomplete='new-password'\/><\/div><\/div><div id=\"field_60_9\" class=\"gfield gfield--type-text gfield--input-type-text gfield--width-full field-lang visuallyhidden field_sublabel_above gfield--no-description field_description_above field_validation_below gfield_visibility_visible\"  ><label class='gfield_label gform-field-label' for='input_60_9'>Sprache<\/label><div class='ginput_container ginput_container_text'><input name='input_9' id='input_60_9' type='text' value='' class='large'      aria-invalid=\"false\"   \/><\/div><\/div><div id=\"field_60_10\" class=\"gfield gfield--type-text gfield--input-type-text gfield--width-full field-utm_source visuallyhidden field_sublabel_above gfield--no-description field_description_above field_validation_below gfield_visibility_visible\"  ><label class='gfield_label gform-field-label' for='input_60_10'>utm_source<\/label><div class='ginput_container ginput_container_text'><input name='input_10' id='input_60_10' type='text' value='' class='large'      aria-invalid=\"false\"   \/><\/div><\/div><div id=\"field_60_12\" class=\"gfield gfield--type-text gfield--input-type-text gfield--width-full field-utm_medium visuallyhidden field_sublabel_above gfield--no-description field_description_above field_validation_below gfield_visibility_visible\"  ><label class='gfield_label gform-field-label' for='input_60_12'>utm_medium<\/label><div class='ginput_container ginput_container_text'><input name='input_12' id='input_60_12' type='text' value='' class='large'      aria-invalid=\"false\"   \/><\/div><\/div><div id=\"field_60_11\" class=\"gfield gfield--type-text gfield--input-type-text gfield--width-full field-utm_content visuallyhidden field_sublabel_above gfield--no-description field_description_above field_validation_below gfield_visibility_visible\"  ><label class='gfield_label gform-field-label' for='input_60_11'>utm_content<\/label><div class='ginput_container ginput_container_text'><input name='input_11' id='input_60_11' type='text' value='' class='large'      aria-invalid=\"false\"   \/><\/div><\/div><div id=\"field_60_13\" class=\"gfield gfield--type-text gfield--input-type-text gfield--width-full field-utm_campaign visuallyhidden field_sublabel_above gfield--no-description field_description_above field_validation_below gfield_visibility_visible\"  ><label class='gfield_label gform-field-label' for='input_60_13'>utm_campaign<\/label><div class='ginput_container ginput_container_text'><input name='input_13' id='input_60_13' type='text' value='' class='large'      aria-invalid=\"false\"   \/><\/div><\/div><div id=\"field_60_4\" class=\"gfield gfield--type-text gfield--input-type-text gfield_contains_required field_sublabel_above gfield--no-description field_description_above field_validation_below gfield_visibility_visible\"  ><label class='gfield_label gform-field-label' for='input_60_4'>Vorname<span class=\"gfield_required\"><span class=\"gfield_required gfield_required_asterisk\">*<\/span><\/span><\/label><div class='ginput_container ginput_container_text'><input name='input_4' id='input_60_4' type='text' value='' class='large'     aria-required=\"true\" aria-invalid=\"false\"   \/><\/div><\/div><div id=\"field_60_6\" class=\"gfield gfield--type-text gfield--input-type-text gfield--width-full gfield_contains_required field_sublabel_above gfield--no-description field_description_above field_validation_below gfield_visibility_visible\"  ><label class='gfield_label gform-field-label' for='input_60_6'>Nachname<span class=\"gfield_required\"><span class=\"gfield_required gfield_required_asterisk\">*<\/span><\/span><\/label><div class='ginput_container ginput_container_text'><input name='input_6' id='input_60_6' type='text' value='' class='large'     aria-required=\"true\" aria-invalid=\"false\"   \/><\/div><\/div><div id=\"field_60_7\" class=\"gfield gfield--type-email gfield--input-type-email gfield--width-full gfield_contains_required field_sublabel_above gfield--no-description field_description_above field_validation_below gfield_visibility_visible\"  ><label class='gfield_label gform-field-label' for='input_60_7'>E-Mail<span class=\"gfield_required\"><span class=\"gfield_required gfield_required_asterisk\">*<\/span><\/span><\/label><div class='ginput_container ginput_container_email'>\n                            <input name='input_7' id='input_60_7' type='email' value='' class='large'    aria-required=\"true\" aria-invalid=\"false\"  \/>\n                        <\/div><\/div><fieldset id=\"field_60_8\" class=\"gfield gfield--type-consent gfield--type-choice gfield--input-type-consent gfield--width-full gfield_contains_required field_sublabel_above gfield--no-description field_description_above hidden_label field_validation_below gfield_visibility_visible\"  ><legend class='gfield_label gform-field-label gfield_label_before_complex' >Datenschutz<span class=\"gfield_required\"><span class=\"gfield_required gfield_required_asterisk\">*<\/span><\/span><\/legend><div class='ginput_container ginput_container_consent'><input name='input_8.1' id='input_60_8_1' type='checkbox' value='1'   aria-required=\"true\" aria-invalid=\"false\"   \/> <label class=\"gform-field-label gform-field-label--type-inline gfield_consent_label\" for='input_60_8_1' >Ich bin mindestens 18 Jahre alt und willige ein, dass Foodpunk meine angegebenen Daten zur Kontaktaufnahme und zum Versand des Newsletters sowie von Informationen zu Angeboten und Veranstaltungen per E-Mail verarbeitet. Meine Einwilligung kann ich jederzeit mit Wirkung f\u00fcr die Zukunft \u00fcber den Abmelde-Link in jeder E-Mail oder per E-Mail an info@foodpunk.com widerrufen. Weitere Informationen finde ich in der Datenschutzerkl\u00e4rung.<span class=\"gfield_required gfield_required_asterisk\">*<\/span><\/label><input type='hidden' name='input_8.2' value='Ich bin mindestens 18 Jahre alt und willige ein, dass Foodpunk meine angegebenen Daten zur Kontaktaufnahme und zum Versand des Newsletters sowie von Informationen zu Angeboten und Veranstaltungen per E-Mail verarbeitet. Meine Einwilligung kann ich jederzeit mit Wirkung f\u00fcr die Zukunft \u00fcber den Abmelde-Link in jeder E-Mail oder per E-Mail an info@foodpunk.com widerrufen. Weitere Informationen finde ich in der Datenschutzerkl\u00e4rung.' class='gform_hidden' \/><input type='hidden' name='input_8.3' value='44' class='gform_hidden' \/><\/div><\/fieldset><\/div><\/div>\n        <div class='gform-footer gform_footer top_label'> <input type='submit' id='gform_submit_button_60' class='gform_button button gform-button--width-full' onclick='gform.submission.handleButtonClick(this);' data-submission-type='submit' value='Erhalte das Longevity Whitepaper als PDF direkt per E-Mail'  \/> \n            <input type='hidden' class='gform_hidden' name='gform_submission_method' data-js='gform_submission_method_60' value='postback' \/>\n            <input type='hidden' class='gform_hidden' name='gform_theme' data-js='gform_theme_60' id='gform_theme_60' value='gravity-theme' \/>\n            <input type='hidden' class='gform_hidden' name='gform_style_settings' data-js='gform_style_settings_60' id='gform_style_settings_60' value='[]' \/>\n            <input type='hidden' class='gform_hidden' name='is_submit_60' value='1' \/>\n            <input type='hidden' class='gform_hidden' name='gform_submit' value='60' \/>\n            \n            <input type='hidden' class='gform_hidden' name='gform_currency' data-currency='EUR' value='OdYVgM6Rl5dTTSCmXnPyj1r4Qn\/NfFwp4rbf8AnZNDBZNkdOdCnn3Y7hbgsjG2r0touAp9sRWegFeDF\/hqlZEMX5MClfFhxhEAD2Lxzvj\/ubS24=' \/>\n            <input type='hidden' class='gform_hidden' name='gform_unique_id' value='' \/>\n            <input type='hidden' class='gform_hidden' name='state_60' value='WyJ7XCI4LjFcIjpcIjdlOGYyMGRhYjk5OWUxNzg2MmYyZjIzODFmMzFkMWI2XCIsXCI4LjJcIjpcIjRkY2FmYTU3NWU1NWZjNjA0NDgyMGFkOWU3YTQ4NzdjXCIsXCI4LjNcIjpcIjY0ZTdjNDEwZWQyOWU0YTU5Njg2Y2RjNjJhN2I3NTk5XCJ9IiwiYmU2ZDA0OGMwYTM0MzgwNmFhZjk2ZDY5ZTk5MTZiNmYiXQ==' \/>\n            <input type='hidden' autocomplete='off' class='gform_hidden' name='gform_target_page_number_60' id='gform_target_page_number_60' value='0' \/>\n            <input type='hidden' autocomplete='off' class='gform_hidden' name='gform_source_page_number_60' id='gform_source_page_number_60' value='1' \/>\n            <input type='hidden' name='gform_field_values' value='' \/>\n            \n        <\/div>\n                        <\/form>\n                        <\/div><script type=\"text\/javascript\">\n\/* <![CDATA[ *\/\n gform.initializeOnLoaded( function() {gformInitSpinner( 60, 'https:\/\/foodpunk.com\/wp-content\/plugins\/gravityforms\/images\/spinner.svg', true );jQuery('#gform_ajax_frame_60').on('load',function(){var contents = jQuery(this).contents().find('*').html();var is_postback = contents.indexOf('GF_AJAX_POSTBACK') >= 0;if(!is_postback){return;}var form_content = jQuery(this).contents().find('#gform_wrapper_60');var is_confirmation = jQuery(this).contents().find('#gform_confirmation_wrapper_60').length > 0;var is_redirect = contents.indexOf('gformRedirect(){') >= 0;var is_form = form_content.length > 0 && ! is_redirect && ! is_confirmation;var mt = parseInt(jQuery('html').css('margin-top'), 10) + parseInt(jQuery('body').css('margin-top'), 10) + 100;if(is_form){form_content.find('form').css('opacity', 0);jQuery('#gform_wrapper_60').html(form_content.html());if(form_content.hasClass('gform_validation_error')){jQuery('#gform_wrapper_60').addClass('gform_validation_error');} else {jQuery('#gform_wrapper_60').removeClass('gform_validation_error');}setTimeout( function() { \/* delay the scroll by 50 milliseconds to fix a bug in chrome *\/  }, 50 );if(window['gformInitDatepicker']) {gformInitDatepicker();}if(window['gformInitPriceFields']) {gformInitPriceFields();}var current_page = jQuery('#gform_source_page_number_60').val();gformInitSpinner( 60, 'https:\/\/foodpunk.com\/wp-content\/plugins\/gravityforms\/images\/spinner.svg', true );jQuery(document).trigger('gform_page_loaded', [60, current_page]);window['gf_submitting_60'] = false;}else if(!is_redirect){var confirmation_content = jQuery(this).contents().find('.GF_AJAX_POSTBACK').html();if(!confirmation_content){confirmation_content = contents;}jQuery('#gform_wrapper_60').replaceWith(confirmation_content);jQuery(document).trigger('gform_confirmation_loaded', [60]);window['gf_submitting_60'] = false;wp.a11y.speak(jQuery('#gform_confirmation_message_60').text());}else{jQuery('#gform_60').append(contents);if(window['gformRedirect']) {gformRedirect();}}jQuery(document).trigger(\"gform_pre_post_render\", [{ formId: \"60\", currentPage: \"current_page\", abort: function() { this.preventDefault(); } }]);        if (event && event.defaultPrevented) {                return;        }        const gformWrapperDiv = document.getElementById( \"gform_wrapper_60\" );        if ( gformWrapperDiv ) {            const visibilitySpan = document.createElement( \"span\" );            visibilitySpan.id = \"gform_visibility_test_60\";            gformWrapperDiv.insertAdjacentElement( \"afterend\", visibilitySpan );        }        const visibilityTestDiv = document.getElementById( \"gform_visibility_test_60\" );        let postRenderFired = false;        function triggerPostRender() {            if ( postRenderFired ) {                return;            }            postRenderFired = true;            gform.core.triggerPostRenderEvents( 60, current_page );            if ( visibilityTestDiv ) {                visibilityTestDiv.parentNode.removeChild( visibilityTestDiv );            }        }        function debounce( func, wait, immediate ) {            var timeout;            return function() {                var context = this, args = arguments;                var later = function() {                    timeout = null;                    if ( !immediate ) func.apply( context, args );                };                var callNow = immediate && !timeout;                clearTimeout( timeout );                timeout = setTimeout( later, wait );                if ( callNow ) func.apply( context, args );            };        }        const debouncedTriggerPostRender = debounce( function() {            triggerPostRender();        }, 200 );        if ( visibilityTestDiv && visibilityTestDiv.offsetParent === null ) {            const observer = new MutationObserver( ( mutations ) => {                mutations.forEach( ( mutation ) => {                    if ( mutation.type === 'attributes' && visibilityTestDiv.offsetParent !== null ) {                        debouncedTriggerPostRender();                        observer.disconnect();                    }                });            });            observer.observe( document.body, {                attributes: true,                childList: false,                subtree: true,                attributeFilter: [ 'style', 'class' ],            });        } else {            triggerPostRender();        }    } );} ); \n\/* ]]> *\/\n<\/script>\n[\/vc_column][\/vc_row][\/vc_section]<\/p>\n<\/div>","protected":false},"excerpt":{"rendered":"FOODLongevity f\u00fcr Unternehmer \u2013 Energie, Fokus &amp; gesunde LebensjahreWillst du l\u00e4nger gesund, fokussiert und leistungsf\u00e4hig bleiben \u2013 trotz voller To-do-Liste? Dieses Whitepaper ist dein Einstieg in eine neue Denkweise: weg von kurzfristigem Selbstoptimierungs-Hustle, hin zu echter, nachhaltiger Leistungsf\u00e4higkeit. Erfahre, wie du mit gezielten Strategien aus der Longevity-Forschung deine Energie neu managen, Entz\u00fcndungen reduzieren und deine [...]","protected":false},"author":50,"featured_media":0,"parent":92,"menu_order":31,"comment_status":"closed","ping_status":"closed","template":"","meta":{"_acf_changed":false,"inline_featured_image":false,"footnotes":""},"class_list":["post-72541","page","type-page","status-publish","hentry"],"acf":[],"_links":{"self":[{"href":"https:\/\/foodpunk.com\/de\/wp-json\/wp\/v2\/pages\/72541","targetHints":{"allow":["GET"]}}],"collection":[{"href":"https:\/\/foodpunk.com\/de\/wp-json\/wp\/v2\/pages"}],"about":[{"href":"https:\/\/foodpunk.com\/de\/wp-json\/wp\/v2\/types\/page"}],"author":[{"embeddable":true,"href":"https:\/\/foodpunk.com\/de\/wp-json\/wp\/v2\/users\/50"}],"replies":[{"embeddable":true,"href":"https:\/\/foodpunk.com\/de\/wp-json\/wp\/v2\/comments?post=72541"}],"version-history":[{"count":39,"href":"https:\/\/foodpunk.com\/de\/wp-json\/wp\/v2\/pages\/72541\/revisions"}],"predecessor-version":[{"id":72584,"href":"https:\/\/foodpunk.com\/de\/wp-json\/wp\/v2\/pages\/72541\/revisions\/72584"}],"up":[{"embeddable":true,"href":"https:\/\/foodpunk.com\/de\/wp-json\/wp\/v2\/pages\/92"}],"wp:attachment":[{"href":"https:\/\/foodpunk.com\/de\/wp-json\/wp\/v2\/media?parent=72541"}],"curies":[{"name":"wp","href":"https:\/\/api.w.org\/{rel}","templated":true}]}}