{"id":71628,"date":"2025-03-18T12:04:49","date_gmt":"2025-03-18T12:04:49","guid":{"rendered":"https:\/\/foodpunk.com\/?page_id=71628"},"modified":"2025-11-10T16:16:51","modified_gmt":"2025-11-10T15:16:51","slug":"longevity-anti-aging-challenge-marina","status":"publish","type":"page","link":"https:\/\/foodpunk.com\/de\/ernaehrungsplaene\/longevity-anti-aging-challenge-marina\/","title":{"rendered":"Longevity &#038; Anti Aging Challenge Marina"},"content":{"rendered":"<div class=\"wpb-content-wrapper\"><p>[vc_section row_bg_color=&#8220;bg&#8211;color&#8211;bg-2025-green-2&#8243; section_bgtext=&#8220;food&#8220; section_sidetitle=&#8220;Ern\u00e4hrungsplan&#8220;][vc_row row_padding=&#8220;custom&#8220; row_bg_color=&#8220;bg&#8211;color&#8211;bg-2025-green-2&#8243;][vc_column]<div class=\"mb0-xs vmt-3   wpb_content_element\" ><div class=\"hero hero--b  hero--\"><div class=\"hero__content\"><h1 class=\"hero__heading heading heading--ani\">Longevity &amp; Anti Aging<br \/>\n<em>10 Jahre j\u00fcnger in 10 Wochen<\/em><\/h1><div class=\"hero__text\"><p>Drehe jetzt die Zeichen der Alterung mit unserer Longevity Challenge zur\u00fcck.<\/p>\n<\/div><ul class=\"hero__bullets icon-list icon-list--check\"><li>Lerne alles \u00fcber die Wissenschaft der Alterung<br \/><\/li>\n<li>Erfahre, wie du dein biologisches Alter messen kannst<br \/><\/li>\n<li>Nutze alltagstaugliche Anti Aging-Ma\u00dfnahmen<br \/><\/li>\n<li>Erhalte meine besten Supplementempfehlungen<br \/><\/li>\n<li>Lass uns gemeinsam die Zeichen des Alterns aufhalten<br \/><\/li>\n<li>Drehe dein biologisches Alter um 10 Jahre zur\u00fcck<\/li><\/ul><a href=\"https:\/\/foodpunk.com\/de\/wp-json\/wp\/v2\/pages\/71628#buy\" target=\"\" rel=\"\" title=\"\" class=\"hero__btn btn--full btn--primary btn--md\"\"><span>Jetzt starten!<\/span><\/a><\/div><div class=\"hero__image\"><img decoding=\"async\" src=\"https:\/\/foodpunk.com\/wp-content\/uploads\/DSC08886_k-670x1024.png\" srcset=\"https:\/\/foodpunk.com\/wp-content\/uploads\/DSC08886_k-670x1024.png 670w, https:\/\/foodpunk.com\/wp-content\/uploads\/DSC08886_k-196x300.png 196w, https:\/\/foodpunk.com\/wp-content\/uploads\/DSC08886_k-768x1174.png 768w, https:\/\/foodpunk.com\/wp-content\/uploads\/DSC08886_k-1005x1536.png 1005w, https:\/\/foodpunk.com\/wp-content\/uploads\/DSC08886_k.png 1256w\" alt=\"\"><lottie-player class=\"hero__lottie\" src=\"\" background=\"transparent\" speed=\"1\" autoplay loop><\/lottie-player><\/div><\/div><\/div>[\/vc_column][\/vc_row][\/vc_section][vc_section row_bg_color=&#8220;bg&#8211;color&#8211;white&#8220; section_bgtext=&#8220;food&#8220; section_sidetitle=&#8220;Ern\u00e4hrungsplan&#8220;][vc_row row_bg_color=&#8220;bg&#8211;color&#8211;white&#8220;][vc_column]<div class=\"templatera_shortcode\"><div class=\"vc_container vc_maxwidth \"><div class=\"vc_row wpb_row vc_row-fluid\"><div class=\"wpb_column vc_column_container vc_col-sm-12\"><div class=\"vc_column-inner\"><div class=\"wpb_wrapper\"><div class=\"wpb_content_element\" ><div class=\"logo-slider\"><div class=\"logo-slider__item\"><img decoding=\"async\" src=\"https:\/\/foodpunk.com\/wp-content\/uploads\/Logo_WomensHealth.png\" alt=\"Logo Women's Health\" title=\"\"><\/div><div class=\"logo-slider__item\"><img decoding=\"async\" src=\"https:\/\/foodpunk.com\/wp-content\/uploads\/Logo_ARD.png\" alt=\"Logo ARD\" title=\"\"><\/div><div class=\"logo-slider__item\"><img decoding=\"async\" src=\"https:\/\/foodpunk.com\/wp-content\/uploads\/Logo_ProSieben.png\" alt=\"Logo Prosieben\" title=\"\"><\/div><div class=\"logo-slider__item\"><img decoding=\"async\" src=\"https:\/\/foodpunk.com\/wp-content\/uploads\/Logo_MensHealth.png\" alt=\"Logo Men's Health\" title=\"\"><\/div><div class=\"logo-slider__item\"><img decoding=\"async\" src=\"https:\/\/foodpunk.com\/wp-content\/uploads\/Logo_Spiegel.png\" alt=\"Logo Der Spiegel\" title=\"\"><\/div><div class=\"logo-slider__item\"><img decoding=\"async\" src=\"https:\/\/foodpunk.com\/wp-content\/uploads\/Logo_BusinessPunk.png\" alt=\"Logo Business Punk\" title=\"\"><\/div><div class=\"logo-slider__item\"><img decoding=\"async\" src=\"https:\/\/foodpunk.com\/wp-content\/uploads\/arte_vector.png\" alt=\"arte logo\" title=\"arte_vector\"><\/div><\/div><\/div><\/div><\/div><\/div><\/div><\/div><\/div>[\/vc_column][\/vc_row][\/vc_section][vc_section section_sidetitle=&#8220;Foodpunk&#8220;][vc_row row_padding=&#8220;&#8220; row_bg_color=&#8220;bg&#8211;color&#8211;bg-green&#8220; row_bg_border=&#8220;bg&#8211;border bg&#8211;border&#8211;right&#8220;][vc_column width=&#8220;5\/6&#8243; col_sticky=&#8220;&#8220; offset=&#8220;vc_col-md-offset-2 vc_col-md-8 vc_col-sm-offset-1&#8243;]<div class=\"vmb-3 wpb_content_element\" ><div class=\"heading heading--h2 \"><h2 class=\"heading   heading--center\" >L\u00e4nger leben, besser leben<br \/>\n\u2013 die 10 Wochen Longevity Challenge von <em>Foodpunk<\/em><\/h2><\/div><\/div>[vc_column_text]<\/p>\n<p data-pm-slice=\"1 1 []\">Willst du das Altern verlangsamen und dein biologisches Alter signifikant senken? Die Wissenschaft zeigt: Mit der richtigen Ern\u00e4hrung und Lebensweise kannst du nicht nur l\u00e4nger, sondern auch ges\u00fcnder und besser leben.<\/p>\n<p>Unsere <strong>Foodpunk Longevity &amp; Anti-Aging Challenge<\/strong> basiert auf aktuellen wissenschaftlichen Erkenntnissen und hilft dir, die besten Longevity-Strategien in deinen Alltag zu integrieren \u2013 ganz ohne den extremen Aufwand (Hunderte Erg\u00e4nzungsmittel etc.), den bekannte Biohacker wie Bryan Johnson betreiben.[\/vc_column_text]<div class=\"vmb-3 wpb_content_element\" ><div class=\"btn__wrapper \"><a href=\"#buy\" target=\"\" rel=\"\" title=\"\" class=\"btn--full btn--primary btn--lg \"><span>Entdecke die Vorteile eines gesunden, langen Lebens!<\/span><\/a><\/div><\/div>[\/vc_column][\/vc_row][\/vc_section][vc_section row_padding=&#8220;vpt-7 vpb-7&#8243; section_sidetitle=&#8220;Foodpunk&#8220;][vc_row row_padding=&#8220;&#8220; row_bg_color=&#8220;bg&#8211;color&#8211;white&#8220; row_bg_border=&#8220;bg&#8211;border bg&#8211;border&#8211;left&#8220;][vc_column width=&#8220;5\/6&#8243; col_sticky=&#8220;&#8220; offset=&#8220;vc_col-md-offset-2 vc_col-md-8 vc_col-sm-offset-1&#8243;]<div class=\"vmb-3 wpb_content_element\" ><div class=\"heading heading--h2 \"><h2 class=\"heading   heading--center\" ><em>Marina Lommel<\/em> (Foodpunk-Gr\u00fcnderin): <em><\/em>Irgendwie haben mich 10 Jahre als Unternehmerin j\u00fcnger statt \u00e4lter gemacht!<em><\/em><\/h2><\/div><\/div>[vc_column_text]<\/p>\n<p data-pm-slice=\"1 1 []\">Hey, ich bin Marina Lommel, Ern\u00e4hrungswissenschaftlerin und Gr\u00fcnderin von <strong>Foodpunk<\/strong>. Seit Jahren besch\u00e4ftige ich mich intensiv mit dem Thema <strong>Longevity<\/strong>. Mein Ziel: Einen Ansatz finden, der nicht nur wissenschaftlich fundiert, sondern auch alltagstauglich, preisg\u00fcnstig und unkompliziert ist.<\/p>\n<p>\u00dcber die letzten Jahre habe ich Foodpunk aufgebaut, das Team von 0 auf 40 Mitarbeiter vergr\u00f6\u00dfert und 2024 das PNT Center f\u00fcr personalisierte Ern\u00e4hrung und Technologie auf 1.000 Quadratmeter B\u00fcrofl\u00e4che er\u00f6ffnet. Aus dem One-Woman-Start-up ist ein Unternehmen geworden, das Ums\u00e4tze in Millionenh\u00f6he macht und renommierte Partner wie die AOK an seiner Seite hat.<\/p>\n<p>Zu Beginn der Gr\u00fcndung hatte ich 100-Stunden-Arbeitswochen und vier Jahre lang keinen Sport gemacht. Trotzdem habe ich nebenbei 15 kg abgenommen. Mittlerweile umfassen meine Arbeitswochen 50\u201360 Stunden. Ich reise viel, springe von Termin zu Termin und mein Kalender ist ein wahres Tetris-Spiel, Level 100.<\/p>\n<p data-pm-slice=\"1 1 []\">Trotzdem f\u00fchle ich mich <strong>von Jahr zu Jahr j\u00fcnger<\/strong>\u00a0\u2013 und mal ehrlich, man sieht das auch. Auf dem Foto links bin ich 24 Jahre alt, kurz vor der Gr\u00fcndung. Auf dem rechten Foto bin ich 33 Jahre alt.<\/p>\n<p>[\/vc_column_text][vc_single_image image=&#8220;10852&#8243; img_size=&#8220;large&#8220;][\/vc_column][\/vc_row][\/vc_section][vc_section row_padding=&#8220;vpt-7 vpb-7&#8243; section_sidetitle=&#8220;Foodpunk&#8220;][vc_row row_padding=&#8220;custom&#8220; row_padding_bottom=&#8220;vpb-3&#8243; row_bg_color=&#8220;bg&#8211;color&#8211;bg-green&#8220; row_bg_border=&#8220;bg&#8211;border bg&#8211;border&#8211;left&#8220;][vc_column width=&#8220;5\/6&#8243; col_sticky=&#8220;&#8220; offset=&#8220;vc_col-sm-offset-1&#8243;][vc_column_text]<\/p>\n<h3 data-pm-slice=\"1 1 []\" data-pm-slice=\"1 1 []\" id=\"\"><\/h3>\n<h3 data-pm-slice=\"1 1 []\" data-pm-slice=\"1 1 []\" id=\"wie-gelingt-mir-das\">Wie gelingt mir das?<\/h3>\n<p>\ud83d\udc49 Ern\u00e4hrung ist der Schl\u00fcssel<br \/>\n\ud83d\udc49 Schwere Gewichte heben<br \/>\n\ud83d\udc49 Schlaf priorisieren<br \/>\n\ud83d\udc49 Freie Zeit in der Natur verbringen<br \/>\n\ud83d\udc49 Individuelle Nahrungserg\u00e4nzung<\/p>\n<p><strong>All diese Anti-Aging-Biohacks sind kosteng\u00fcnstig und lassen sich leicht in den Alltag integrieren.<\/strong> Der entscheidende Punkt ist, zu wissen, welche Ma\u00dfnahmen wirklich funktionieren und was f\u00fcr dich umsetzbar ist.<\/p>\n<p>Es hat viele Jahre gedauert, bis ich den Weg gefunden habe, der f\u00fcr mich funktioniert. Ich habe unz\u00e4hlige B\u00fccher gelesen, Studien verschlungen und bin als studierte Ern\u00e4hrungswissenschaftlerin tief in die Wissenschaft der Alterung eingetaucht. Und zum ersten Mal bereite ich all das f\u00fcr dich auf &#8211; in der <strong>Longevity Challenge von Foodpunk<\/strong>.<\/p>\n<p>Meine pers\u00f6nlichen Erfahrungen mit <strong>Ern\u00e4hrung<\/strong>, <strong>Biohacking<\/strong> und<strong> Lifestyle-Optimierung<\/strong> haben mich zu dieser Challenge inspiriert. Hier bekommst du die Strategien, die wirklich funktionieren.[\/vc_column_text]<div class=\"vmb-3 wpb_content_element\" ><div class=\"btn__wrapper \"><a href=\"#buy\" target=\"\" rel=\"\" title=\"\" class=\"btn--full btn--primary btn--lg \"><span>Starte jetzt deine eigene Longevity Reise!<\/span><\/a><\/div><\/div>[\/vc_column][\/vc_row][\/vc_section][vc_section section_sidetitle=&#8220;Foodpunk&#8220;][vc_row row_padding=&#8220;custom&#8220; row_padding_bottom=&#8220;vpb-3&#8243; row_bg_color=&#8220;bg&#8211;color&#8211;white&#8220;][vc_column width=&#8220;1\/2&#8243; col_sticky=&#8220;&#8220; offset=&#8220;vc_col-lg-offset-2 vc_col-lg-5&#8243;][vc_single_image image=&#8220;71659&#8243; img_size=&#8220;full&#8220;][\/vc_column][vc_column width=&#8220;5\/12&#8243; col_sticky=&#8220;&#8220; offset=&#8220;vc_col-lg-4&#8243;][vc_column_text]<\/p>\n<h3 id=\"\"><\/h3>\n<h3 id=\"\"><\/h3>\n<p>&nbsp;<\/p>\n<h3 id=\"starte-jetzt-mit-deiner-10-wochen-longevity-anti-aging-challenge\">Starte jetzt mit deiner 10 Wochen Longevity &amp; Anti Aging Challenge<\/h3>\n<p>\ud83d\udc49 <strong>70 Wissenshappen<\/strong>: Die Hintergr\u00fcnde gesunder Langlebigkeit, warum dein K\u00f6rper altert, welche N\u00e4hrstoffe welche Wirkungen auf deinen K\u00f6rper haben, welche Gewohnheiten deine Alterung beeinflussen<\/p>\n<p>\ud83d\udc49 T\u00e4gliche <strong>Tipps<\/strong> und kleine <strong>Challenges<\/strong><\/p>\n<p>\ud83d\udc49 \u00a0Meine TOP<strong> Longevity Supplements<\/strong><\/p>\n<p>\ud83d\udc49 Wie du deine <strong>zellul\u00e4re Alterung<\/strong> messen kannst<\/p>\n<p>\ud83d\udc49 Spannendes <strong>Wissen<\/strong> und <strong>Deep Dives<\/strong><\/p>\n<p>Ich nehme dich mit auf den Weg zur <strong>Langlebigkeit<\/strong>![\/vc_column_text][\/vc_column][\/vc_row][\/vc_section][vc_section section_sidetitle=&#8220;Foodpunk&#8220;][vc_row row_padding=&#8220;&#8220; row_bg_color=&#8220;bg&#8211;color&#8211;bg-green&#8220; row_bg_border=&#8220;bg&#8211;border bg&#8211;border&#8211;right&#8220;][vc_column width=&#8220;5\/6&#8243; col_sticky=&#8220;&#8220; offset=&#8220;vc_col-sm-offset-1&#8243;][vc_column_text]<\/p>\n<h3 data-pm-slice=\"1 3 []\" data-pm-slice=\"1 3 []\" id=\"was-ist-longevity-und-warum-ist-es-das-thema-der-zukunft\">Was ist Longevity \u2013 und warum ist es DAS Thema der Zukunft?<\/h3>\n<p><strong>Longevity<\/strong> bedeutet nicht nur, lange zu leben und j\u00fcnger auszusehen \u2013 sondern vor allen Dingen lange gesund und fit zu bleiben. Zahlreiche wissenschaftliche Studien beweisen, dass bestimmte Ern\u00e4hrungsweisen, Bewegungsroutinen und Lebensstile das Altern nicht nur verlangsamen, sondern dein biologisches Alter sogar zur\u00fcckdrehen k\u00f6nnen.<\/p>\n<p>Wichtige Faktoren f\u00fcr Langlebigkeit:<\/p>\n<ul>\n<li>Ern\u00e4hrung mit optimaler N\u00e4hrstoffversorgung<\/li>\n<li>Regelm\u00e4\u00dfige Bewegung und Muskelaufbau<\/li>\n<li>Schlaf, Regeneration und Stressmanagement<\/li>\n<li>Wissenschaftlich fundierte Biohacks<\/li>\n<\/ul>\n<p>[\/vc_column_text]<div class=\"vmb-3 wpb_content_element\" ><div class=\"btn__wrapper \"><a href=\"#buy\" target=\"\" rel=\"\" title=\"\" class=\"btn--full btn--primary btn--lg \"><span>Foodpunk Longevity &amp; Anti Aging Challenge<\/span><\/a><\/div><\/div>[vc_column_text appeareffect=&#8220;fade-up&#8220;]<\/p>\n<h3 data-pm-slice=\"1 3 []\" data-pm-slice=\"1 3 []\" id=\"bryan-johnson-der-mann-der-das-altern-aufhalten-will\">Bryan Johnson: Der Mann, der das Altern aufhalten will<\/h3>\n<p>Der Unternehmer Bryan Johnson ist aktuell in aller Munde \u2013 seine Netflix-Dokumentation <strong>&#8222;Dont Die&#8220; <\/strong>zeigt, wie er mit seinem &#8222;Blueprint&#8220;-Programm versucht, das Altern umzukehren. Durch eine streng kontrollierte Ern\u00e4hrung, Supplements und medizinische \u00dcberwachung hat er sein biologisches Alter um Jahre reduziert.<\/p>\n<p>Sein Ansatz ist faszinierend, aber auch extrem (und extrem teuer!):<\/p>\n<ul data-spread=\"false\">\n<li>Strenge Ern\u00e4hrung: immer zur gleichen Zeit, \u00fcberwiegend pflanzlich, stark kalorienreduziert<\/li>\n<li>Harter Fitnessplan mit t\u00e4glichem Kraft- und Ausdauertraining<\/li>\n<li>\u00dcber 100 Supplements t\u00e4glich, st\u00e4ndige Bluttests zwecks Versorgung<\/li>\n<li>High Tech-Eingriffe (Lasertherapie, Blutplasma, Cremes)<\/li>\n<li>Alles wird getrackt: Jeder seiner Werte wird gemessen und optimiert<\/li>\n<\/ul>\n<p>[\/vc_column_text][vc_column_text]<\/p>\n<h3 data-pm-slice=\"1 1 []\" data-pm-slice=\"1 1 []\" id=\"dein-foodpunk-longevity-plan-alltagstauglich-nachhaltig-effektiv\">Dein Foodpunk-Longevity-Plan: alltagstauglich, nachhaltig &amp; effektiv<\/h3>\n<p>Inspirieren lassen, aber nicht \u00fcberfordern: Wir haben das Beste aus der Longevity-Forschung in ein Programm gepackt, das in den Alltag ganz normaler Menschen passt, bezahlbar ist und Spa\u00df macht, statt zu \u00fcberfordern.[\/vc_column_text][\/vc_column][\/vc_row][\/vc_section][vc_section section_sidetitle=&#8220;Foodpunk&#8220;][vc_row][vc_column width=&#8220;1\/3&#8243;][vc_column_text]<\/p>\n<h3 style=\"text-align: center;\" style=\"text-align: center;\" id=\"bryan-johnson\">Bryan Johnson<\/h3>\n<p>[\/vc_column_text][vc_column_text]<\/p>\n<p style=\"text-align: center;\">Strenge Kalorienkontrolle &amp; Supplements<\/p>\n<p>[\/vc_column_text][vc_column_text]<\/p>\n<p style=\"text-align: center;\">Hochoptimierte Biohacks &amp; medizinische \u00dcberwachung<\/p>\n<p>[\/vc_column_text][vc_column_text]<\/p>\n<p style=\"text-align: center;\">Schwer umsetzbar ohne gro\u00dfes Budget<\/p>\n<p>[\/vc_column_text][\/vc_column][vc_column width=&#8220;1\/3&#8243;][vc_column_text]<\/p>\n<h3 style=\"text-align: center;\" style=\"text-align: center;\" id=\"vs\">vs.<\/h3>\n<p>[\/vc_column_text][vc_column_text]<\/p>\n<p style=\"text-align: center;\"><strong>Ern\u00e4hrung<\/strong><\/p>\n<p>[\/vc_column_text][vc_column_text]<\/p>\n<p style=\"text-align: center;\"><strong>Lifestyle<\/strong><\/p>\n<p>[\/vc_column_text][vc_column_text]<\/p>\n<p style=\"text-align: center;\"><strong>Kostenfaktor<\/strong><\/p>\n<p>[\/vc_column_text][\/vc_column][vc_column width=&#8220;1\/3&#8243;][vc_column_text]<\/p>\n<h3 style=\"text-align: center;\" style=\"text-align: center;\" id=\"foodpunk-longevity\">Foodpunk Longevity<\/h3>\n<p>[\/vc_column_text][vc_column_text]<\/p>\n<p style=\"text-align: center;\">100% personalisierte Ern\u00e4hrungspl\u00e4ne nach deinen W\u00fcnschen<\/p>\n<p>[\/vc_column_text][vc_column_text]<\/p>\n<p style=\"text-align: center;\">Alltagstaugliche Longevity-Hacks<\/p>\n<p>[\/vc_column_text][vc_column_text]<\/p>\n<p style=\"text-align: center;\">F\u00fcr jeden geeignet und preisg\u00fcnstig<\/p>\n<p>[\/vc_column_text][\/vc_column][\/vc_row][\/vc_section][vc_section section_sidetitle=&#8220;Foodpunk&#8220;][vc_row row_padding=&#8220;custom&#8220; row_padding_bottom=&#8220;vpb-3&#8243;][vc_column width=&#8220;5\/6&#8243; col_sticky=&#8220;&#8220; offset=&#8220;vc_col-sm-offset-1&#8243;][vc_column_text]<\/p>\n<h3 data-pm-slice=\"1 1 []\" data-pm-slice=\"1 1 []\" id=\"\"><\/h3>\n<h3 data-pm-slice=\"1 1 []\" data-pm-slice=\"1 1 []\" id=\"das-erwartet-dich-in-der-longevity-anti-aging-challenge\">Das erwartet dich in der Longevity &amp; Anti-Aging Challenge<\/h3>\n<ul data-spread=\"false\">\n<li><strong>Wissenschaftlich fundierte Ern\u00e4hrungspl\u00e4ne<\/strong> f\u00fcr optimale Zellgesundheit<\/li>\n<li><strong>Praxisnahe Biohacks<\/strong> f\u00fcr mehr Energie und Regeneration<\/li>\n<li><strong>Wissen &amp; Motivation<\/strong> direkt aus der Longevity-Forschung<\/li>\n<li><strong>Unterst\u00fctzung durch Experten &amp; Community<\/strong><\/li>\n<\/ul>\n<h3 id=\"starte-jetzt-deine-longevity-reise\">Starte jetzt deine Longevity-Reise!<\/h3>\n<p>Lebe nicht nur l\u00e4nger \u2013 sondern besser. Nimm die Foodpunk Longevity &amp; Anti-Aging Challenge an und optimiere deine Gesundheit auf nachhaltige Weise![\/vc_column_text][\/vc_column][\/vc_row][\/vc_section][vc_row row_bg_color=&#8220;bg&#8211;color&#8211;bg-green&#8220; row_bg_border=&#8220;bg&#8211;border bg&#8211;border&#8211;left&#8220; el_id=&#8220;buy&#8220;][vc_column col_sticky=&#8220;&#8220;]<div class=\"templatera_shortcode\"><div class=\"vc_container vc_maxwidth \"><div class=\"vc_row wpb_row vc_row-fluid vpt-3 vpb-3\"><div class=\"wpb_column vc_column_container vc_col-sm-6\"><div class=\"vc_column-inner\"><div class=\"wpb_wrapper\"><div class=\"vmb-3 wpb_content_element\" ><div class=\"heading heading--h2 \"><h2 class=\"heading   \" >Buche jetzt dein Longevity &amp; Anti Aging Programm<\/h2><\/div><\/div><script src=\"https:\/\/js.chargebee.com\/v2\/chargebee.js\" data-cb-site=\"foodpunk\" data-cb-ga-enabled=\"false\" data-cb-gtm-enabled=\"true\" data-cb-fbq-enabled=\"true\"><\/script><script>\t\t\t\n\t\t\t\tfunction getUTMParams() {\n\t\t\t\t\tconst urlParams = new URLSearchParams(window.location.search);\n\t\t\t\t\tconst cookies = document.cookie.split(\"; \").reduce((acc, c) => {\n\t\t\t\t\t\tconst [key, val] = c.split(\"=\");\n\t\t\t\t\t\tacc[key] = decodeURIComponent(val || \"\");\n\t\t\t\t\t\treturn acc;\n\t\t\t\t\t}, {});\n\t\t\t\t\treturn {\n\t\t\t\t\t\tutm_source: urlParams.get(\"utm_source\") || cookies.utm_source || \"\",\n\t\t\t\t\t\tutm_medium: urlParams.get(\"utm_medium\") || cookies.utm_medium || \"\",\n\t\t\t\t\t\tutm_campaign: urlParams.get(\"utm_campaign\") || cookies.utm_campaign || \"\",\n\t\t\t\t\t\tutm_term: urlParams.get(\"utm_term\") || cookies.utm_term || \"\",\n\t\t\t\t\t\tutm_content: urlParams.get(\"utm_content\") || cookies.utm_content || \"\"\n\t\t\t\t\t};\n\t\t\t\t}\n\t\t\t\t\n\t\t\t\tconst utm = getUTMParams();\n\t\t\tdocument.addEventListener(\"DOMContentLoaded\", function () {var cbInstance = Chargebee.getInstance();var planElement = document.querySelector(\"[data-cb-item-0='longevity-6-monate']\");var product0 = cbInstance.getProduct(planElement);product0.setCustomData({\n\t\t\t\t\t\tcf_utm_source: utm.utm_source,\n\t\t\t\t\t\tcf_utm_medium: utm.utm_medium,\n\t\t\t\t\t\tcf_utm_campaign: utm.utm_campaign,\n\t\t\t\t\t\tcf_utm_term: utm.utm_term,\n\t\t\t\t\t\tcf_utm_content: utm.utm_content,\n\t\t\t\t\t});});<\/script><div class=\"vmb-3 wpb_content_element\" ><div class=\"purchase-v3 purchase-v3--a\"><button class=\"product-card-v3\" type=\"submit\" href=\"javascript:void(0)\" data-cb-type=\"checkout\" data-cb-item-0=\"longevity-6-monate\"><div class=\"product-card-v3__text\"><div class=\"product-card-v3__title\">6 Monate Plan <\/div><ul class=\"product-card-v3__list product-card-v3__list--check\"><li>70 Tage spannende Inhalte zu Longevity & Anti Aging<\/li><li>100 % personalisierter Ern\u00e4hrungsplan<\/li><li>N\u00e4hrstoffe auf deinen Bedarf abgestimmt<\/li><li>Du entscheidest was dir schmeckt: Entdecke regelm\u00e4\u00dfig neue saisonale Rezepte f\u00fcr deinen Ern\u00e4hrungsplan<\/li><li>Monatliche Neuberechnung deines Ern\u00e4hrungsplans<\/li><li>Wissenschaftlicher Experten-Support<\/li><li>Nutzbar via App oder Browser<\/li><li>Alle 6 Monate k\u00fcndbar<\/li><\/ul><\/div><div class=\"product-card-v3__price\"><span>179,94<em>\u20ac<\/em><\/span><div>99,99 <em>\u20ac<\/em><div class=\"product-card-v3__price-info\">pro 6 Monate<\/div><\/div><\/div><div class=\"product-card-v3__badge\">44% gespart<\/div><\/button><div class=\"purchase__buttons\"><\/div><\/div><\/div><\/div><\/div><\/div><div class=\"wpb_column vc_column_container vc_col-sm-6\"><div class=\"vc_column-inner\"><div class=\"wpb_wrapper\">\n\t<div  class=\"wpb_single_image wpb_content_element vc_align_left vmb-3 wpb_content_element\" >\n\t\t\n\t\t<figure class=\"wpb_wrapper vc_figure\">\n\t\t\t<div class=\"vc_single_image-wrapper  \"><img loading=\"lazy\" decoding=\"async\" width=\"1282\" height=\"1920\" src=\"https:\/\/foodpunk.com\/wp-content\/uploads\/DSC08700014_k.png\" class=\"vc_single_image-img attachment-full\" alt=\"Emotionales Essen Seelenhunger\" title=\"Emotionales Essen Seelenhunger\" srcset=\"https:\/\/foodpunk.com\/wp-content\/uploads\/DSC08700014_k.png 1282w, https:\/\/foodpunk.com\/wp-content\/uploads\/DSC08700014_k-200x300.png 200w, https:\/\/foodpunk.com\/wp-content\/uploads\/DSC08700014_k-684x1024.png 684w, https:\/\/foodpunk.com\/wp-content\/uploads\/DSC08700014_k-768x1150.png 768w, https:\/\/foodpunk.com\/wp-content\/uploads\/DSC08700014_k-1026x1536.png 1026w\" sizes=\"auto, (max-width: 1282px) 100vw, 1282px\" \/><\/div>\n\t\t<\/figure>\n\t<\/div>\n<\/div><\/div><\/div><\/div><\/div><\/div>[\/vc_column][\/vc_row][vc_row][vc_column][vc_column_text]<\/p>\n<h2 id=\"fuer-bestandskunden\">F\u00fcr Bestandskunden<\/h2>\n<p>Du bist bereits Foodpunk Mitglied und hast die Foodpunk App? Dann kannst du dir die Challenge direkt in der App freischalten. Du findest sie f\u00fcr 1.000 Foodpunkte im Bereich &#8222;Challenges&#8220;. Buche bitte nicht \u00fcber die Website.<\/p>\n<p>Keine Foodpunkte mehr?<br \/>\nDu kannst <a href=\"https:\/\/shop.foodpunk.de\/collections\/gutschein\" target=\"_blank\" rel=\"noopener noreferrer nofollow\">hier im Foodpunk Shop<\/a> Nachschub holen.[\/vc_column_text][\/vc_column][\/vc_row]<\/p>\n<\/div>","protected":false},"excerpt":{"rendered":"FOODLongevity &amp; Anti Aging 10 Jahre j\u00fcnger in 10 WochenDrehe jetzt die Zeichen der Alterung mit unserer Longevity Challenge zur\u00fcck. Lerne alles \u00fcber die Wissenschaft der Alterung Erfahre, wie du dein biologisches Alter messen kannst Nutze alltagstaugliche Anti Aging-Ma\u00dfnahmen Erhalte meine besten Supplementempfehlungen Lass uns gemeinsam die Zeichen des Alterns aufhalten Drehe dein biologisches Alter [...]","protected":false},"author":50,"featured_media":0,"parent":92,"menu_order":141,"comment_status":"closed","ping_status":"closed","template":"","meta":{"_acf_changed":false,"inline_featured_image":false,"footnotes":""},"class_list":["post-71628","page","type-page","status-publish","hentry"],"acf":[],"_links":{"self":[{"href":"https:\/\/foodpunk.com\/de\/wp-json\/wp\/v2\/pages\/71628","targetHints":{"allow":["GET"]}}],"collection":[{"href":"https:\/\/foodpunk.com\/de\/wp-json\/wp\/v2\/pages"}],"about":[{"href":"https:\/\/foodpunk.com\/de\/wp-json\/wp\/v2\/types\/page"}],"author":[{"embeddable":true,"href":"https:\/\/foodpunk.com\/de\/wp-json\/wp\/v2\/users\/50"}],"replies":[{"embeddable":true,"href":"https:\/\/foodpunk.com\/de\/wp-json\/wp\/v2\/comments?post=71628"}],"version-history":[{"count":96,"href":"https:\/\/foodpunk.com\/de\/wp-json\/wp\/v2\/pages\/71628\/revisions"}],"predecessor-version":[{"id":74873,"href":"https:\/\/foodpunk.com\/de\/wp-json\/wp\/v2\/pages\/71628\/revisions\/74873"}],"up":[{"embeddable":true,"href":"https:\/\/foodpunk.com\/de\/wp-json\/wp\/v2\/pages\/92"}],"wp:attachment":[{"href":"https:\/\/foodpunk.com\/de\/wp-json\/wp\/v2\/media?parent=71628"}],"curies":[{"name":"wp","href":"https:\/\/api.w.org\/{rel}","templated":true}]}}