{"id":6541,"date":"2022-11-10T19:16:51","date_gmt":"2022-11-10T19:16:42","guid":{"rendered":"https:\/\/foodpunk.com\/?page_id=6541"},"modified":"2025-12-05T12:33:28","modified_gmt":"2025-12-05T11:33:28","slug":"team","status":"publish","type":"page","link":"https:\/\/foodpunk.com\/de\/team\/","title":{"rendered":"Team"},"content":{"rendered":"<div class=\"wpb-content-wrapper\"><p>[vc_section row_bg_color=&#8220;bg&#8211;color&#8211;bg-primary&#8220; section_bgtext=&#8220;food&#8220;][vc_row][vc_column width=&#8220;5\/6&#8243; col_sticky=&#8220;&#8220; offset=&#8220;vc_col-lg-6 vc_col-md-8&#8243;]<div class=\"vmb-3 wpb_content_element\" ><div class=\"heading heading--h1 \"><h1 class=\"heading   \" >Das <em>Team<\/em><br \/>\nvon Foodpunk<\/h1><\/div><\/div><div class=\"vmb-3 wpb_content_element\" ><div class=\"heading heading--p \"><p class=\"heading h4  \" >Wir bei Foodpunk setzen uns daf\u00fcr ein, dass sich der Fokus in der Ern\u00e4hrung wieder zur\u00fcck auf das <em><\/em>N\u00e4hren<em><\/em> des K\u00f6rpers verschiebt. Dabei setzen wir auf echte, unverarbeitete Lebensmittel. Wir zeigen dir, wie du aus diesen leckere Gerichte zaubern kannst.<\/p><\/div><\/div>[vc_column_text]<\/p>\n<ul class=\"icon-list icon-list--check\">\n<li>Genussvoll essen und deinen K\u00f6rper mit hochwertigen Bausteinen versorgen<\/li>\n<li>Gut f\u00fcr deine Gesundheit und dein Wohlbefinden<\/li>\n<li>Das ist Foodpunk<\/li>\n<\/ul>\n<p>[\/vc_column_text][\/vc_column][\/vc_row][\/vc_section][vc_section row_padding=&#8220;vpt-7 vpb-7&#8243; section_sidetitle=&#8220;Ern\u00e4hrung&#8220;][vc_row row_padding=&#8220;custom&#8220; row_padding_bottom=&#8220;vpb-1&#8243;][vc_column width=&#8220;1\/2&#8243; col_sticky=&#8220;&#8220; offset=&#8220;vc_col-md-offset-1 vc_col-md-5&#8243;][vc_single_image image=&#8220;35656&#8243; img_size=&#8220;full&#8220;][\/vc_column][vc_column width=&#8220;1\/2&#8243; col_sticky=&#8220;&#8220; offset=&#8220;vc_col-md-5&#8243;]<div class=\"vmb-3 wpb_content_element\" ><div class=\"heading heading--h2 \"><h2 class=\"heading   \" >Das <strong>Foodpunk<\/strong><br \/>\n<span class=\"deco-underline\">Expertenteam<\/span><\/h2><\/div><\/div>[vc_column_text]<strong>Unser multiprofessionelles Team hat in den vergangenen Jahren bereits mehrere zehntausend Menschen kompetent bei ihrer neuen Ern\u00e4hrungs- und Lebensweise unterst\u00fctzt.<\/strong><\/p>\n<p>Wir bilden uns stetig fort und beziehen die aktuellsten Ergebnisse aus Forschung und Wissenschaft in unsere Arbeit mit ein. So garantieren wir unseren Kunden immer den kompetentesten Support aus dem Bereich Ern\u00e4hrung und Lifestyle.[\/vc_column_text][\/vc_column][\/vc_row][vc_row][vc_column]<div class=\"vmb-3 wpb_content_element\" ><div class=\"team team--3\"><div class=\"team__item team__item--3\"><div class=\"team__item__img\"><img decoding=\"async\" src=\"https:\/\/foodpunk.com\/wp-content\/uploads\/2025_Teamfotos_hompage_Marina-150x150.jpg\" srcset=\"https:\/\/foodpunk.com\/wp-content\/uploads\/2025_Teamfotos_hompage_Marina-300x300.jpg 300w, https:\/\/foodpunk.com\/wp-content\/uploads\/2025_Teamfotos_hompage_Marina-1024x1024.jpg 1024w, https:\/\/foodpunk.com\/wp-content\/uploads\/2025_Teamfotos_hompage_Marina-150x150.jpg 150w, https:\/\/foodpunk.com\/wp-content\/uploads\/2025_Teamfotos_hompage_Marina-768x767.jpg 768w, https:\/\/foodpunk.com\/wp-content\/uploads\/2025_Teamfotos_hompage_Marina.jpg 1490w\" alt=\"Marina Lommel\" \/><a href=\"https:\/\/www.linkedin.com\/in\/marina-lommel-4545b3108\/\" target=\"_blank\" class=\"team__item__linkedin\" rel=\"noopener\"><\/a><\/div><div class=\"team__item__info\"><p class=\"team__item__name h3\">Marina Lommel<\/p><p class=\"team__item__position\">CEO und Gr\u00fcnderin von Foodpunk<br \/>(Ern\u00e4hrungswissenschaftlerin)<\/p><p class=\"team__item__cause\"><small>Ich bin bei Foodpunk, weil<\/small>ich die Macht der Biochemie schon immer spannend fand und beeindruckt davon bin, wieviel Einfluss Ern\u00e4hrung im menschlichen K\u00f6rper hat.<\/p><p class=\"team__item__snack\"><small>Bei diesem Essen werde ich schwach<\/small>Croissants<\/p><\/div><\/div><div class=\"team__item team__item--3\"><div class=\"team__item__img\"><img decoding=\"async\" src=\"https:\/\/foodpunk.com\/wp-content\/uploads\/2023_Teamfotos_hompage_Babara-150x150.jpg\" srcset=\"https:\/\/foodpunk.com\/wp-content\/uploads\/2023_Teamfotos_hompage_Babara-300x300.jpg 300w, https:\/\/foodpunk.com\/wp-content\/uploads\/2023_Teamfotos_hompage_Babara-1024x1024.jpg 1024w, https:\/\/foodpunk.com\/wp-content\/uploads\/2023_Teamfotos_hompage_Babara-150x150.jpg 150w, https:\/\/foodpunk.com\/wp-content\/uploads\/2023_Teamfotos_hompage_Babara-768x767.jpg 768w, https:\/\/foodpunk.com\/wp-content\/uploads\/2023_Teamfotos_hompage_Babara.jpg 1490w\" alt=\"\"><a href=\"https:\/\/www.linkedin.com\/in\/barbara-kronseder-1067a8106\/\" target=\"_blank\" class=\"team__item__linkedin\" rel=\"noopener\"><\/a><\/div><div class=\"team__item__info\"><p class=\"team__item__name h3\">Barbara Kronseder<\/p><p class=\"team__item__position\">Chief Product Officer, leitende Ern\u00e4hrungswissenschaftlerin & Kundenberaterin<br \/>(B. Sc. Ern\u00e4hrungswissenschaft)<\/p><p class=\"team__item__cause\"><small>Ich bin bei Foodpunk, weil<\/small>Essen so viel mehr kann, als uns nur mit Energie zu versorgen.<\/p><p class=\"team__item__snack\"><small>Bei diesem Essen werde ich schwach<\/small>Mousse au chocolat<\/p><\/div><\/div><div class=\"team__item team__item--3\"><div class=\"team__item__img\"><img decoding=\"async\" src=\"https:\/\/foodpunk.com\/wp-content\/uploads\/2023_Teamfotos_hompage_Bella-150x150.jpg\" srcset=\"https:\/\/foodpunk.com\/wp-content\/uploads\/2023_Teamfotos_hompage_Bella-300x300.jpg 300w, https:\/\/foodpunk.com\/wp-content\/uploads\/2023_Teamfotos_hompage_Bella-1024x1024.jpg 1024w, https:\/\/foodpunk.com\/wp-content\/uploads\/2023_Teamfotos_hompage_Bella-150x150.jpg 150w, https:\/\/foodpunk.com\/wp-content\/uploads\/2023_Teamfotos_hompage_Bella-768x767.jpg 768w, https:\/\/foodpunk.com\/wp-content\/uploads\/2023_Teamfotos_hompage_Bella.jpg 1490w\" alt=\"Isabella Stummer, Stellvertretende Teamleitung Kundensupport, Projektmanagerin (Elektronikerin & technischer Kundensupport)\" \/><a href=\"https:\/\/www.linkedin.com\/in\/isabella-stummer-84ba4a188\/\" target=\"_blank\" class=\"team__item__linkedin\" rel=\"noopener\"><\/a><\/div><div class=\"team__item__info\"><p class=\"team__item__name h3\">Isabella Stummer<\/p><p class=\"team__item__position\">Stellvertretende Teamleitung Kundensupport, Projektmanagerin<br \/>(Dipl. Personal Fitnesstrainerin i. A.)<\/p><p class=\"team__item__cause\"><small>Ich bin bei Foodpunk, weil<\/small>ich f\u00fcr die Vision von Foodpunk brenne: gesunde Ern\u00e4hrung als Pr\u00e4vention und Lebensstil - und das auch noch super lecker!<\/p><p class=\"team__item__snack\"><small>Bei diesem Essen werde ich schwach<\/small>Charcuterie-Boards<\/p><\/div><\/div><div class=\"team__item team__item--3\"><div class=\"team__item__img\"><img decoding=\"async\" src=\"https:\/\/foodpunk.com\/wp-content\/uploads\/2023_Teamfotos_hompage_Laura_Ann-150x150.png\" srcset=\"https:\/\/foodpunk.com\/wp-content\/uploads\/2023_Teamfotos_hompage_Laura_Ann-300x300.png 300w, https:\/\/foodpunk.com\/wp-content\/uploads\/2023_Teamfotos_hompage_Laura_Ann-1024x1024.png 1024w, https:\/\/foodpunk.com\/wp-content\/uploads\/2023_Teamfotos_hompage_Laura_Ann-150x150.png 150w, https:\/\/foodpunk.com\/wp-content\/uploads\/2023_Teamfotos_hompage_Laura_Ann-768x767.png 768w, https:\/\/foodpunk.com\/wp-content\/uploads\/2023_Teamfotos_hompage_Laura_Ann.png 1490w\" alt=\"\"><\/div><div class=\"team__item__info\"><p class=\"team__item__name h3\">Laura Ann Lohausen<\/p><p class=\"team__item__position\">Head of Marketing<br \/>(Studium Medienkommunikation)<\/p><p class=\"team__item__cause\"><small>Ich bin bei Foodpunk, weil<\/small>Pr\u00e4vention und durchdachte Ern\u00e4hrung der Schl\u00fcssel zu einem gesunden Leben sind.<\/p><p class=\"team__item__snack\"><small>Bei diesem Essen werde ich schwach<\/small>Salzlakritz aus Skandinavien<\/p><\/div><\/div><div class=\"team__item team__item--3\"><div class=\"team__item__img\"><img decoding=\"async\" src=\"https:\/\/foodpunk.com\/wp-content\/uploads\/2023_Teamfotos_hompage_Denise-150x150.jpg\" srcset=\"https:\/\/foodpunk.com\/wp-content\/uploads\/2023_Teamfotos_hompage_Denise-300x300.jpg 300w, https:\/\/foodpunk.com\/wp-content\/uploads\/2023_Teamfotos_hompage_Denise-1024x1024.jpg 1024w, https:\/\/foodpunk.com\/wp-content\/uploads\/2023_Teamfotos_hompage_Denise-150x150.jpg 150w, https:\/\/foodpunk.com\/wp-content\/uploads\/2023_Teamfotos_hompage_Denise-768x767.jpg 768w, https:\/\/foodpunk.com\/wp-content\/uploads\/2023_Teamfotos_hompage_Denise.jpg 1490w\" alt=\"\"><a href=\"https:\/\/de.linkedin.com\/in\/denise-brunnquell-a1355310\" target=\"_blank\" class=\"team__item__linkedin\" rel=\"noopener\"><\/a><\/div><div class=\"team__item__info\"><p class=\"team__item__name h3\">Denise Brunnquell<\/p><p class=\"team__item__position\">Senior Content Creator<br \/>(Foto-\/Videografin)<\/p><p class=\"team__item__cause\"><small>Ich bin bei Foodpunk, weil<\/small>ich etwas in der Welt bewegen m\u00f6chte und \u00fcberzeugt bin, dass wir gemeinsam etwas ver\u00e4ndern k\u00f6nnen! Und weil ich gutes Essen liebe \ud83d\ude42<\/p><p class=\"team__item__snack\"><small>Bei diesem Essen werde ich schwach<\/small>Schoko Souffle<\/p><\/div><\/div><div class=\"team__item team__item--3\"><div class=\"team__item__img\"><img decoding=\"async\" src=\"https:\/\/foodpunk.com\/wp-content\/uploads\/2023_Teamfotos_hompage_Lisa-150x150.jpg\" srcset=\"https:\/\/foodpunk.com\/wp-content\/uploads\/2023_Teamfotos_hompage_Lisa-300x300.jpg 300w, https:\/\/foodpunk.com\/wp-content\/uploads\/2023_Teamfotos_hompage_Lisa-1024x1024.jpg 1024w, https:\/\/foodpunk.com\/wp-content\/uploads\/2023_Teamfotos_hompage_Lisa-150x150.jpg 150w, https:\/\/foodpunk.com\/wp-content\/uploads\/2023_Teamfotos_hompage_Lisa-768x767.jpg 768w, https:\/\/foodpunk.com\/wp-content\/uploads\/2023_Teamfotos_hompage_Lisa.jpg 1490w\" alt=\"\"><\/div><div class=\"team__item__info\"><p class=\"team__item__name h3\">Lisa Arndt<\/p><p class=\"team__item__position\">Partner Managerin<br \/>(Sportwissenschaftlerin)<\/p><p class=\"team__item__cause\"><small>Ich bin bei Foodpunk, weil<\/small>gesunde Ern\u00e4hrung einfach die Lebensqualit\u00e4t verbessert und Spa\u00df macht!<\/p><p class=\"team__item__snack\"><small>Bei diesem Essen werde ich schwach<\/small>Mandeln mit dunkler Schokolade<\/p><\/div><\/div><div class=\"team__item team__item--3\"><div class=\"team__item__img\"><img decoding=\"async\" src=\"https:\/\/foodpunk.com\/wp-content\/uploads\/2023_Teamfotos_hompage_Kim-150x150.png\" srcset=\"https:\/\/foodpunk.com\/wp-content\/uploads\/2023_Teamfotos_hompage_Kim-300x300.png 300w, https:\/\/foodpunk.com\/wp-content\/uploads\/2023_Teamfotos_hompage_Kim-1024x1024.png 1024w, https:\/\/foodpunk.com\/wp-content\/uploads\/2023_Teamfotos_hompage_Kim-150x150.png 150w, https:\/\/foodpunk.com\/wp-content\/uploads\/2023_Teamfotos_hompage_Kim-768x767.png 768w, https:\/\/foodpunk.com\/wp-content\/uploads\/2023_Teamfotos_hompage_Kim.png 1490w\" alt=\"Foodpunk_Redaktion_Kimberly_Werner_Wissenschaftsredakteurin\" \/><a href=\"https:\/\/de.linkedin.com\/in\/kimberly-werner-548b41255\" target=\"_blank\" class=\"team__item__linkedin\" rel=\"noopener\"><\/a><\/div><div class=\"team__item__info\"><p class=\"team__item__name h3\">Kimberly Werner<\/p><p class=\"team__item__position\">Wissenschaftsredakteurin<br \/>(M. Sc. Public Health Nutrition)<\/p><p class=\"team__item__cause\"><small>Ich bin bei Foodpunk, weil<\/small>bei uns die Gesundheit im Fokus steht und nicht irgendein Sch\u00f6nheitsideal.<\/p><p class=\"team__item__snack\"><small>Bei diesem Essen werde ich schwach<\/small>Pizza<\/p><\/div><\/div><div class=\"team__item team__item--3\"><div class=\"team__item__img\"><img decoding=\"async\" src=\"https:\/\/foodpunk.com\/wp-content\/uploads\/2025_Teamfotos_hompage_Sebastian-150x150.jpg\" srcset=\"https:\/\/foodpunk.com\/wp-content\/uploads\/2025_Teamfotos_hompage_Sebastian-300x300.jpg 300w, https:\/\/foodpunk.com\/wp-content\/uploads\/2025_Teamfotos_hompage_Sebastian-1024x1024.jpg 1024w, https:\/\/foodpunk.com\/wp-content\/uploads\/2025_Teamfotos_hompage_Sebastian-150x150.jpg 150w, https:\/\/foodpunk.com\/wp-content\/uploads\/2025_Teamfotos_hompage_Sebastian-768x767.jpg 768w, https:\/\/foodpunk.com\/wp-content\/uploads\/2025_Teamfotos_hompage_Sebastian.jpg 1490w\" alt=\"Sebastian Bucur\" \/><\/div><div class=\"team__item__info\"><p class=\"team__item__name h3\">Sebastian Bucur<\/p><p class=\"team__item__position\">Marketing & Financial Assistant & Analyst<br \/>(B.A. Business Management, B.A. International Business Administration)<\/p><p class=\"team__item__cause\"><small>Ich bin bei Foodpunk, weil<\/small>ich selbst gesp\u00fcrt habe, wie sehr gutes Essen die Energie ver\u00e4ndert. Seitdem lebe ich vegetarisch \u2013 und clean.<\/p><p class=\"team__item__snack\"><small>Bei diesem Essen werde ich schwach<\/small>S\u00fc\u00dfigkeiten lassen mich kalt \u2013 aber bei einer saftigen Dattel sag ich nie nein.<\/p><\/div><\/div><div class=\"team__item team__item--3\"><div class=\"team__item__img\"><img decoding=\"async\" src=\"https:\/\/foodpunk.com\/wp-content\/uploads\/2023_Teamfotos_hompage_Daniel-150x150.png\" srcset=\"https:\/\/foodpunk.com\/wp-content\/uploads\/2023_Teamfotos_hompage_Daniel-300x300.png 300w, https:\/\/foodpunk.com\/wp-content\/uploads\/2023_Teamfotos_hompage_Daniel-1024x1024.png 1024w, https:\/\/foodpunk.com\/wp-content\/uploads\/2023_Teamfotos_hompage_Daniel-150x150.png 150w, https:\/\/foodpunk.com\/wp-content\/uploads\/2023_Teamfotos_hompage_Daniel-768x767.png 768w, https:\/\/foodpunk.com\/wp-content\/uploads\/2023_Teamfotos_hompage_Daniel.png 1490w\" alt=\"\"><\/div><div class=\"team__item__info\"><p class=\"team__item__name h3\">Daniel Morawski<\/p><p class=\"team__item__position\">Video Editor, Content Creator<br \/>(Video Editor, techn. Tonmeister, techn. Projektleiter Events)<\/p><p class=\"team__item__cause\"><small>Ich bin bei Foodpunk, weil<\/small>Gesundheit durch den Magen geht.<\/p><p class=\"team__item__snack\"><small>Bei diesem Essen werde ich schwach<\/small>gebackene Kichererbsen mit Chilli<\/p><\/div><\/div><div class=\"team__item team__item--3\"><div class=\"team__item__img\"><img decoding=\"async\" src=\"https:\/\/foodpunk.com\/wp-content\/uploads\/2025_Teamfotos_hompage_Mustafa-150x150.jpg\" srcset=\"https:\/\/foodpunk.com\/wp-content\/uploads\/2025_Teamfotos_hompage_Mustafa-300x300.jpg 300w, https:\/\/foodpunk.com\/wp-content\/uploads\/2025_Teamfotos_hompage_Mustafa-1024x1024.jpg 1024w, https:\/\/foodpunk.com\/wp-content\/uploads\/2025_Teamfotos_hompage_Mustafa-150x150.jpg 150w, https:\/\/foodpunk.com\/wp-content\/uploads\/2025_Teamfotos_hompage_Mustafa-768x767.jpg 768w, https:\/\/foodpunk.com\/wp-content\/uploads\/2025_Teamfotos_hompage_Mustafa.jpg 1490w\" alt=\"Mustafa Ali Abdullah\" \/><\/div><div class=\"team__item__info\"><p class=\"team__item__name h3\">Mustafa Ali Abdullah<\/p><p class=\"team__item__position\">Content Creator<\/p><p class=\"team__item__cause\"><small>Ich bin bei Foodpunk, weil<\/small>ich mit meiner kreativen Arbeit Menschen erreichen m\u00f6chte und zeigen will, dass bewusste Ern\u00e4hrung nicht nur gut f\u00fcr den K\u00f6rper ist, sondern auch f\u00fcr den Geist.<\/p><p class=\"team__item__snack\"><small>Bei diesem Essen werde ich schwach<\/small>der Tan Tan Ramen von meiner Frau \u2013 mit aromatischer Br\u00fche, frischem Gem\u00fcse, Pilzen und einem Hauch Chili. F\u00fcr mich ist das absolutes Soulfood und ein echter Genussmoment.<\/p><\/div><\/div><div class=\"team__item team__item--3\"><div class=\"team__item__img\"><img decoding=\"async\" src=\"https:\/\/foodpunk.com\/wp-content\/uploads\/2023_Teamfotos_hompage_Saskia-150x150.jpg\" srcset=\"https:\/\/foodpunk.com\/wp-content\/uploads\/2023_Teamfotos_hompage_Saskia-300x300.jpg 300w, https:\/\/foodpunk.com\/wp-content\/uploads\/2023_Teamfotos_hompage_Saskia-1024x1024.jpg 1024w, https:\/\/foodpunk.com\/wp-content\/uploads\/2023_Teamfotos_hompage_Saskia-150x150.jpg 150w, https:\/\/foodpunk.com\/wp-content\/uploads\/2023_Teamfotos_hompage_Saskia-768x767.jpg 768w, https:\/\/foodpunk.com\/wp-content\/uploads\/2023_Teamfotos_hompage_Saskia.jpg 1490w\" alt=\"\"><\/div><div class=\"team__item__info\"><p class=\"team__item__name h3\">Saskia Voigt<\/p><p class=\"team__item__position\">Rezeptentwicklung<br \/>(Erzieherin)<\/p><p class=\"team__item__cause\"><small>Ich bin bei Foodpunk, weil<\/small>gesunde Ern\u00e4hrung bunt, vielf\u00e4ltig und kreativ ist.<\/p><p class=\"team__item__snack\"><small>Bei diesem Essen werde ich schwach<\/small>Zimtschnecken und Laugengeb\u00e4ck<\/p><\/div><\/div><div class=\"team__item team__item--3\"><div class=\"team__item__img\"><img decoding=\"async\" src=\"https:\/\/foodpunk.com\/wp-content\/uploads\/2025_Teamfotos_hompage_Stefanie-150x150.jpg\" srcset=\"https:\/\/foodpunk.com\/wp-content\/uploads\/2025_Teamfotos_hompage_Stefanie-300x300.jpg 300w, https:\/\/foodpunk.com\/wp-content\/uploads\/2025_Teamfotos_hompage_Stefanie-1024x1024.jpg 1024w, https:\/\/foodpunk.com\/wp-content\/uploads\/2025_Teamfotos_hompage_Stefanie-150x150.jpg 150w, https:\/\/foodpunk.com\/wp-content\/uploads\/2025_Teamfotos_hompage_Stefanie-768x767.jpg 768w, https:\/\/foodpunk.com\/wp-content\/uploads\/2025_Teamfotos_hompage_Stefanie.jpg 1490w\" alt=\"Stefanie Mayer-Hess\" \/><\/div><div class=\"team__item__info\"><p class=\"team__item__name h3\">Stefanie Mayer-Hess<\/p><p class=\"team__item__position\"> Wissenschaftsredakteurin<br \/>(M. Sc. Psychologie, Diplom-Agraringenieurin)<\/p><p class=\"team__item__cause\"><small>Ich bin bei Foodpunk, weil<\/small>Pr\u00e4vention mein Herzensthema ist \u2013 und ich mich hier im besten Team kreativ daf\u00fcr einsetzen kann.<\/p><p class=\"team__item__snack\"><small>Bei diesem Essen werde ich schwach<\/small>Johannisbeerkuchen<\/p><\/div><\/div><div class=\"team__item team__item--3\"><div class=\"team__item__img\"><img decoding=\"async\" src=\"https:\/\/foodpunk.com\/wp-content\/uploads\/2023_Teamfotos_hompage_Maja-150x150.jpg\" srcset=\"https:\/\/foodpunk.com\/wp-content\/uploads\/2023_Teamfotos_hompage_Maja-300x300.jpg 300w, https:\/\/foodpunk.com\/wp-content\/uploads\/2023_Teamfotos_hompage_Maja-1024x1024.jpg 1024w, https:\/\/foodpunk.com\/wp-content\/uploads\/2023_Teamfotos_hompage_Maja-150x150.jpg 150w, https:\/\/foodpunk.com\/wp-content\/uploads\/2023_Teamfotos_hompage_Maja-768x767.jpg 768w, https:\/\/foodpunk.com\/wp-content\/uploads\/2023_Teamfotos_hompage_Maja.jpg 1490w\" alt=\"\"><\/div><div class=\"team__item__info\"><p class=\"team__item__name h3\">Maja Minhorst<\/p><p class=\"team__item__position\">Ern\u00e4hrungsplanerstellung & Instagram-Stories <br \/>(Studentin B. Sc. Ern\u00e4hrungswissenschaften)<\/p><p class=\"team__item__cause\"><small>Ich bin bei Foodpunk, weil<\/small>ich glaube, dass eine Ern\u00e4hrung, welche die einzigartige Biochemie des K\u00f6rpers optimiert, ein wichtiges Werkzeug f\u00fcr wahre Lebensqualit\u00e4t ist.<\/p><p class=\"team__item__snack\"><small>Bei diesem Essen werde ich schwach<\/small>Nut Butter Cups, Nut Butter Bites - eigentlich alles mit Nussbutter \ud83d\ude09<\/p><\/div><\/div><div class=\"team__item team__item--3\"><div class=\"team__item__img\"><img decoding=\"async\" src=\"https:\/\/foodpunk.com\/wp-content\/uploads\/2025_Teamfotos_hompage_Sarah-150x150.jpg\" srcset=\"https:\/\/foodpunk.com\/wp-content\/uploads\/2025_Teamfotos_hompage_Sarah-300x300.jpg 300w, https:\/\/foodpunk.com\/wp-content\/uploads\/2025_Teamfotos_hompage_Sarah-1024x1024.jpg 1024w, https:\/\/foodpunk.com\/wp-content\/uploads\/2025_Teamfotos_hompage_Sarah-150x150.jpg 150w, https:\/\/foodpunk.com\/wp-content\/uploads\/2025_Teamfotos_hompage_Sarah-768x767.jpg 768w, https:\/\/foodpunk.com\/wp-content\/uploads\/2025_Teamfotos_hompage_Sarah.jpg 1490w\" alt=\"Sarah Taschner\" \/><\/div><div class=\"team__item__info\"><p class=\"team__item__name h3\">Sarah Josefine Taschner<\/p><p class=\"team__item__position\"> Office Managerin <\/p><p class=\"team__item__cause\"><small>Ich bin bei Foodpunk, weil<\/small>es f\u00fcr mich weit mehr als nur eine Quelle der Inspiration ist! Foodpunk spr\u00fcht vor Lebensfreude und motiviert mich, meine Ern\u00e4hrung so zu gestalten, dass ich mich gl\u00fccklicher und ges\u00fcnder f\u00fchle.<\/p><p class=\"team__item__snack\"><small>Bei diesem Essen werde ich schwach<\/small>K\u00e4sesp\u00e4tzle<\/p><\/div><\/div><div class=\"team__item team__item--3\"><div class=\"team__item__img\"><img decoding=\"async\" src=\"https:\/\/foodpunk.com\/wp-content\/uploads\/2023_Teamfotos_hompage_Francesco-150x150.jpg\" srcset=\"https:\/\/foodpunk.com\/wp-content\/uploads\/2023_Teamfotos_hompage_Francesco-300x300.jpg 300w, https:\/\/foodpunk.com\/wp-content\/uploads\/2023_Teamfotos_hompage_Francesco-1024x1024.jpg 1024w, https:\/\/foodpunk.com\/wp-content\/uploads\/2023_Teamfotos_hompage_Francesco-150x150.jpg 150w, https:\/\/foodpunk.com\/wp-content\/uploads\/2023_Teamfotos_hompage_Francesco-768x767.jpg 768w, https:\/\/foodpunk.com\/wp-content\/uploads\/2023_Teamfotos_hompage_Francesco.jpg 1490w\" alt=\"\"><\/div><div class=\"team__item__info\"><p class=\"team__item__name h3\">Francesco Basso<\/p><p class=\"team__item__position\">Kreativkoch<\/p><p class=\"team__item__cause\"><small>Ich bin bei Foodpunk, weil<\/small>ich gutes Essen liebe \u2013 und hier mit Rezepten arbeite, die nicht nur schmecken, sondern Menschen wirklich gut tun.<\/p><p class=\"team__item__snack\"><small>Bei diesem Essen werde ich schwach<\/small>Zu viele, um sie alle aufzuz\u00e4hlen \u2013 ich liebe einfach gutes Essen.<\/p><\/div><\/div><\/div><\/div>[\/vc_column][\/vc_row][\/vc_section][vc_row disable_element=&#8220;yes&#8220; row_padding=&#8220;&#8220; row_maxwidth=&#8220;&#8220;][vc_column width=&#8220;5\/6&#8243; col_sticky=&#8220;&#8220; offset=&#8220;vc_col-sm-offset-2&#8243;][vc_single_image image=&#8220;6954&#8243; img_size=&#8220;full&#8220; alignment=&#8220;right&#8220;][\/vc_column][\/vc_row][vc_row row_padding=&#8220;&#8220; row_maxwidth=&#8220;&#8220;][vc_column]<div class=\"templatera_shortcode\"><section class=\"vc_section custom bg--color--bg-green vc_section-sided\"><div class=\"vc_section__bgtext vc_section__bgtext--punk\">PUNK<\/div><div class=\"vc_container vc_maxwidth \"><div class=\"vc_row wpb_row vc_row-fluid vc_row-o-content-bottom vc_row-flex custom vpt-3\"><div class=\"wpb_column vc_column_container vc_col-sm-12 vc_col-lg-5 vc_col-md-8\"><div class=\"vc_column-inner\"><div class=\"wpb_wrapper\"><div class=\"vc_row wpb_row vc_inner vc_row-fluid vpt-7 vpb-7\"><div class=\"wpb_column vc_column_container vc_col-sm-12\"><div class=\"vc_column-inner\"><div class=\"wpb_wrapper\"><div class=\"vmb-3 wpb_content_element\" ><div class=\"heading heading--h2 \"><h2 class=\"heading   \" >Lass dir deinen pers\u00f6nlichen\r\n<strong>Ern\u00e4hrungsplan erstellen!<\/strong><\/h2><\/div><\/div><div class=\"wpb_content_element\" ><div class=\"heading heading--p \"><p class=\"heading h4  \" >Tausende Foodpunks haben mit uns ihr Wunschgewicht, mehr Selbstbewusstsein und ein besseres Wohlbefinden erreicht.<\/p><\/div><\/div><div class=\"vmb-7 wpb_content_element\" ><div class=\"heading heading--p \"><p class=\"heading h4  \" >Lass dir hunderte Rezepte, auf dich pers\u00f6nlich optimiert, in unserer preisgekr\u00f6nten App empfehlen.<\/p><\/div><\/div><div class=\"vmt-5 vmb-5 wpb_content_element\"  data-aos=\"fade-up\" ><div class=\"btn__wrapper \"><a href=\"https:\/\/foodpunk.com\/de\/wp-json\/wp\/v2\/pages\/6541#buy\" target=\"\" rel=\"\" title=\"\" class=\"btn--full btn--primary btn--md \"><span>Jetzt Plan erstellen!<\/span><\/a><\/div><\/div><\/div><\/div><\/div><\/div><\/div><\/div><\/div><div class=\"wpb_column vc_column_container vc_col-sm-9 vc_col-lg-offset-0 vc_col-lg-7 vc_col-md-offset-2 vc_col-md-8\"><div class=\"vc_column-inner\"><div class=\"wpb_wrapper\">\n\t<div  class=\"wpb_single_image wpb_content_element vc_align_right wpb_content_element\" >\n\t\t\n\t\t<figure class=\"wpb_wrapper vc_figure\">\n\t\t\t<div class=\"vc_single_image-wrapper  \"><img loading=\"lazy\" decoding=\"async\" width=\"762\" height=\"853\" src=\"https:\/\/foodpunk.com\/wp-content\/uploads\/Buy-Bild2.png\" class=\"vc_single_image-img attachment-full\" alt=\"\" title=\"Buy-Bild2\" srcset=\"https:\/\/foodpunk.com\/wp-content\/uploads\/Buy-Bild2.png 762w, https:\/\/foodpunk.com\/wp-content\/uploads\/Buy-Bild2-268x300.png 268w\" sizes=\"auto, (max-width: 762px) 100vw, 762px\"><\/div>\n\t\t<\/figure>\n\t<\/div>\n<\/div><\/div><\/div><\/div><\/div><div class=\"vc_section__side\"><span class=\"vc_section__side__text\">Mitgliedschaft<\/span><div class=\"vc_section__side__border\"><div class=\"vc_section__side__dot\"><\/div><\/div><\/div><\/section><\/div>[\/vc_column][\/vc_row]<\/p>\n<\/div>","protected":false},"excerpt":{"rendered":"FOODDas Team von FoodpunkWir bei Foodpunk setzen uns daf\u00fcr ein, dass sich der Fokus in der Ern\u00e4hrung wieder zur\u00fcck auf das N\u00e4hren des K\u00f6rpers verschiebt. Dabei setzen wir auf echte, unverarbeitete Lebensmittel. Wir zeigen dir, wie du aus diesen leckere Gerichte zaubern kannst. Genussvoll essen und deinen K\u00f6rper mit hochwertigen Bausteinen versorgen Gut f\u00fcr deine [...]","protected":false},"author":38,"featured_media":0,"parent":0,"menu_order":18,"comment_status":"closed","ping_status":"closed","template":"","meta":{"_acf_changed":false,"inline_featured_image":false,"footnotes":""},"class_list":["post-6541","page","type-page","status-publish","hentry"],"acf":[],"_links":{"self":[{"href":"https:\/\/foodpunk.com\/de\/wp-json\/wp\/v2\/pages\/6541","targetHints":{"allow":["GET"]}}],"collection":[{"href":"https:\/\/foodpunk.com\/de\/wp-json\/wp\/v2\/pages"}],"about":[{"href":"https:\/\/foodpunk.com\/de\/wp-json\/wp\/v2\/types\/page"}],"author":[{"embeddable":true,"href":"https:\/\/foodpunk.com\/de\/wp-json\/wp\/v2\/users\/38"}],"replies":[{"embeddable":true,"href":"https:\/\/foodpunk.com\/de\/wp-json\/wp\/v2\/comments?post=6541"}],"version-history":[{"count":31,"href":"https:\/\/foodpunk.com\/de\/wp-json\/wp\/v2\/pages\/6541\/revisions"}],"predecessor-version":[{"id":75256,"href":"https:\/\/foodpunk.com\/de\/wp-json\/wp\/v2\/pages\/6541\/revisions\/75256"}],"wp:attachment":[{"href":"https:\/\/foodpunk.com\/de\/wp-json\/wp\/v2\/media?parent=6541"}],"curies":[{"name":"wp","href":"https:\/\/api.w.org\/{rel}","templated":true}]}}