{"id":5433,"date":"2022-11-03T20:20:51","date_gmt":"2022-11-03T20:20:03","guid":{"rendered":"https:\/\/foodpunk.com\/?page_id=5433"},"modified":"2026-03-05T12:29:49","modified_gmt":"2026-03-05T11:29:49","slug":"widerruf","status":"publish","type":"page","link":"https:\/\/foodpunk.com\/de\/widerruf\/","title":{"rendered":"Widerruf"},"content":{"rendered":"<div class=\"wpb-content-wrapper\"><p>[vc_row][vc_column col_sticky=&#8220;&#8220; offset=&#8220;vc_col-lg-offset-2 vc_col-lg-8 vc_col-md-offset-1 vc_col-md-10&#8243;][vc_column_text]<\/p>\n<h1>Widerrufsbelehrung f\u00fcr Verbraucher<\/h1>\n<h2 id=\"\"><\/h2>\n<h3 id=\"widerrufsrecht\">Widerrufsrecht<\/h3>\n<p>&nbsp;<\/p>\n<p style=\"font-weight: 400;\">Das Widerrufsrecht von 14 Tagen gilt f\u00fcr physische Waren aus dem Foodpunk Shop (Backmischungen, B\u00fccher, Lebensmittel).<\/p>\n<p style=\"font-weight: 400;\">Das Widerrufsrecht <strong>gilt nicht<\/strong> f\u00fcr Ern\u00e4hrungsprogramme und eBooks zum Download. Bei diesen individuellen Dienstleistungen und digitalen Produkten erlischt das Widerrufsrecht vorzeitig. Der Kunde stimmt beim Kauf eines Ern\u00e4hrungsprogrammes aktiv zu, dass mit Erbringen der Dienstleistung und Erstellung des Ern\u00e4hrungsplanes vor Ablauf der Widerrufsfrist begonnen werden darf und daf\u00fcr auf das Widerrufsrecht verzichtet wird.<\/p>\n<p><b>Erg\u00e4nzung: 14 Tage Geld-zur\u00fcck Garantie (Sonderaktion ab 10.02.2026):<br \/>\n<\/b>Ausgenommen von der vorstehenden Erkl\u00e4rung sind Mitgliedschaften ab 10.02.2026, die mit freiwilliger &#8222;14 Tage Geld-zur\u00fcck-Garantie&#8220; gebucht wurden. Voraussetzung f\u00fcr den Anspruch auf die Garantie ist der Eingang einer schriftliche Erkl\u00e4rung an <span draggable=\"true\"><a href=\"mailto:info@foodpunk.de\" target=\"_blank\" rel=\"noopener noreferrer\" aria-haspopup=\"menu\">info@foodpunk.de<\/a><\/span> innerhalb von 14 Tagen ab Buchungszeitpunkt.<br aria-hidden=\"true\" \/><b>Aktionszeitraum und Ausnahmeregelung: <\/b>Diese Garantie stellt <b>keinen Widerruf im gesetzlichen Sinne<\/b> dar, sondern eine eigenst\u00e4ndige, freiwillige Zusatzleistung, die jederzeit seitens Foodpunk beendet werden kann. Die Regelung zum Widerruf bleibt davon unber\u00fchrt.<\/p>\n<h2 id=\"a-widerrufsrecht-bei-kaufvertraegen-ueber-physische-waren-aus-dem-foodpunk-shop\">A. Widerrufsrecht bei Kaufvertr\u00e4gen \u00fcber physische Waren aus dem Foodpunk-Shop<\/h2>\n<p>Sie haben das Recht, binnen vierzehn Tagen ohne Angabe von Gr\u00fcnden diesen Vertrag zu widerrufen.<\/p>\n<p style=\"font-weight: 400;\">Die Widerrufsfrist betr\u00e4gt vierzehn Tage ab dem Tag, an dem Sie oder ein von Ihnen benannter Dritter, der nicht der Bef\u00f6rderer ist, die letzte Ware in Besitz genommen haben bzw. hat.<\/p>\n<p style=\"font-weight: 400;\">Um Ihr Widerrufsrecht auszu\u00fcben, m\u00fcssen Sie uns (Foodpunk GmbH, Harthausener Str. 12, 85630 Grasbrunn, Tel.: +49 89 35762016, info [at] foodpunk.de) mittels einer eindeutigen Erkl\u00e4rung (z. B. ein mit der Post versandter Brief oder eine E-Mail) \u00fcber Ihren Entschluss, diesen Vertrag zu widerrufen, informieren. Sie k\u00f6nnen daf\u00fcr das beigef\u00fcgte Muster-Widerrufsformular verwenden, das jedoch nicht vorgeschrieben ist.<\/p>\n<p style=\"font-weight: 400;\">Zur Wahrung der Widerrufsfrist reicht es aus, dass Sie die Mitteilung \u00fcber die Aus\u00fcbung des Widerrufsrechts vor Ablauf der Widerrufsfrist absenden.<\/p>\n<h3 id=\"folgen-des-widerrufs\">Folgen des Widerrufs<\/h3>\n<p style=\"font-weight: 400;\">Wenn Sie diesen Vertrag widerrufen, haben wir Ihnen alle Zahlungen, die wir von Ihnen erhalten haben, einschlie\u00dflich der Lieferkosten (mit Ausnahme der zus\u00e4tzlichen Kosten, die sich daraus ergeben, dass Sie eine andere Art der Lieferung als die von uns angebotene, g\u00fcnstigste Standardlieferung gew\u00e4hlt haben), unverz\u00fcglich und sp\u00e4testens binnen vierzehn Tagen ab dem Tag zur\u00fcckzuzahlen, an dem die Mitteilung \u00fcber Ihren Widerruf dieses Vertrags bei uns eingegangen ist. F\u00fcr diese R\u00fcckzahlung verwenden wir dasselbe Zahlungsmittel, das Sie bei der urspr\u00fcnglichen Transaktion eingesetzt haben, es sei denn, mit Ihnen wurde ausdr\u00fccklich etwas anderes vereinbart; in keinem Fall werden Ihnen wegen dieser R\u00fcckzahlung Entgelte berechnet. Wir k\u00f6nnen die R\u00fcckzahlung verweigern, bis wir die Waren wieder zur\u00fcckerhalten haben oder bis Sie den Nachweis erbracht haben, dass Sie die Waren zur\u00fcckgesandt haben, je nachdem, welches der fr\u00fchere Zeitpunkt ist.<\/p>\n<p style=\"font-weight: 400;\">Sie haben die Waren unverz\u00fcglich und in jedem Fall sp\u00e4testens binnen vierzehn Tagen ab dem Tag, an dem Sie uns \u00fcber den Widerruf dieses Vertrags unterrichten, an uns zur\u00fcckzusenden oder zu \u00fcbergeben. Die Frist ist gewahrt, wenn Sie die Waren vor Ablauf der Frist von vierzehn Tagen absenden.<\/p>\n<p style=\"font-weight: 400;\">Sie tragen die unmittelbaren Kosten der R\u00fccksendung der Waren.<\/p>\n<p style=\"font-weight: 400;\">Sie m\u00fcssen f\u00fcr einen etwaigen Wertverlust der Waren nur aufkommen, wenn dieser Wertverlust auf einen zur Pr\u00fcfung der Beschaffenheit, Eigenschaften und Funktionsweise der Waren nicht notwendigen Umgang mit ihnen zur\u00fcckzuf\u00fchren ist.<\/p>\n<h2 id=\"b-widerrufsrecht-bei-dienstleistungen\">B. Widerrufsrecht bei Dienstleistungen<\/h2>\n<h3 id=\"widerrufsrecht\">Widerrufsrecht<\/h3>\n<p style=\"font-weight: 400;\">Sie haben das Recht, binnen vierzehn Tagen ohne Angabe von Gr\u00fcnden diesen Vertrag zu widerrufen.<\/p>\n<p style=\"font-weight: 400;\">Die Widerrufsfrist betr\u00e4gt vierzehn Tage ab dem Tag des Vertragsabschlusses.<\/p>\n<p style=\"font-weight: 400;\">Um Ihr Widerrufsrecht auszu\u00fcben, m\u00fcssen Sie uns (Foodpunk GmbH, Harthausener Str. 12, 85630 Grasbrunn, Tel.: +49 89 35762016, info [at] foodpunk.de) mittels einer eindeutigen Erkl\u00e4rung (z.B. ein mit der Post versandter Brief oder eine E-Mail) \u00fcber Ihren Entschluss, diesen Vertrag zu widerrufen, informieren. Sie k\u00f6nnen daf\u00fcr das beigef\u00fcgte Muster-Widerrufsformular verwenden, das jedoch nicht vorgeschrieben ist.<\/p>\n<p style=\"font-weight: 400;\">Zur Wahrung der Widerrufsfrist reicht es aus, dass Sie die Mitteilung \u00fcber die Aus\u00fcbung des Widerrufsrechts vor Ablauf der Widerrufsfrist absenden.<\/p>\n<h3 id=\"folgen-des-widerrufs\">Folgen des Widerrufs<\/h3>\n<p style=\"font-weight: 400;\">Wenn Sie diesen Vertrag widerrufen, haben wir Ihnen alle Zahlungen, die wir von Ihnen erhalten haben, einschlie\u00dflich der Lieferkosten (mit Ausnahme der zus\u00e4tzlichen Kosten, die sich daraus ergeben, dass Sie eine andere Art der Lieferung als die von uns angebotene, g\u00fcnstigste Standardlieferung gew\u00e4hlt haben), unverz\u00fcglich und sp\u00e4testens binnen vierzehn Tagen ab dem Tag zur\u00fcckzuzahlen, an dem die Mitteilung \u00fcber Ihren Widerruf dieses Vertrags bei uns eingegangen ist. F\u00fcr diese R\u00fcckzahlung verwenden wir dasselbe Zahlungsmittel, das Sie bei der urspr\u00fcnglichen Transaktion eingesetzt haben, es sei denn, mit Ihnen wurde ausdr\u00fccklich etwas anderes vereinbart; in keinem Fall werden Ihnen wegen dieser R\u00fcckzahlung Entgelte berechnet.<\/p>\n<p style=\"font-weight: 400;\">Haben Sie verlangt, dass die Dienstleistungen w\u00e4hrend der Widerrufsfrist beginnen soll, so haben Sie uns einen angemessenen Betrag zu zahlen, der dem Anteil der bis zu dem Zeitpunkt, zu dem Sie uns von der Aus\u00fcbung des Widerrufsrechts hinsichtlich dieses Vertrags unterrichten, bereits erbrachten Dienstleistungen im Vergleich zum Gesamtumfang der im Vertrag vorgesehenen Dienstleistungen entspricht.<\/p>\n<p><em>Stand: 19.02.2026<\/em>[\/vc_column_text][\/vc_column][\/vc_row]<\/p>\n<\/div>","protected":false},"excerpt":{"rendered":"<p>[vc_row][vc_column col_sticky=&#8220;&#8220; offset=&#8220;vc_col-lg-offset-2 vc_col-lg-8 vc_col-md-offset-1 vc_col-md-10&#8243;][vc_column_text] Widerrufsbelehrung f\u00fcr Verbraucher Widerrufsrecht &nbsp; Das Widerrufsrecht von 14 Tagen gilt f\u00fcr physische Waren aus dem Foodpunk Shop (Backmischungen, B\u00fccher, Lebensmittel). Das Widerrufsrecht gilt nicht f\u00fcr Ern\u00e4hrungsprogramme und eBooks zum Download. Bei diesen individuellen Dienstleistungen und digitalen Produkten erlischt das Widerrufsrecht vorzeitig. Der Kunde stimmt beim Kauf eines Ern\u00e4hrungsprogrammes [&hellip;]<\/p>\n","protected":false},"author":38,"featured_media":0,"parent":0,"menu_order":33,"comment_status":"closed","ping_status":"closed","template":"","meta":{"_acf_changed":false,"inline_featured_image":false,"footnotes":""},"class_list":["post-5433","page","type-page","status-publish","hentry"],"acf":[],"_links":{"self":[{"href":"https:\/\/foodpunk.com\/de\/wp-json\/wp\/v2\/pages\/5433","targetHints":{"allow":["GET"]}}],"collection":[{"href":"https:\/\/foodpunk.com\/de\/wp-json\/wp\/v2\/pages"}],"about":[{"href":"https:\/\/foodpunk.com\/de\/wp-json\/wp\/v2\/types\/page"}],"author":[{"embeddable":true,"href":"https:\/\/foodpunk.com\/de\/wp-json\/wp\/v2\/users\/38"}],"replies":[{"embeddable":true,"href":"https:\/\/foodpunk.com\/de\/wp-json\/wp\/v2\/comments?post=5433"}],"version-history":[{"count":10,"href":"https:\/\/foodpunk.com\/de\/wp-json\/wp\/v2\/pages\/5433\/revisions"}],"predecessor-version":[{"id":78966,"href":"https:\/\/foodpunk.com\/de\/wp-json\/wp\/v2\/pages\/5433\/revisions\/78966"}],"wp:attachment":[{"href":"https:\/\/foodpunk.com\/de\/wp-json\/wp\/v2\/media?parent=5433"}],"curies":[{"name":"wp","href":"https:\/\/api.w.org\/{rel}","templated":true}]}}