{"id":5351,"date":"2022-11-03T14:07:51","date_gmt":"2022-11-03T14:07:33","guid":{"rendered":"https:\/\/foodpunk.com\/?page_id=5351"},"modified":"2023-12-09T08:23:09","modified_gmt":"2023-12-09T08:23:09","slug":"sugar-detox","status":"publish","type":"page","link":"https:\/\/foodpunk.com\/de\/blog\/sugar-detox\/","title":{"rendered":"Sugar Detox"},"content":{"rendered":"<div class=\"wpb-content-wrapper\"><p>[vc_section row_bg_color=&#8220;bg&#8211;color&#8211;bg-blue&#8220;][vc_row][vc_column width=&#8220;5\/6&#8243; col_sticky=&#8220;&#8220; offset=&#8220;vc_col-md-8&#8243;]<div class=\"vmb-3 wpb_content_element\" ><div class=\"heading heading--h1 \"><h1 class=\"heading   \" >Foodpunk-Wissen \u00fcber<br \/>\n<em>Sugar Detox<\/em><\/h1><\/div><\/div>[\/vc_column][\/vc_row][\/vc_section][vc_section][vc_row row_padding=&#8220;custom&#8220; row_padding_top=&#8220;vpt-7&#8243; row_padding_bottom=&#8220;vpb-15&#8243;][vc_column]<div class=\"vmb-3 wpb_content_element\" ><div id=\"topofthelist\" class=\"blog subpage\"><div class=\"blog__loop\">\r\n\t<div id=\"post-71299\" class=\"blog__loop__article --1 post-71299 post type-post status-publish format-standard hentry category-clean-eating category-alles-ueber-ernaehrung category-sugar-detox category-zucker tag-einfachzucker tag-zucker tag-zuckerfrei tag-zuckersucht\" onclick=\"location.href='https:\/\/foodpunk.com\/de\/blog\/zuckerfreie-ernaehrung-planen\/';\" >\n\t<div class=\"blog__loop__img\">\n\t\t<img loading=\"lazy\" decoding=\"async\" width=\"768\" height=\"507\" src=\"https:\/\/foodpunk.com\/wp-content\/uploads\/Zuckerfreie_Ernaehrung_planen-768x507.jpg\" class=\"blur wp-post-image\" alt=\"Zuckerfreie_Ernaehrung_planen: So schaffst du es\" srcset=\"https:\/\/foodpunk.com\/wp-content\/uploads\/Zuckerfreie_Ernaehrung_planen-768x507.jpg 768w, https:\/\/foodpunk.com\/wp-content\/uploads\/Zuckerfreie_Ernaehrung_planen-300x198.jpg 300w, https:\/\/foodpunk.com\/wp-content\/uploads\/Zuckerfreie_Ernaehrung_planen-1024x676.jpg 1024w, https:\/\/foodpunk.com\/wp-content\/uploads\/Zuckerfreie_Ernaehrung_planen-1536x1014.jpg 1536w, https:\/\/foodpunk.com\/wp-content\/uploads\/Zuckerfreie_Ernaehrung_planen.jpg 2048w\" sizes=\"auto, (max-width: 768px) 100vw, 768px\" \/>\t<\/div>\n\t<div class=\"blog__loop__body\">\n\t\t<div>\n\t\t\t<div class=\"blog__meta\">\n\t\t\t\t<div class=\"blog__meta__readingtime\">\n\t\t\t\t\t11 Minuten Lesezeit\t\t\t\t<\/div>\t\n\t\t\t<\/div>\n\t\t\t<p class=\"h4\">\t\n\t\t\t\t<a href=\"https:\/\/foodpunk.com\/de\/blog\/zuckerfreie-ernaehrung-planen\/\">\n\t\t\t\t\tZuckerfreie Ern\u00e4hrung planen: Warum es sich lohnt und wie du es schaffst\t\t\t\t<\/a>\n\t\t\t<\/p>\n\t\t\t<p>\n\t\t\t\tEine zuckerfreie Ern\u00e4hrung kann dir helfen, dein Wohlbefinden zu steigern, Hei\u00dfhunger zu vermeiden und das Risiko f\u00fcr Krankheiten wie Diabetes oder Herz-Kreislauf-Erkrankungen zu senken. Doch wie schaffst du es, den Zucker aus deinem Alltag zu verbannen? Hier bekommst du eine klare Strategie und erf\u00e4hrst, welche Vorteile es hat, nachhaltig und einfach zuckerfrei zu leben. Au\u00dferdem geben wir dir einen Einblick, wieso Zucker in der Gesellschaft so ein brisantes Thema ist. Sei gespannt!\t\t\t<\/p>\n\t\t\t\n\t\t\t<ul class=\"blog__loop__categories\">\n\t\t\t<li><a href=\"\/de\/blog\/clean-eating\">Clean Eating<\/a><\/li><li><a href=\"\/de\/blog\/alles-ueber-ernaehrung\">Alles \u00fcber Ern\u00e4hrung<\/a><\/li><li><a href=\"\/de\/blog\/sugar-detox\">Sugar Detox<\/a><\/li><li><a href=\"\/de\/blog\/zucker\">Zucker<\/a><\/li>\t\t\t<\/ul>\n\n\t\t<\/div>\n\t<\/div>\n<\/div><div id=\"post-14519\" class=\"blog__loop__article --2 post-14519 post type-post status-publish format-standard hentry category-alles-ueber-ernaehrung category-clean-eating category-gesundheit category-sugar-detox category-zucker category-zutaten-wissen\" onclick=\"location.href='https:\/\/foodpunk.com\/de\/blog\/sucralose-ein-unbedenkliches-suessungsmittel\/';\" >\n\t<div class=\"blog__loop__img\">\n\t\t<img loading=\"lazy\" decoding=\"async\" width=\"768\" height=\"512\" src=\"https:\/\/foodpunk.com\/wp-content\/uploads\/Sucralose_gesund_Suessungsmittel-1-768x512.jpg\" class=\"blur wp-post-image\" alt=\"unbedenklich als S\u00fc\u00dfungsmittel? Sucralose\" srcset=\"https:\/\/foodpunk.com\/wp-content\/uploads\/Sucralose_gesund_Suessungsmittel-1-768x512.jpg 768w, https:\/\/foodpunk.com\/wp-content\/uploads\/Sucralose_gesund_Suessungsmittel-1-300x200.jpg 300w, https:\/\/foodpunk.com\/wp-content\/uploads\/Sucralose_gesund_Suessungsmittel-1-1024x683.jpg 1024w, https:\/\/foodpunk.com\/wp-content\/uploads\/Sucralose_gesund_Suessungsmittel-1-1536x1024.jpg 1536w, https:\/\/foodpunk.com\/wp-content\/uploads\/Sucralose_gesund_Suessungsmittel-1.jpg 2048w\" sizes=\"auto, (max-width: 768px) 100vw, 768px\" \/>\t<\/div>\n\t<div class=\"blog__loop__body\">\n\t\t<div>\n\t\t\t<div class=\"blog__meta\">\n\t\t\t\t<div class=\"blog__meta__readingtime\">\n\t\t\t\t\t10 Minuten Lesezeit\t\t\t\t<\/div>\t\n\t\t\t<\/div>\n\t\t\t<p class=\"h4\">\t\n\t\t\t\t<a href=\"https:\/\/foodpunk.com\/de\/blog\/sucralose-ein-unbedenkliches-suessungsmittel\/\">\n\t\t\t\t\tSucralose (E955): Unbedenklicher S\u00fc\u00dfstoff oder riskante Zucker-Alternative?\t\t\t\t<\/a>\n\t\t\t<\/p>\n\t\t\t<p>\n\t\t\t\tDie Auswirkungen von S\u00fc\u00dfungsmitteln auf den Menschen werden seit einigen Jahren weiterhin genauer untersucht. Jetzt zeigen neueste Forschungsergebnisse, dass der S\u00fc\u00dfstoff Sucralose gef\u00e4hrliche Auswirkungen auf unsere Gesundheit haben k\u00f6nnte. Aber was ist wirklich dran an den aktuellen Schlagzeilen?\t\t\t<\/p>\n\t\t\t\n\t\t\t<ul class=\"blog__loop__categories\">\n\t\t\t<li><a href=\"\/de\/blog\/alles-ueber-ernaehrung\">Alles \u00fcber Ern\u00e4hrung<\/a><\/li><li><a href=\"\/de\/blog\/clean-eating\">Clean Eating<\/a><\/li><li><a href=\"\/de\/blog\/gesundheit\">Gesundheit<\/a><\/li><li><a href=\"\/de\/blog\/sugar-detox\">Sugar Detox<\/a><\/li><li><a href=\"\/de\/blog\/zucker\">Zucker<\/a><\/li><li><a href=\"\/de\/blog\/zutaten-wissen\">Zutaten-Wissen<\/a><\/li>\t\t\t<\/ul>\n\n\t\t<\/div>\n\t<\/div>\n<\/div><div id=\"post-11992\" class=\"blog__loop__article --3 post-11992 post type-post status-publish format-standard hentry category-clean-eating category-alles-ueber-ernaehrung category-alltagstipps category-gesundheit category-sugar-detox category-zucker category-zutaten-wissen tag-ernaehrung tag-erythrit tag-gesundheit tag-keto tag-low-carb tag-studie tag-wissen tag-zuckeraustauschstoffe\" onclick=\"location.href='https:\/\/foodpunk.com\/de\/blog\/ist-erythrit-schaedlich-fuer-herz-und-gefaesse\/';\" >\n\t<div class=\"blog__loop__img\">\n\t\t<img loading=\"lazy\" decoding=\"async\" width=\"768\" height=\"432\" src=\"https:\/\/foodpunk.com\/wp-content\/uploads\/Erythrit_Studie_schaedlich_Herzinfarkt-768x432.jpg\" class=\"blur wp-post-image\" alt=\"Ist Erythrit sch\u00e4dlich f\u00fcr Herz und Gef\u00e4\u00dfe?\" srcset=\"https:\/\/foodpunk.com\/wp-content\/uploads\/Erythrit_Studie_schaedlich_Herzinfarkt-768x432.jpg 768w, https:\/\/foodpunk.com\/wp-content\/uploads\/Erythrit_Studie_schaedlich_Herzinfarkt-300x169.jpg 300w, https:\/\/foodpunk.com\/wp-content\/uploads\/Erythrit_Studie_schaedlich_Herzinfarkt-1024x576.jpg 1024w, https:\/\/foodpunk.com\/wp-content\/uploads\/Erythrit_Studie_schaedlich_Herzinfarkt-1536x864.jpg 1536w, https:\/\/foodpunk.com\/wp-content\/uploads\/Erythrit_Studie_schaedlich_Herzinfarkt.jpg 2048w\" sizes=\"auto, (max-width: 768px) 100vw, 768px\" \/>\t<\/div>\n\t<div class=\"blog__loop__body\">\n\t\t<div>\n\t\t\t<div class=\"blog__meta\">\n\t\t\t\t<div class=\"blog__meta__readingtime\">\n\t\t\t\t\t7 Minuten Lesezeit\t\t\t\t<\/div>\t\n\t\t\t<\/div>\n\t\t\t<p class=\"h4\">\t\n\t\t\t\t<a href=\"https:\/\/foodpunk.com\/de\/blog\/ist-erythrit-schaedlich-fuer-herz-und-gefaesse\/\">\n\t\t\t\t\tIst Erythrit sch\u00e4dlich f\u00fcr Herz und Gef\u00e4\u00dfe?\t\t\t\t<\/a>\n\t\t\t<\/p>\n\t\t\t<p>\n\t\t\t\tWas bedeutet die neue Studie aus dem renommierten Fachblatt Nature Medicine? Gibt es tats\u00e4chlich einen Zusammenhang zwischen der Konzentration des Zuckeralkohols Erythrit im Blut mit Herzinfarkten und Schlaganf\u00e4llen? Und solltest du jetzt kein Erythrit mehr essen?\t\t\t<\/p>\n\t\t\t\n\t\t\t<ul class=\"blog__loop__categories\">\n\t\t\t<li><a href=\"\/de\/blog\/clean-eating\">Clean Eating<\/a><\/li><li><a href=\"\/de\/blog\/alles-ueber-ernaehrung\">Alles \u00fcber Ern\u00e4hrung<\/a><\/li><li><a href=\"\/de\/blog\/alltagstipps\">Alltagstipps<\/a><\/li><li><a href=\"\/de\/blog\/gesundheit\">Gesundheit<\/a><\/li><li><a href=\"\/de\/blog\/sugar-detox\">Sugar Detox<\/a><\/li><li><a href=\"\/de\/blog\/zucker\">Zucker<\/a><\/li><li><a href=\"\/de\/blog\/zutaten-wissen\">Zutaten-Wissen<\/a><\/li>\t\t\t<\/ul>\n\n\t\t<\/div>\n\t<\/div>\n<\/div><div id=\"post-11856\" class=\"blog__loop__article --4 post-11856 post type-post status-publish format-standard hentry category-alles-ueber-ernaehrung category-clean-eating category-sugar-detox category-zucker tag-gesund tag-gesundheit tag-keto tag-low-carb tag-zucker tag-zuckerfrei\" onclick=\"location.href='https:\/\/foodpunk.com\/de\/blog\/ernaehrungsplan-ohne-zucker\/';\" >\n\t<div class=\"blog__loop__img\">\n\t\t<img loading=\"lazy\" decoding=\"async\" width=\"768\" height=\"512\" src=\"https:\/\/foodpunk.com\/wp-content\/uploads\/Zuckerfrei_gesund_leben_Sugar_Detox-768x512.jpg\" class=\"blur wp-post-image\" alt=\"Ein Ern\u00e4hrungsplan ohne Zucker, statt Donut? Es lohnt sich!\" srcset=\"https:\/\/foodpunk.com\/wp-content\/uploads\/Zuckerfrei_gesund_leben_Sugar_Detox-768x512.jpg 768w, https:\/\/foodpunk.com\/wp-content\/uploads\/Zuckerfrei_gesund_leben_Sugar_Detox-300x200.jpg 300w, https:\/\/foodpunk.com\/wp-content\/uploads\/Zuckerfrei_gesund_leben_Sugar_Detox-1024x683.jpg 1024w, https:\/\/foodpunk.com\/wp-content\/uploads\/Zuckerfrei_gesund_leben_Sugar_Detox-1536x1024.jpg 1536w, https:\/\/foodpunk.com\/wp-content\/uploads\/Zuckerfrei_gesund_leben_Sugar_Detox.jpg 2048w\" sizes=\"auto, (max-width: 768px) 100vw, 768px\" \/>\t<\/div>\n\t<div class=\"blog__loop__body\">\n\t\t<div>\n\t\t\t<div class=\"blog__meta\">\n\t\t\t\t<div class=\"blog__meta__readingtime\">\n\t\t\t\t\t12 Minuten Lesezeit\t\t\t\t<\/div>\t\n\t\t\t<\/div>\n\t\t\t<p class=\"h4\">\t\n\t\t\t\t<a href=\"https:\/\/foodpunk.com\/de\/blog\/ernaehrungsplan-ohne-zucker\/\">\n\t\t\t\t\tDarum ist ein Ern\u00e4hrungsplan ohne Zucker so gut f\u00fcr dich!\t\t\t\t<\/a>\n\t\t\t<\/p>\n\t\t\t<p>\n\t\t\t\tDu glaubst, eine zuckerfreie Ern\u00e4hrung beeinflusst \"nur\" dein Gewicht? Hier erf\u00e4hrst du, warum auch deine Gesundheit, deine Haut und deine Psyche vom Zuckerverzicht profitieren k\u00f6nnen! \t\t\t<\/p>\n\t\t\t\n\t\t\t<ul class=\"blog__loop__categories\">\n\t\t\t<li><a href=\"\/de\/blog\/alles-ueber-ernaehrung\">Alles \u00fcber Ern\u00e4hrung<\/a><\/li><li><a href=\"\/de\/blog\/clean-eating\">Clean Eating<\/a><\/li><li><a href=\"\/de\/blog\/sugar-detox\">Sugar Detox<\/a><\/li><li><a href=\"\/de\/blog\/zucker\">Zucker<\/a><\/li>\t\t\t<\/ul>\n\n\t\t<\/div>\n\t<\/div>\n<\/div><div id=\"post-276\" class=\"blog__loop__article --5 post-276 post type-post status-publish format-standard hentry category-sugar-detox category-gesundheit category-low-carb-ernaehrung category-zucker category-zutaten-wissen tag-foodpunk tag-verzicht tag-zucker tag-zuckerentzug tag-zuckerfrei tag-zuckersucht\" onclick=\"location.href='https:\/\/foodpunk.com\/de\/blog\/ernaehrungsplan-zuckerfrei\/';\" >\n\t<div class=\"blog__loop__img\">\n\t\t<img loading=\"lazy\" decoding=\"async\" width=\"768\" height=\"512\" src=\"https:\/\/foodpunk.com\/wp-content\/uploads\/Auf-Zucker-verzichten-Foodpunk-768x512.jpg\" class=\"blur wp-post-image\" alt=\"\" srcset=\"https:\/\/foodpunk.com\/wp-content\/uploads\/Auf-Zucker-verzichten-Foodpunk-768x512.jpg 768w, https:\/\/foodpunk.com\/wp-content\/uploads\/Auf-Zucker-verzichten-Foodpunk-300x200.jpg 300w, https:\/\/foodpunk.com\/wp-content\/uploads\/Auf-Zucker-verzichten-Foodpunk.jpg 1000w\" sizes=\"auto, (max-width: 768px) 100vw, 768px\">\t<\/div>\n\t<div class=\"blog__loop__body\">\n\t\t<div>\n\t\t\t<div class=\"blog__meta\">\n\t\t\t\t<div class=\"blog__meta__readingtime\">\n\t\t\t\t\t8 Minuten Lesezeit\t\t\t\t<\/div>\t\n\t\t\t<\/div>\n\t\t\t<p class=\"h4\">\t\n\t\t\t\t<a href=\"https:\/\/foodpunk.com\/de\/blog\/ernaehrungsplan-zuckerfrei\/\">\n\t\t\t\t\tWarum du deinen Ern\u00e4hrunsgplan zuckerfrei gestalten solltest\t\t\t\t<\/a>\n\t\t\t<\/p>\n\t\t\t<p>\n\t\t\t\tAuf Zucker verzichten? Es gibt viele gute Gr\u00fcnde. Deine Blutwerte, dein Gewicht und deine Stimmung werden es dir danken!\t\t\t<\/p>\n\t\t\t\n\t\t\t<ul class=\"blog__loop__categories\">\n\t\t\t<li><a href=\"\/de\/blog\/sugar-detox\">Sugar Detox<\/a><\/li><li><a href=\"\/de\/blog\/gesundheit\">Gesundheit<\/a><\/li><li><a href=\"\/de\/blog\/low-carb-ernaehrung\">Low Carb Ern\u00e4hrung<\/a><\/li><li><a href=\"\/de\/blog\/zucker\">Zucker<\/a><\/li><li><a href=\"\/de\/blog\/zutaten-wissen\">Zutaten-Wissen<\/a><\/li>\t\t\t<\/ul>\n\n\t\t<\/div>\n\t<\/div>\n<\/div><div id=\"post-215\" class=\"blog__loop__article --6 post-215 post type-post status-publish format-standard hentry category-ketogene-ernaehrung category-alles-ueber-ernaehrung category-gesundheit category-low-carb-ernaehrung category-sugar-detox category-zucker tag-gehirn tag-glukose tag-ketogene-diaet tag-ketonkoerper tag-ketose tag-lchf tag-low-carb\" onclick=\"location.href='https:\/\/foodpunk.com\/de\/blog\/braucht-unser-gehirn-kohlenhydrate\/';\" >\n\t<div class=\"blog__loop__img\">\n\t\t<img loading=\"lazy\" decoding=\"async\" width=\"768\" height=\"512\" src=\"https:\/\/foodpunk.com\/wp-content\/uploads\/IMG_9978-768x512.jpg\" class=\"blur wp-post-image\" alt=\"Braucht das Gehirn Kohlenhydrate?\" srcset=\"https:\/\/foodpunk.com\/wp-content\/uploads\/IMG_9978-768x512.jpg 768w, https:\/\/foodpunk.com\/wp-content\/uploads\/IMG_9978-300x200.jpg 300w, https:\/\/foodpunk.com\/wp-content\/uploads\/IMG_9978.jpg 1000w\" sizes=\"auto, (max-width: 768px) 100vw, 768px\" \/>\t<\/div>\n\t<div class=\"blog__loop__body\">\n\t\t<div>\n\t\t\t<div class=\"blog__meta\">\n\t\t\t\t<div class=\"blog__meta__readingtime\">\n\t\t\t\t\t7 Minuten Lesezeit\t\t\t\t<\/div>\t\n\t\t\t<\/div>\n\t\t\t<p class=\"h4\">\t\n\t\t\t\t<a href=\"https:\/\/foodpunk.com\/de\/blog\/braucht-unser-gehirn-kohlenhydrate\/\">\n\t\t\t\t\tBraucht unser Gehirn Kohlenhydrate?\t\t\t\t<\/a>\n\t\t\t<\/p>\n\t\t\t<p>\n\t\t\t\tLass uns mal Klartext reden. Braucht unser Gehirn jetzt Zucker? Oder nicht?\t\t\t<\/p>\n\t\t\t\n\t\t\t<ul class=\"blog__loop__categories\">\n\t\t\t<li><a href=\"\/de\/blog\/ketogene-ernaehrung\">Ketogene Ern\u00e4hrung<\/a><\/li><li><a href=\"\/de\/blog\/alles-ueber-ernaehrung\">Alles \u00fcber Ern\u00e4hrung<\/a><\/li><li><a href=\"\/de\/blog\/gesundheit\">Gesundheit<\/a><\/li><li><a href=\"\/de\/blog\/low-carb-ernaehrung\">Low Carb Ern\u00e4hrung<\/a><\/li><li><a href=\"\/de\/blog\/sugar-detox\">Sugar Detox<\/a><\/li><li><a href=\"\/de\/blog\/zucker\">Zucker<\/a><\/li>\t\t\t<\/ul>\n\n\t\t<\/div>\n\t<\/div>\n<\/div><\/div><div class=\"mixitup-page-list\"><\/div><\/div><\/div>[\/vc_column][\/vc_row][\/vc_section][vc_row row_padding=&#8220;&#8220; row_maxwidth=&#8220;&#8220;][vc_column]<div class=\"templatera_shortcode\"><section class=\"vc_section custom bg--color--bg-green vc_section-sided\"><div class=\"vc_section__bgtext vc_section__bgtext--punk\">PUNK<\/div><div class=\"vc_container vc_maxwidth \"><div class=\"vc_row wpb_row vc_row-fluid vc_row-o-content-bottom vc_row-flex custom vpt-3\"><div class=\"wpb_column vc_column_container vc_col-sm-12 vc_col-lg-5 vc_col-md-8\"><div class=\"vc_column-inner\"><div class=\"wpb_wrapper\"><div class=\"vc_row wpb_row vc_inner vc_row-fluid vpt-7 vpb-7\"><div class=\"wpb_column vc_column_container vc_col-sm-12\"><div class=\"vc_column-inner\"><div class=\"wpb_wrapper\"><div class=\"vmb-3 wpb_content_element\" ><div class=\"heading heading--h2 \"><h2 class=\"heading   \" >Du m\u00f6chtest auch erfolgreich und lecker eine <strong>Detox Kur starten?<\/strong><\/h2><\/div><\/div><div class=\"wpb_content_element\" ><div class=\"heading heading--p \"><p class=\"heading h4  \" >Tausende Foodpunks haben mit uns ihr Wunschgewicht, mehr Selbstbewusstsein und ein besseres Wohlbefinden erreicht.<\/p><\/div><\/div><div class=\"vmb-7 wpb_content_element\" ><div class=\"heading heading--p \"><p class=\"heading h4  \" >Lass dir hunderte Detox-Rezepte, auf dich pers\u00f6nlich optimiert, in unserer preisgekr\u00f6nten App empfehlen.<\/p><\/div><\/div><div class=\"vmt-5 vmb-5 wpb_content_element\"  data-aos=\"fade-up\" ><div class=\"btn__wrapper \"><a href=\"https:\/\/foodpunk.com\/de\/ernaehrungsplaene\/detox-kur-plan\/\" target=\"\" rel=\"\" title=\"\" class=\"btn--full btn--primary btn--md \"><span>Jetzt Plan buchen<\/span><\/a><\/div><\/div><\/div><\/div><\/div><\/div><\/div><\/div><\/div><div class=\"wpb_column vc_column_container vc_col-sm-9 vc_col-lg-offset-0 vc_col-lg-7 vc_col-md-offset-2 vc_col-md-8\"><div class=\"vc_column-inner\"><div class=\"wpb_wrapper\">\n\t<div  class=\"wpb_single_image wpb_content_element vc_align_right wpb_content_element\" >\n\t\t\n\t\t<figure class=\"wpb_wrapper vc_figure\">\n\t\t\t<div class=\"vc_single_image-wrapper  \"><img loading=\"lazy\" decoding=\"async\" width=\"762\" height=\"853\" src=\"https:\/\/foodpunk.com\/wp-content\/uploads\/Buy-Bild2.png\" class=\"vc_single_image-img attachment-full\" alt=\"\" title=\"Buy-Bild2\" srcset=\"https:\/\/foodpunk.com\/wp-content\/uploads\/Buy-Bild2.png 762w, https:\/\/foodpunk.com\/wp-content\/uploads\/Buy-Bild2-268x300.png 268w\" sizes=\"auto, (max-width: 762px) 100vw, 762px\"><\/div>\n\t\t<\/figure>\n\t<\/div>\n<\/div><\/div><\/div><\/div><\/div><div class=\"vc_section__side\"><span class=\"vc_section__side__text\">Mitgliedschaft<\/span><div class=\"vc_section__side__border\"><div class=\"vc_section__side__dot\"><\/div><\/div><\/div><\/section><\/div>[\/vc_column][\/vc_row][vc_row row_padding=&#8220;&#8220; row_maxwidth=&#8220;&#8220;][vc_column]<div class=\"templatera_shortcode\"><section class=\"vc_section custom bg--color--bg-primary vc_section-sided\"><div class=\"vc_container vc_maxwidth \"><div class=\"vc_row wpb_row vc_row-fluid vc_row-o-content-bottom vc_row-flex\"><div class=\"vc_col-sm-push-6 wpb_column vc_column_container vc_col-sm-6\"><div class=\"vc_column-inner\"><div class=\"wpb_wrapper\"><div class=\"vc_row wpb_row vc_inner vc_row-fluid vpt-5 vpb-5\"><div class=\"wpb_column vc_column_container vc_col-sm-12 vc_col-md-10\"><div class=\"vc_column-inner\"><div class=\"wpb_wrapper\"><div class=\"vmb-3 wpb_content_element\" ><div class=\"heading heading--p \"><p class=\"heading h2  \" ><em>Barbara<\/em> ist f\u00fcr Dich da!<\/p><\/div><\/div>\r\n\t<div  class=\"wpb_text_column wpb_content_element  vmb-3  wpb_content_element\">\r\n\t\t<p><strong>Das Team der Foodpunk <span class=\"deco-underline\">Ern\u00e4hrungswissenschaftl<\/span>er\/-innen erstellt den perfekten Plan f\u00fcr dein Ziel - zusammen mit den smarten Algorithmen unserer preisgekr\u00f6nten, KI-gest\u00fctzten Foodpunk App.<\/strong><\/p>\n<p>Bei Foodpunk bist du nie alleine. Die gro\u00dfe Community und der Experten-Support sind f\u00fcr dich da.<\/p>\n<p>Du schlemmst und erreichst mit gro\u00dfartiger Unterst\u00fctzung dein Abnehmziel - ganz nebenbei.<\/p>\n\r\n\t<\/div>\r\n<div class=\"vmb-7 wpb_content_element\" ><div class=\"btn__wrapper \"><a href=\"https:\/\/foodpunk.com\/de\/team\/\" target=\"\" rel=\"\" title=\"Team\" class=\"btn--link btn--primary btn--lg btn--icon btn--icon--arrow\"><span>Erfahre alles \u00fcber Foodpunk und das Team<\/span><\/a><\/div><\/div><\/div><\/div><\/div><\/div><\/div><\/div><\/div><div class=\"vc_col-sm-pull-6 overlapping-person wpb_column vc_column_container vc_col-sm-6 vc_col-lg-offset-1 vc_col-lg-5\"><div class=\"vc_column-inner\"><div class=\"wpb_wrapper\">\n\t<div  class=\"wpb_single_image wpb_content_element vc_align_left wpb_content_element\" >\n\t\t\n\t\t<figure class=\"wpb_wrapper vc_figure\">\n\t\t\t<div class=\"vc_single_image-wrapper  \"><img loading=\"lazy\" decoding=\"async\" width=\"659\" height=\"1024\" src=\"https:\/\/foodpunk.com\/wp-content\/uploads\/Foodpunk_Barbara-659x1024.png\" class=\"vc_single_image-img attachment-large\" alt=\"\" title=\"Foodpunk_Barbara\" srcset=\"https:\/\/foodpunk.com\/wp-content\/uploads\/Foodpunk_Barbara-659x1024.png 659w, https:\/\/foodpunk.com\/wp-content\/uploads\/Foodpunk_Barbara-193x300.png 193w, https:\/\/foodpunk.com\/wp-content\/uploads\/Foodpunk_Barbara-768x1194.png 768w, https:\/\/foodpunk.com\/wp-content\/uploads\/Foodpunk_Barbara-988x1536.png 988w, https:\/\/foodpunk.com\/wp-content\/uploads\/Foodpunk_Barbara.png 1046w\" sizes=\"auto, (max-width: 659px) 100vw, 659px\"><\/div>\n\t\t<\/figure>\n\t<\/div>\n<\/div><\/div><\/div><\/div><\/div><div class=\"vc_section__side\"><span class=\"vc_section__side__text\">Support<\/span><div class=\"vc_section__side__border\"><div class=\"vc_section__side__dot\"><\/div><\/div><\/div><\/section><\/div>[\/vc_column][\/vc_row]<\/p>\n<\/div>","protected":false},"excerpt":{"rendered":"Lass uns mal Klartext reden. Braucht unser Gehirn jetzt Kohlenhydrate? Oder nicht? Wenn du 3-6 Mal am Tag kohlenhydratreiche Mahlzeiten und Snacks zu dir nimmst, dann verbrennen die Nervenzellen deines Gehirns Kohlenhydrate, um Energie zu gewinnen. Genauer gesagt nutzen sie einen ganz bestimmten Vertreter der Kohlenhydrate: die Glukose. Weil das Gehirn ausreichend Glukose zur Verf\u00fcgung [...]","protected":false},"author":38,"featured_media":0,"parent":98,"menu_order":21,"comment_status":"closed","ping_status":"closed","template":"","meta":{"_acf_changed":false,"inline_featured_image":false,"footnotes":""},"class_list":["post-5351","page","type-page","status-publish","hentry"],"acf":[],"_links":{"self":[{"href":"https:\/\/foodpunk.com\/de\/wp-json\/wp\/v2\/pages\/5351","targetHints":{"allow":["GET"]}}],"collection":[{"href":"https:\/\/foodpunk.com\/de\/wp-json\/wp\/v2\/pages"}],"about":[{"href":"https:\/\/foodpunk.com\/de\/wp-json\/wp\/v2\/types\/page"}],"author":[{"embeddable":true,"href":"https:\/\/foodpunk.com\/de\/wp-json\/wp\/v2\/users\/38"}],"replies":[{"embeddable":true,"href":"https:\/\/foodpunk.com\/de\/wp-json\/wp\/v2\/comments?post=5351"}],"version-history":[{"count":5,"href":"https:\/\/foodpunk.com\/de\/wp-json\/wp\/v2\/pages\/5351\/revisions"}],"predecessor-version":[{"id":7285,"href":"https:\/\/foodpunk.com\/de\/wp-json\/wp\/v2\/pages\/5351\/revisions\/7285"}],"up":[{"embeddable":true,"href":"https:\/\/foodpunk.com\/de\/wp-json\/wp\/v2\/pages\/98"}],"wp:attachment":[{"href":"https:\/\/foodpunk.com\/de\/wp-json\/wp\/v2\/media?parent=5351"}],"curies":[{"name":"wp","href":"https:\/\/api.w.org\/{rel}","templated":true}]}}