{"id":4935,"date":"2022-10-28T15:32:51","date_gmt":"2022-10-28T15:32:11","guid":{"rendered":"https:\/\/foodpunk.com\/community\/"},"modified":"2024-01-02T11:13:19","modified_gmt":"2024-01-02T11:13:19","slug":"community","status":"publish","type":"page","link":"https:\/\/foodpunk.com\/de\/community\/","title":{"rendered":"Community"},"content":{"rendered":"<div class=\"wpb-content-wrapper\"><p>[vc_section row_bg_color=&#8220;bg&#8211;color&#8211;bg-primary&#8220; section_bgtext=&#8220;food&#8220;][vc_row][vc_column width=&#8220;5\/6&#8243; col_sticky=&#8220;&#8220; offset=&#8220;vc_col-lg-6 vc_col-md-8&#8243;]<div class=\"vmb-3 wpb_content_element\" ><div class=\"heading heading--h1 \"><h1 class=\"heading   \" >Foodpunk<br \/>\n<em>Community<\/em><\/h1><\/div><\/div><div class=\"vmb-3 wpb_content_element\" ><div class=\"heading heading--p \"><p class=\"heading h4  \" >Werde ein Teil der Foodpunk Community und lass dich mitrei\u00dfen, motivieren und begeistern! F\u00fcr ein gesundes Leben voll Genuss und guter Laune!<\/p><\/div><\/div>[\/vc_column][\/vc_row][\/vc_section][vc_section row_padding=&#8220;vpt-7 vpb-7&#8243; section_sidetitle=&#8220;Ern\u00e4hrung&#8220;][vc_row][vc_column width=&#8220;1\/2&#8243; col_sticky=&#8220;&#8220; offset=&#8220;vc_col-md-offset-1 vc_col-md-5&#8243;][vc_column_text]<strong>Ob man in einem Motivationstief steckt, sich \u00fcber ein Rezept\u00a0<\/strong><b>austauschen m\u00f6chte oder Lust auf eine gemeinsame\u00a0Challenge hat&#8230; die Foodpunk Community ist zur Stelle\u00a0und unterst\u00fctzt dich mit dem Insider-Wissen der &#8222;alten Hasen&#8220; \u2013 Foodpunk gibt es bereits seit 2015 \u2013 oder frischen Ideen von Neu-Foodpunks. Komm\u00a0vorbei und sag Hallo! Wir sind satt und bei\u00dfen nicht. \ud83d\ude09<\/b>[\/vc_column_text][vc_column_text]<\/p>\n<ul class=\"icon-list icon-list--check\">\n<li>\u00dcber 75.000 Follower bei Facebook<\/li>\n<li>Riesige Community-Gruppen zum Austausch<\/li>\n<\/ul>\n<p>[\/vc_column_text][vc_column_text]<\/p>\n<ul class=\"icon-list icon-list--arrow\">\n<li><a href=\"https:\/\/www.facebook.com\/groups\/1515386232105098\" target=\"_blank\" rel=\"noopener noreferrer nofollow\">Foodpunk | Personalisierte Ern\u00e4hrung | Mitgliedergruppe<\/a><\/li>\n<li><a href=\"https:\/\/www.facebook.com\/groups\/1693372074226210\" target=\"_blank\" rel=\"noopener noreferrer nofollow\">Foodpunk | Personalisierte Ern\u00e4hrung | \u00d6ffentliche Gruppe<\/a><\/li>\n<li><a href=\"https:\/\/www.facebook.com\/groups\/563181838447285\" target=\"_blank\" rel=\"noopener noreferrer nofollow\">Die Foodpunk Lip\u00f6dem-Gruppe<\/a><\/li>\n<li><a href=\"https:\/\/www.facebook.com\/groups\/1191623581425409\" target=\"_blank\" rel=\"noopener noreferrer nofollow\">Foodpunk Personalized Nutrition<\/a><\/li>\n<\/ul>\n<p>[\/vc_column_text]<div class=\"wpb_content_element\" ><div class=\"accordion\"><div class=\"accordion__item\" itemscope itemprop=\"mainEntity\" itemtype=\"https:\/\/schema.org\/Question\"><button class=\"accordion__title accordion__title--open \" type=\"button\" id=\"title-awx_69e9ac022c950\" data-toggle=\"collapse\" data-target=\"awx_69e9ac022c950\" aria-expanded=\"false\" aria-controls=\"awx_69e9ac022c950\" itemprop=\"name\"><div class=\"accordion__icon\"><\/div>Community Richtlinien<\/button><div class=\"accordion__content accordion__content--open \" role=\"region\" id=\"awx_69e9ac022c950\" aria-labelledby=\"title-awx_69e9ac022c950\" aria-expanded=\"false\" itemscope itemprop=\"acceptedAnswer\" itemtype=\"https:\/\/schema.org\/Answer\"><div itemprop=\"text\"><p>Gruppenregeln der Admins<\/p>\n<p><strong>1 Sei hilfsbereit &amp; freundlich<\/strong><\/p>\n<p>Wir freuen uns, dass du dabei bist! Bitte bedenke beim Austausch in der Gruppe aber folgendes: Jeder startet mal als Anf\u00e4nger, hat einen Durchh\u00e4nger oder einfach einen schlechten Tag. Versucht euch in solchen F\u00e4llen gegenseitig aufzubauen und zu helfen &#8211; so schaffen wir ein famili\u00e4res Umfeld und ein sch\u00f6nes Miteinander. #FoodpunkFamily<\/p>\n<p><strong>2 Werde gerne aktiv<\/strong><\/p>\n<p>Der Austausch untereinander ist ausdr\u00fccklich erw\u00fcnscht! Teile also gerne deine Story mit, Poste dein leckeres Essen und finde so vielleicht neue Freunde und Gleichgesinnte. Wir freuen uns auf deine Postings! Hinweis: Wenn du Food-Fotos von App-Rezepten teilst schreibe bitte immer den Rezeptnamen dazu, so k\u00f6nnen andere Foodpunks das Rezept leichter finden. Achte bitte dabei darauf, dass du keine pers\u00f6nlichen Informationen aus deinem Ern\u00e4hrungsplan teilst, z.B. Mengenangaben.<\/p>\n<p><strong>3 Wissen ist Macht<\/strong><\/p>\n<p>Wir beantworten euch gerne jederzeit Fragen im Fragenfaden, auch \u00fcber den Kundensupport (<a class=\"c-link\" href=\"mailto:info@foodpunk.de\" target=\"_blank\" rel=\"noopener noreferrer\" data-stringify-link=\"mailto:info@foodpunk.de\" data-sk=\"tooltip_parent\" aria-haspopup=\"menu\">info@foodpunk.de<\/a>) &#8211; wir bitten euch jedoch, keine externen Beitr\u00e4ge zu teilen, die keine Quellenangaben aufweisen. Nur so k\u00f6nnen wir Missverst\u00e4ndnisse vermeiden und euch die bestm\u00f6glichen, wissenschaftlichen Grundlagen f\u00fcr euer Wissen bieten.<\/p>\n<p><strong>4 Hilfe? <\/strong><\/p>\n<p>Aber nat\u00fcrlich!Hast du eine Frage, die du gerne mit dem gro\u00dfen Schwarmwissen der Community beantwortet haben m\u00f6chtest? Verwende am besten die Suchfunktion in der Gruppe, bevor du deine Frage stellst &#8211; vielleicht wurde dein Thema schon mit hilfreichen Tipps durchgesprochen. Findest du keine passende Antwort? Stelle gerne deine Frage im t\u00e4glichen Fragenfaden oder direkt in der Gruppe. Hinweis: Das Foodpunk Team beantwortet i.d.R. nur Fragen, die im Fragenfaden gestellt wurden.<\/p>\n<p><strong>5 Bitte keine Werbung<\/strong><\/p>\n<p>Bitte beachte, dass wir eine geschlossene Gruppe zum Thema Foodpunk Ern\u00e4hrung sind, eine starke Community, die sich rund um das Thema Foodpunk Ern\u00e4hrung unterh\u00e4lt und unterst\u00fctzt. Verzichte daher bitte auf die Werbung von und f\u00fcr Fremdfirmen. Selbstverst\u00e4ndlich ist der Tausch und Verkauf von Foodpunk Produkten gestattet.<\/p>\n<p><strong>6 Keine Hassrede &amp; Mobbing<\/strong><\/p>\n<p>Wir sind eine geschlossene Gruppe, in der wir uns alle sicher f\u00fchlen m\u00f6chten. Jegliche Form von Mobbing, Bullying oder anderen Beleidigungen ist deshalb zu unterlassen.<\/p>\n<p><strong>7 Privatsph\u00e4re<\/strong><\/p>\n<p>Alles, was in dieser Gruppe geteilt wird, basiert auf gegenseitigem Vertrauen. Deshalb sollten diese Inhalte die Gruppe auch nicht verlassen. Ganz nach dem Motto: What happens at Foodpunk stays at Foodpunk!<\/p>\n<p><strong>8 Vorbehalt<\/strong><\/p>\n<p>Wir, das Team von Foodpunk, behalten uns vor, bei Regelverst\u00f6\u00dfen das jeweilige Mitglied zu verwarnen, zu muten oder (bei h\u00e4ufigen oder schlimmen Verst\u00f6\u00dfen) auch ganz aus der Gruppe zu entfernen.<\/p>\n<\/div><\/div><\/div><\/div><\/div>[\/vc_column][vc_column width=&#8220;1\/2&#8243; col_sticky=&#8220;&#8220; offset=&#8220;vc_col-md-5&#8243;][vc_single_image image=&#8220;10611&#8243; img_size=&#8220;large&#8220;][vc_single_image image=&#8220;10625&#8243; img_size=&#8220;large&#8220;][\/vc_column][\/vc_row][\/vc_section][vc_row row_padding=&#8220;&#8220; row_maxwidth=&#8220;&#8220;][vc_column width=&#8220;5\/6&#8243; col_sticky=&#8220;&#8220; offset=&#8220;vc_col-sm-offset-2&#8243;][vc_single_image image=&#8220;6887&#8243; img_size=&#8220;full&#8220; alignment=&#8220;right&#8220;][\/vc_column][\/vc_row][vc_row row_padding=&#8220;&#8220; row_maxwidth=&#8220;&#8220;][vc_column]<div class=\"templatera_shortcode\"><section class=\"vc_section custom bg--color--bg-primary vc_section-sided\"><div class=\"vc_container vc_maxwidth \"><div class=\"vc_row wpb_row vc_row-fluid vc_row-o-content-bottom vc_row-flex\"><div class=\"vc_col-sm-push-6 wpb_column vc_column_container vc_col-sm-6\"><div class=\"vc_column-inner\"><div class=\"wpb_wrapper\"><div class=\"vc_row wpb_row vc_inner vc_row-fluid vpt-5 vpb-5\"><div class=\"wpb_column vc_column_container vc_col-sm-12 vc_col-md-10\"><div class=\"vc_column-inner\"><div class=\"wpb_wrapper\"><div class=\"vmb-3 wpb_content_element\" ><div class=\"heading heading--p \"><p class=\"heading h2  \" ><em>Barbara<\/em> ist f\u00fcr Dich da!<\/p><\/div><\/div>\r\n\t<div  class=\"wpb_text_column wpb_content_element  vmb-3  wpb_content_element\">\r\n\t\t<p><strong>Das Team der Foodpunk <span class=\"deco-underline\">Ern\u00e4hrungswissenschaftl<\/span>er\/-innen erstellt den perfekten Plan f\u00fcr dein Ziel - zusammen mit den smarten Algorithmen unserer preisgekr\u00f6nten, KI-gest\u00fctzten Foodpunk App.<\/strong><\/p>\n<p>Bei Foodpunk bist du nie alleine. Die gro\u00dfe Community und der Experten-Support sind f\u00fcr dich da.<\/p>\n<p>Du schlemmst und erreichst mit gro\u00dfartiger Unterst\u00fctzung dein Abnehmziel - ganz nebenbei.<\/p>\n\r\n\t<\/div>\r\n<div class=\"vmb-7 wpb_content_element\" ><div class=\"btn__wrapper \"><a href=\"https:\/\/foodpunk.com\/de\/team\/\" target=\"\" rel=\"\" title=\"Team\" class=\"btn--link btn--primary btn--lg btn--icon btn--icon--arrow\"><span>Erfahre alles \u00fcber Foodpunk und das Team<\/span><\/a><\/div><\/div><\/div><\/div><\/div><\/div><\/div><\/div><\/div><div class=\"vc_col-sm-pull-6 overlapping-person wpb_column vc_column_container vc_col-sm-6 vc_col-lg-offset-1 vc_col-lg-5\"><div class=\"vc_column-inner\"><div class=\"wpb_wrapper\">\n\t<div  class=\"wpb_single_image wpb_content_element vc_align_left wpb_content_element\" >\n\t\t\n\t\t<figure class=\"wpb_wrapper vc_figure\">\n\t\t\t<div class=\"vc_single_image-wrapper  \"><img loading=\"lazy\" decoding=\"async\" width=\"659\" height=\"1024\" src=\"https:\/\/foodpunk.com\/wp-content\/uploads\/Foodpunk_Barbara-659x1024.png\" class=\"vc_single_image-img attachment-large\" alt=\"\" title=\"Foodpunk_Barbara\" srcset=\"https:\/\/foodpunk.com\/wp-content\/uploads\/Foodpunk_Barbara-659x1024.png 659w, https:\/\/foodpunk.com\/wp-content\/uploads\/Foodpunk_Barbara-193x300.png 193w, https:\/\/foodpunk.com\/wp-content\/uploads\/Foodpunk_Barbara-768x1194.png 768w, https:\/\/foodpunk.com\/wp-content\/uploads\/Foodpunk_Barbara-988x1536.png 988w, https:\/\/foodpunk.com\/wp-content\/uploads\/Foodpunk_Barbara.png 1046w\" sizes=\"auto, (max-width: 659px) 100vw, 659px\"><\/div>\n\t\t<\/figure>\n\t<\/div>\n<\/div><\/div><\/div><\/div><\/div><div class=\"vc_section__side\"><span class=\"vc_section__side__text\">Support<\/span><div class=\"vc_section__side__border\"><div class=\"vc_section__side__dot\"><\/div><\/div><\/div><\/section><\/div>[\/vc_column][\/vc_row]<\/p>\n<\/div>","protected":false},"excerpt":{"rendered":"FOODFoodpunk CommunityWerde ein Teil der Foodpunk Community und lass dich mitrei\u00dfen, motivieren und begeistern! F\u00fcr ein gesundes Leben voll Genuss und guter Laune! Ob man in einem Motivationstief steckt, sich \u00fcber ein Rezept\u00a0austauschen m\u00f6chte oder Lust auf eine gemeinsame\u00a0Challenge hat... die Foodpunk Community ist zur Stelle\u00a0und unterst\u00fctzt dich mit dem Insider-Wissen der \"alten Hasen\" \u2013 [...]","protected":false},"author":38,"featured_media":0,"parent":0,"menu_order":22,"comment_status":"closed","ping_status":"closed","template":"","meta":{"_acf_changed":false,"inline_featured_image":false,"footnotes":""},"class_list":["post-4935","page","type-page","status-publish","hentry"],"acf":[],"_links":{"self":[{"href":"https:\/\/foodpunk.com\/de\/wp-json\/wp\/v2\/pages\/4935","targetHints":{"allow":["GET"]}}],"collection":[{"href":"https:\/\/foodpunk.com\/de\/wp-json\/wp\/v2\/pages"}],"about":[{"href":"https:\/\/foodpunk.com\/de\/wp-json\/wp\/v2\/types\/page"}],"author":[{"embeddable":true,"href":"https:\/\/foodpunk.com\/de\/wp-json\/wp\/v2\/users\/38"}],"replies":[{"embeddable":true,"href":"https:\/\/foodpunk.com\/de\/wp-json\/wp\/v2\/comments?post=4935"}],"version-history":[{"count":5,"href":"https:\/\/foodpunk.com\/de\/wp-json\/wp\/v2\/pages\/4935\/revisions"}],"predecessor-version":[{"id":23512,"href":"https:\/\/foodpunk.com\/de\/wp-json\/wp\/v2\/pages\/4935\/revisions\/23512"}],"wp:attachment":[{"href":"https:\/\/foodpunk.com\/de\/wp-json\/wp\/v2\/media?parent=4935"}],"curies":[{"name":"wp","href":"https:\/\/api.w.org\/{rel}","templated":true}]}}