{"id":4933,"date":"2022-10-28T15:32:51","date_gmt":"2022-10-28T15:32:11","guid":{"rendered":"https:\/\/foodpunk.com\/app\/"},"modified":"2025-11-10T16:06:52","modified_gmt":"2025-11-10T15:06:52","slug":"app","status":"publish","type":"page","link":"https:\/\/foodpunk.com\/de\/app\/","title":{"rendered":"App"},"content":{"rendered":"<div class=\"wpb-content-wrapper\"><p>[vc_section row_bg_color=&#8220;bg&#8211;color&#8211;bg-primary&#8220; section_bgtext=&#8220;food&#8220;][vc_row content_placement=&#8220;middle&#8220;][vc_column width=&#8220;1\/2&#8243; col_sticky=&#8220;&#8220;]<div class=\"vmb-3 wpb_content_element\" ><div class=\"heading heading--h1 \"><h1 class=\"heading   \" >Blick in die Foodpunk <em>App<\/em><\/h1><\/div><\/div><div class=\"vmb-3 wpb_content_element\" ><div class=\"heading heading--p \"><p class=\"heading h4  \" >Auf dieser Seite geben wir dir exklusive Einblicke in die Funktionen unserer Foodpunk App. So kannst du dir einen ersten \u00dcberblick verschaffen, was dich mit unseren digitalen Ern\u00e4hrungspl\u00e4nen erwartet.<\/p><\/div><\/div><div class=\"vmt-1 wpb_content_element\" ><div class=\"btn__wrapper \"><a href=\"https:\/\/foodpunk.com\/de\/wp-json\/wp\/v2\/pages\/4933#buy\" target=\"\" rel=\"\" title=\"\" class=\"btn--full btn--primary btn--md \"><span>Jetzt starten!<\/span><\/a><\/div><\/div>[\/vc_column][vc_column width=&#8220;1\/2&#8243; col_sticky=&#8220;&#8220;][vc_single_image image=&#8220;19764&#8243; img_size=&#8220;full&#8220;][\/vc_column][\/vc_row][\/vc_section][vc_section row_bg_color=&#8220;bg&#8211;color&#8211;white&#8220; section_bgtext=&#8220;food&#8220;][vc_row row_bg_color=&#8220;bg&#8211;color&#8211;white&#8220; row_maxwidth=&#8220;&#8220;][vc_column]<div class=\"templatera_shortcode\"><div class=\"vc_container vc_maxwidth \"><div class=\"vc_row wpb_row vc_row-fluid\"><div class=\"wpb_column vc_column_container vc_col-sm-12\"><div class=\"vc_column-inner\"><div class=\"wpb_wrapper\"><div class=\"wpb_content_element\" ><div class=\"logo-slider\"><div class=\"logo-slider__item\"><img decoding=\"async\" src=\"https:\/\/foodpunk.com\/wp-content\/uploads\/Logo_WomensHealth.png\" alt=\"Logo Women's Health\" title=\"\"><\/div><div class=\"logo-slider__item\"><img decoding=\"async\" src=\"https:\/\/foodpunk.com\/wp-content\/uploads\/Logo_ARD.png\" alt=\"Logo ARD\" title=\"\"><\/div><div class=\"logo-slider__item\"><img decoding=\"async\" src=\"https:\/\/foodpunk.com\/wp-content\/uploads\/Logo_ProSieben.png\" alt=\"Logo Prosieben\" title=\"\"><\/div><div class=\"logo-slider__item\"><img decoding=\"async\" src=\"https:\/\/foodpunk.com\/wp-content\/uploads\/Logo_MensHealth.png\" alt=\"Logo Men's Health\" title=\"\"><\/div><div class=\"logo-slider__item\"><img decoding=\"async\" src=\"https:\/\/foodpunk.com\/wp-content\/uploads\/Logo_Spiegel.png\" alt=\"Logo Der Spiegel\" title=\"\"><\/div><div class=\"logo-slider__item\"><img decoding=\"async\" src=\"https:\/\/foodpunk.com\/wp-content\/uploads\/Logo_BusinessPunk.png\" alt=\"Logo Business Punk\" title=\"\"><\/div><div class=\"logo-slider__item\"><img decoding=\"async\" src=\"https:\/\/foodpunk.com\/wp-content\/uploads\/arte_vector.png\" alt=\"arte logo\" title=\"arte_vector\"><\/div><\/div><\/div><\/div><\/div><\/div><\/div><\/div><\/div>[\/vc_column][\/vc_row][\/vc_section][vc_section row_padding=&#8220;vpt-7 vpb-7&#8243; section_sidetitle=&#8220;Ern\u00e4hrung&#8220;][vc_row row_padding=&#8220;custom&#8220; row_padding_bottom=&#8220;vpb-3&#8243; row_bg_color=&#8220;bg&#8211;color&#8211;bg-green&#8220; row_bg_border=&#8220;bg&#8211;border bg&#8211;border&#8211;left&#8220;][vc_column width=&#8220;5\/6&#8243; col_sticky=&#8220;&#8220; offset=&#8220;vc_col-md-offset-2 vc_col-md-8 vc_col-sm-offset-1&#8243;]<div class=\"vmb-3 wpb_content_element\" ><div class=\"heading heading--h2 \"><h2 class=\"heading   heading--center\" >Alle <span class=\"deco-underline\">Features<\/span> der Foodpunk App<\/h2><\/div><\/div><div class=\"wpb_content_element\" ><div class=\"heading heading--p \"><p class=\"heading h4  heading--center\" >Das Geheimnis unserer individuellen Rezepte!<\/p><\/div><\/div>[\/vc_column][\/vc_row][vc_row row_padding=&#8220;custom&#8220; row_padding_bottom=&#8220;vpb-5&#8243; row_bg_color=&#8220;bg&#8211;color&#8211;bg-green&#8220; row_bg_border=&#8220;bg&#8211;border bg&#8211;border&#8211;left&#8220;][vc_column width=&#8220;1\/2&#8243; col_sticky=&#8220;&#8220; offset=&#8220;vc_col-md-offset-1 vc_col-md-5&#8243;][vc_column_text]<\/p>\n<ul class=\"icon-list icon-list--arrow\">\n<li>Wissenschaftlich fundierter Algorithmus<\/li>\n<li>Keine Standard-Rezepte!<\/li>\n<li>Die Foodpunk-App berechnet Zutaten individuell, aber immer lecker!<\/li>\n<li>Die App nimmt R\u00fccksicht auf Unvertr\u00e4glichkeiten<\/li>\n<\/ul>\n<p>[\/vc_column_text][\/vc_column][vc_column width=&#8220;1\/2&#8243; col_sticky=&#8220;&#8220; offset=&#8220;vc_col-md-5&#8243;][vc_column_text]<\/p>\n<ul class=\"icon-list icon-list--arrow\">\n<li>Deine Ern\u00e4hrungspl\u00e4ne immer bei Dir!<\/li>\n<li>Eine Einkaufsliste wird automatisch erzeugt!<\/li>\n<li>Erlebe die Community in der App und tausche Dich mit Foodpunkern aus!<\/li>\n<li>Unser Foodpunk-Team steht Dir jederzeit pers\u00f6nlich zur Verf\u00fcgung!<\/li>\n<\/ul>\n<p>[\/vc_column_text][\/vc_column][\/vc_row][\/vc_section][vc_section row_padding=&#8220;vpt-7 vpb-7&#8243; row_bg_color=&#8220;bg&#8211;color&#8211;white&#8220; section_sidetitle=&#8220;Ern\u00e4hrung&#8220;][vc_row content_placement=&#8220;middle&#8220; row_padding=&#8220;&#8220; row_bg_color=&#8220;bg&#8211;color&#8211;white&#8220;][vc_column width=&#8220;1\/2&#8243; col_sticky=&#8220;&#8220; offset=&#8220;vc_col-lg-8 vc_col-md-7&#8243;][vc_single_image image=&#8220;19767&#8243; img_size=&#8220;full&#8220;][\/vc_column][vc_column width=&#8220;1\/2&#8243; col_sticky=&#8220;&#8220; offset=&#8220;vc_col-lg-4 vc_col-md-5&#8243;]<div class=\"wpb_content_element\" ><div class=\"heading heading--p \"><p class=\"heading h4  \" >Mit der Foodpunk App hast du deine Ern\u00e4hrung im Blick - immer und \u00fcberall. Praktische Features erleichtern dir Mahlzeitenplanung, Einkauf und Motivation. Nur kochen musst Du noch selbst.<\/p><\/div><\/div><div class=\"vmt-1 wpb_content_element\" ><div class=\"btn__wrapper \"><a href=\"https:\/\/foodpunk.com\/de\/wp-json\/wp\/v2\/pages\/4933#buy\" target=\"\" rel=\"\" title=\"\" class=\"btn--full btn--primary btn--md \"><span>Jetzt starten!<\/span><\/a><\/div><\/div>[\/vc_column][\/vc_row][\/vc_section][vc_section row_padding=&#8220;vpt-7 vpb-7&#8243; section_sidetitle=&#8220;Ern\u00e4hrung&#8220;][vc_row row_padding=&#8220;custom&#8220; row_padding_bottom=&#8220;vpb-3&#8243; row_bg_color=&#8220;bg&#8211;color&#8211;bg-green&#8220; row_bg_border=&#8220;bg&#8211;border bg&#8211;border&#8211;right&#8220;][vc_column width=&#8220;5\/6&#8243; col_sticky=&#8220;&#8220; offset=&#8220;vc_col-md-offset-2 vc_col-md-8 vc_col-sm-offset-1&#8243;]<div class=\"vmb-3 wpb_content_element\" ><div class=\"heading heading--h2 \"><h2 class=\"heading   heading--center\" >Gesunde Ern\u00e4hrung <em>to go<\/em><\/h2><\/div><\/div>[\/vc_column][\/vc_row][vc_row row_bg_color=&#8220;bg&#8211;color&#8211;bg-green&#8220; row_bg_border=&#8220;bg&#8211;border bg&#8211;border&#8211;right&#8220;][vc_column col_sticky=&#8220;&#8220;][vc_row_inner content_placement=&#8220;middle&#8220; row_padding=&#8220;custom&#8220; row_padding_bottom=&#8220;vpb-5&#8243;][vc_column_inner width=&#8220;1\/2&#8243; offset=&#8220;vc_col-lg-offset-1 vc_col-lg-5&#8243;]<div class=\"wpb_content_element vmb-3 wpb_content_element\" ><div class=\"feature\"><h3 class=\"feature__heading\"><span class=\"feature__icon feature__icon--69e59566f1bb9\"><\/span>Ern\u00e4hrungsplan<\/h3><div class=\"feature__content\"><div id=\"u292\" class=\"ax_default paragraph\">\n<div id=\"u292_text\" class=\"text \">\n<div id=\"u298\" class=\"ax_default paragraph\">\n<div id=\"u298_text\" class=\"text \">\n<div id=\"u301\" class=\"ax_default paragraph\">\n<div id=\"u301_text\" class=\"text \">\n<p><strong>Wir erstellen einen individuellen Ern\u00e4hrungsplan mit dir \u2013 f\u00fcr dich. Anhand deines Fragebogens berechnen wir deinen pers\u00f6nlichen Kalorien- und N\u00e4hrstoffbedarf. Du hast Allergien, Intoleranzen oder Lebensmittel, die du einfach nicht magst? Willst dich ketogen, Low Carb, vegetarisch o.a. ern\u00e4hren? Kreuze es im Fragebogen an und wir ber\u00fccksichtigen es.<\/strong><\/p>\n<p>In der App oder auch bequem \u00fcber einen Browser kannst du deine Woche mit allen Mahlzeiten planen. Dabei kannst du alle Gerichte so austauschen, wie es in deine Planung passt &#8211; ob du jeden Tag dreimal frisch zubereiten m\u00f6chtest oder einmal die Woche mealprepst bleibt ganz dir \u00fcberlassen. Maximale Flexibilit\u00e4t, maximaler Genuss.<\/p>\n<\/div>\n<\/div>\n<\/div>\n<\/div>\n<\/div>\n<\/div>\n<\/div><\/div><\/div>[\/vc_column_inner][vc_column_inner width=&#8220;1\/2&#8243; offset=&#8220;vc_col-lg-offset-1 vc_col-lg-4 vc_col-md-5&#8243;][vc_single_image image=&#8220;19756&#8243; img_size=&#8220;full&#8220;][\/vc_column_inner][\/vc_row_inner][vc_row_inner content_placement=&#8220;middle&#8220; row_padding=&#8220;custom&#8220; row_padding_bottom=&#8220;vpb-3&#8243;][vc_column_inner el_class=&#8220;vc_col-sm-push-6 vc_col-lg-push-5&#8243; width=&#8220;1\/2&#8243; offset=&#8220;vc_col-lg-offset-1 vc_col-lg-5&#8243;]<div class=\"wpb_content_element vmb-3 wpb_content_element\" ><div class=\"feature\"><h3 class=\"feature__heading\"><span class=\"feature__icon feature__icon--69e59566f1c36\"><\/span>Einkaufsliste<\/h3><div class=\"feature__content\"><p><strong>Du bist mit deinem Plan zufrieden? Dann \u00fcbertrage die Zutaten ganz einfach mit einem Klick in die Einkaufsliste. Die Daten sind frei w\u00e4hlbar &#8211; egal ob du in einem Schwung den ganzen Wocheneinkauf erledigen m\u00f6chtest oder nur Lebensmittel f\u00fcr einen bestimmten Tag brauchst.<\/strong><\/p>\n<p>Auch einzelne Rezepte aus deinem Plan k\u00f6nnen mit einem Klick auf die Einkaufsliste \u00fcbertragen werden. Du brauchst noch zus\u00e4tzliche Artikel wie z.B. Backpapier? Schreib es einfach unter \u201cAnderes\u201d auf. Beim Einkauf kannst du jedes Produkt per Klick abhaken. Die digitale Einkaufsliste verschafft dir den vollen \u00dcberblick &#8211; jederzeit und \u00fcberall.<\/p>\n<\/div><\/div><\/div>[\/vc_column_inner][vc_column_inner el_class=&#8220;vc_col-sm-pull-6&#8243; width=&#8220;1\/2&#8243; offset=&#8220;vc_col-lg-offset-1 vc_col-lg-4 vc_col-md-5&#8243;][vc_single_image image=&#8220;19752&#8243; img_size=&#8220;full&#8220;][\/vc_column_inner][\/vc_row_inner][\/vc_column][\/vc_row][vc_row row_padding=&#8220;custom&#8220; row_padding_top=&#8220;vpt-3&#8243; row_padding_bottom=&#8220;vpb-5&#8243; row_bg_color=&#8220;bg&#8211;color&#8211;bg-green&#8220; row_bg_border=&#8220;bg&#8211;border bg&#8211;border&#8211;right&#8220;][vc_column width=&#8220;5\/6&#8243; col_sticky=&#8220;&#8220; offset=&#8220;vc_col-md-offset-2 vc_col-md-8 vc_col-sm-offset-1&#8243;]<div class=\"vmb-3 wpb_content_element\" ><div class=\"heading heading--h2 \"><h2 class=\"heading   heading--center\" >So erh\u00e4ltst du <span class=\"deco-underline\">Zugriff<\/span><\/h2><\/div><\/div><div class=\"wpb_content_element\" ><div class=\"heading heading--p \"><p class=\"heading h4  heading--center\" >Du m\u00f6chtest ein Foodpunk sein und die App nutzen? W\u00e4hle deine Mitgliedschaft, f\u00fcll den Fragebogen aus und mache den ersten Schritt in ein gesundes Leben voller Power und Genuss.<\/p><\/div><\/div><div class=\"vmt-1 wpb_content_element\" ><div class=\"btn__wrapper btn__wrapper--center\"><a href=\"https:\/\/foodpunk.com\/de\/wp-json\/wp\/v2\/pages\/4933#buy\" target=\"\" rel=\"\" title=\"\" class=\"btn--full btn--primary btn--md \"><span>Jetzt starten!<\/span><\/a><\/div><\/div>[\/vc_column][\/vc_row][vc_row row_bg_color=&#8220;bg&#8211;color&#8211;bg-green&#8220; row_bg_border=&#8220;bg&#8211;border bg&#8211;border&#8211;right&#8220;][vc_column col_sticky=&#8220;&#8220;][vc_row_inner content_placement=&#8220;middle&#8220; row_padding=&#8220;custom&#8220; row_padding_bottom=&#8220;vpb-5&#8243;][vc_column_inner width=&#8220;1\/2&#8243; offset=&#8220;vc_col-lg-offset-1 vc_col-lg-5&#8243;]<div class=\"wpb_content_element vmb-3 wpb_content_element\" ><div class=\"feature\"><h3 class=\"feature__heading\"><span class=\"feature__icon feature__icon--69e59566f1ea2\"><\/span>Baukasten<\/h3><div class=\"feature__content\"><p><strong>Du bist unterwegs und es soll schnell gehen? Kein Problem: Der Baukasten hilft. Alles, was du brauchst, sind 3 Grundzutaten als Kohlenhydrat-, Fett- und Eiwei\u00dfquelle. Die App errechnet dir in Sekundenschnelle, welche Menge f\u00fcr deine N\u00e4hrstoffabdeckung ideal ist.<\/strong><\/p>\n<p>Auch f\u00fcr deine kreative Ader ist gesorgt: Wenn du ein eigenes Gericht entwerfen oder einfach nur \u201cReste verwerten\u201d m\u00f6chtest, ist die FlexMeal-Funktion ideal. Dort kannst du ganz flexibel Lebensmittel eintragen und anhand der angezeigten N\u00e4hrwerte die perfekte Kombination erstellen. So ist sicher, dass du auch als eigener Kreativkoch immer die richtigen N\u00e4hrwerte in deinem Gericht hast.<\/p>\n<\/div><\/div><\/div>[\/vc_column_inner][vc_column_inner width=&#8220;1\/2&#8243; offset=&#8220;vc_col-lg-offset-1 vc_col-lg-4 vc_col-md-5&#8243;][vc_single_image image=&#8220;19754&#8243; img_size=&#8220;full&#8220;][\/vc_column_inner][\/vc_row_inner][vc_row_inner content_placement=&#8220;middle&#8220; row_padding=&#8220;custom&#8220; row_padding_bottom=&#8220;vpb-3&#8243;][vc_column_inner el_class=&#8220;vc_col-sm-push-6 vc_col-lg-push-5&#8243; width=&#8220;1\/2&#8243; offset=&#8220;vc_col-lg-offset-1 vc_col-lg-5&#8243;]<div class=\"wpb_content_element vmb-3 wpb_content_element\" ><div class=\"feature\"><h3 class=\"feature__heading\"><span class=\"feature__icon feature__icon--69e59566f1f01\"><\/span>Challenges<\/h3><div class=\"feature__content\"><p><strong>Du willst eine zus\u00e4tzliche Herausforderung? Daf\u00fcr gibt es Challenges wie z.B. 45-Tage Sugar Detox. Lerne neue positive Gewohnheiten und rei\u00dfe deinen K\u00f6rper aus seiner gem\u00fctlichen Routine.<\/strong><\/p>\n<p>Du willst ein Gewichtsplateau durchbrechen oder generell eine gr\u00f6\u00dfere Flexibilit\u00e4t in Stoffwechselprozessen f\u00fcr deinen K\u00f6rper? Dann ist eine Challenge wie der Total Body Reset ideal. Begleitet wirst du, je nach Challenge, mit einem Mix aus Sportvideos, kompetenten Wissensartikeln und Rezepten. Wir helfen dir, dich und deinen K\u00f6rper besser zu verstehen und aus ihm das Maximum herauszuholen.<\/p>\n<\/div><\/div><\/div>[\/vc_column_inner][vc_column_inner el_class=&#8220;vc_col-sm-pull-6&#8243; width=&#8220;1\/2&#8243; offset=&#8220;vc_col-lg-offset-1 vc_col-lg-4 vc_col-md-5&#8243;][vc_single_image image=&#8220;19750&#8243; img_size=&#8220;full&#8220;][\/vc_column_inner][\/vc_row_inner][\/vc_column][\/vc_row][\/vc_section][vc_row row_padding=&#8220;&#8220; row_maxwidth=&#8220;&#8220; el_id=&#8220;buy&#8220;][vc_column]<div class=\"templatera_shortcode\"><div class=\"vc_container vc_maxwidth \"><div class=\"vc_row wpb_row vc_row-fluid vpt-3 vpb-3\"><div class=\"wpb_column vc_column_container vc_col-sm-6\"><div class=\"vc_column-inner\"><div class=\"wpb_wrapper\"><div class=\"vmb-3 wpb_content_element\" ><div class=\"heading heading--h2 \"><h2 class=\"heading   \" >Entscheide dich noch heute f\u00fcr deinen <em>Wohlf\u00fchlk\u00f6rper<\/em><\/h2><\/div><\/div>\r\n\t<div  class=\"wpb_text_column wpb_content_element  vmb-3  wpb_content_element\">\r\n\t\t<p><b>Starte jetzt mit der Foodpunk App \u2013 100 % risikofrei dank 14-Tage-Geld-zur\u00fcck-Garantie.<\/b><br aria-hidden=\"true\" \/>Du erh\u00e4ltst sofort vollen Zugriff auf alle Ern\u00e4hrungsprogramme und deinen pers\u00f6nlichen Ern\u00e4hrungsplan. Wenn du innerhalb der ersten 14 Tage merkst, dass Foodpunk nicht zu dir passt, kannst du jederzeit eine kurze E-Mail an unseren Support schreiben und deine Mitgliedschaft beenden \u2013 wir erstatten dir den vollen Betrag.<br aria-hidden=\"true\" \/>Foodpunk unterst\u00fctzt dich langfristig bei deinen Ern\u00e4hrungs- und Abnehmzielen \u2013 mit einem Ern\u00e4hrungsplan, der regelm\u00e4\u00dfig an deine aktuellen Ziele und Werte angepasst wird, und einem Coach in der Hosentasche, der dich zuverl\u00e4ssig auf deinem Weg begleitet.<\/p>\n\r\n\t<\/div>\r\n<script src=\"https:\/\/js.chargebee.com\/v2\/chargebee.js\" data-cb-site=\"foodpunk\" data-cb-ga-enabled=\"false\" data-cb-gtm-enabled=\"true\" data-cb-fbq-enabled=\"true\"><\/script><script>\t\t\t\n\t\t\t\tfunction getUTMParams() {\n\t\t\t\t\tconst urlParams = new URLSearchParams(window.location.search);\n\t\t\t\t\tconst cookies = document.cookie.split(\"; \").reduce((acc, c) => {\n\t\t\t\t\t\tconst [key, val] = c.split(\"=\");\n\t\t\t\t\t\tacc[key] = decodeURIComponent(val || \"\");\n\t\t\t\t\t\treturn acc;\n\t\t\t\t\t}, {});\n\t\t\t\t\treturn {\n\t\t\t\t\t\tutm_source: urlParams.get(\"utm_source\") || cookies.utm_source || \"\",\n\t\t\t\t\t\tutm_medium: urlParams.get(\"utm_medium\") || cookies.utm_medium || \"\",\n\t\t\t\t\t\tutm_campaign: urlParams.get(\"utm_campaign\") || cookies.utm_campaign || \"\",\n\t\t\t\t\t\tutm_term: urlParams.get(\"utm_term\") || cookies.utm_term || \"\",\n\t\t\t\t\t\tutm_content: urlParams.get(\"utm_content\") || cookies.utm_content || \"\"\n\t\t\t\t\t};\n\t\t\t\t}\n\t\t\t\t\n\t\t\t\tconst utm = getUTMParams();\n\t\t\tdocument.addEventListener(\"DOMContentLoaded\", function () {var cbInstance = Chargebee.getInstance();var planElement = document.querySelector(\"[data-cb-item-0='copy_of_12-monate-ohne-startgeb\u00fchr']\");var product0 = cbInstance.getProduct(planElement);product0.setCustomData({\n\t\t\t\t\t\tcf_utm_source: utm.utm_source,\n\t\t\t\t\t\tcf_utm_medium: utm.utm_medium,\n\t\t\t\t\t\tcf_utm_campaign: utm.utm_campaign,\n\t\t\t\t\t\tcf_utm_term: utm.utm_term,\n\t\t\t\t\t\tcf_utm_content: utm.utm_content,\n\t\t\t\t\t});product0.addCoupon(\"60_rabatt_garantie\");var planElement = document.querySelector(\"[data-cb-item-0='6-monate']\");var product1 = cbInstance.getProduct(planElement);product1.setCustomData({\n\t\t\t\t\t\tcf_utm_source: utm.utm_source,\n\t\t\t\t\t\tcf_utm_medium: utm.utm_medium,\n\t\t\t\t\t\tcf_utm_campaign: utm.utm_campaign,\n\t\t\t\t\t\tcf_utm_term: utm.utm_term,\n\t\t\t\t\t\tcf_utm_content: utm.utm_content,\n\t\t\t\t\t});product1.addCoupon(\"40_rabatt_garantie\");var planElement = document.querySelector(\"[data-cb-item-0='3-monate']\");var product2 = cbInstance.getProduct(planElement);product2.setCustomData({\n\t\t\t\t\t\tcf_utm_source: utm.utm_source,\n\t\t\t\t\t\tcf_utm_medium: utm.utm_medium,\n\t\t\t\t\t\tcf_utm_campaign: utm.utm_campaign,\n\t\t\t\t\t\tcf_utm_term: utm.utm_term,\n\t\t\t\t\t\tcf_utm_content: utm.utm_content,\n\t\t\t\t\t});product2.addCoupon(\"10_rabatt_garantie\");});<\/script><div class=\"vmb-3 wpb_content_element\" ><div class=\"purchase-v3 purchase-v3--a\"><button class=\"product-card-v3\" type=\"submit\" href=\"javascript:void(0)\" data-cb-type=\"checkout\" data-cb-item-0=\"copy_of_12-monate-ohne-startgeb\u00fchr\"><div class=\"product-card-v3__text\"><div class=\"product-card-v3__title\">12 Monate Plan <\/div><ul class=\"product-card-v3__list product-card-v3__list--check\"><li>100 % personalisierter Ern\u00e4hrungsplan<\/li><li>N\u00e4hrstoffe auf deinen Bedarf abgestimmt<\/li><li>Wissenschaftlicher Experten-Support<\/li><li>Nutzbar via App oder Browser<\/li><li>Unkompliziert alle 12 Monate k\u00fcndbar<\/li><li>Preis gilt f\u00fcr 12 Monate Foodpunk-Plan<\/li><li>14-Tage-Geld-zur\u00fcck Garantie<\/li><\/ul><\/div><div class=\"product-card-v3__price\"><span>129,99<em>\u20ac<\/em><\/span><div>69,99<em>\u20ac<\/em><div class=\"product-card-v3__price-info\">pro 12 Monate<\/div><\/div><\/div><div class=\"product-card-v3__badge\">60\u20ac gespart<\/div><\/button><button class=\"product-card-v3\" type=\"submit\" href=\"javascript:void(0)\" data-cb-type=\"checkout\" data-cb-item-0=\"6-monate\"><div class=\"product-card-v3__text\"><div class=\"product-card-v3__title\">6 Monate Plan<\/div><ul class=\"product-card-v3__list product-card-v3__list--check\"><li>100 % personalisierter Ern\u00e4hrungsplan<\/li><li>N\u00e4hrstoffe auf deinen Bedarf abgestimmt<\/li><li>Wissenschaftlicher Experten-Support<\/li><li>Nutzbar via App oder Browser<\/li><li>Unkompliziert alle 6 Monate k\u00fcndbar<\/li><li>Preis gilt f\u00fcr 6 Monate Foodpunk-Plan<\/li><li>14-Tage-Geld-zur\u00fcck Garantie<\/li><\/ul><\/div><div class=\"product-card-v3__price\"><span>99,99<em>\u20ac<\/em><\/span><div>59,99<em>\u20ac<\/em><div class=\"product-card-v3__price-info\">pro 6 Monate<\/div><\/div><\/div><div class=\"product-card-v3__badge\">40\u20ac gespart<\/div><\/button><button class=\"product-card-v3\" type=\"submit\" href=\"javascript:void(0)\" data-cb-type=\"checkout\" data-cb-item-0=\"3-monate\"><div class=\"product-card-v3__text\"><div class=\"product-card-v3__title\">3 Monate Plan<\/div><ul class=\"product-card-v3__list product-card-v3__list--check\"><li>100 % personalisierter Ern\u00e4hrungsplan<\/li><li>N\u00e4hrstoffe auf deinen Bedarf abgestimmt<\/li><li>Wissenschaftlicher Experten-Support<\/li><li>Nutzbar via App oder Browser<\/li><li>Unkompliziert alle 3 Monate k\u00fcndbar<\/li><li>Preis gilt f\u00fcr 3 Monate Foodpunk-Plan<\/li><li>14-Tage-Geld-zur\u00fcck Garantie<\/li><\/ul><\/div><div class=\"product-card-v3__price\"><span>59,99\u202f<em>\u20ac<\/em><\/span><div>49,99 <em>\u20ac<\/em><div class=\"product-card-v3__price-info\">pro 3 Monate<\/div><\/div><\/div><div class=\"product-card-v3__badge\">10\u20ac gespart<\/div><\/button><div class=\"purchase__buttons\"><\/div><\/div><\/div><\/div><\/div><\/div><div class=\"wpb_column vc_column_container vc_col-sm-6\"><div class=\"vc_column-inner\"><div class=\"wpb_wrapper\">\n\t<div  class=\"wpb_single_image wpb_content_element vc_align_left vmb-3 wpb_content_element\" >\n\t\t\n\t\t<figure class=\"wpb_wrapper vc_figure\">\n\t\t\t<div class=\"vc_single_image-wrapper  \"><img loading=\"lazy\" decoding=\"async\" width=\"1080\" height=\"1080\" src=\"https:\/\/foodpunk.com\/wp-content\/uploads\/250711_Mockups_Checkout-1.png\" class=\"vc_single_image-img attachment-full\" alt=\"Hier sieht man wie die Foodpunk aussieht auf Computer, Tablet und Smartphone\" title=\"Mockup Checkout\" srcset=\"https:\/\/foodpunk.com\/wp-content\/uploads\/250711_Mockups_Checkout-1.png 1080w, https:\/\/foodpunk.com\/wp-content\/uploads\/250711_Mockups_Checkout-1-300x300.png 300w, https:\/\/foodpunk.com\/wp-content\/uploads\/250711_Mockups_Checkout-1-1024x1024.png 1024w, https:\/\/foodpunk.com\/wp-content\/uploads\/250711_Mockups_Checkout-1-150x150.png 150w, https:\/\/foodpunk.com\/wp-content\/uploads\/250711_Mockups_Checkout-1-768x768.png 768w\" sizes=\"auto, (max-width: 1080px) 100vw, 1080px\" \/><\/div>\n\t\t<\/figure>\n\t<\/div>\n<\/div><\/div><\/div><\/div><\/div><\/div>[\/vc_column][\/vc_row][vc_row row_padding=&#8220;&#8220; row_maxwidth=&#8220;&#8220;][vc_column]<div class=\"templatera_shortcode\"><section class=\"vc_section custom bg--color--bg-primary vc_section-sided\"><div class=\"vc_container vc_maxwidth \"><div class=\"vc_row wpb_row vc_row-fluid vc_row-o-content-bottom vc_row-flex\"><div class=\"vc_col-sm-push-6 wpb_column vc_column_container vc_col-sm-6\"><div class=\"vc_column-inner\"><div class=\"wpb_wrapper\"><div class=\"vc_row wpb_row vc_inner vc_row-fluid vpt-5 vpb-5\"><div class=\"wpb_column vc_column_container vc_col-sm-12 vc_col-md-10\"><div class=\"vc_column-inner\"><div class=\"wpb_wrapper\"><div class=\"vmb-3 wpb_content_element\" ><div class=\"heading heading--p \"><p class=\"heading h2  \" ><em>Barbara<\/em> ist f\u00fcr Dich da!<\/p><\/div><\/div>\r\n\t<div  class=\"wpb_text_column wpb_content_element  vmb-3  wpb_content_element\">\r\n\t\t<p><strong>Das Team der Foodpunk <span class=\"deco-underline\">Ern\u00e4hrungswissenschaftl<\/span>er\/-innen erstellt den perfekten Plan f\u00fcr dein Ziel - zusammen mit den smarten Algorithmen unserer preisgekr\u00f6nten, KI-gest\u00fctzten Foodpunk App.<\/strong><\/p>\n<p>Bei Foodpunk bist du nie alleine. Die gro\u00dfe Community und der Experten-Support sind f\u00fcr dich da.<\/p>\n<p>Du schlemmst und erreichst mit gro\u00dfartiger Unterst\u00fctzung dein Abnehmziel - ganz nebenbei.<\/p>\n\r\n\t<\/div>\r\n<div class=\"vmb-7 wpb_content_element\" ><div class=\"btn__wrapper \"><a href=\"https:\/\/foodpunk.com\/de\/team\/\" target=\"\" rel=\"\" title=\"Team\" class=\"btn--link btn--primary btn--lg btn--icon btn--icon--arrow\"><span>Erfahre alles \u00fcber Foodpunk und das Team<\/span><\/a><\/div><\/div><\/div><\/div><\/div><\/div><\/div><\/div><\/div><div class=\"vc_col-sm-pull-6 overlapping-person wpb_column vc_column_container vc_col-sm-6 vc_col-lg-offset-1 vc_col-lg-5\"><div class=\"vc_column-inner\"><div class=\"wpb_wrapper\">\n\t<div  class=\"wpb_single_image wpb_content_element vc_align_left wpb_content_element\" >\n\t\t\n\t\t<figure class=\"wpb_wrapper vc_figure\">\n\t\t\t<div class=\"vc_single_image-wrapper  \"><img loading=\"lazy\" decoding=\"async\" width=\"659\" height=\"1024\" src=\"https:\/\/foodpunk.com\/wp-content\/uploads\/Foodpunk_Barbara-659x1024.png\" class=\"vc_single_image-img attachment-large\" alt=\"\" title=\"Foodpunk_Barbara\" srcset=\"https:\/\/foodpunk.com\/wp-content\/uploads\/Foodpunk_Barbara-659x1024.png 659w, https:\/\/foodpunk.com\/wp-content\/uploads\/Foodpunk_Barbara-193x300.png 193w, https:\/\/foodpunk.com\/wp-content\/uploads\/Foodpunk_Barbara-768x1194.png 768w, https:\/\/foodpunk.com\/wp-content\/uploads\/Foodpunk_Barbara-988x1536.png 988w, https:\/\/foodpunk.com\/wp-content\/uploads\/Foodpunk_Barbara.png 1046w\" sizes=\"auto, (max-width: 659px) 100vw, 659px\"><\/div>\n\t\t<\/figure>\n\t<\/div>\n<\/div><\/div><\/div><\/div><\/div><div class=\"vc_section__side\"><span class=\"vc_section__side__text\">Support<\/span><div class=\"vc_section__side__border\"><div class=\"vc_section__side__dot\"><\/div><\/div><\/div><\/section><\/div>[\/vc_column][\/vc_row]<\/p>\n<\/div>","protected":false},"excerpt":{"rendered":"FOODBlick in die Foodpunk AppAuf dieser Seite geben wir dir exklusive Einblicke in die Funktionen unserer Foodpunk App. So kannst du dir einen ersten \u00dcberblick verschaffen, was dich mit unseren digitalen Ern\u00e4hrungspl\u00e4nen erwartet.Jetzt starten! FOODAlle Features der Foodpunk AppDas Geheimnis unserer individuellen Rezepte! Wissenschaftlich fundierter Algorithmus Keine Standard-Rezepte! Die Foodpunk-App berechnet Zutaten individuell, aber immer [...]","protected":false},"author":38,"featured_media":0,"parent":0,"menu_order":19,"comment_status":"closed","ping_status":"closed","template":"","meta":{"_acf_changed":false,"inline_featured_image":false,"footnotes":""},"class_list":["post-4933","page","type-page","status-publish","hentry"],"acf":[],"_links":{"self":[{"href":"https:\/\/foodpunk.com\/de\/wp-json\/wp\/v2\/pages\/4933","targetHints":{"allow":["GET"]}}],"collection":[{"href":"https:\/\/foodpunk.com\/de\/wp-json\/wp\/v2\/pages"}],"about":[{"href":"https:\/\/foodpunk.com\/de\/wp-json\/wp\/v2\/types\/page"}],"author":[{"embeddable":true,"href":"https:\/\/foodpunk.com\/de\/wp-json\/wp\/v2\/users\/38"}],"replies":[{"embeddable":true,"href":"https:\/\/foodpunk.com\/de\/wp-json\/wp\/v2\/comments?post=4933"}],"version-history":[{"count":27,"href":"https:\/\/foodpunk.com\/de\/wp-json\/wp\/v2\/pages\/4933\/revisions"}],"predecessor-version":[{"id":74869,"href":"https:\/\/foodpunk.com\/de\/wp-json\/wp\/v2\/pages\/4933\/revisions\/74869"}],"wp:attachment":[{"href":"https:\/\/foodpunk.com\/de\/wp-json\/wp\/v2\/media?parent=4933"}],"curies":[{"name":"wp","href":"https:\/\/api.w.org\/{rel}","templated":true}]}}