{"id":47364,"date":"2024-09-16T12:34:52","date_gmt":"2024-09-16T12:34:52","guid":{"rendered":"https:\/\/foodpunk.com\/app-2\/"},"modified":"2025-05-15T09:11:35","modified_gmt":"2025-05-15T07:11:35","slug":"desktopversion","status":"publish","type":"page","link":"https:\/\/foodpunk.com\/de\/desktopversion\/","title":{"rendered":"Foodpunk Desktopversion"},"content":{"rendered":"<div class=\"wpb-content-wrapper\"><p>[vc_section row_bg_color=&#8220;bg&#8211;color&#8211;bg-primary&#8220; section_bgtext=&#8220;food&#8220;][vc_row content_placement=&#8220;middle&#8220;][vc_column width=&#8220;1\/2&#8243; col_sticky=&#8220;&#8220;]<div class=\"vmb-3 wpb_content_element\" ><div class=\"heading heading--h1 \"><h1 class=\"heading   \" >Blick in die Foodpunk <em>Desktopversion<\/em><\/h1><\/div><\/div><div class=\"vmb-3 wpb_content_element\" ><div class=\"heading heading--p \"><p class=\"heading h4  \" >App-m\u00fcde? Du m\u00f6chtest dir deinen personalisierten Ern\u00e4hrungsplan lieber am PC, Laptop oder MAC statt auf dem Smartphone anschauen und Einkaufslisten ausdrucken?<\/p>\n<p>Auf dieser Seite geben wir dir exklusive Einblicke in die Funktionen unserer Foodpunk Desktopversion f\u00fcr den Computer. So kannst du dir einen ersten \u00dcberblick verschaffen, was dich mit unseren digitalen Ern\u00e4hrungspl\u00e4nen erwartet.<\/p><\/div><\/div><div class=\"vmt-1 wpb_content_element\" ><div class=\"btn__wrapper \"><a href=\"https:\/\/foodpunk.com\/de\/wp-json\/wp\/v2\/pages\/47364#buy\" target=\"\" rel=\"\" title=\"\" class=\"btn--full btn--primary btn--md \"><span>Jetzt starten!<\/span><\/a><\/div><\/div>[\/vc_column][vc_column width=&#8220;1\/2&#8243; col_sticky=&#8220;&#8220;][vc_single_image image=&#8220;47692&#8243; img_size=&#8220;1200\u200a\u00d7\u200a900&#8243;][\/vc_column][\/vc_row][\/vc_section][vc_section row_bg_color=&#8220;bg&#8211;color&#8211;bg-secondary&#8220; section_bgtext=&#8220;food&#8220;][vc_row][vc_column]<div class=\"templatera_shortcode\"><div class=\"vc_container vc_maxwidth \"><div class=\"vc_row wpb_row vc_row-fluid\"><div class=\"wpb_column vc_column_container vc_col-sm-12\"><div class=\"vc_column-inner\"><div class=\"wpb_wrapper\"><div class=\"wpb_content_element\" ><div class=\"logo-slider\"><div class=\"logo-slider__item\"><img decoding=\"async\" src=\"https:\/\/foodpunk.com\/wp-content\/uploads\/Logo_WomensHealth.png\" alt=\"Logo Women's Health\" title=\"\"><\/div><div class=\"logo-slider__item\"><img decoding=\"async\" src=\"https:\/\/foodpunk.com\/wp-content\/uploads\/Logo_ARD.png\" alt=\"Logo ARD\" title=\"\"><\/div><div class=\"logo-slider__item\"><img decoding=\"async\" src=\"https:\/\/foodpunk.com\/wp-content\/uploads\/Logo_ProSieben.png\" alt=\"Logo Prosieben\" title=\"\"><\/div><div class=\"logo-slider__item\"><img decoding=\"async\" src=\"https:\/\/foodpunk.com\/wp-content\/uploads\/Logo_MensHealth.png\" alt=\"Logo Men's Health\" title=\"\"><\/div><div class=\"logo-slider__item\"><img decoding=\"async\" src=\"https:\/\/foodpunk.com\/wp-content\/uploads\/Logo_Spiegel.png\" alt=\"Logo Der Spiegel\" title=\"\"><\/div><div class=\"logo-slider__item\"><img decoding=\"async\" src=\"https:\/\/foodpunk.com\/wp-content\/uploads\/Logo_BusinessPunk.png\" alt=\"Logo Business Punk\" title=\"\"><\/div><div class=\"logo-slider__item\"><img decoding=\"async\" src=\"https:\/\/foodpunk.com\/wp-content\/uploads\/arte_vector.png\" alt=\"arte logo\" title=\"arte_vector\"><\/div><\/div><\/div><\/div><\/div><\/div><\/div><\/div><\/div>[\/vc_column][\/vc_row][\/vc_section][vc_section row_padding=&#8220;vpt-7 vpb-7&#8243; section_sidetitle=&#8220;Ern\u00e4hrung&#8220;][vc_row row_padding=&#8220;custom&#8220; row_padding_bottom=&#8220;vpb-3&#8243;][vc_column width=&#8220;5\/6&#8243; col_sticky=&#8220;&#8220; offset=&#8220;vc_col-md-offset-2 vc_col-md-8 vc_col-sm-offset-1&#8243;]<div class=\"vmb-3 wpb_content_element\" ><div class=\"heading heading--h2 \"><h2 class=\"heading   heading--center\" >Alle <span class=\"deco-underline\">Features<\/span> der Foodpunk Desktopversion<\/h2><\/div><\/div><div class=\"wpb_content_element\" ><div class=\"heading heading--p \"><p class=\"heading h4  heading--center\" >Personalisierte, digitale Ern\u00e4hrungsberatung: individuell, simpel, flexibel.<\/p><\/div><\/div>[\/vc_column][\/vc_row][vc_row row_padding=&#8220;custom&#8220; row_padding_bottom=&#8220;vpb-5&#8243;][vc_column width=&#8220;1\/2&#8243; col_sticky=&#8220;&#8220; offset=&#8220;vc_col-md-offset-1 vc_col-md-5&#8243;][vc_column_text]<\/p>\n<ul class=\"icon-list icon-list--arrow\">\n<li>Wissenschaftlich fundierter Algorithmus<\/li>\n<li>Alle Zutaten &amp; N\u00e4hrstoffe auf deine Bed\u00fcrfnisse und Vorlieben zugeschnitten<\/li>\n<li>Auch f\u00fcr Veganer oder Vegetarier geeignet<\/li>\n<li>Individuelle Ern\u00e4hrungspl\u00e4ne bei Vorerkrankungen wie <a href=\"https:\/\/foodpunk.com\/de\/ernaehrungsplaene\/hashimoto-ernaehrung\/\">Schilddr\u00fcsenunterfunktion<\/a>, Diabetes oder Rheuma u.v.m.<\/li>\n<li>Personalisierte Ern\u00e4hrungspl\u00e4ne gegen Wechseljahres-Beschwerden oder zur Reduktion und Linderung der Schmerzen bei <a href=\"https:\/\/foodpunk.com\/de\/ernaehrungsplaene\/lipoedem-ernaehrungsplan-produkt\/\">Lip\u00f6dem<\/a><\/li>\n<\/ul>\n<p>[\/vc_column_text][\/vc_column][vc_column width=&#8220;1\/2&#8243; col_sticky=&#8220;&#8220; offset=&#8220;vc_col-md-5&#8243;][vc_column_text]<\/p>\n<ul class=\"icon-list icon-list--arrow\">\n<li>Jederzeit digital aufrufbar &#8211; wahlweise als Desktopversion am PC\/MAC\/Laptop oder als App via Tablet\/Smartphone<\/li>\n<li>Eine Einkaufsliste wird automatisch erzeugt und l\u00e4sst sich easy ausdrucken<\/li>\n<li>Jederzeit pers\u00f6nlicher Kundenservice &#8211; nat\u00fcrlich in deutscher Sprache und von studierten Ern\u00e4hrungswissenschaftlerinnen, die dir auch bei Detailfragen zu deiner Ern\u00e4hrung kompetent weiterhelfen<\/li>\n<li>Gro\u00dfe <a href=\"https:\/\/www.facebook.com\/groups\/1693372074226210\/\" target=\"_blank\" rel=\"noopener noreferrer nofollow\">Foodpunk Community<\/a>, die dich online mit Tipps und Motivation unterst\u00fctzt (wenn du das m\u00f6chtest)<\/li>\n<\/ul>\n<p>[\/vc_column_text][\/vc_column][\/vc_row][\/vc_section][vc_section row_padding=&#8220;vpt-7 vpb-7&#8243; row_bg_color=&#8220;bg&#8211;color&#8211;bg-yellow-light&#8220; section_sidetitle=&#8220;Ern\u00e4hrung&#8220;][vc_row content_placement=&#8220;middle&#8220; row_padding=&#8220;&#8220;][vc_column width=&#8220;1\/2&#8243; col_sticky=&#8220;&#8220; offset=&#8220;vc_col-lg-8 vc_col-md-7&#8243;][vc_single_image image=&#8220;47689&#8243; img_size=&#8220;full&#8220;][\/vc_column][vc_column width=&#8220;1\/2&#8243; col_sticky=&#8220;&#8220; offset=&#8220;vc_col-lg-4 vc_col-md-5&#8243;]<div class=\"wpb_content_element\" ><div class=\"heading heading--p \"><p class=\"heading h4  \" >Mit der Foodpunk Desktopversion hast du deine Ern\u00e4hrung immer im Blick.<\/p>\n<p>Klar strukturiert, 100% auf deine Bed\u00fcrfnisse, Vorlieben und Ziele personalisiert. Standard-Rezepte, die f\u00fcr alle das Gleiche empfehlen, gibt es bei Foodpunk grunds\u00e4tzlich nicht.<\/p>\n<p>So individuell wie du sind auch deine digitalen Ern\u00e4hrungspl\u00e4ne. Praktische Features in der Desktopversion erleichtern dir die Mahlzeitenplanung, den Einkauf und motivieren dich durch die Fortschrittskontrolle und das Tagebuch jeden Tag aufs Neue. Nur kochen und genie\u00dfen musst du noch selbst.<\/p><\/div><\/div><div class=\"vmt-1 wpb_content_element\" ><div class=\"btn__wrapper \"><a href=\"https:\/\/foodpunk.com\/de\/wp-json\/wp\/v2\/pages\/47364#buy\" target=\"\" rel=\"\" title=\"\" class=\"btn--full btn--primary btn--md \"><span>Jetzt starten!<\/span><\/a><\/div><\/div>[\/vc_column][\/vc_row][\/vc_section][vc_section row_padding=&#8220;vpt-7 vpb-7&#8243; row_bg_color=&#8220;bg&#8211;color&#8211;bg-blue&#8220; section_sidetitle=&#8220;Ern\u00e4hrung&#8220;][vc_row row_padding=&#8220;custom&#8220; row_padding_bottom=&#8220;vpb-3&#8243;][vc_column width=&#8220;5\/6&#8243; col_sticky=&#8220;&#8220; offset=&#8220;vc_col-md-offset-2 vc_col-md-8 vc_col-sm-offset-1&#8243;]<div class=\"vmb-3 wpb_content_element\" ><div class=\"heading heading--h2 \"><h2 class=\"heading   heading--center\" >Gesunde Ern\u00e4hrung <em>digitalisiert<\/em><\/h2><\/div><\/div>[\/vc_column][\/vc_row][vc_row full_height=&#8220;yes&#8220;][vc_column width=&#8220;3\/4&#8243;][vc_single_image image=&#8220;47670&#8243; img_size=&#8220;1200&#215;720&#8243; alignment=&#8220;center&#8220;]<div class=\"wpb_content_element vmb-3 wpb_content_element\" ><div class=\"feature\"><h2 class=\"feature__heading\"><span class=\"feature__icon feature__icon--69f36f361b7f2\"><\/span>Ern\u00e4hrungsplan<\/h2><div class=\"feature__content\"><p>Wir erstellen einen individuellen Ern\u00e4hrungsplan mit dir \u2013 f\u00fcr dich. Anhand deines Fragebogens berechnen wir deinen pers\u00f6nlichen Kalorien- und N\u00e4hrstoffbedarf. Du hast Allergien, Vorerkrankungen, Intoleranzen oder Lebensmittel, die du einfach nicht magst? Willst dich ketogen, Low Carb, vegetarisch oder angepasst auf die <a href=\"https:\/\/foodpunk.com\/de\/ernaehrungsplaene\/abnehmen-in-den-wechseljahren\/\">Wechseljahre<\/a> ern\u00e4hren? Kreuze es im Fragebogen an und wir ber\u00fccksichtigen es.<\/p>\n<p>Mit der Foodpunk Desktopversion kannst du alle Mahlzeiten der Woche bequem \u00fcber den Browser online planen. Wir erstellen nach deinen Angaben personalisierte, f\u00fcr dich optimierte Ern\u00e4hrungspl\u00e4ne. Dabei kannst du alle Gerichte so austauschen, wie es in deine pers\u00f6nliche Alltagsplanung passt \u2013 ob du jeden Tag dreimal frisch zubereiten m\u00f6chtest oder einmal die Woche vorkochst, bleibt ganz dir \u00fcberlassen. Maximale Flexibilit\u00e4t, maximaler Genuss.<\/p>\n<\/div><\/div><\/div>[vc_single_image image=&#8220;47675&#8243; img_size=&#8220;full&#8220;]<div class=\"wpb_content_element vmb-3 wpb_content_element\" ><div class=\"feature\"><h2 class=\"feature__heading\"><span class=\"feature__icon feature__icon--69f36f361b86f\"><\/span>Einkaufsliste - automatisch erstellen und ausdrucken<\/h2><div class=\"feature__content\"><p>Die Foodpunk Einkaufsliste erleichtert dir deinen Alltag enorm. Du w\u00e4hlst einfach nur den Datumsbereich, f\u00fcr den du einkaufen m\u00f6chtest, aus und der smarte Algorithmus erstellt dir automatisch die Liste mit allen Zutaten aus den Rezepten deines Wochenplans. Zutaten, die du bereits zuhause hast, kannst du mit einem Klick abhaken oder entfernen. Die fertige Einkaufsliste kannst du dir in der Desktopversion einfach ausdrucken. Wenn du m\u00f6chtest, kannst du nat\u00fcrlich die Einkaufsliste auch jederzeit digital in der App auf deinem Handy abrufen und direkt w\u00e4hrend des Einkaufes die Zutaten abhaken, die in deinem Einkaufswagen liegen.<\/p>\n<\/div><\/div><\/div>[\/vc_column][\/vc_row][vc_row row_padding=&#8220;custom&#8220; row_padding_top=&#8220;vpt-3&#8243; row_padding_bottom=&#8220;vpb-5&#8243;][vc_column width=&#8220;5\/6&#8243; col_sticky=&#8220;&#8220; offset=&#8220;vc_col-md-offset-2 vc_col-md-8 vc_col-sm-offset-1&#8243;]<div class=\"vmb-3 wpb_content_element\" ><div class=\"heading heading--h2 \"><h2 class=\"heading   heading--center\" >So erh\u00e4ltst du <span class=\"deco-underline\">deinen personalisierten Ern\u00e4hrungsplan<\/span><\/h2><\/div><\/div><div class=\"wpb_content_element\" ><div class=\"heading heading--p \"><p class=\"heading h4  heading--center\" >Du m\u00f6chtest ein Foodpunk sein und deinen individuellen Ern\u00e4hrungsplan nutzen? Kein Problem! W\u00e4hle einfach deinen gew\u00fcnschten Mitgliedschafts-Zeitraum, f\u00fclle den Fragebogen aus und mache den ersten Schritt in ein gesundes Leben voller Power und Genuss.<\/p><\/div><\/div><div class=\"vmt-1 wpb_content_element\" ><div class=\"btn__wrapper btn__wrapper--center\"><a href=\"https:\/\/foodpunk.com\/de\/wp-json\/wp\/v2\/pages\/47364#buy\" target=\"\" rel=\"\" title=\"\" class=\"btn--full btn--primary btn--md \"><span>Jetzt starten!<\/span><\/a><\/div><\/div>[\/vc_column][\/vc_row][vc_row full_height=&#8220;yes&#8220;][vc_column width=&#8220;3\/4&#8243;][vc_single_image image=&#8220;47682&#8243; img_size=&#8220;large&#8220; alignment=&#8220;center&#8220;]<div class=\"wpb_content_element vmb-3 wpb_content_element\" ><div class=\"feature\"><h2 class=\"feature__heading\"><span class=\"feature__icon feature__icon--69f36f361ba0a\"><\/span>Die Foodpunk Kurse<\/h2><div class=\"feature__content\"><p>Zus\u00e4tzlich zu deinem personalisierten Ern\u00e4hrungsplan bieten wir dir spezifische Foodpunk Kurse an. Diese findest du direkt in deinem Konto und musst sie nur noch freischalten. Die Kurse sind ein spannender Mix aus innovativen Rezepten, Wissensartikeln und Sportvideos. Du willst zur Erk\u00e4ltungszeit dein Immunsystem st\u00e4rken? Dann ist der Kurs Immun Pro f\u00fcr dich ideal. Zudem findest du hier Spezial-Kurse zu Themen wie Lip\u00f6dem, Sugar Detox oder Happy Belly Darmgesundheit und flacher Bauch.<\/p>\n<\/div><\/div><\/div>[\/vc_column][\/vc_row][\/vc_section][vc_row row_padding=&#8220;&#8220; row_maxwidth=&#8220;&#8220;][vc_column]<div class=\"templatera_shortcode\"><section id=\"buy\" class=\"vc_section custom bg--color--bg-green vc_section-sided\"><div class=\"vc_section__bgtext vc_section__bgtext--punk\">PUNK<\/div><div class=\"vc_container vc_maxwidth \"><div class=\"vc_row wpb_row vc_row-fluid vc_row-o-content-bottom vc_row-flex custom vpt-3\"><div class=\"wpb_column vc_column_container vc_col-sm-12 vc_col-lg-5\"><div class=\"vc_column-inner\"><div class=\"wpb_wrapper\"><div class=\"vc_row wpb_row vc_inner vc_row-fluid vpt-7 vpb-7\"><div class=\"wpb_column vc_column_container vc_col-sm-6 vc_col-lg-12\"><div class=\"vc_column-inner\"><div class=\"wpb_wrapper\"><div class=\"vmb-3 wpb_content_element\" ><div class=\"heading heading--h2 \"><h2 class=\"heading   \" >Entscheide dich noch heute f\u00fcr deinen <em>Wohlf\u00fchlk\u00f6rper<\/em><\/h2><\/div><\/div>\r\n\t<div  class=\"wpb_text_column wpb_content_element  vmb-3  wpb_content_element\">\r\n\t\t<p>Werde Foodpunk-Mitglied und erlange Zugriff auf alle Ern\u00e4hrungsprogramme in unserer preisgekr\u00f6nten App! Du entscheidest, was dir schmeckt: Entdecke regelm\u00e4\u00dfig neue, saisonale Rezepte f\u00fcr deinen Ern\u00e4hrungsplan. Jeden Monat wird dein Ern\u00e4hrungsplan auf deine neuen Ziele und Werte angepasst. Der Coach in der Hosentasche ist deine Garantie f\u00fcr nachhaltigen Erfolg!<\/p>\n\r\n\t<\/div>\r\n<\/div><\/div><\/div><div class=\"wpb_column vc_column_container vc_col-sm-6 vc_col-lg-12\"><div class=\"vc_column-inner\"><div class=\"wpb_wrapper\"><script src=\"https:\/\/js.chargebee.com\/v2\/chargebee.js\" data-cb-site=\"foodpunk\" data-cb-ga-enabled=\"false\" data-cb-gtm-enabled=\"true\" data-cb-fbq-enabled=\"true\"><\/script><script>\t\t\t\n\t\t\t\tfunction getUTMParams() {\n\t\t\t\t\tconst urlParams = new URLSearchParams(window.location.search);\n\t\t\t\t\tconst cookies = document.cookie.split(\"; \").reduce((acc, c) => {\n\t\t\t\t\t\tconst [key, val] = c.split(\"=\");\n\t\t\t\t\t\tacc[key] = decodeURIComponent(val || \"\");\n\t\t\t\t\t\treturn acc;\n\t\t\t\t\t}, {});\n\t\t\t\t\treturn {\n\t\t\t\t\t\tutm_source: urlParams.get(\"utm_source\") || cookies.utm_source || \"\",\n\t\t\t\t\t\tutm_medium: urlParams.get(\"utm_medium\") || cookies.utm_medium || \"\",\n\t\t\t\t\t\tutm_campaign: urlParams.get(\"utm_campaign\") || cookies.utm_campaign || \"\",\n\t\t\t\t\t\tutm_term: urlParams.get(\"utm_term\") || cookies.utm_term || \"\",\n\t\t\t\t\t\tutm_content: urlParams.get(\"utm_content\") || cookies.utm_content || \"\"\n\t\t\t\t\t};\n\t\t\t\t}\n\t\t\t\t\n\t\t\t\tconst utm = getUTMParams();\n\t\t\tdocument.addEventListener(\"DOMContentLoaded\", function () {var cbInstance = Chargebee.getInstance();var planElement = document.querySelector(\"[data-cb-item-0='copy_of_12-monate-ohne-startgeb\u00fchr']\");var product0 = cbInstance.getProduct(planElement);product0.setCustomData({\n\t\t\t\t\t\tcf_utm_source: utm.utm_source,\n\t\t\t\t\t\tcf_utm_medium: utm.utm_medium,\n\t\t\t\t\t\tcf_utm_campaign: utm.utm_campaign,\n\t\t\t\t\t\tcf_utm_term: utm.utm_term,\n\t\t\t\t\t\tcf_utm_content: utm.utm_content,\n\t\t\t\t\t});product0.addCoupon(\"powersale_65\");var planElement = document.querySelector(\"[data-cb-item-0='6-monate']\");var product1 = cbInstance.getProduct(planElement);product1.setCustomData({\n\t\t\t\t\t\tcf_utm_source: utm.utm_source,\n\t\t\t\t\t\tcf_utm_medium: utm.utm_medium,\n\t\t\t\t\t\tcf_utm_campaign: utm.utm_campaign,\n\t\t\t\t\t\tcf_utm_term: utm.utm_term,\n\t\t\t\t\t\tcf_utm_content: utm.utm_content,\n\t\t\t\t\t});product1.addCoupon(\"powersale_40\");var planElement = document.querySelector(\"[data-cb-item-0='3-monate']\");var product2 = cbInstance.getProduct(planElement);product2.setCustomData({\n\t\t\t\t\t\tcf_utm_source: utm.utm_source,\n\t\t\t\t\t\tcf_utm_medium: utm.utm_medium,\n\t\t\t\t\t\tcf_utm_campaign: utm.utm_campaign,\n\t\t\t\t\t\tcf_utm_term: utm.utm_term,\n\t\t\t\t\t\tcf_utm_content: utm.utm_content,\n\t\t\t\t\t});product2.addCoupon(\"powersale_20\");var planElement = document.querySelector(\"[data-cb-item-0='1-monat']\");var product3 = cbInstance.getProduct(planElement);product3.setCustomData({\n\t\t\t\t\t\tcf_utm_source: utm.utm_source,\n\t\t\t\t\t\tcf_utm_medium: utm.utm_medium,\n\t\t\t\t\t\tcf_utm_campaign: utm.utm_campaign,\n\t\t\t\t\t\tcf_utm_term: utm.utm_term,\n\t\t\t\t\t\tcf_utm_content: utm.utm_content,\n\t\t\t\t\t});});<\/script><div class=\"vmt-3 vmb-5 wpb_content_element\" ><div class=\"purchase\"><div class=\"product-card\" data-button=\"#checkout-btn-0\"><div class=\"product-card__label\"><div class=\"product-card__line\">Foodpunk Ern\u00e4hrungsprogramm<\/div><div class=\"product-card__line\">12 Monate Mitgliedschaft<\/div><div class=\"product-card__line\"><span>j\u00e4hrlich k\u00fcndbar<\/span><\/div><\/div><div class=\"product-card__price\"><div class=\"product-card__badge-wrapper\"><div class=\"product-card__badge\">50% gespart<\/div><\/div>64,99 \u20ac<br \/><span>129,99 \u20ac<\/span><div class=\"product-card__price__label\">pro Jahr<\/div><\/div><\/div><div class=\"product-card\" data-button=\"#checkout-btn-1\"><div class=\"product-card__label\"><div class=\"product-card__line\">Foodpunk Ern\u00e4hrungsprogramm<\/div><div class=\"product-card__line\">6 Monate Mitgliedschaft<\/div><div class=\"product-card__line\"><span>alle 6 Monate k\u00fcndbar<\/span><\/div><\/div><div class=\"product-card__price\"><div class=\"product-card__badge-wrapper\"><div class=\"product-card__badge\">40% gespart<\/div><\/div>59,99 \u20ac<br \/><span>99,99 \u20ac<\/span><div class=\"product-card__price__label\">pro 6 Monate<\/div><\/div><\/div><div class=\"product-card\" data-button=\"#checkout-btn-2\"><div class=\"product-card__label\"><div class=\"product-card__line\">Foodpunk Ern\u00e4hrungsprogramm<\/div><div class=\"product-card__line\">3 Monate Mitgliedschaft<\/div><div class=\"product-card__line\"><span>alle 3 Monate k\u00fcndbar<\/span><\/div><\/div><div class=\"product-card__price\"><div class=\"product-card__badge-wrapper\"><div class=\"product-card__badge\">33% gespart<\/div><\/div>39,99 \u20ac<br \/><span>59,99\u202f\u20ac <\/span><div class=\"product-card__price__label\">pro 3 Monate<\/div><\/div><\/div><div class=\"product-card\" data-button=\"#checkout-btn-3\"><div class=\"product-card__label\"><div class=\"product-card__line\">Foodpunk Ern\u00e4hrungsprogramm<\/div><div class=\"product-card__line\">1 Monat Mitgliedschaft<\/div><div class=\"product-card__line\"><span>monatlich k\u00fcndbar<\/span><\/div><\/div><div class=\"product-card__price\">29,99 \u20ac<div class=\"product-card__price__label\">pro Monat<\/div><\/div><\/div><div class=\"purchase__buttons\"><button id=\"checkout-btn-0\" type=\"submit\" href=\"javascript:void(0)\" data-cb-item-0=\"copy_of_12-monate-ohne-startgeb\u00fchr\" data-cb-type=\"checkout\" class=\"btn--full btn--primary btn--lg checkout-btn\" \">Jetzt buchen<\/button><button id=\"checkout-btn-1\" type=\"submit\" href=\"javascript:void(0)\" data-cb-item-0=\"6-monate\" data-cb-type=\"checkout\" class=\"btn--full btn--primary btn--lg checkout-btn\" style=\"display: none;\"\">Jetzt buchen<\/button><button id=\"checkout-btn-2\" type=\"submit\" href=\"javascript:void(0)\" data-cb-item-0=\"3-monate\" data-cb-type=\"checkout\" class=\"btn--full btn--primary btn--lg checkout-btn\" style=\"display: none;\"\">Jetzt buchen<\/button><button id=\"checkout-btn-3\" type=\"submit\" href=\"javascript:void(0)\" data-cb-item-0=\"1-monat\" data-cb-type=\"checkout\" class=\"btn--full btn--primary btn--lg checkout-btn\" style=\"display: none;\"\">Jetzt buchen<\/button><\/div><\/div><\/div><\/div><\/div><\/div><\/div><\/div><\/div><\/div><div class=\"wpb_column vc_column_container vc_col-sm-9 vc_col-lg-offset-0 vc_col-lg-7 vc_col-md-offset-2 vc_col-md-8\"><div class=\"vc_column-inner\"><div class=\"wpb_wrapper\">\n\t<div  class=\"wpb_single_image wpb_content_element vc_align_right wpb_content_element\" >\n\t\t\n\t\t<figure class=\"wpb_wrapper vc_figure\">\n\t\t\t<div class=\"vc_single_image-wrapper  \"><img loading=\"lazy\" decoding=\"async\" width=\"635\" height=\"981\" src=\"https:\/\/foodpunk.com\/wp-content\/uploads\/Buy-Bild-1.png\" class=\"vc_single_image-img attachment-full\" alt=\"Foodpunk App\" title=\"\" srcset=\"https:\/\/foodpunk.com\/wp-content\/uploads\/Buy-Bild-1.png 635w, https:\/\/foodpunk.com\/wp-content\/uploads\/Buy-Bild-1-194x300.png 194w\" sizes=\"auto, (max-width: 635px) 100vw, 635px\" \/><\/div>\n\t\t<\/figure>\n\t<\/div>\n<\/div><\/div><\/div><\/div><\/div><div class=\"vc_section__side\"><span class=\"vc_section__side__text\">Mitgliedschaft<\/span><div class=\"vc_section__side__border\"><div class=\"vc_section__side__dot\"><\/div><\/div><\/div><\/section><\/div>[\/vc_column][\/vc_row][vc_row row_padding=&#8220;&#8220; row_maxwidth=&#8220;&#8220;][vc_column]<div class=\"templatera_shortcode\"><section class=\"vc_section custom bg--color--bg-primary vc_section-sided\"><div class=\"vc_container vc_maxwidth \"><div class=\"vc_row wpb_row vc_row-fluid vc_row-o-content-bottom vc_row-flex\"><div class=\"vc_col-sm-push-6 wpb_column vc_column_container vc_col-sm-6\"><div class=\"vc_column-inner\"><div class=\"wpb_wrapper\"><div class=\"vc_row wpb_row vc_inner vc_row-fluid vpt-5 vpb-5\"><div class=\"wpb_column vc_column_container vc_col-sm-12 vc_col-md-10\"><div class=\"vc_column-inner\"><div class=\"wpb_wrapper\"><div class=\"vmb-3 wpb_content_element\" ><div class=\"heading heading--p \"><p class=\"heading h2  \" ><em>Barbara<\/em> ist f\u00fcr Dich da!<\/p><\/div><\/div>\r\n\t<div  class=\"wpb_text_column wpb_content_element  vmb-3  wpb_content_element\">\r\n\t\t<p><strong>Das Team der Foodpunk <span class=\"deco-underline\">Ern\u00e4hrungswissenschaftl<\/span>er\/-innen erstellt den perfekten Plan f\u00fcr dein Ziel - zusammen mit den smarten Algorithmen unserer preisgekr\u00f6nten, KI-gest\u00fctzten Foodpunk App.<\/strong><\/p>\n<p>Bei Foodpunk bist du nie alleine. Die gro\u00dfe Community und der Experten-Support sind f\u00fcr dich da.<\/p>\n<p>Du schlemmst und erreichst mit gro\u00dfartiger Unterst\u00fctzung dein Abnehmziel - ganz nebenbei.<\/p>\n\r\n\t<\/div>\r\n<div class=\"vmb-7 wpb_content_element\" ><div class=\"btn__wrapper \"><a href=\"https:\/\/foodpunk.com\/de\/team\/\" target=\"\" rel=\"\" title=\"Team\" class=\"btn--link btn--primary btn--lg btn--icon btn--icon--arrow\"><span>Erfahre alles \u00fcber Foodpunk und das Team<\/span><\/a><\/div><\/div><\/div><\/div><\/div><\/div><\/div><\/div><\/div><div class=\"vc_col-sm-pull-6 overlapping-person wpb_column vc_column_container vc_col-sm-6 vc_col-lg-offset-1 vc_col-lg-5\"><div class=\"vc_column-inner\"><div class=\"wpb_wrapper\">\n\t<div  class=\"wpb_single_image wpb_content_element vc_align_left wpb_content_element\" >\n\t\t\n\t\t<figure class=\"wpb_wrapper vc_figure\">\n\t\t\t<div class=\"vc_single_image-wrapper  \"><img loading=\"lazy\" decoding=\"async\" width=\"659\" height=\"1024\" src=\"https:\/\/foodpunk.com\/wp-content\/uploads\/Foodpunk_Barbara-659x1024.png\" class=\"vc_single_image-img attachment-large\" alt=\"\" title=\"Foodpunk_Barbara\" srcset=\"https:\/\/foodpunk.com\/wp-content\/uploads\/Foodpunk_Barbara-659x1024.png 659w, https:\/\/foodpunk.com\/wp-content\/uploads\/Foodpunk_Barbara-193x300.png 193w, https:\/\/foodpunk.com\/wp-content\/uploads\/Foodpunk_Barbara-768x1194.png 768w, https:\/\/foodpunk.com\/wp-content\/uploads\/Foodpunk_Barbara-988x1536.png 988w, https:\/\/foodpunk.com\/wp-content\/uploads\/Foodpunk_Barbara.png 1046w\" sizes=\"auto, (max-width: 659px) 100vw, 659px\"><\/div>\n\t\t<\/figure>\n\t<\/div>\n<\/div><\/div><\/div><\/div><\/div><div class=\"vc_section__side\"><span class=\"vc_section__side__text\">Support<\/span><div class=\"vc_section__side__border\"><div class=\"vc_section__side__dot\"><\/div><\/div><\/div><\/section><\/div>[\/vc_column][\/vc_row]<\/p>\n<\/div>","protected":false},"excerpt":{"rendered":"FOODBlick in die Foodpunk DesktopversionApp-m\u00fcde? Du m\u00f6chtest dir deinen personalisierten Ern\u00e4hrungsplan lieber am PC, Laptop oder MAC statt auf dem Smartphone anschauen und Einkaufslisten ausdrucken? Auf dieser Seite geben wir dir exklusive Einblicke in die Funktionen unserer Foodpunk Desktopversion f\u00fcr den Computer. So kannst du dir einen ersten \u00dcberblick verschaffen, was dich mit unseren digitalen [...]","protected":false},"author":45,"featured_media":0,"parent":0,"menu_order":20,"comment_status":"closed","ping_status":"closed","template":"","meta":{"_acf_changed":false,"inline_featured_image":false,"footnotes":""},"class_list":["post-47364","page","type-page","status-publish","hentry"],"acf":[],"_links":{"self":[{"href":"https:\/\/foodpunk.com\/de\/wp-json\/wp\/v2\/pages\/47364","targetHints":{"allow":["GET"]}}],"collection":[{"href":"https:\/\/foodpunk.com\/de\/wp-json\/wp\/v2\/pages"}],"about":[{"href":"https:\/\/foodpunk.com\/de\/wp-json\/wp\/v2\/types\/page"}],"author":[{"embeddable":true,"href":"https:\/\/foodpunk.com\/de\/wp-json\/wp\/v2\/users\/45"}],"replies":[{"embeddable":true,"href":"https:\/\/foodpunk.com\/de\/wp-json\/wp\/v2\/comments?post=47364"}],"version-history":[{"count":54,"href":"https:\/\/foodpunk.com\/de\/wp-json\/wp\/v2\/pages\/47364\/revisions"}],"predecessor-version":[{"id":72590,"href":"https:\/\/foodpunk.com\/de\/wp-json\/wp\/v2\/pages\/47364\/revisions\/72590"}],"wp:attachment":[{"href":"https:\/\/foodpunk.com\/de\/wp-json\/wp\/v2\/media?parent=47364"}],"curies":[{"name":"wp","href":"https:\/\/api.w.org\/{rel}","templated":true}]}}