{"id":16855,"date":"2023-12-17T07:40:47","date_gmt":"2023-12-17T07:40:47","guid":{"rendered":"https:\/\/foodpunk.com\/services\/karriere-2\/"},"modified":"2024-01-02T11:15:48","modified_gmt":"2024-01-02T11:15:48","slug":"gesundheit","status":"publish","type":"page","link":"https:\/\/foodpunk.com\/de\/services\/gesundheit\/","title":{"rendered":"Gesundheit"},"content":{"rendered":"<div class=\"wpb-content-wrapper\"><p>[vc_section row_padding=&#8220;vpt-7 vpb-7&#8243;][vc_row row_padding=&#8220;custom&#8220;][vc_column col_sticky=&#8220;&#8220; offset=&#8220;vc_col-lg-offset-2 vc_col-lg-8 vc_col-md-offset-1 vc_col-md-10&#8243;][vc_column_text]<\/p>\n<h1>Gesundheitshinweise<\/h1>\n<p style=\"font-weight: 400;\">1.<\/p>\n<p style=\"font-weight: 400;\">Foodpunk bietet Ern\u00e4hrungsprogramme zur Gewichtsreduktion, welche nach aktuellen ern\u00e4hrungswirtschaftlichen Erkenntnissen entwickelt wurden. Die Foodpunk -Ern\u00e4hrungsprogramme stellen jedoch in keinem Fall eine medizinische Beratung war, Foodpunk ist weder ein \u00e4rztliches noch in sonstiger Weise medizinisch ausgerichtetes Unternehmen.<\/p>\n<p style=\"font-weight: 400;\">2.<\/p>\n<p style=\"font-weight: 400;\">Vor Aufnahme eines Foodpunk Ern\u00e4hrungsprogrammes empfehlen wir dringend, einen Arzt zu konsultieren und mit ihm zu kl\u00e4ren, ob in Ihrem individuellen Fall die Durchf\u00fchrung eines Foodpunk Ern\u00e4hrungsprogrammes mit Risiken verbunden sein k\u00f6nnte. Ebenfalls empfehlen wir, mit Ihrem Arzt die Ziele ihrer Gewichtsabnahme, die anzustrebende Dauer ihrer Gewichtsabnahme und besonders zu beachtende Vorerkrankungen, die eine Auswirkung auf Ihre Gewichtsabnahme haben k\u00f6nnen, zu kl\u00e4ren. \u00dcber eine solche Untersuchung und Kl\u00e4rung vor Aufnahme des Foodpunk Ern\u00e4hrungsprogrammes hinaus empfehlen wir eine regelm\u00e4\u00dfige Beobachtung w\u00e4hrend der Gewichtsabnahme durch Ihren Arzt. Ihr Arzt ist in der Lage, die Auswirkungen und k\u00f6rperlichen Ver\u00e4nderungen einer Gewichtsabnahme zu bewerten und m\u00f6gliche Verschlechterungen ihres Allgemeinzustandes oder das Auftreten von Gesundheitsbeschwerden rechtzeitig zu erkennen. Bitte beachten Sie: Foodpunk soll sie dabei unterst\u00fctzen, und ein gesundes Essverhalten zu trainieren. Foodpunk ist nicht geeignet, Krankheiten zu behandeln oder ihr Auftreten zu verhindern.<\/p>\n<p style=\"font-weight: 400;\">3.<\/p>\n<p style=\"font-weight: 400;\">Soweit Sie in \u00e4rztlicher Behandlung sind (kurativ oder pr\u00e4ventiv), verschreibungspflichtige Medikamente einnehmen oder aufgrund von bestehenden oder vormals bestehenden Krankheiten therapeutische Di\u00e4tvorgaben befolgen m\u00fcssen, besprechen Sie die Teilnahme an Foodpunk Ern\u00e4hrungsprogrammen bitte zwingend mit Ihrem Arzt und lassen sich von diesem die Freigabe zur Teilnahme und eventuell \u00c4nderungen und Einschr\u00e4nkungen an den Vorgaben des Foodpunk Ern\u00e4hrungsprogrammes erteilen.<\/p>\n<p style=\"font-weight: 400;\">4.<\/p>\n<p style=\"font-weight: 400;\">Aufgrund der vielf\u00e4ltigen Auswirkungen von Ern\u00e4hrung auf die Gesundheit gelten-\u00fcber die oben genannten medizinischen Rahmenbedingungen hinaus-folgende Kriterien zur Teilnahme an den Foodpunk Ern\u00e4hrungsprgrammen:<\/p>\n<ul>\n<li>Das Angebot unserer Ern\u00e4hrungsprogramme richtet sich ausschlie\u00dflich an gesunde Personen ab dem vollendeten 18. Lebensjahr. Personen vor Vollendung des 18. Lebensjahres ist die Teilnahme an unseren Ern\u00e4hrungsprogramme nicht gestattet.<\/li>\n<li>Unser Angebot von Ern\u00e4hrungsprogramme richtet sich ausdr\u00fccklich nicht an Personen, bei denen eine Essst\u00f6rung diagnostiziert worden ist. Als Essst\u00f6rung im Sinne dieser Regelungen gelten die Anorexie (Magersucht), die Bulimie (Ess-Brech-Sucht) und Binge-Eating-St\u00f6rungen (regelm\u00e4\u00dfig auftretende Ess-Anf\u00e4lle ohne gewichtsregulierende Ma\u00dfnahmen) sowie alle Mischformen der genannten St\u00f6rungen. Personen mit entsprechender Diagnose ist es nicht gestattet, an Foodpunk Ern\u00e4hrungsprogrammen teilzunehmen.<\/li>\n<\/ul>\n<p>[\/vc_column_text][\/vc_column][\/vc_row][\/vc_section]<\/p>\n<\/div>","protected":false},"excerpt":{"rendered":"<p>[vc_section row_padding=&#8220;vpt-7 vpb-7&#8243;][vc_row row_padding=&#8220;custom&#8220;][vc_column col_sticky=&#8220;&#8220; offset=&#8220;vc_col-lg-offset-2 vc_col-lg-8 vc_col-md-offset-1 vc_col-md-10&#8243;][vc_column_text] Gesundheitshinweise 1. Foodpunk bietet Ern\u00e4hrungsprogramme zur Gewichtsreduktion, welche nach aktuellen ern\u00e4hrungswirtschaftlichen Erkenntnissen entwickelt wurden. Die Foodpunk -Ern\u00e4hrungsprogramme stellen jedoch in keinem Fall eine medizinische Beratung war, Foodpunk ist weder ein \u00e4rztliches noch in sonstiger Weise medizinisch ausgerichtetes Unternehmen. 2. Vor Aufnahme eines Foodpunk Ern\u00e4hrungsprogrammes empfehlen wir [&hellip;]<\/p>\n","protected":false},"author":2,"featured_media":0,"parent":5285,"menu_order":2,"comment_status":"closed","ping_status":"closed","template":"","meta":{"_acf_changed":false,"inline_featured_image":false,"footnotes":""},"class_list":["post-16855","page","type-page","status-publish","hentry"],"acf":[],"_links":{"self":[{"href":"https:\/\/foodpunk.com\/de\/wp-json\/wp\/v2\/pages\/16855","targetHints":{"allow":["GET"]}}],"collection":[{"href":"https:\/\/foodpunk.com\/de\/wp-json\/wp\/v2\/pages"}],"about":[{"href":"https:\/\/foodpunk.com\/de\/wp-json\/wp\/v2\/types\/page"}],"author":[{"embeddable":true,"href":"https:\/\/foodpunk.com\/de\/wp-json\/wp\/v2\/users\/2"}],"replies":[{"embeddable":true,"href":"https:\/\/foodpunk.com\/de\/wp-json\/wp\/v2\/comments?post=16855"}],"version-history":[{"count":5,"href":"https:\/\/foodpunk.com\/de\/wp-json\/wp\/v2\/pages\/16855\/revisions"}],"predecessor-version":[{"id":23536,"href":"https:\/\/foodpunk.com\/de\/wp-json\/wp\/v2\/pages\/16855\/revisions\/23536"}],"up":[{"embeddable":true,"href":"https:\/\/foodpunk.com\/de\/wp-json\/wp\/v2\/pages\/5285"}],"wp:attachment":[{"href":"https:\/\/foodpunk.com\/de\/wp-json\/wp\/v2\/media?parent=16855"}],"curies":[{"name":"wp","href":"https:\/\/api.w.org\/{rel}","templated":true}]}}