{"id":13977,"date":"2023-07-04T09:14:29","date_gmt":"2023-07-04T09:14:29","guid":{"rendered":"https:\/\/foodpunk.com\/podcast-2\/"},"modified":"2023-12-09T08:22:22","modified_gmt":"2023-12-09T08:22:22","slug":"podcast","status":"publish","type":"page","link":"https:\/\/foodpunk.com\/de\/podcast\/","title":{"rendered":"Podcast"},"content":{"rendered":"<div class=\"wpb-content-wrapper\"><p>[vc_section row_padding=&#8220;custom&#8220; row_padding_top=&#8220;vpt-3&#8243; row_bg_color=&#8220;bg&#8211;color&#8211;bg-blue&#8220; section_sidetitle=&#8220;Podcast&#8220;][vc_row row_padding=&#8220;&#8220;][vc_column width=&#8220;5\/12&#8243; col_sticky=&#8220;&#8220; el_class=&#8220;vc_col-sm-push-8 vc_col-lg-push-7&#8243;][vc_single_image image=&#8220;13853&#8243; img_size=&#8220;large&#8220; alignment=&#8220;right&#8220; appeareffect=&#8220;fade&#8220; el_class=&#8220;shadow-lg podcast-image&#8220;][\/vc_column][vc_column width=&#8220;2\/3&#8243; col_sticky=&#8220;&#8220; offset=&#8220;vc_col-lg-7&#8243; el_class=&#8220;vc_col-sm-pull-4 vc_col-lg-pull-5&#8243;]<div class=\"vmb-3 wpb_content_element\" ><div class=\"heading heading--h1 \"><h1 class=\"heading   \" >Foodpunk Podcast<br \/>\n<em>Eat better, not less<\/em><\/h1><\/div><\/div>[vc_raw_html]JTNDZGl2JTIwY2xhc3MlM0QlMjJwb2RjYXN0LWJhZGdlcyUyMiUzRSUwQSUwQSUzQ2ElMjBocmVmJTNEJTIyaHR0cHMlM0ElMkYlMkZwb2RjYXN0ZXJzLnNwb3RpZnkuY29tJTJGcG9kJTJGc2hvdyUyRmZvb2RwdW5rJTIyJTIwdGFyZ2V0JTNEJTIyX2JsYW5rJTIyJTNFJTBBJTNDaW1nJTIwc3JjJTNEJTIyaHR0cHMlM0ElMkYlMkZmb29kcHVuay5jb20lMkZ3cC1jb250ZW50JTJGdXBsb2FkcyUyRnBvZGNhc3Qtc3BvdGlmeS5wbmclMjIlMjBhbHQlM0QlMjJTcG90aWZ5JTIyJTIwd2lkdGglM0QlMjI2NjAlMjIlMjBoZWlnaHQlM0QlMjIxNjAlMjIlMjAlMkYlM0UlMEElM0MlMkZhJTNFJTBBJTBBJTNDYSUyMGhyZWYlM0QlMjJodHRwcyUzQSUyRiUyRnBvZGNhc3RzLmFwcGxlLmNvbSUyRnVzJTJGcG9kY2FzdCUyRmVhdC1iZXR0ZXItbm90LWxlc3MlMkZpZDE2OTM4OTYzNjMlMjIlMjB0YXJnZXQlM0QlMjJfYmxhbmslMjIlM0UlMEElM0NpbWclMjBzcmMlM0QlMjJodHRwcyUzQSUyRiUyRmZvb2RwdW5rLmNvbSUyRndwLWNvbnRlbnQlMkZ1cGxvYWRzJTJGcG9kY2FzdGUtYXBwbGUuc3ZnJTIyJTIwYWx0JTNEJTIyQXBwbGUlMjBQb2RjYXN0JTIyJTIwd2lkdGglM0QlMjI2NjAlMjIlMjBoZWlnaHQlM0QlMjIxNjAlMjIlMjAlMkYlM0UlMEElM0MlMkZhJTNFJTBBJTBBJTNDYSUyMGhyZWYlM0QlMjJodHRwcyUzQSUyRiUyRm11c2ljLmFtYXpvbi5kZSUyRnBvZGNhc3RzJTJGNzc2NWVjZjEtNWFjOS00ZTFkLTk2NDAtZjg3MmY2MTIxZGVjJTJGZWF0LWJldHRlci1ub3QtbGVzcyUyMiUyMHRhcmdldCUzRCUyMl9ibGFuayUyMiUzRSUwQSUzQ2ltZyUyMHNyYyUzRCUyMmh0dHBzJTNBJTJGJTJGZm9vZHB1bmsuY29tJTJGd3AtY29udGVudCUyRnVwbG9hZHMlMkZwb2RjYXN0LWFtYXpvbi5wbmclMjIlMjBhbHQlM0QlMjJBbWF6b24lMjBNdXNpYyUyMiUyMHdpZHRoJTNEJTIyNjYwJTIyJTIwaGVpZ2h0JTNEJTIyMTYwJTIyJTIwJTJGJTNFJTBBJTNDJTJGYSUzRSUwQSUwQSUzQ2ElMjBocmVmJTNEJTIyaHR0cHMlM0ElMkYlMkZ3d3cueW91dHViZS5jb20lMkZjaGFubmVsJTJGVUM0b1Q1MzVxOWdfbURHdUhxSXF1ZmRBJTIyJTIwdGFyZ2V0JTNEJTIyX2JsYW5rJTIyJTNFJTBBJTNDaW1nJTIwc3JjJTNEJTIyaHR0cHMlM0ElMkYlMkZmb29kcHVuay5jb20lMkZ3cC1jb250ZW50JTJGdXBsb2FkcyUyRnBvZGNhc3QteW91dHViZS5zdmclMjIlMjBhbHQlM0QlMjJZb3VUdWJlJTIyJTIwd2lkdGglM0QlMjI2NjAlMjIlMjBoZWlnaHQlM0QlMjIxNjAlMjIlMjAlMkYlM0UlMEElM0MlMkZhJTNFJTBBJTBBJTNDJTJGZGl2JTNFJTBBJTBBJTBBJTNDc3R5bGUlMjB0eXBlJTNEJTIydGV4dCUyRmNzcyUyMiUzRSUwQS5wb2RjYXN0LWJhZGdlcyUyMCU3QiUwQWRpc3BsYXklM0ElMjBmbGV4JTNCJTBBZ2FwJTNBJTIwMTZweCUzQiUwQWZsZXgtd3JhcCUzQSUyMHdyYXAlM0IlMEElN0QlMEElMEEucG9kY2FzdC1iYWRnZXMlMjBhJTIwJTdCJTBBZGlzcGxheSUzQSUyMGJsb2NrJTNCJTBBZmxleCUzQSUyMDAlMjAwJTIwYXV0byUzQiUwQSU3RCUwQSUwQS5wb2RjYXN0LWJhZGdlcyUyMGElMjBpbWclMjAlN0IlMEFtYXgtaGVpZ2h0JTNBJTIwNDBweCUzQiUwQXdpZHRoJTNBJTIwYXV0byUzQiUwQSU3RCUwQSUzQyUyRnN0eWxlJTNF[\/vc_raw_html][vc_column_text elem_margin_top=&#8220;vmt-3&#8243; elem_margin_bottom=&#8220;vmb-1&#8243;]Dein Podcast zu gesunder Ern\u00e4hrung und gesundem Lifestyle. Mit Marina Lommel, Ern\u00e4hrungswissenschaftlerin, Autorin, Speakerin und Gr\u00fcnderin von Foodpunk.[\/vc_column_text]<div class=\"wpb_content_element\"  data-aos=\"fade-up\" ><div class=\"btn__wrapper \"><a href=\"https:\/\/foodpunk.com\/de\/ernaehrungsplan-erstellen\/?utm_source=web&utm_medium=podcats-page&utm_campaign=podcats\" target=\"\" rel=\"\" title=\"\" class=\"btn--full btn--primary btn--md \"><span>Jetzt Ern\u00e4hrungsplan erstellen<\/span><\/a><\/div><\/div>[vc_row_inner row_padding=&#8220;vpt-1 vpb-1&#8243;][vc_column_inner][\/vc_column_inner][\/vc_row_inner][\/vc_column][\/vc_row][\/vc_section][vc_row row_padding=&#8220;custom&#8220; row_padding_top=&#8220;vpt-5&#8243;][vc_column]<div class=\"templatera_shortcode\"><div class=\"vc_container vc_maxwidth \"><div class=\"vc_row wpb_row vc_row-fluid\"><div class=\"wpb_column vc_column_container vc_col-sm-12\"><div class=\"vc_column-inner\"><div class=\"wpb_wrapper\"><div class=\"wpb_content_element\" ><div class=\"logo-slider\"><div class=\"logo-slider__item\"><img decoding=\"async\" src=\"https:\/\/foodpunk.com\/wp-content\/uploads\/Logo_WomensHealth.png\" alt=\"Logo Women's Health\" title=\"\"><\/div><div class=\"logo-slider__item\"><img decoding=\"async\" src=\"https:\/\/foodpunk.com\/wp-content\/uploads\/Logo_ARD.png\" alt=\"Logo ARD\" title=\"\"><\/div><div class=\"logo-slider__item\"><img decoding=\"async\" src=\"https:\/\/foodpunk.com\/wp-content\/uploads\/Logo_ProSieben.png\" alt=\"Logo Prosieben\" title=\"\"><\/div><div class=\"logo-slider__item\"><img decoding=\"async\" src=\"https:\/\/foodpunk.com\/wp-content\/uploads\/Logo_MensHealth.png\" alt=\"Logo Men's Health\" title=\"\"><\/div><div class=\"logo-slider__item\"><img decoding=\"async\" src=\"https:\/\/foodpunk.com\/wp-content\/uploads\/Logo_Spiegel.png\" alt=\"Logo Der Spiegel\" title=\"\"><\/div><div class=\"logo-slider__item\"><img decoding=\"async\" src=\"https:\/\/foodpunk.com\/wp-content\/uploads\/Logo_BusinessPunk.png\" alt=\"Logo Business Punk\" title=\"\"><\/div><div class=\"logo-slider__item\"><img decoding=\"async\" src=\"https:\/\/foodpunk.com\/wp-content\/uploads\/arte_vector.png\" alt=\"arte logo\" title=\"arte_vector\"><\/div><\/div><\/div><\/div><\/div><\/div><\/div><\/div><\/div>[\/vc_column][\/vc_row][vc_row row_padding=&#8220;vpt-7 vpb-7&#8243;][vc_column width=&#8220;1\/4&#8243;][\/vc_column][vc_column width=&#8220;1\/2&#8243;]<div class=\"vmb-3 wpb_content_element\" ><div class=\"heading heading--h3 \"><h3 class=\"heading h2  \" >In diesem Podcast dreht sich alles um die Kunst, <span class=\"deco-underline\">sich selbst<\/span> durch <span class=\"deco-underline\">gesunde Ern\u00e4hrung<\/span> zu transformieren.<\/h3><\/div><\/div>[vc_column_text]<\/p>\n<p style=\"text-align: left;\">Foodpunk Gr\u00fcnderin Marina spricht mit Experten der Gesundheitsszene, Wissenschaftlern aus Medizin, Biochemie und Ern\u00e4hrung sowie inspirierenden Menschen, die ihre eigenen Leben durch eine bewusste Ern\u00e4hrung ver\u00e4ndert haben. Gemeinsam werden sie euch zeigen, wie ihr eine lebensver\u00e4ndernde Beziehung zur Nahrung aufbauen k\u00f6nnt.<\/p>\n<p style=\"text-align: left;\">Erfahrt von renommierten Experten die Geheimnisse einer ausgewogenen Ern\u00e4hrung, die auf eure individuellen Bed\u00fcrfnisse zugeschnitten ist. Lernt, wie ihr eure Gesundheit optimiert, Energie gewinnt und euer Wohlbefinden steigert \u2013 ohne dabei auf den Genuss zu verzichten.<\/p>\n<p style=\"text-align: left;\">Ob ihr euch mit Gewichtsmanagement auseinandersetzt, nach nachhaltigen Ern\u00e4hrungsl\u00f6sungen sucht oder einfach nur wissen m\u00f6chtet, wie ihr euer Leben durch bewusstes Essen bereichern k\u00f6nnt \u2013 dieser Podcast mit mutigen Pers\u00f6nlichkeiten, spannenden Diskussionen und praxisnahen Tipps\u00a0ist f\u00fcr euch gemacht!<\/p>\n<p>[\/vc_column_text][\/vc_column][vc_column width=&#8220;1\/4&#8243;][\/vc_column][\/vc_row][vc_section row_padding=&#8220;custom&#8220; row_bg_color=&#8220;bg&#8211;color&#8211;bg-green&#8220; section_bgtext=&#8220;punk&#8220; section_sidetitle=&#8220;Fragebogen&#8220;][vc_row content_placement=&#8220;bottom&#8220; row_padding=&#8220;custom&#8220; row_padding_top=&#8220;vpt-3&#8243;][vc_column col_sticky=&#8220;&#8220; offset=&#8220;vc_col-lg-5 vc_col-md-8&#8243;][vc_row_inner row_padding=&#8220;vpt-7 vpb-7&#8243;][vc_column_inner]<div class=\"vmb-3 wpb_content_element\" ><div class=\"heading heading--h2 \"><h2 class=\"heading   \" >Erreiche Dein Ziel mit <em>Foodpunk<\/em>!<\/h2><\/div><\/div><div class=\"wpb_content_element\" ><div class=\"heading heading--p \"><p class=\"heading h4  \" >Lass dir deinen pers\u00f6nlichen <strong>Ern\u00e4hrungsplan erstellen!<\/strong><\/p><\/div><\/div><div class=\"wpb_content_element\" ><div class=\"heading heading--p \"><p class=\"heading h4  \" >Tausende Foodpunks haben mit uns ihr Wunschgewicht, mehr Selbstbewusstsein und ein besseres Wohlbefinden erreicht.<\/p><\/div><\/div><div class=\"vmt-5 vmb-5 wpb_content_element\"  data-aos=\"fade-up\" ><div class=\"btn__wrapper \"><a href=\"https:\/\/foodpunk.com\/de\/ernaehrungsplan-erstellen\/?utm_source=web&utm_medium=podcats-page&utm_campaign=podcats\" target=\"\" rel=\"\" title=\"\" class=\"btn--full btn--primary btn--md \"><span>Jetzt Fragebogen ausf\u00fcllen!<\/span><\/a><\/div><\/div>[\/vc_column_inner][\/vc_row_inner][\/vc_column][vc_column width=&#8220;3\/4&#8243; col_sticky=&#8220;&#8220; offset=&#8220;vc_col-lg-offset-0 vc_col-lg-7 vc_col-md-offset-2 vc_col-md-8&#8243;][vc_single_image image=&#8220;6669&#8243; img_size=&#8220;full&#8220; alignment=&#8220;right&#8220; elem_margin_bottom=&#8220;&#8220;][\/vc_column][\/vc_row][\/vc_section][vc_section disable_element=&#8220;yes&#8220; row_padding=&#8220;vpt-7 vpb-7&#8243; row_bg_color=&#8220;bg&#8211;color&#8211;bg-green&#8220;][vc_row][vc_column width=&#8220;2\/3&#8243; col_sticky=&#8220;&#8220; offset=&#8220;vc_col-lg-7 vc_col-sm-offset-2&#8243;]<div class=\"vmb-3 wpb_content_element\" ><div class=\"heading heading--h2 \"><h2 class=\"heading   \" >Hol dir deinen <span class=\"deco-underline\">pers\u00f6nlichen<\/span> Ern\u00e4hrungsplan<\/h2><\/div><\/div><div class=\"vmb-3 wpb_content_element\" ><div class=\"btn__wrapper \"><a href=\"https:\/\/foodpunk.com\/de\/sea-fragebogen\/\" target=\"\" rel=\"\" title=\"\" class=\"btn--full btn--primary btn--lg \"><span>Jetzt Fragebogen ausf\u00fcllen<\/span><\/a><\/div><\/div>[\/vc_column][\/vc_row][\/vc_section][vc_row row_padding=&#8220;&#8220; row_maxwidth=&#8220;&#8220;][vc_column][vc_single_image image=&#8220;6936&#8243; img_size=&#8220;full&#8220; elem_margin_bottom=&#8220;&#8220;][\/vc_column][\/vc_row]<\/p>\n<\/div>","protected":false},"excerpt":{"rendered":"Foodpunk Podcast Eat better, not less Dein Podcast zu gesunder Ern\u00e4hrung und gesundem Lifestyle. Mit Marina Lommel, Ern\u00e4hrungswissenschaftlerin, Autorin, Speakerin und Gr\u00fcnderin von Foodpunk. Jetzt Ern\u00e4hrungsplan erstellenPodcastIn diesem Podcast dreht sich alles um die Kunst, sich selbst durch gesunde Ern\u00e4hrung zu transformieren. Foodpunk Gr\u00fcnderin Marina spricht mit Experten der Gesundheitsszene, Wissenschaftlern aus Medizin, Biochemie und [...]","protected":false},"author":30,"featured_media":0,"parent":0,"menu_order":9,"comment_status":"closed","ping_status":"closed","template":"","meta":{"_acf_changed":false,"inline_featured_image":false,"footnotes":""},"class_list":["post-13977","page","type-page","status-publish","hentry"],"acf":[],"_links":{"self":[{"href":"https:\/\/foodpunk.com\/de\/wp-json\/wp\/v2\/pages\/13977","targetHints":{"allow":["GET"]}}],"collection":[{"href":"https:\/\/foodpunk.com\/de\/wp-json\/wp\/v2\/pages"}],"about":[{"href":"https:\/\/foodpunk.com\/de\/wp-json\/wp\/v2\/types\/page"}],"author":[{"embeddable":true,"href":"https:\/\/foodpunk.com\/de\/wp-json\/wp\/v2\/users\/30"}],"replies":[{"embeddable":true,"href":"https:\/\/foodpunk.com\/de\/wp-json\/wp\/v2\/comments?post=13977"}],"version-history":[{"count":5,"href":"https:\/\/foodpunk.com\/de\/wp-json\/wp\/v2\/pages\/13977\/revisions"}],"predecessor-version":[{"id":34391,"href":"https:\/\/foodpunk.com\/de\/wp-json\/wp\/v2\/pages\/13977\/revisions\/34391"}],"wp:attachment":[{"href":"https:\/\/foodpunk.com\/de\/wp-json\/wp\/v2\/media?parent=13977"}],"curies":[{"name":"wp","href":"https:\/\/api.w.org\/{rel}","templated":true}]}}