{"id":13743,"date":"2023-06-13T11:16:51","date_gmt":"2023-06-13T11:16:51","guid":{"rendered":"https:\/\/foodpunk.com\/blog\/abnehmen-2\/"},"modified":"2023-12-09T08:23:07","modified_gmt":"2023-12-09T08:23:07","slug":"podcasts","status":"publish","type":"page","link":"https:\/\/foodpunk.com\/de\/blog\/podcasts\/","title":{"rendered":"Podcasts"},"content":{"rendered":"<div class=\"wpb-content-wrapper\"><p>[vc_section row_bg_color=&#8220;bg&#8211;color&#8211;bg-blue&#8220;][vc_row][vc_column width=&#8220;5\/6&#8243; col_sticky=&#8220;&#8220; offset=&#8220;vc_col-md-8&#8243;]<div class=\"vmb-3 wpb_content_element\" ><div class=\"heading heading--h1 \"><h1 class=\"heading   \" >Foodpunk-Wissen im<br \/>\n<em>Podcast-Interview<\/em><\/h1><\/div><\/div>[\/vc_column][\/vc_row][\/vc_section][vc_section][vc_row row_padding=&#8220;custom&#8220; row_padding_top=&#8220;vpt-7&#8243; row_padding_bottom=&#8220;vpb-15&#8243;][vc_column]<div class=\"vmb-3 wpb_content_element\" ><div id=\"topofthelist\" class=\"blog subpage\"><div class=\"blog__loop\">\r\n\t<div id=\"post-36987\" class=\"blog__loop__article --1 post-36987 post type-post status-publish format-standard hentry category-alles-ueber-ernaehrung category-alltagstipps category-podcasts\" onclick=\"location.href='https:\/\/foodpunk.com\/de\/blog\/zurueck-zur-natur\/';\" >\n\t<div class=\"blog__loop__img\">\n\t\t<img loading=\"lazy\" decoding=\"async\" width=\"768\" height=\"432\" src=\"https:\/\/foodpunk.com\/wp-content\/uploads\/Podcast_28_Stefan_Saxinger_Blog_1920x1080-768x432.png\" class=\"blur wp-post-image\" alt=\"Zur\u00fcck zur Natur Podcast\" srcset=\"https:\/\/foodpunk.com\/wp-content\/uploads\/Podcast_28_Stefan_Saxinger_Blog_1920x1080-768x432.png 768w, https:\/\/foodpunk.com\/wp-content\/uploads\/Podcast_28_Stefan_Saxinger_Blog_1920x1080-300x169.png 300w, https:\/\/foodpunk.com\/wp-content\/uploads\/Podcast_28_Stefan_Saxinger_Blog_1920x1080-1024x576.png 1024w, https:\/\/foodpunk.com\/wp-content\/uploads\/Podcast_28_Stefan_Saxinger_Blog_1920x1080-1536x864.png 1536w, https:\/\/foodpunk.com\/wp-content\/uploads\/Podcast_28_Stefan_Saxinger_Blog_1920x1080.png 1920w\" sizes=\"auto, (max-width: 768px) 100vw, 768px\" \/>\t<\/div>\n\t<div class=\"blog__loop__body\">\n\t\t<div>\n\t\t\t<div class=\"blog__meta\">\n\t\t\t\t<div class=\"blog__meta__readingtime\">\n\t\t\t\t\t2 Minuten Lesezeit\t\t\t\t<\/div>\t\n\t\t\t<\/div>\n\t\t\t<p class=\"h4\">\t\n\t\t\t\t<a href=\"https:\/\/foodpunk.com\/de\/blog\/zurueck-zur-natur\/\">\n\t\t\t\t\tStefan Saxinger im Interview\t\t\t\t<\/a>\n\t\t\t<\/p>\n\t\t\t<p>\n\t\t\t\tStefan Saxinger ist seit jeher von Sport und gesunder Ern\u00e4hrung begeistert. Das h\u00e4lt ihn mit seinen 55 Jahren jung und fit. Als the.spiritbody.architect begeistert er auf Instagram eine Community von \u00fcber 400.000 Menschen mit Inhalten zu natural movement, Krafttraining und Beweglichkeit. In seiner Arbeit mit Klienten nutzt er die Kenntnisse als Personal Trainer, Life Coach und Heilpraktiker an gesunden Baby Steps zu arbeiten.\t\t\t<\/p>\n\t\t\t\n\t\t\t<ul class=\"blog__loop__categories\">\n\t\t\t<li><a href=\"\/de\/blog\/alles-ueber-ernaehrung\">Alles \u00fcber Ern\u00e4hrung<\/a><\/li><li><a href=\"\/de\/blog\/alltagstipps\">Alltagstipps<\/a><\/li><li><a href=\"\/de\/blog\/podcasts\">Podcasts<\/a><\/li>\t\t\t<\/ul>\n\n\t\t<\/div>\n\t<\/div>\n<\/div><\/div><div class=\"mixitup-page-list\"><\/div><\/div><\/div>[\/vc_column][\/vc_row][\/vc_section][vc_row row_padding=&#8220;&#8220; row_maxwidth=&#8220;&#8220;][vc_column]<div class=\"templatera_shortcode\"><section class=\"vc_section custom bg--color--bg-green vc_section-sided\"><div class=\"vc_section__bgtext vc_section__bgtext--punk\">PUNK<\/div><div class=\"vc_container vc_maxwidth \"><div class=\"vc_row wpb_row vc_row-fluid vc_row-o-content-bottom vc_row-flex custom vpt-3\"><div class=\"wpb_column vc_column_container vc_col-sm-12 vc_col-lg-5 vc_col-md-8\"><div class=\"vc_column-inner\"><div class=\"wpb_wrapper\"><div class=\"vc_row wpb_row vc_inner vc_row-fluid vpt-7 vpb-7\"><div class=\"wpb_column vc_column_container vc_col-sm-12\"><div class=\"vc_column-inner\"><div class=\"wpb_wrapper\"><div class=\"vmb-3 wpb_content_element\" ><div class=\"heading heading--h2 \"><h2 class=\"heading   \" >Du m\u00f6chtest auch erfolgreich und lecker <strong>abnehmen?<\/strong><\/h2><\/div><\/div><div class=\"wpb_content_element\" ><div class=\"heading heading--p \"><p class=\"heading h4  \" >Tausende Foodpunks haben mit uns ihr Wunschgewicht, mehr Selbstbewusstsein und ein besseres Wohlbefinden erreicht.<\/p><\/div><\/div><div class=\"vmb-7 wpb_content_element\" ><div class=\"heading heading--p \"><p class=\"heading h4  \" >Lass dir hunderte Rezepte zum Abnehmen, auf dich pers\u00f6nlich optimiert, in unserer preisgekr\u00f6nten App empfehlen.<\/p><\/div><\/div><div class=\"vmt-5 vmb-5 wpb_content_element\"  data-aos=\"fade-up\" ><div class=\"btn__wrapper \"><a href=\"https:\/\/foodpunk.com\/de\/ernaehrungsplaene\/abnehmen-ernaehrungsplan\/\" target=\"\" rel=\"\" title=\"\" class=\"btn--full btn--primary btn--md \"><span>Jetzt kostenlos testen!<\/span><\/a><\/div><\/div><\/div><\/div><\/div><\/div><\/div><\/div><\/div><div class=\"wpb_column vc_column_container vc_col-sm-9 vc_col-lg-offset-0 vc_col-lg-7 vc_col-md-offset-2 vc_col-md-8\"><div class=\"vc_column-inner\"><div class=\"wpb_wrapper\">\n\t<div  class=\"wpb_single_image wpb_content_element vc_align_right wpb_content_element\" >\n\t\t\n\t\t<figure class=\"wpb_wrapper vc_figure\">\n\t\t\t<div class=\"vc_single_image-wrapper  \"><img loading=\"lazy\" decoding=\"async\" width=\"762\" height=\"853\" src=\"https:\/\/foodpunk.com\/wp-content\/uploads\/Buy-Bild2.png\" class=\"vc_single_image-img attachment-full\" alt=\"\" title=\"Buy-Bild2\" srcset=\"https:\/\/foodpunk.com\/wp-content\/uploads\/Buy-Bild2.png 762w, https:\/\/foodpunk.com\/wp-content\/uploads\/Buy-Bild2-268x300.png 268w\" sizes=\"auto, (max-width: 762px) 100vw, 762px\"><\/div>\n\t\t<\/figure>\n\t<\/div>\n<\/div><\/div><\/div><\/div><\/div><div class=\"vc_section__side\"><span class=\"vc_section__side__text\">Mitgliedschaft<\/span><div class=\"vc_section__side__border\"><div class=\"vc_section__side__dot\"><\/div><\/div><\/div><\/section><\/div>[\/vc_column][\/vc_row][vc_row row_padding=&#8220;&#8220; row_maxwidth=&#8220;&#8220;][vc_column]<div class=\"templatera_shortcode\"><section class=\"vc_section custom bg--color--bg-primary vc_section-sided\"><div class=\"vc_container vc_maxwidth \"><div class=\"vc_row wpb_row vc_row-fluid vc_row-o-content-bottom vc_row-flex\"><div class=\"vc_col-sm-push-6 wpb_column vc_column_container vc_col-sm-6\"><div class=\"vc_column-inner\"><div class=\"wpb_wrapper\"><div class=\"vc_row wpb_row vc_inner vc_row-fluid vpt-5 vpb-5\"><div class=\"wpb_column vc_column_container vc_col-sm-12 vc_col-md-10\"><div class=\"vc_column-inner\"><div class=\"wpb_wrapper\"><div class=\"vmb-3 wpb_content_element\" ><div class=\"heading heading--p \"><p class=\"heading h2  \" ><em>Barbara<\/em> ist f\u00fcr Dich da!<\/p><\/div><\/div>\r\n\t<div  class=\"wpb_text_column wpb_content_element  vmb-3  wpb_content_element\">\r\n\t\t<p><strong>Das Team der Foodpunk <span class=\"deco-underline\">Ern\u00e4hrungswissenschaftl<\/span>er\/-innen erstellt den perfekten Plan f\u00fcr dein Ziel - zusammen mit den smarten Algorithmen unserer preisgekr\u00f6nten, KI-gest\u00fctzten Foodpunk App.<\/strong><\/p>\n<p>Bei Foodpunk bist du nie alleine. Die gro\u00dfe Community und der Experten-Support sind f\u00fcr dich da.<\/p>\n<p>Du schlemmst und erreichst mit gro\u00dfartiger Unterst\u00fctzung dein Abnehmziel - ganz nebenbei.<\/p>\n\r\n\t<\/div>\r\n<div class=\"vmb-7 wpb_content_element\" ><div class=\"btn__wrapper \"><a href=\"https:\/\/foodpunk.com\/de\/team\/\" target=\"\" rel=\"\" title=\"Team\" class=\"btn--link btn--primary btn--lg btn--icon btn--icon--arrow\"><span>Erfahre alles \u00fcber Foodpunk und das Team<\/span><\/a><\/div><\/div><\/div><\/div><\/div><\/div><\/div><\/div><\/div><div class=\"vc_col-sm-pull-6 overlapping-person wpb_column vc_column_container vc_col-sm-6 vc_col-lg-offset-1 vc_col-lg-5\"><div class=\"vc_column-inner\"><div class=\"wpb_wrapper\">\n\t<div  class=\"wpb_single_image wpb_content_element vc_align_left wpb_content_element\" >\n\t\t\n\t\t<figure class=\"wpb_wrapper vc_figure\">\n\t\t\t<div class=\"vc_single_image-wrapper  \"><img loading=\"lazy\" decoding=\"async\" width=\"659\" height=\"1024\" src=\"https:\/\/foodpunk.com\/wp-content\/uploads\/Foodpunk_Barbara-659x1024.png\" class=\"vc_single_image-img attachment-large\" alt=\"\" title=\"Foodpunk_Barbara\" srcset=\"https:\/\/foodpunk.com\/wp-content\/uploads\/Foodpunk_Barbara-659x1024.png 659w, https:\/\/foodpunk.com\/wp-content\/uploads\/Foodpunk_Barbara-193x300.png 193w, https:\/\/foodpunk.com\/wp-content\/uploads\/Foodpunk_Barbara-768x1194.png 768w, https:\/\/foodpunk.com\/wp-content\/uploads\/Foodpunk_Barbara-988x1536.png 988w, https:\/\/foodpunk.com\/wp-content\/uploads\/Foodpunk_Barbara.png 1046w\" sizes=\"auto, (max-width: 659px) 100vw, 659px\"><\/div>\n\t\t<\/figure>\n\t<\/div>\n<\/div><\/div><\/div><\/div><\/div><div class=\"vc_section__side\"><span class=\"vc_section__side__text\">Support<\/span><div class=\"vc_section__side__border\"><div class=\"vc_section__side__dot\"><\/div><\/div><\/div><\/section><\/div>[\/vc_column][\/vc_row]<\/p>\n<\/div>","protected":false},"excerpt":{"rendered":"Zur\u00fcck zur Natur: Wie du deinem K\u00f6rpergef\u00fchl wieder n\u00e4her kommst Stefan Saxinger ist seit jeher von Sport und gesunder Ern\u00e4hrung begeistert. Das h\u00e4lt ihn mit seinen 55 Jahren jung und fit. Als the.spiritbody.architect begeistert er auf Instagram eine Community von \u00fcber 400.000 Menschen mit Inhalten zu natural movement, Krafttraining und Beweglichkeit. In seiner Arbeit mit [...]","protected":false},"author":38,"featured_media":0,"parent":98,"menu_order":18,"comment_status":"closed","ping_status":"closed","template":"","meta":{"_acf_changed":false,"inline_featured_image":false,"footnotes":""},"class_list":["post-13743","page","type-page","status-publish","hentry"],"acf":[],"_links":{"self":[{"href":"https:\/\/foodpunk.com\/de\/wp-json\/wp\/v2\/pages\/13743","targetHints":{"allow":["GET"]}}],"collection":[{"href":"https:\/\/foodpunk.com\/de\/wp-json\/wp\/v2\/pages"}],"about":[{"href":"https:\/\/foodpunk.com\/de\/wp-json\/wp\/v2\/types\/page"}],"author":[{"embeddable":true,"href":"https:\/\/foodpunk.com\/de\/wp-json\/wp\/v2\/users\/38"}],"replies":[{"embeddable":true,"href":"https:\/\/foodpunk.com\/de\/wp-json\/wp\/v2\/comments?post=13743"}],"version-history":[{"count":4,"href":"https:\/\/foodpunk.com\/de\/wp-json\/wp\/v2\/pages\/13743\/revisions"}],"predecessor-version":[{"id":14464,"href":"https:\/\/foodpunk.com\/de\/wp-json\/wp\/v2\/pages\/13743\/revisions\/14464"}],"up":[{"embeddable":true,"href":"https:\/\/foodpunk.com\/de\/wp-json\/wp\/v2\/pages\/98"}],"wp:attachment":[{"href":"https:\/\/foodpunk.com\/de\/wp-json\/wp\/v2\/media?parent=13743"}],"curies":[{"name":"wp","href":"https:\/\/api.w.org\/{rel}","templated":true}]}}