{"id":12369,"date":"2023-03-20T15:03:49","date_gmt":"2023-03-20T15:03:49","guid":{"rendered":"https:\/\/foodpunk.com\/?page_id=12369"},"modified":"2023-03-20T15:04:34","modified_gmt":"2023-03-20T15:04:34","slug":"newsletter-abmelden","status":"publish","type":"page","link":"https:\/\/foodpunk.com\/de\/newsletter-abmelden\/","title":{"rendered":"Newsletter abmelden"},"content":{"rendered":"<div class=\"wpb-content-wrapper\"><p>[vc_row][vc_column col_sticky=&#8220;&#8220; offset=&#8220;vc_col-lg-offset-2 vc_col-lg-8 vc_col-md-offset-1 vc_col-md-10&#8243;]<div class=\"vmb-3 wpb_content_element\" ><div class=\"heading heading--h1 \"><h1 class=\"heading   \" >Du hast dich erfolgreich vom Newsletter abgemeldet<\/h1><\/div><\/div>[vc_column_text]<\/p>\n<p data-pm-slice=\"1 1 []\">Uuupps, du hast dich verklickt und hast immer noch Lust auf regelm\u00e4\u00dfige Tipps zu Wissensbeitr\u00e4gen, Inspiration &amp; Motivation, leckere Rezeptideen, News \u00fcber neue Challenges oder aktuelle Angebote? Dann trage dich hier erneut f\u00fcr unseren Foodpunk Newsletter ein!<\/p>\n<p>[\/vc_column_text]<div class=\"vmb-3 wpb_content_element\" ><div class=\"btn__wrapper \"><a href=\"https:\/\/foodpunk.us12.list-manage.com\/subscribe\/post?u=5ef62ef52977c5da0777fe1da&amp;id=d2169ad090\" target=\"\" rel=\"noopener\" title=\"Jetzt zum Newsletter anmelden\" class=\"btn--full btn--primary btn--lg \"><span>Jetzt wieder zum Newsletter anmelden<\/span><\/a><\/div><\/div>[\/vc_column][\/vc_row]<\/p>\n<\/div>","protected":false},"excerpt":{"rendered":"<p>[vc_row][vc_column col_sticky=&#8220;&#8220; offset=&#8220;vc_col-lg-offset-2 vc_col-lg-8 vc_col-md-offset-1 vc_col-md-10&#8243;][vc_column_text] Uuupps, du hast dich verklickt und hast immer noch Lust auf regelm\u00e4\u00dfige Tipps zu Wissensbeitr\u00e4gen, Inspiration &amp; Motivation, leckere Rezeptideen, News \u00fcber neue Challenges oder aktuelle Angebote? Dann trage dich hier erneut f\u00fcr unseren Foodpunk Newsletter ein! [\/vc_column_text][\/vc_column][\/vc_row]<\/p>\n","protected":false},"author":38,"featured_media":0,"parent":0,"menu_order":31,"comment_status":"closed","ping_status":"closed","template":"","meta":{"_acf_changed":false,"inline_featured_image":false,"footnotes":""},"class_list":["post-12369","page","type-page","status-publish","hentry"],"acf":[],"_links":{"self":[{"href":"https:\/\/foodpunk.com\/de\/wp-json\/wp\/v2\/pages\/12369","targetHints":{"allow":["GET"]}}],"collection":[{"href":"https:\/\/foodpunk.com\/de\/wp-json\/wp\/v2\/pages"}],"about":[{"href":"https:\/\/foodpunk.com\/de\/wp-json\/wp\/v2\/types\/page"}],"author":[{"embeddable":true,"href":"https:\/\/foodpunk.com\/de\/wp-json\/wp\/v2\/users\/38"}],"replies":[{"embeddable":true,"href":"https:\/\/foodpunk.com\/de\/wp-json\/wp\/v2\/comments?post=12369"}],"version-history":[{"count":3,"href":"https:\/\/foodpunk.com\/de\/wp-json\/wp\/v2\/pages\/12369\/revisions"}],"predecessor-version":[{"id":12373,"href":"https:\/\/foodpunk.com\/de\/wp-json\/wp\/v2\/pages\/12369\/revisions\/12373"}],"wp:attachment":[{"href":"https:\/\/foodpunk.com\/de\/wp-json\/wp\/v2\/media?parent=12369"}],"curies":[{"name":"wp","href":"https:\/\/api.w.org\/{rel}","templated":true}]}}