{"id":11804,"date":"2023-02-28T10:42:22","date_gmt":"2023-02-28T10:42:22","guid":{"rendered":"https:\/\/foodpunk.com\/anleitung-partnerprogramm-2\/"},"modified":"2023-12-09T08:22:25","modified_gmt":"2023-12-09T08:22:25","slug":"fatburn-guide","status":"publish","type":"page","link":"https:\/\/foodpunk.com\/de\/fatburn-guide\/","title":{"rendered":"Fatburn Guide"},"content":{"rendered":"<div class=\"wpb-content-wrapper\"><p>[vc_section row_bg_color=&#8220;bg&#8211;color&#8211;bg-primary&#8220;][vc_row content_placement=&#8220;middle&#8220;][vc_column width=&#8220;1\/2&#8243; col_sticky=&#8220;&#8220;]<div class=\"vmb-3 wpb_content_element\" ><div class=\"heading heading--h1 \"><h1 class=\"heading   \" ><em>Fatburn<\/em> Guide<\/h1><\/div><\/div>[vc_column_text]Du hast es geschafft! Lade jetzt deinen Fatburn Guide hier herunter.[\/vc_column_text]<div class=\"vmb-3 wpb_content_element\" ><div class=\"btn__wrapper \"><a href=\"https:\/\/foodpunk.com\/wp-content\/uploads\/DER_FOODPUNK_FATBURN_GUIDE.02.pdf\" target=\"\" rel=\"\" title=\"\" class=\"btn--full btn--primary btn--md \"><span>Download Fatburn Guide<\/span><\/a><\/div><\/div>[\/vc_column][vc_column width=&#8220;1\/2&#8243;][vc_single_image image=&#8220;11810&#8243; img_size=&#8220;large&#8220;][\/vc_column][\/vc_row][\/vc_section][vc_row row_padding=&#8220;vpt-7 vpb-7&#8243;][vc_column]<div class=\"vmb-3 wpb_content_element\" ><div id=\"topofthelist\" class=\"blog\"><div class=\"blog__loop--headline\"><h2>Neueste Artikel<\/h2><\/div><div class=\"blog__loop\">\r\n\t<div id=\"post-72270\" class=\"blog__loop__article --1 post-72270 post type-post status-publish format-standard hentry category-abnehmen category-alles-ueber-ernaehrung\" onclick=\"location.href='https:\/\/foodpunk.com\/de\/blog\/veganer-ernaehrungsplan\/';\" >\n\t<div class=\"blog__loop__img\">\n\t\t<img loading=\"lazy\" decoding=\"async\" width=\"768\" height=\"512\" src=\"https:\/\/foodpunk.com\/wp-content\/uploads\/Veganer-Ernaehrungsplan-768x512.jpg\" class=\"blur wp-post-image\" alt=\"Veganer Ern\u00e4hrungsplan\" srcset=\"https:\/\/foodpunk.com\/wp-content\/uploads\/Veganer-Ernaehrungsplan-768x512.jpg 768w, https:\/\/foodpunk.com\/wp-content\/uploads\/Veganer-Ernaehrungsplan-300x200.jpg 300w, https:\/\/foodpunk.com\/wp-content\/uploads\/Veganer-Ernaehrungsplan-1024x683.jpg 1024w, https:\/\/foodpunk.com\/wp-content\/uploads\/Veganer-Ernaehrungsplan-1536x1024.jpg 1536w, https:\/\/foodpunk.com\/wp-content\/uploads\/Veganer-Ernaehrungsplan.jpg 2048w\" sizes=\"auto, (max-width: 768px) 100vw, 768px\" \/>\t<\/div>\n\t<div class=\"blog__loop__body\">\n\t\t<div>\n\t\t\t<div class=\"blog__meta\">\n\t\t\t\t<div class=\"blog__meta__readingtime\">\n\t\t\t\t\t6 Minuten Lesezeit\t\t\t\t<\/div>\t\n\t\t\t<\/div>\n\t\t\t<p class=\"h4\">\t\n\t\t\t\t<a href=\"https:\/\/foodpunk.com\/de\/blog\/veganer-ernaehrungsplan\/\">\n\t\t\t\t\tVeganer Ern\u00e4hrungsplan: Nachhaltig, gesund und lecker durch den Alltag\t\t\t\t<\/a>\n\t\t\t<\/p>\n\t\t\t<p>\n\t\t\t\tIn diesem Artikel zeigen wir dir, wie ein veganer Ern\u00e4hrungsplan aufgebaut sein kann, worauf du achten solltest und wie du mit dem individuellen Ern\u00e4hrungsplan von Foodpunk entspannt, lecker und gesund vegan durchs Leben gehst.\t\t\t<\/p>\n\t\t\t\n\t\t\t<ul class=\"blog__loop__categories\">\n\t\t\t<li><a href=\"\/de\/blog\/abnehmen\">Abnehmen<\/a><\/li><li><a href=\"\/de\/blog\/alles-ueber-ernaehrung\">Alles \u00fcber Ern\u00e4hrung<\/a><\/li>\t\t\t<\/ul>\n\n\t\t<\/div>\n\t<\/div>\n<\/div><div id=\"post-71711\" class=\"blog__loop__article --2 post-71711 post type-post status-publish format-standard hentry category-alles-ueber-ernaehrung category-alltagstipps category-clean-eating category-gesundheit category-motivation-selfcare\" onclick=\"location.href='https:\/\/foodpunk.com\/de\/blog\/bryan-johnson-blueprint\/';\" >\n\t<div class=\"blog__loop__img\">\n\t\t<img loading=\"lazy\" decoding=\"async\" width=\"768\" height=\"432\" src=\"https:\/\/foodpunk.com\/wp-content\/uploads\/Bryan-Johnson-Artikel-768x432.png\" class=\"blur wp-post-image\" alt=\"Biohacking\" srcset=\"https:\/\/foodpunk.com\/wp-content\/uploads\/Bryan-Johnson-Artikel-768x432.png 768w, https:\/\/foodpunk.com\/wp-content\/uploads\/Bryan-Johnson-Artikel-300x169.png 300w, https:\/\/foodpunk.com\/wp-content\/uploads\/Bryan-Johnson-Artikel-1024x576.png 1024w, https:\/\/foodpunk.com\/wp-content\/uploads\/Bryan-Johnson-Artikel-1536x864.png 1536w, https:\/\/foodpunk.com\/wp-content\/uploads\/Bryan-Johnson-Artikel.png 1920w\" sizes=\"auto, (max-width: 768px) 100vw, 768px\" \/>\t<\/div>\n\t<div class=\"blog__loop__body\">\n\t\t<div>\n\t\t\t<div class=\"blog__meta\">\n\t\t\t\t<div class=\"blog__meta__readingtime\">\n\t\t\t\t\t10 Minuten Lesezeit\t\t\t\t<\/div>\t\n\t\t\t<\/div>\n\t\t\t<p class=\"h4\">\t\n\t\t\t\t<a href=\"https:\/\/foodpunk.com\/de\/blog\/bryan-johnson-blueprint\/\">\n\t\t\t\t\tBryan Johnson: Das Geheimnis seines Longevity-Blueprints und seine Ern\u00e4hrung f\u00fcr ein l\u00e4ngeres Leben\t\t\t\t<\/a>\n\t\t\t<\/p>\n\t\t\t<p>\n\t\t\t\tBryan Johnsons Blueprint vs. Foodpunk: Extrem-Biohacking oder alltagstaugliche Longevity? Erfahre, wie du wissenschaftlich fundiert l\u00e4nger gesund lebst!\t\t\t<\/p>\n\t\t\t\n\t\t\t<ul class=\"blog__loop__categories\">\n\t\t\t<li><a href=\"\/de\/blog\/alles-ueber-ernaehrung\">Alles \u00fcber Ern\u00e4hrung<\/a><\/li><li><a href=\"\/de\/blog\/alltagstipps\">Alltagstipps<\/a><\/li><li><a href=\"\/de\/blog\/clean-eating\">Clean Eating<\/a><\/li><li><a href=\"\/de\/blog\/gesundheit\">Gesundheit<\/a><\/li><li><a href=\"\/de\/blog\/motivation-selfcare\">Motivation &amp; Selfcare<\/a><\/li>\t\t\t<\/ul>\n\n\t\t<\/div>\n\t<\/div>\n<\/div><div id=\"post-222\" class=\"blog__loop__article --3 post-222 post type-post status-publish format-standard hentry category-abnehmen category-alles-ueber-ernaehrung category-gesundheit tag-kalorien tag-kalorien-zaehlen tag-kalorienrestriktion\" onclick=\"location.href='https:\/\/foodpunk.com\/de\/blog\/kalorien-zaehlen\/';\" >\n\t<div class=\"blog__loop__img\">\n\t\t<img loading=\"lazy\" decoding=\"async\" width=\"768\" height=\"512\" src=\"https:\/\/foodpunk.com\/wp-content\/uploads\/Kalorien-scaled-1-768x512.jpg\" class=\"blur wp-post-image\" alt=\"Kalorien z\u00e4hlen - Wirklich sinnvoll zum Abnehmen?\" srcset=\"https:\/\/foodpunk.com\/wp-content\/uploads\/Kalorien-scaled-1-768x512.jpg 768w, https:\/\/foodpunk.com\/wp-content\/uploads\/Kalorien-scaled-1-300x200.jpg 300w, https:\/\/foodpunk.com\/wp-content\/uploads\/Kalorien-scaled-1-1024x683.jpg 1024w, https:\/\/foodpunk.com\/wp-content\/uploads\/Kalorien-scaled-1-1536x1024.jpg 1536w, https:\/\/foodpunk.com\/wp-content\/uploads\/Kalorien-scaled-1.jpg 2048w\" sizes=\"auto, (max-width: 768px) 100vw, 768px\" \/>\t<\/div>\n\t<div class=\"blog__loop__body\">\n\t\t<div>\n\t\t\t<div class=\"blog__meta\">\n\t\t\t\t<div class=\"blog__meta__readingtime\">\n\t\t\t\t\t6 Minuten Lesezeit\t\t\t\t<\/div>\t\n\t\t\t<\/div>\n\t\t\t<p class=\"h4\">\t\n\t\t\t\t<a href=\"https:\/\/foodpunk.com\/de\/blog\/kalorien-zaehlen\/\">\n\t\t\t\t\tKalorien z\u00e4hlen \u2013 Ist das wirklich der Schl\u00fcssel zum Abnehmen?\t\t\t\t<\/a>\n\t\t\t<\/p>\n\t\t\t<p>\n\t\t\t\tKalorien z\u00e4hlen allein reicht nicht aus \u2013 die N\u00e4hrstoffqualit\u00e4t spielt eine entscheidende Rolle f\u00fcr deinen Stoffwechsel, deine Hormone und dein S\u00e4ttigungsgef\u00fchl. Erfahre, warum nicht jede Kalorie gleich ist und wie eine ausgewogene Ern\u00e4hrung langfristig beim Abnehmen hilft.\t\t\t<\/p>\n\t\t\t\n\t\t\t<ul class=\"blog__loop__categories\">\n\t\t\t<li><a href=\"\/de\/blog\/abnehmen\">Abnehmen<\/a><\/li><li><a href=\"\/de\/blog\/alles-ueber-ernaehrung\">Alles \u00fcber Ern\u00e4hrung<\/a><\/li><li><a href=\"\/de\/blog\/gesundheit\">Gesundheit<\/a><\/li>\t\t\t<\/ul>\n\n\t\t<\/div>\n\t<\/div>\n<\/div><\/div><div class=\"mixitup-page-list\"><\/div><\/div><\/div>[\/vc_column][\/vc_row][vc_row row_padding=&#8220;&#8220; row_maxwidth=&#8220;&#8220;][vc_column]<div class=\"templatera_shortcode\"><section class=\"vc_section custom bg--color--bg-green vc_section-sided\"><div class=\"vc_section__bgtext vc_section__bgtext--punk\">PUNK<\/div><div class=\"vc_container vc_maxwidth \"><div class=\"vc_row wpb_row vc_row-fluid vc_row-o-content-bottom vc_row-flex custom vpt-3\"><div class=\"wpb_column vc_column_container vc_col-sm-12 vc_col-lg-5 vc_col-md-8\"><div class=\"vc_column-inner\"><div class=\"wpb_wrapper\"><div class=\"vc_row wpb_row vc_inner vc_row-fluid vpt-7 vpb-7\"><div class=\"wpb_column vc_column_container vc_col-sm-12\"><div class=\"vc_column-inner\"><div class=\"wpb_wrapper\"><div class=\"vmb-3 wpb_content_element\" ><div class=\"heading heading--h2 \"><h2 class=\"heading   \" >Du m\u00f6chtest auch erfolgreich und lecker <strong>abnehmen?<\/strong><\/h2><\/div><\/div><div class=\"wpb_content_element\" ><div class=\"heading heading--p \"><p class=\"heading h4  \" >Tausende Foodpunks haben mit uns ihr Wunschgewicht, mehr Selbstbewusstsein und ein besseres Wohlbefinden erreicht.<\/p><\/div><\/div><div class=\"vmb-7 wpb_content_element\" ><div class=\"heading heading--p \"><p class=\"heading h4  \" >Lass dir hunderte Rezepte zum Abnehmen, auf dich pers\u00f6nlich optimiert, in unserer preisgekr\u00f6nten App empfehlen.<\/p><\/div><\/div><div class=\"vmt-5 vmb-5 wpb_content_element\"  data-aos=\"fade-up\" ><div class=\"btn__wrapper \"><a href=\"https:\/\/foodpunk.com\/de\/ernaehrungsplaene\/abnehmen-ernaehrungsplan\/\" target=\"\" rel=\"\" title=\"\" class=\"btn--full btn--primary btn--md \"><span>Jetzt kostenlos testen!<\/span><\/a><\/div><\/div><\/div><\/div><\/div><\/div><\/div><\/div><\/div><div class=\"wpb_column vc_column_container vc_col-sm-9 vc_col-lg-offset-0 vc_col-lg-7 vc_col-md-offset-2 vc_col-md-8\"><div class=\"vc_column-inner\"><div class=\"wpb_wrapper\">\n\t<div  class=\"wpb_single_image wpb_content_element vc_align_right wpb_content_element\" >\n\t\t\n\t\t<figure class=\"wpb_wrapper vc_figure\">\n\t\t\t<div class=\"vc_single_image-wrapper  \"><img loading=\"lazy\" decoding=\"async\" width=\"762\" height=\"853\" src=\"https:\/\/foodpunk.com\/wp-content\/uploads\/Buy-Bild2.png\" class=\"vc_single_image-img attachment-full\" alt=\"\" title=\"Buy-Bild2\" srcset=\"https:\/\/foodpunk.com\/wp-content\/uploads\/Buy-Bild2.png 762w, https:\/\/foodpunk.com\/wp-content\/uploads\/Buy-Bild2-268x300.png 268w\" sizes=\"auto, (max-width: 762px) 100vw, 762px\"><\/div>\n\t\t<\/figure>\n\t<\/div>\n<\/div><\/div><\/div><\/div><\/div><div class=\"vc_section__side\"><span class=\"vc_section__side__text\">Mitgliedschaft<\/span><div class=\"vc_section__side__border\"><div class=\"vc_section__side__dot\"><\/div><\/div><\/div><\/section><\/div>[\/vc_column][\/vc_row]<\/p>\n<\/div>","protected":false},"excerpt":{"rendered":"Das wichtigste in K\u00fcrze: Kalorien z\u00e4hlen hilft, aber die N\u00e4hrstoffqualit\u00e4t ist ebenso entscheidend f\u00fcr Gesundheit und Wohlbefinden. Nicht jede Kalorie ist gleich \u2013 verarbeitete Lebensmittel wirken anders auf den K\u00f6rper als n\u00e4hrstoffreiche Lebensmittel. Makron\u00e4hrstoffe und Mikron\u00e4hrstoffe beeinflussen den Stoffwechsel, die Hormonregulation und das S\u00e4ttigungsgef\u00fchl. Einseitiges Kalorienz\u00e4hlen kann zu N\u00e4hrstoffmangel f\u00fchren \u2013 mit negativen Folgen f\u00fcr [...]","protected":false},"author":30,"featured_media":0,"parent":0,"menu_order":17,"comment_status":"closed","ping_status":"closed","template":"","meta":{"_acf_changed":false,"inline_featured_image":false,"footnotes":""},"class_list":["post-11804","page","type-page","status-publish","hentry"],"acf":[],"_links":{"self":[{"href":"https:\/\/foodpunk.com\/de\/wp-json\/wp\/v2\/pages\/11804","targetHints":{"allow":["GET"]}}],"collection":[{"href":"https:\/\/foodpunk.com\/de\/wp-json\/wp\/v2\/pages"}],"about":[{"href":"https:\/\/foodpunk.com\/de\/wp-json\/wp\/v2\/types\/page"}],"author":[{"embeddable":true,"href":"https:\/\/foodpunk.com\/de\/wp-json\/wp\/v2\/users\/30"}],"replies":[{"embeddable":true,"href":"https:\/\/foodpunk.com\/de\/wp-json\/wp\/v2\/comments?post=11804"}],"version-history":[{"count":5,"href":"https:\/\/foodpunk.com\/de\/wp-json\/wp\/v2\/pages\/11804\/revisions"}],"predecessor-version":[{"id":11817,"href":"https:\/\/foodpunk.com\/de\/wp-json\/wp\/v2\/pages\/11804\/revisions\/11817"}],"wp:attachment":[{"href":"https:\/\/foodpunk.com\/de\/wp-json\/wp\/v2\/media?parent=11804"}],"curies":[{"name":"wp","href":"https:\/\/api.w.org\/{rel}","templated":true}]}}