{"id":116,"date":"2022-09-30T10:58:51","date_gmt":"2022-09-30T10:58:49","guid":{"rendered":"https:\/\/foodpunk.com\/impressum\/"},"modified":"2026-03-05T12:24:50","modified_gmt":"2026-03-05T11:24:50","slug":"impressum","status":"publish","type":"page","link":"https:\/\/foodpunk.com\/de\/impressum\/","title":{"rendered":"Impressum"},"content":{"rendered":"<div class=\"wpb-content-wrapper\"><p>[vc_row][vc_column col_sticky=&#8220;&#8220; offset=&#8220;vc_col-lg-offset-2 vc_col-lg-8 vc_col-md-offset-1 vc_col-md-10&#8243;]<div class=\"vmb-3 wpb_content_element\" ><div class=\"heading heading--h1 \"><h1 class=\"heading   \" >Impressum<\/h1><\/div><\/div>[vc_column_text]<strong>Angaben gem\u00e4\u00df \u00a7 5 TMG<\/strong><\/p>\n<p>Foodpunk GmbH<br \/>\nHarthausener Str. 12<br \/>\n85630 Grasbrunn<\/p>\n<p>Amtsgericht M\u00fcnchen; HRB 218856<br \/>\nUSt-IdNr. DE300536962<\/p>\n<p>Telefon: 089 35762016 (Mo-Do 8-16 Uhr, Fr 8-14 Uhr)<br \/>\nE-Mail: <a href=\"mailto:info@foodpunk.de\">info@foodpunk.de<\/a><\/p>\n<p><strong>Vertreten durch:<\/strong><br \/>\nMarina Lommel<\/p>\n<p><strong>Verantwortlich f\u00fcr den Inhalt\u00a0<\/strong>(gem. \u00a7 55 Abs. 2 RStV):<br \/>\nMarina Lommel<br \/>\nFoodpunk GmbH<br \/>\nHarthausener Str. 12<br \/>\n85630 Grasbrunn[\/vc_column_text][vc_column_text]<strong>Bilder:<br \/>\n<\/strong>\u00a9 Marina Lommel<br \/>\n\u00a9\u00a0<a href=\"http:\/\/www.mk-foto.eu\/\" target=\"_blank\" rel=\"nofollow noopener\">Mitya Kolomiyets<\/a><br \/>\n\u00a9 vladwel \u2013 Fotolia.com<\/p>\n<p>&nbsp;<\/p>\n<p>Foodpunk GmbH<br \/>\nHarthausener Str. 12<br \/>\n85630 Grasbrunn<\/p>\n<p>Autor: Foodpunk GmbH; Fotos: Mitya Kolomiyets; Food-Styling: Foodpunk GmbH<\/p>\n<p>Alle Ern\u00e4hrungspl\u00e4ne der Foodpunk GmbH sind dem privaten Gebrauch vorbehalten. Vervielf\u00e4ltigung, Weitergabe und\/oder Verbreitung sowie kommerzielle Nutzung der Rezepte und Berechnungen nur mit ausdr\u00fccklicher und schriftlicher Genehmigung der Foodpunk GmbH. Zuwiderhandlungen verpflichten zu Schadenersatz.<\/p>\n<p><b>Haftungsausschluss und allgemeiner Hinweis zu medizinischen Themen:<\/b>\u00a0Die hier dargestellten Inhalte dienen ausschlie\u00dflich der neutralen Information und allgemeinen Weiterbildung. Sie stellen keine Empfehlung oder Bewerbung der beschriebenen oder erw\u00e4hnten diagnostischen Methoden, Behandlungen oder Arzneimittel dar. Der Text erhebt weder einen Anspruch auf Vollst\u00e4ndigkeit noch kann die Aktualit\u00e4t, Richtigkeit und Ausgewogenheit der dargebotenen Information garantiert werden. Der Text ersetzt keinesfalls die fachliche Beratung durch einen Arzt oder Apotheker und er darf nicht als Grundlage zur eigenst\u00e4ndigen Diagnose und Beginn, \u00c4nderung oder Beendigung einer Behandlung von Krankheiten verwendet werden. Konsultieren Sie bei gesundheitlichen Fragen oder Beschwerden immer den Arzt Ihres Vertrauens! Foodpunk GmbH und Autoren \u00fcbernehmen keine Haftung f\u00fcr Unannehmlichkeiten oder Sch\u00e4den, die sich aus der Anwendung der hier dargestellten Information ergeben.<\/p>\n<p><strong>Informationen zur Online-Streitbeilegung:\u00a0<\/strong><br \/>\nDie EU-Kommission stellt im Internet unter folgendem Link eine Plattform zur Online-Streitbeilegung bereit:\u00a0<a href=\"http:\/\/ec.europa.eu\/consumers\/odr\" target=\"_blank\" rel=\"nofollow noopener\">http:\/\/ec.europa.eu\/consumers\/odr<\/a><\/p>\n<p>Diese Plattform dient als Anlaufstelle zur au\u00dfergerichtlichen Beilegung von Streitigkeiten aus Online-Kauf- oder Dienstleistungsvertr\u00e4gen, an denen ein Verbraucher beteiligt ist.<\/p>\n<p><em>Stand:\u00a001.01.2020<\/em><\/p>\n<p>&nbsp;<\/p>\n<p>Foodpunk GmbH<br \/>\nHarthausener Str. 12<br \/>\n85630 Grasbrunn<\/p>\n<p>Autor: Foodpunk GmbH; Fotos: Mitya Kolomiyets; Food-Styling: Foodpunk GmbH<\/p>\n<p>Alle Ern\u00e4hrungspl\u00e4ne der Foodpunk GmbH sind dem privaten Gebrauch vorbehalten. Vervielf\u00e4ltigung, Weitergabe und\/oder Verbreitung sowie kommerzielle Nutzung der Rezepte und Berechnungen nur mit ausdr\u00fccklicher und schriftlicher Genehmigung der Foodpunk GmbH. Zuwiderhandlungen verpflichten zu Schadenersatz.<\/p>\n<p>Hinweis: Alle Ern\u00e4hrungspl\u00e4ne sind sorgf\u00e4ltig erarbeitet worden. Dennoch erfolgen alle Angaben ohne Gew\u00e4hr. Weder Autor noch die Foodpunk GmbH k\u00f6nnen f\u00fcr eventuelle Nachteile oder Sch\u00e4den, die aus den im Ern\u00e4hrungsplan gegebenen Hinweisen resultieren, eine Haftung \u00fcbernehmen.<br \/>\nDie Ern\u00e4hrungspl\u00e4ne der Foodpunk GmbH dienen nicht der Diagnose oder Behandlung von Krankheiten und ersetzen nicht die Betreuung durch einen Arzt. Sie richten sich an gesunde Menschen, die Gewicht abnehmen, Muskeln aufbauen oder Gewicht halten und sich fitter f\u00fchlen m\u00f6chten.[\/vc_column_text][vc_column_text]<strong>Konzeption, Webdesign und Development<br \/>\n<\/strong><a href=\"https:\/\/www.artworx.com\" target=\"_blank\" rel=\"noopener noreferrer nofollow\">ARTWORX<\/a>[\/vc_column_text][\/vc_column][\/vc_row]<\/p>\n<\/div>","protected":false},"excerpt":{"rendered":"<p>[vc_row][vc_column col_sticky=&#8220;&#8220; offset=&#8220;vc_col-lg-offset-2 vc_col-lg-8 vc_col-md-offset-1 vc_col-md-10&#8243;][vc_column_text]Angaben gem\u00e4\u00df \u00a7 5 TMG Foodpunk GmbH Harthausener Str. 12 85630 Grasbrunn Amtsgericht M\u00fcnchen; HRB 218856 USt-IdNr. DE300536962 Telefon: 089 35762016 (Mo-Do 8-16 Uhr, Fr 8-14 Uhr) E-Mail: info@foodpunk.de Vertreten durch: Marina Lommel Verantwortlich f\u00fcr den Inhalt\u00a0(gem. \u00a7 55 Abs. 2 RStV): Marina Lommel Foodpunk GmbH Harthausener Str. 12 85630 [&hellip;]<\/p>\n","protected":false},"author":38,"featured_media":0,"parent":0,"menu_order":28,"comment_status":"closed","ping_status":"closed","template":"","meta":{"_acf_changed":false,"inline_featured_image":false,"footnotes":""},"class_list":["post-116","page","type-page","status-publish","hentry"],"acf":[],"_links":{"self":[{"href":"https:\/\/foodpunk.com\/de\/wp-json\/wp\/v2\/pages\/116","targetHints":{"allow":["GET"]}}],"collection":[{"href":"https:\/\/foodpunk.com\/de\/wp-json\/wp\/v2\/pages"}],"about":[{"href":"https:\/\/foodpunk.com\/de\/wp-json\/wp\/v2\/types\/page"}],"author":[{"embeddable":true,"href":"https:\/\/foodpunk.com\/de\/wp-json\/wp\/v2\/users\/38"}],"replies":[{"embeddable":true,"href":"https:\/\/foodpunk.com\/de\/wp-json\/wp\/v2\/comments?post=116"}],"version-history":[{"count":7,"href":"https:\/\/foodpunk.com\/de\/wp-json\/wp\/v2\/pages\/116\/revisions"}],"predecessor-version":[{"id":78753,"href":"https:\/\/foodpunk.com\/de\/wp-json\/wp\/v2\/pages\/116\/revisions\/78753"}],"wp:attachment":[{"href":"https:\/\/foodpunk.com\/de\/wp-json\/wp\/v2\/media?parent=116"}],"curies":[{"name":"wp","href":"https:\/\/api.w.org\/{rel}","templated":true}]}}