{"id":11422,"date":"2023-01-24T10:40:47","date_gmt":"2023-01-24T10:40:47","guid":{"rendered":"https:\/\/foodpunk.com\/preise-2\/"},"modified":"2023-01-24T10:45:52","modified_gmt":"2023-01-24T10:45:52","slug":"buchung","status":"publish","type":"page","link":"https:\/\/foodpunk.com\/de\/buchung\/","title":{"rendered":"Buchung"},"content":{"rendered":"<div class=\"wpb-content-wrapper\"><p>[vc_section row_bg_color=&#8220;bg&#8211;color&#8211;bg-primary&#8220;][vc_row][vc_column]<div class=\"mb0-xs  vmb-3  wpb_content_element\" ><div class=\"hero hero--c  hero--\"><div class=\"hero__content\"><h1 class=\"hero__heading heading heading--ani\">Dein leckerer Weg<br \/>\nzum <em>Wohlf\u00fchlk\u00f6rper<\/em><\/h1><div class=\"hero__text\"><p>W\u00e4hle nun deine Mitgliedschaft. Nach der Buchung beantwortest du weitere Fragen im Fragebogen.<\/p>\n<\/div><ul class=\"hero__bullets icon-list icon-list--check\"\"><li>Ausgefeiltes Anti-Hei\u00dfhunger-System<br \/><\/li>\n<li>100% individueller Ern\u00e4hrungsplan<br \/><\/li>\n<li>R\u00fccksicht auf Lebensmittelw\u00fcnsche, Allergien, Aktivit\u00e4t und mehr<\/li><\/ul><\/div><div class=\"hero__image\"><\/div><\/div><\/div>[\/vc_column][\/vc_row][\/vc_section][vc_row row_padding=&#8220;&#8220; row_maxwidth=&#8220;&#8220;][vc_column]<div class=\"templatera_shortcode\"><section id=\"buy\" class=\"vc_section custom bg--color--bg-green vc_section-sided\"><div class=\"vc_section__bgtext vc_section__bgtext--punk\">PUNK<\/div><div class=\"vc_container vc_maxwidth \"><div class=\"vc_row wpb_row vc_row-fluid vc_row-o-content-bottom vc_row-flex custom vpt-3\"><div class=\"wpb_column vc_column_container vc_col-sm-12 vc_col-lg-5\"><div class=\"vc_column-inner\"><div class=\"wpb_wrapper\"><div class=\"vc_row wpb_row vc_inner vc_row-fluid vpt-7 vpb-7\"><div class=\"wpb_column vc_column_container vc_col-sm-6 vc_col-lg-12\"><div class=\"vc_column-inner\"><div class=\"wpb_wrapper\"><div class=\"vmb-3 wpb_content_element\" ><div class=\"heading heading--h2 \"><h2 class=\"heading   \" >Hol dir jetzt deinen <strong>personalisierten Ern\u00e4hrungsplan<\/strong> zum einmaligen Testpreis - nur f\u00fcr kurze Zeit g\u00fcltig.<\/h2><\/div><\/div>\r\n\t<div  class=\"wpb_text_column wpb_content_element  vmb-3  wpb_content_element\">\r\n\t\t<p>2026 holst du dir deine Traumfigur!<\/p>\n<p>On top: mehr Energie, bessere Laune und ganz viel Freude auf dem Teller und dem Gaumen! Schlemm dich schlank mit Foodpunk!<\/p>\n<ul>\n<li>100% personalisierter Ern\u00e4hrungsplan<\/li>\n<li>Zugang zur preisgekr\u00f6nten Foodpunk App<\/li>\n<li>Optional: Zahlreiche Challenges und Wissenskurse<\/li>\n<li>Unterst\u00fctzung durch die Foodpunk Community<\/li>\n<li>Support von studierten Ern\u00e4hrungswissenschaftlern<\/li>\n<\/ul>\n\r\n\t<\/div>\r\n<\/div><\/div><\/div><div class=\"wpb_column vc_column_container vc_col-sm-6 vc_col-lg-12\"><div class=\"vc_column-inner\"><div class=\"wpb_wrapper\"><script src=\"https:\/\/js.chargebee.com\/v2\/chargebee.js\" data-cb-site=\"foodpunk\" data-cb-ga-enabled=\"false\" data-cb-gtm-enabled=\"true\" data-cb-fbq-enabled=\"true\"><\/script><script>\t\t\t\n\t\t\t\tfunction getUTMParams() {\n\t\t\t\t\tconst urlParams = new URLSearchParams(window.location.search);\n\t\t\t\t\tconst cookies = document.cookie.split(\"; \").reduce((acc, c) => {\n\t\t\t\t\t\tconst [key, val] = c.split(\"=\");\n\t\t\t\t\t\tacc[key] = decodeURIComponent(val || \"\");\n\t\t\t\t\t\treturn acc;\n\t\t\t\t\t}, {});\n\t\t\t\t\treturn {\n\t\t\t\t\t\tutm_source: urlParams.get(\"utm_source\") || cookies.utm_source || \"\",\n\t\t\t\t\t\tutm_medium: urlParams.get(\"utm_medium\") || cookies.utm_medium || \"\",\n\t\t\t\t\t\tutm_campaign: urlParams.get(\"utm_campaign\") || cookies.utm_campaign || \"\",\n\t\t\t\t\t\tutm_term: urlParams.get(\"utm_term\") || cookies.utm_term || \"\",\n\t\t\t\t\t\tutm_content: urlParams.get(\"utm_content\") || cookies.utm_content || \"\"\n\t\t\t\t\t};\n\t\t\t\t}\n\t\t\t\t\n\t\t\t\tconst utm = getUTMParams();\n\t\t\tdocument.addEventListener(\"DOMContentLoaded\", function () {var cbInstance = Chargebee.getInstance();var planElement = document.querySelector(\"[data-cb-item-0='1-monat']\");var product0 = cbInstance.getProduct(planElement);product0.setCustomData({\n\t\t\t\t\t\tcf_utm_source: utm.utm_source,\n\t\t\t\t\t\tcf_utm_medium: utm.utm_medium,\n\t\t\t\t\t\tcf_utm_campaign: utm.utm_campaign,\n\t\t\t\t\t\tcf_utm_term: utm.utm_term,\n\t\t\t\t\t\tcf_utm_content: utm.utm_content,\n\t\t\t\t\t});product0.addCoupon(\"1-monat-9-99\");});<\/script><div class=\"vmt-3 vmb-5 wpb_content_element\" ><div class=\"purchase\"><div class=\"product-card\" data-button=\"#checkout-btn-0\"><div class=\"product-card__label\"><div class=\"product-card__line\">Individueller Ern\u00e4hrungsplan inkl. Foodpunk-App<\/div><div class=\"product-card__line\">Flexibel und jederzeit k\u00fcndbar<\/div><div class=\"product-card__line\">Preis gilt f\u00fcr 1 Monat Foodpunk-Plan<\/div><\/div><div class=\"product-card__price\"><div class=\"product-card__badge-wrapper\"><div class=\"product-card__badge\">Spare 20 Euro<\/div><\/div>9,99<br \/><span>29,99<\/span><\/div><\/div><div class=\"purchase__buttons\"><button id=\"checkout-btn-0\" type=\"submit\" href=\"javascript:void(0)\" data-cb-item-0=\"1-monat\" data-cb-type=\"checkout\" class=\"btn--full btn--primary btn--lg checkout-btn\" \">Jetzt buchen<\/button><\/div><\/div><\/div><\/div><\/div><\/div><\/div><\/div><\/div><\/div><div class=\"wpb_column vc_column_container vc_col-sm-9 vc_col-lg-offset-0 vc_col-lg-7 vc_col-md-offset-2 vc_col-md-8\"><div class=\"vc_column-inner\"><div class=\"wpb_wrapper\">\n\t<div  class=\"wpb_single_image wpb_content_element vc_align_right wpb_content_element\" >\n\t\t\n\t\t<figure class=\"wpb_wrapper vc_figure\">\n\t\t\t<div class=\"vc_single_image-wrapper  \"><img loading=\"lazy\" decoding=\"async\" width=\"635\" height=\"981\" src=\"https:\/\/foodpunk.com\/wp-content\/uploads\/Buy-Bild-1.png\" class=\"vc_single_image-img attachment-full\" alt=\"Foodpunk App\" title=\"\" srcset=\"https:\/\/foodpunk.com\/wp-content\/uploads\/Buy-Bild-1.png 635w, https:\/\/foodpunk.com\/wp-content\/uploads\/Buy-Bild-1-194x300.png 194w\" sizes=\"auto, (max-width: 635px) 100vw, 635px\" \/><\/div>\n\t\t<\/figure>\n\t<\/div>\n<\/div><\/div><\/div><\/div><\/div><div class=\"vc_section__side\"><span class=\"vc_section__side__text\">Mitgliedschaft<\/span><div class=\"vc_section__side__border\"><div class=\"vc_section__side__dot\"><\/div><\/div><\/div><\/section><\/div>[\/vc_column][\/vc_row][vc_section disable_element=&#8220;yes&#8220; row_padding=&#8220;custom&#8220; section_sidetitle=&#8220;Mitgliedschaft&#8220; el_id=&#8220;buy&#8220;][vc_row content_placement=&#8220;bottom&#8220; row_padding=&#8220;custom&#8220; row_padding_top=&#8220;vpt-3&#8243; row_bg_border=&#8220;bg&#8211;border bg&#8211;border&#8211;right&#8220;][vc_column col_sticky=&#8220;&#8220; offset=&#8220;vc_col-lg-5&#8243;][vc_row_inner row_padding=&#8220;custom&#8220; row_padding_top=&#8220;vpt-5&#8243; row_padding_bottom=&#8220;vpb-7&#8243;][vc_column_inner width=&#8220;1\/2&#8243; offset=&#8220;vc_col-lg-12&#8243;]<div class=\"vmb-3 wpb_content_element\" ><div class=\"heading heading--h2 \"><h2 class=\"heading   \" >Buche deinen pers\u00f6nlichen <strong>Ern\u00e4hrungsplan<\/strong> jetzt!<\/h2><\/div><\/div><div class=\"pr70-lg wpb_content_element\" ><div class=\"heading heading--p \"><p class=\"heading h4  \" >W\u00e4hle Deine Foodpunk-Mitgliedschaft<\/p><\/div><\/div>[\/vc_column_inner][vc_column_inner width=&#8220;1\/2&#8243; offset=&#8220;vc_col-lg-12&#8243;]<script src=\"https:\/\/js.chargebee.com\/v2\/chargebee.js\" data-cb-site=\"foodpunk\" data-cb-ga-enabled=\"false\" data-cb-gtm-enabled=\"true\" data-cb-fbq-enabled=\"true\"><\/script><script>\t\t\t\n\t\t\t\tfunction getUTMParams() {\n\t\t\t\t\tconst urlParams = new URLSearchParams(window.location.search);\n\t\t\t\t\tconst cookies = document.cookie.split(\"; \").reduce((acc, c) => {\n\t\t\t\t\t\tconst [key, val] = c.split(\"=\");\n\t\t\t\t\t\tacc[key] = decodeURIComponent(val || \"\");\n\t\t\t\t\t\treturn acc;\n\t\t\t\t\t}, {});\n\t\t\t\t\treturn {\n\t\t\t\t\t\tutm_source: urlParams.get(\"utm_source\") || cookies.utm_source || \"\",\n\t\t\t\t\t\tutm_medium: urlParams.get(\"utm_medium\") || cookies.utm_medium || \"\",\n\t\t\t\t\t\tutm_campaign: urlParams.get(\"utm_campaign\") || cookies.utm_campaign || \"\",\n\t\t\t\t\t\tutm_term: urlParams.get(\"utm_term\") || cookies.utm_term || \"\",\n\t\t\t\t\t\tutm_content: urlParams.get(\"utm_content\") || cookies.utm_content || \"\"\n\t\t\t\t\t};\n\t\t\t\t}\n\t\t\t\t\n\t\t\t\tconst utm = getUTMParams();\n\t\t\tdocument.addEventListener(\"DOMContentLoaded\", function () {var cbInstance = Chargebee.getInstance();var planElement = document.querySelector(\"[data-cb-item-0='12-monate-ohne-startgeb\u00fchr']\");var product0 = cbInstance.getProduct(planElement);product0.setCustomData({\n\t\t\t\t\t\tcf_utm_source: utm.utm_source,\n\t\t\t\t\t\tcf_utm_medium: utm.utm_medium,\n\t\t\t\t\t\tcf_utm_campaign: utm.utm_campaign,\n\t\t\t\t\t\tcf_utm_term: utm.utm_term,\n\t\t\t\t\t\tcf_utm_content: utm.utm_content,\n\t\t\t\t\t});product0.addCoupon(\"MAERZ50\");var planElement = document.querySelector(\"[data-cb-item-0='1-monat-ohne-startgeb\u00fchr']\");var product1 = cbInstance.getProduct(planElement);product1.setCustomData({\n\t\t\t\t\t\tcf_utm_source: utm.utm_source,\n\t\t\t\t\t\tcf_utm_medium: utm.utm_medium,\n\t\t\t\t\t\tcf_utm_campaign: utm.utm_campaign,\n\t\t\t\t\t\tcf_utm_term: utm.utm_term,\n\t\t\t\t\t\tcf_utm_content: utm.utm_content,\n\t\t\t\t\t});product1.addCoupon(\"MARCH2022\");});<\/script><div class=\"vmt-3 vmb-5 wpb_content_element\" ><div class=\"purchase\"><div class=\"product-card\" data-button=\"#checkout-btn-0\"><div class=\"product-card__label\"><div class=\"product-card__line\">Foodpunk Mitgliedschaft j\u00e4hrlich <span>(7 Tage kostenlos testen)<\/span><\/div><div class=\"product-card__line\"><\/div><div class=\"product-card__line\"><\/div><\/div><div class=\"product-card__price\"><div class=\"product-card__badge-wrapper\"><div class=\"product-card__badge\">45% gespart<\/div><\/div>99 \u20ac<\/div><\/div><div class=\"product-card\" data-button=\"#checkout-btn-1\"><div class=\"product-card__label\"><div class=\"product-card__line\">Foodpunk Mitgliedschaft monatlich <span>(7 Tage kostenlos testen)<\/span><\/div><div class=\"product-card__line\"><\/div><div class=\"product-card__line\"><\/div><\/div><div class=\"product-card__price\">14,99 \u20ac<\/div><\/div><div class=\"purchase__buttons\"><button id=\"checkout-btn-0\" type=\"submit\" href=\"javascript:void(0)\" data-cb-item-0=\"12-monate-ohne-startgeb\u00fchr\" data-cb-type=\"checkout\" class=\"btn--full btn--primary btn--lg checkout-btn\" \">Jetzt buchen<\/button><button id=\"checkout-btn-1\" type=\"submit\" href=\"javascript:void(0)\" data-cb-item-0=\"1-monat-ohne-startgeb\u00fchr\" data-cb-type=\"checkout\" class=\"btn--full btn--primary btn--lg checkout-btn\" style=\"display: none;\"\">Jetzt buchen<\/button><\/div><\/div><\/div>[\/vc_column_inner][\/vc_row_inner][\/vc_column][vc_column width=&#8220;3\/4&#8243; col_sticky=&#8220;&#8220; offset=&#8220;vc_col-lg-offset-0 vc_col-lg-7 vc_col-md-offset-2 vc_col-md-8&#8243;][vc_single_image image=&#8220;6473&#8243; img_size=&#8220;full&#8220; alignment=&#8220;right&#8220; elem_margin_bottom=&#8220;&#8220;][\/vc_column][\/vc_row][\/vc_section]<\/p>\n<\/div>","protected":false},"excerpt":{"rendered":"Dein leckerer Weg zum Wohlf\u00fchlk\u00f6rperW\u00e4hle nun deine Mitgliedschaft. Nach der Buchung beantwortest du weitere Fragen im Fragebogen. Jetzt buchen Mitgliedschaft","protected":false},"author":2,"featured_media":0,"parent":0,"menu_order":25,"comment_status":"closed","ping_status":"closed","template":"","meta":{"_acf_changed":false,"inline_featured_image":false,"footnotes":""},"class_list":["post-11422","page","type-page","status-publish","hentry"],"acf":[],"_links":{"self":[{"href":"https:\/\/foodpunk.com\/de\/wp-json\/wp\/v2\/pages\/11422","targetHints":{"allow":["GET"]}}],"collection":[{"href":"https:\/\/foodpunk.com\/de\/wp-json\/wp\/v2\/pages"}],"about":[{"href":"https:\/\/foodpunk.com\/de\/wp-json\/wp\/v2\/types\/page"}],"author":[{"embeddable":true,"href":"https:\/\/foodpunk.com\/de\/wp-json\/wp\/v2\/users\/2"}],"replies":[{"embeddable":true,"href":"https:\/\/foodpunk.com\/de\/wp-json\/wp\/v2\/comments?post=11422"}],"version-history":[{"count":3,"href":"https:\/\/foodpunk.com\/de\/wp-json\/wp\/v2\/pages\/11422\/revisions"}],"predecessor-version":[{"id":11425,"href":"https:\/\/foodpunk.com\/de\/wp-json\/wp\/v2\/pages\/11422\/revisions\/11425"}],"wp:attachment":[{"href":"https:\/\/foodpunk.com\/de\/wp-json\/wp\/v2\/media?parent=11422"}],"curies":[{"name":"wp","href":"https:\/\/api.w.org\/{rel}","templated":true}]}}