{"id":110,"date":"2022-09-30T10:58:51","date_gmt":"2022-09-30T10:58:47","guid":{"rendered":"https:\/\/foodpunk.com\/mitgliedschaft-verwalten\/"},"modified":"2023-09-01T06:35:04","modified_gmt":"2023-09-01T06:35:04","slug":"mitgliedschaft-verwalten","status":"publish","type":"page","link":"https:\/\/foodpunk.com\/de\/services\/mitgliedschaft-verwalten\/","title":{"rendered":"Mitgliedschaft verwalten"},"content":{"rendered":"<div class=\"wpb-content-wrapper\"><p>[vc_section row_bg_color=&#8220;bg&#8211;color&#8211;bg-blue&#8220;][vc_row][vc_column width=&#8220;5\/6&#8243; col_sticky=&#8220;&#8220; offset=&#8220;vc_col-lg-6 vc_col-md-8&#8243;]<div class=\"vmb-3 wpb_content_element\" ><div class=\"heading heading--h1 \"><h1 class=\"heading   \" >Verwalte deine<br \/>\n<em>Mitgliedschaft<\/em><\/h1><\/div><\/div><div class=\"vmb-3 wpb_content_element\" ><div class=\"heading heading--p \"><p class=\"heading h4  \" >Hier kannst du deine Foodpunk Mitgliedschaft zum n\u00e4chstm\u00f6glichen Zeitpunkt k\u00fcndigen oder verwalten.<\/p><\/div><\/div>[\/vc_column][\/vc_row][\/vc_section][vc_row][vc_column col_sticky=&#8220;&#8220; offset=&#8220;vc_col-lg-offset-2 vc_col-lg-8 vc_col-md-offset-1 vc_col-md-10&#8243;][vc_column_text]Du m\u00f6chtest deine Mitgliedschaft k\u00fcndigen? Wir bedauern es sehr, dich bei Foodpunk zu verlieren. Eine Ern\u00e4hrungsumstellung f\u00fchlt sich im Alltag nicht immer leicht an, es lohnt sich aber dran zu bleiben. Wir helfen dir gerne, deine gesunde Ern\u00e4hrung in deinen Alltag zu integrieren und unterst\u00fctzen dich bei deinem Weg zu deinem Ziel.<\/p>\n<p>Probiere es doch noch einmal mit Foodpunk! Schreibe uns gerne an <a href=\"mailto:info@foodpunk.de\">info@foodpunk.de<\/a> und erz\u00e4hle uns, wie wir deinen Ern\u00e4hrungsplan ver\u00e4ndern k\u00f6nnen, damit er dir besser gef\u00e4llt. Gerne kannst du uns auch sagen, was dich st\u00f6rt, was es dir im Alltag schwer macht und wir helfen dir weiter!<\/p>\n<p>Du m\u00f6chtest es gerade nicht noch einmal probieren? Dann kannst du hier deine Mitgliedschaft k\u00fcndigen.<\/p>\n<p>Du kannst hier auch die Zahlungsmethoden \u00e4ndern und deine Rechnungen abrufen.[\/vc_column_text]<div class=\"vmb-3 wpb_content_element\" ><div class=\"btn__wrapper \"><a href=\"https:\/\/foodpunk.chargebeeportal.com\/portal\/v2\/login?forward=portal_main\" target=\"_blank\" rel=\"noopener\" title=\"\" class=\"btn--full btn--primary btn--lg \"><span>Mitgliedschaft hier verwalten<\/span><\/a><\/div><\/div>[vc_column_text]Nach deiner K\u00fcndigung behalten wir weiterhin deinen Account in der App bei, falls du nochmal durchstarten m\u00f6chtest. Falls wir deinen Account und alle Daten l\u00f6schen sollen, schreibe uns bitte eine Email an info@foodpunk.de.[\/vc_column_text][vc_raw_html]JTNDc2NyaXB0JTNFJTBBJTJGJTJGd2luZG93LkJvcmxhYnNDb29raWUucmVtb3ZlQ29uc2VudCUyOCUyN2Vzc2VudGlhbCUyNyUyQyUyMCUyN2JvcmxhYnMtY29va2llJTI3JTI5JTNCJTBBJTJGJTJGd2luZG93LkJvcmxhYnNDb29raWUuZGVsZXRlQ29va2llJTI4JTI3Ym9ybGFicy1jb29raSUyNyUyQyUyMGZhbHNlJTJDJTIwdHJ1ZSUyOSUzQiUwQSUzQyUyRnNjcmlwdCUzRQ==[\/vc_raw_html][\/vc_column][\/vc_row]<\/p>\n<\/div>","protected":false},"excerpt":{"rendered":"<p>[vc_section row_bg_color=&#8220;bg&#8211;color&#8211;bg-blue&#8220;][vc_row][vc_column width=&#8220;5\/6&#8243; col_sticky=&#8220;&#8220; offset=&#8220;vc_col-lg-6 vc_col-md-8&#8243;][\/vc_column][\/vc_row][\/vc_section][vc_row][vc_column col_sticky=&#8220;&#8220; offset=&#8220;vc_col-lg-offset-2 vc_col-lg-8 vc_col-md-offset-1 vc_col-md-10&#8243;][vc_column_text]Du m\u00f6chtest deine Mitgliedschaft k\u00fcndigen? Wir bedauern es sehr, dich bei Foodpunk zu verlieren. Eine Ern\u00e4hrungsumstellung f\u00fchlt sich im Alltag nicht immer leicht an, es lohnt sich aber dran zu bleiben. Wir helfen dir gerne, deine gesunde Ern\u00e4hrung in deinen Alltag zu integrieren und unterst\u00fctzen [&hellip;]<\/p>\n","protected":false},"author":38,"featured_media":0,"parent":5285,"menu_order":5,"comment_status":"closed","ping_status":"closed","template":"","meta":{"_acf_changed":false,"inline_featured_image":false,"footnotes":""},"class_list":["post-110","page","type-page","status-publish","hentry"],"acf":[],"_links":{"self":[{"href":"https:\/\/foodpunk.com\/de\/wp-json\/wp\/v2\/pages\/110","targetHints":{"allow":["GET"]}}],"collection":[{"href":"https:\/\/foodpunk.com\/de\/wp-json\/wp\/v2\/pages"}],"about":[{"href":"https:\/\/foodpunk.com\/de\/wp-json\/wp\/v2\/types\/page"}],"author":[{"embeddable":true,"href":"https:\/\/foodpunk.com\/de\/wp-json\/wp\/v2\/users\/38"}],"replies":[{"embeddable":true,"href":"https:\/\/foodpunk.com\/de\/wp-json\/wp\/v2\/comments?post=110"}],"version-history":[{"count":5,"href":"https:\/\/foodpunk.com\/de\/wp-json\/wp\/v2\/pages\/110\/revisions"}],"predecessor-version":[{"id":19325,"href":"https:\/\/foodpunk.com\/de\/wp-json\/wp\/v2\/pages\/110\/revisions\/19325"}],"up":[{"embeddable":true,"href":"https:\/\/foodpunk.com\/de\/wp-json\/wp\/v2\/pages\/5285"}],"wp:attachment":[{"href":"https:\/\/foodpunk.com\/de\/wp-json\/wp\/v2\/media?parent=110"}],"curies":[{"name":"wp","href":"https:\/\/api.w.org\/{rel}","templated":true}]}}