{"id":10892,"date":"2022-12-22T19:05:51","date_gmt":"2022-12-22T19:05:07","guid":{"rendered":"https:\/\/foodpunk.com\/ernaehrungsplaene\/abnehmen-ernaehrungsplan-2\/"},"modified":"2025-07-11T15:50:22","modified_gmt":"2025-07-11T13:50:22","slug":"abnehmen-ernaehrungsplan-special-offer","status":"publish","type":"page","link":"https:\/\/foodpunk.com\/de\/ernaehrungsplaene\/abnehmen-ernaehrungsplan-special-offer\/","title":{"rendered":"Abnehmen Ern\u00e4hrungsplan SEA Fragebogen Buchungsseite"},"content":{"rendered":"<div class=\"wpb-content-wrapper\"><p>[vc_section row_bg_color=&#8220;bg&#8211;color&#8211;bg-green&#8220;][vc_row row_padding=&#8220;&#8220; row_maxwidth=&#8220;&#8220;][vc_column]<div class=\"templatera_shortcode\"><div class=\"vc_container vc_maxwidth \"><div class=\"vc_row wpb_row vc_row-fluid vpt-3 vpb-3\"><div class=\"wpb_column vc_column_container vc_col-sm-6\"><div class=\"vc_column-inner\"><div class=\"wpb_wrapper\"><div class=\"vmb-3 wpb_content_element\" ><div class=\"heading heading--h2 \"><h2 class=\"heading   \" >Entscheide dich noch heute f\u00fcr deinen <em>Wohlf\u00fchlk\u00f6rper<\/em><\/h2><\/div><\/div>\r\n\t<div  class=\"wpb_text_column wpb_content_element  vmb-3  wpb_content_element\">\r\n\t\t<p><b>Starte jetzt mit der Foodpunk App \u2013 100 % risikofrei dank 14-Tage-Geld-zur\u00fcck-Garantie.<\/b><br aria-hidden=\"true\" \/>Du erh\u00e4ltst sofort vollen Zugriff auf alle Ern\u00e4hrungsprogramme und deinen pers\u00f6nlichen Ern\u00e4hrungsplan. Wenn du innerhalb der ersten 14 Tage merkst, dass Foodpunk nicht zu dir passt, kannst du jederzeit eine kurze E-Mail an unseren Support schreiben und deine Mitgliedschaft beenden \u2013 wir erstatten dir den vollen Betrag.<br aria-hidden=\"true\" \/>Foodpunk unterst\u00fctzt dich langfristig bei deinen Ern\u00e4hrungs- und Abnehmzielen \u2013 mit einem Ern\u00e4hrungsplan, der regelm\u00e4\u00dfig an deine aktuellen Ziele und Werte angepasst wird, und einem Coach in der Hosentasche, der dich zuverl\u00e4ssig auf deinem Weg begleitet.<\/p>\n\r\n\t<\/div>\r\n<script src=\"https:\/\/js.chargebee.com\/v2\/chargebee.js\" data-cb-site=\"foodpunk\" data-cb-ga-enabled=\"false\" data-cb-gtm-enabled=\"true\" data-cb-fbq-enabled=\"true\"><\/script><script>\t\t\t\n\t\t\t\tfunction getUTMParams() {\n\t\t\t\t\tconst urlParams = new URLSearchParams(window.location.search);\n\t\t\t\t\tconst cookies = document.cookie.split(\"; \").reduce((acc, c) => {\n\t\t\t\t\t\tconst [key, val] = c.split(\"=\");\n\t\t\t\t\t\tacc[key] = decodeURIComponent(val || \"\");\n\t\t\t\t\t\treturn acc;\n\t\t\t\t\t}, {});\n\t\t\t\t\treturn {\n\t\t\t\t\t\tutm_source: urlParams.get(\"utm_source\") || cookies.utm_source || \"\",\n\t\t\t\t\t\tutm_medium: urlParams.get(\"utm_medium\") || cookies.utm_medium || \"\",\n\t\t\t\t\t\tutm_campaign: urlParams.get(\"utm_campaign\") || cookies.utm_campaign || \"\",\n\t\t\t\t\t\tutm_term: urlParams.get(\"utm_term\") || cookies.utm_term || \"\",\n\t\t\t\t\t\tutm_content: urlParams.get(\"utm_content\") || cookies.utm_content || \"\"\n\t\t\t\t\t};\n\t\t\t\t}\n\t\t\t\t\n\t\t\t\tconst utm = getUTMParams();\n\t\t\tdocument.addEventListener(\"DOMContentLoaded\", function () {var cbInstance = Chargebee.getInstance();var planElement = document.querySelector(\"[data-cb-item-0='copy_of_12-monate-ohne-startgeb\u00fchr']\");var product0 = cbInstance.getProduct(planElement);product0.setCustomData({\n\t\t\t\t\t\tcf_utm_source: utm.utm_source,\n\t\t\t\t\t\tcf_utm_medium: utm.utm_medium,\n\t\t\t\t\t\tcf_utm_campaign: utm.utm_campaign,\n\t\t\t\t\t\tcf_utm_term: utm.utm_term,\n\t\t\t\t\t\tcf_utm_content: utm.utm_content,\n\t\t\t\t\t});product0.addCoupon(\"60_rabatt_garantie\");var planElement = document.querySelector(\"[data-cb-item-0='6-monate']\");var product1 = cbInstance.getProduct(planElement);product1.setCustomData({\n\t\t\t\t\t\tcf_utm_source: utm.utm_source,\n\t\t\t\t\t\tcf_utm_medium: utm.utm_medium,\n\t\t\t\t\t\tcf_utm_campaign: utm.utm_campaign,\n\t\t\t\t\t\tcf_utm_term: utm.utm_term,\n\t\t\t\t\t\tcf_utm_content: utm.utm_content,\n\t\t\t\t\t});product1.addCoupon(\"40_rabatt_garantie\");var planElement = document.querySelector(\"[data-cb-item-0='3-monate']\");var product2 = cbInstance.getProduct(planElement);product2.setCustomData({\n\t\t\t\t\t\tcf_utm_source: utm.utm_source,\n\t\t\t\t\t\tcf_utm_medium: utm.utm_medium,\n\t\t\t\t\t\tcf_utm_campaign: utm.utm_campaign,\n\t\t\t\t\t\tcf_utm_term: utm.utm_term,\n\t\t\t\t\t\tcf_utm_content: utm.utm_content,\n\t\t\t\t\t});product2.addCoupon(\"10_rabatt_garantie\");});<\/script><div class=\"vmb-3 wpb_content_element\" ><div class=\"purchase-v3 purchase-v3--a\"><button class=\"product-card-v3\" type=\"submit\" href=\"javascript:void(0)\" data-cb-type=\"checkout\" data-cb-item-0=\"copy_of_12-monate-ohne-startgeb\u00fchr\"><div class=\"product-card-v3__text\"><div class=\"product-card-v3__title\">12 Monate Plan <\/div><ul class=\"product-card-v3__list product-card-v3__list--check\"><li>100 % personalisierter Ern\u00e4hrungsplan<\/li><li>N\u00e4hrstoffe auf deinen Bedarf abgestimmt<\/li><li>Wissenschaftlicher Experten-Support<\/li><li>Nutzbar via App oder Browser<\/li><li>Unkompliziert alle 12 Monate k\u00fcndbar<\/li><li>Preis gilt f\u00fcr 12 Monate Foodpunk-Plan<\/li><li>14-Tage-Geld-zur\u00fcck Garantie<\/li><\/ul><\/div><div class=\"product-card-v3__price\"><span>129,99<em>\u20ac<\/em><\/span><div>69,99<em>\u20ac<\/em><div class=\"product-card-v3__price-info\">pro 12 Monate<\/div><\/div><\/div><div class=\"product-card-v3__badge\">60\u20ac gespart<\/div><\/button><button class=\"product-card-v3\" type=\"submit\" href=\"javascript:void(0)\" data-cb-type=\"checkout\" data-cb-item-0=\"6-monate\"><div class=\"product-card-v3__text\"><div class=\"product-card-v3__title\">6 Monate Plan<\/div><ul class=\"product-card-v3__list product-card-v3__list--check\"><li>100 % personalisierter Ern\u00e4hrungsplan<\/li><li>N\u00e4hrstoffe auf deinen Bedarf abgestimmt<\/li><li>Wissenschaftlicher Experten-Support<\/li><li>Nutzbar via App oder Browser<\/li><li>Unkompliziert alle 6 Monate k\u00fcndbar<\/li><li>Preis gilt f\u00fcr 6 Monate Foodpunk-Plan<\/li><li>14-Tage-Geld-zur\u00fcck Garantie<\/li><\/ul><\/div><div class=\"product-card-v3__price\"><span>99,99<em>\u20ac<\/em><\/span><div>59,99<em>\u20ac<\/em><div class=\"product-card-v3__price-info\">pro 6 Monate<\/div><\/div><\/div><div class=\"product-card-v3__badge\">40\u20ac gespart<\/div><\/button><button class=\"product-card-v3\" type=\"submit\" href=\"javascript:void(0)\" data-cb-type=\"checkout\" data-cb-item-0=\"3-monate\"><div class=\"product-card-v3__text\"><div class=\"product-card-v3__title\">3 Monate Plan<\/div><ul class=\"product-card-v3__list product-card-v3__list--check\"><li>100 % personalisierter Ern\u00e4hrungsplan<\/li><li>N\u00e4hrstoffe auf deinen Bedarf abgestimmt<\/li><li>Wissenschaftlicher Experten-Support<\/li><li>Nutzbar via App oder Browser<\/li><li>Unkompliziert alle 3 Monate k\u00fcndbar<\/li><li>Preis gilt f\u00fcr 3 Monate Foodpunk-Plan<\/li><li>14-Tage-Geld-zur\u00fcck Garantie<\/li><\/ul><\/div><div class=\"product-card-v3__price\"><span>59,99\u202f<em>\u20ac<\/em><\/span><div>49,99 <em>\u20ac<\/em><div class=\"product-card-v3__price-info\">pro 3 Monate<\/div><\/div><\/div><div class=\"product-card-v3__badge\">10\u20ac gespart<\/div><\/button><div class=\"purchase__buttons\"><\/div><\/div><\/div><\/div><\/div><\/div><div class=\"wpb_column vc_column_container vc_col-sm-6\"><div class=\"vc_column-inner\"><div class=\"wpb_wrapper\">\n\t<div  class=\"wpb_single_image wpb_content_element vc_align_left vmb-3 wpb_content_element\" >\n\t\t\n\t\t<figure class=\"wpb_wrapper vc_figure\">\n\t\t\t<div class=\"vc_single_image-wrapper  \"><img loading=\"lazy\" decoding=\"async\" width=\"1080\" height=\"1080\" src=\"https:\/\/foodpunk.com\/wp-content\/uploads\/250711_Mockups_Checkout-1.png\" class=\"vc_single_image-img attachment-full\" alt=\"Hier sieht man wie die Foodpunk aussieht auf Computer, Tablet und Smartphone\" title=\"Mockup Checkout\" srcset=\"https:\/\/foodpunk.com\/wp-content\/uploads\/250711_Mockups_Checkout-1.png 1080w, https:\/\/foodpunk.com\/wp-content\/uploads\/250711_Mockups_Checkout-1-300x300.png 300w, https:\/\/foodpunk.com\/wp-content\/uploads\/250711_Mockups_Checkout-1-1024x1024.png 1024w, https:\/\/foodpunk.com\/wp-content\/uploads\/250711_Mockups_Checkout-1-150x150.png 150w, https:\/\/foodpunk.com\/wp-content\/uploads\/250711_Mockups_Checkout-1-768x768.png 768w\" sizes=\"auto, (max-width: 1080px) 100vw, 1080px\" \/><\/div>\n\t\t<\/figure>\n\t<\/div>\n<\/div><\/div><\/div><\/div><\/div><\/div>[\/vc_column][\/vc_row][\/vc_section][vc_row row_padding=&#8220;vpt-5 vpb-5&#8243;][vc_column col_sticky=&#8220;&#8220;]<div class=\"templatera_shortcode\"><div class=\"vc_container vc_maxwidth \"><div class=\"vc_row wpb_row vc_row-fluid\"><div class=\"wpb_column vc_column_container vc_col-sm-12\"><div class=\"vc_column-inner\"><div class=\"wpb_wrapper\"><div class=\"wpb_content_element\" ><div class=\"logo-slider\"><div class=\"logo-slider__item\"><img decoding=\"async\" src=\"https:\/\/foodpunk.com\/wp-content\/uploads\/Logo_WomensHealth.png\" alt=\"Logo Women's Health\" title=\"\"><\/div><div class=\"logo-slider__item\"><img decoding=\"async\" src=\"https:\/\/foodpunk.com\/wp-content\/uploads\/Logo_ARD.png\" alt=\"Logo ARD\" title=\"\"><\/div><div class=\"logo-slider__item\"><img decoding=\"async\" src=\"https:\/\/foodpunk.com\/wp-content\/uploads\/Logo_ProSieben.png\" alt=\"Logo Prosieben\" title=\"\"><\/div><div class=\"logo-slider__item\"><img decoding=\"async\" src=\"https:\/\/foodpunk.com\/wp-content\/uploads\/Logo_MensHealth.png\" alt=\"Logo Men's Health\" title=\"\"><\/div><div class=\"logo-slider__item\"><img decoding=\"async\" src=\"https:\/\/foodpunk.com\/wp-content\/uploads\/Logo_Spiegel.png\" alt=\"Logo Der Spiegel\" title=\"\"><\/div><div class=\"logo-slider__item\"><img decoding=\"async\" src=\"https:\/\/foodpunk.com\/wp-content\/uploads\/Logo_BusinessPunk.png\" alt=\"Logo Business Punk\" title=\"\"><\/div><div class=\"logo-slider__item\"><img decoding=\"async\" src=\"https:\/\/foodpunk.com\/wp-content\/uploads\/arte_vector.png\" alt=\"arte logo\" title=\"arte_vector\"><\/div><\/div><\/div><\/div><\/div><\/div><\/div><\/div><\/div>[\/vc_column][\/vc_row][vc_section row_bg_color=&#8220;bg&#8211;color&#8211;bg-yellow&#8220; section_bgtext=&#8220;food&#8220; section_sidetitle=&#8220;Ern\u00e4hrungsplan&#8220;][vc_row row_padding=&#8220;&#8220;][vc_column]<div class=\"mb0-xs vmt-3   wpb_content_element\" ><div class=\"hero hero--b  hero--\"><div class=\"hero__content\"><h1 class=\"hero__heading heading heading--ani\">Der Foodpunk Ern\u00e4hrungsplan<br \/>\n<em>Abnehmen leicht gemacht<\/em><\/h1><div class=\"hero__text\"><p>Das wissenschaftsbasierte Foodpunk Ern\u00e4hrungskonzept stellt deinen Stoffwechsel um auf Fettverbrennung. Schlemm dich lecker und gesund zu deinem Wohlf\u00fchlk\u00f6rper.<\/p>\n<\/div><ul class=\"hero__bullets icon-list icon-list--check\"><li>Dein individueller Ern\u00e4hrungsplan nur f\u00fcr Dich!<br \/><\/li>\n<li>Immer leckere Rezepte f\u00fcr jeden Tag<br \/><\/li>\n<li>KI-gest\u00fctzt von der pr\u00e4mierten Foodpunk-App<\/li><\/ul><\/div><div class=\"hero__image\"><img decoding=\"async\" src=\"https:\/\/foodpunk.com\/wp-content\/uploads\/hero-martina2.png\" srcset=\"https:\/\/foodpunk.com\/wp-content\/uploads\/hero-martina2.png 900w, https:\/\/foodpunk.com\/wp-content\/uploads\/hero-martina2-300x288.png 300w, https:\/\/foodpunk.com\/wp-content\/uploads\/hero-martina2-768x738.png 768w\" alt=\"\"><lottie-player class=\"hero__lottie\" src=\"https:\/\/foodpunk.com\/wp-content\/uploads\/werte_martina.json?6\" background=\"transparent\" speed=\"1\" autoplay loop><\/lottie-player><\/div><\/div><\/div><div class=\"vmb-3 wpb_content_element\" ><div class=\"review-slider\"><div class=\"review-slider__item\"><div class=\"review-slider__inner\"><div class=\"review-slider__stars\"><div class=\"review-slider__star review-slider__star--filled\"><\/div><div class=\"review-slider__star review-slider__star--filled\"><\/div><div class=\"review-slider__star review-slider__star--filled\"><\/div><div class=\"review-slider__star review-slider__star--filled\"><\/div><div class=\"review-slider__star review-slider__star--filled\"><\/div><\/div><div class=\"review-slider__quote\"> Ich f\u00fchle mich prima und das Konzept der reichhaltigen N\u00e4hrstoffzufuhr ohne verarbeitete Lebensmittel \u00fcberzeugt mich sehr.<\/div><div class=\"review-slider__name\">Tinacomments<\/div><div class=\"review-slider__source review-slider__source--apple-app-store\"><\/div><\/div><\/div><div class=\"review-slider__item\"><div class=\"review-slider__inner\"><div class=\"review-slider__stars\"><div class=\"review-slider__star review-slider__star--filled\"><\/div><div class=\"review-slider__star review-slider__star--filled\"><\/div><div class=\"review-slider__star review-slider__star--filled\"><\/div><div class=\"review-slider__star review-slider__star--filled\"><\/div><div class=\"review-slider__star review-slider__star--filled\"><\/div><\/div><div class=\"review-slider__quote\">Zum einen findest du jede Menge Rezepte, die auf dich und dein pers\u00f6nliches Ziel zugeschnitten sind. kannst du flexibel Zutaten austauschen<\/div><div class=\"review-slider__name\">Micha6311<\/div><div class=\"review-slider__source review-slider__source--apple-app-store\"><\/div><\/div><\/div><div class=\"review-slider__item\"><div class=\"review-slider__inner\"><div class=\"review-slider__stars\"><div class=\"review-slider__star review-slider__star--filled\"><\/div><div class=\"review-slider__star review-slider__star--filled\"><\/div><div class=\"review-slider__star review-slider__star--filled\"><\/div><div class=\"review-slider__star review-slider__star--filled\"><\/div><div class=\"review-slider__star review-slider__star--filled\"><\/div><\/div><div class=\"review-slider__quote\">Die App vervollst\u00e4ndigt das Angebot von Foodpunk und den Hilferufen der Community nach mehr digitalen.<\/div><div class=\"review-slider__name\">WinkBi<\/div><div class=\"review-slider__source review-slider__source--apple-app-store\"><\/div><\/div><\/div><div class=\"review-slider__item\"><div class=\"review-slider__inner\"><div class=\"review-slider__stars\"><div class=\"review-slider__star review-slider__star--filled\"><\/div><div class=\"review-slider__star review-slider__star--filled\"><\/div><div class=\"review-slider__star review-slider__star--filled\"><\/div><div class=\"review-slider__star review-slider__star--filled\"><\/div><div class=\"review-slider__star review-slider__star--filled\"><\/div><\/div><div class=\"review-slider__quote\">Das Konzept ist gut durchdacht und die Unterst\u00fctzung durch das Team von Foodpunk gibt es wirklich - nicht nur auf dem Papier.<\/div><div class=\"review-slider__name\">Butch's Frauchen<\/div><div class=\"review-slider__source review-slider__source--apple-app-store\"><\/div><\/div><\/div><div class=\"review-slider__item\"><div class=\"review-slider__inner\"><div class=\"review-slider__stars\"><div class=\"review-slider__star review-slider__star--filled\"><\/div><div class=\"review-slider__star review-slider__star--filled\"><\/div><div class=\"review-slider__star review-slider__star--filled\"><\/div><div class=\"review-slider__star review-slider__star--filled\"><\/div><div class=\"review-slider__star review-slider__star--filled\"><\/div><\/div><div class=\"review-slider__quote\">Die vorgeschlagenen Rezepte sind genau auf mich zugeschnitten und es wird nie langweilig. Ich kann die App uneingeschr\u00e4nkt weiterempfehlen<\/div><div class=\"review-slider__name\">458951640<\/div><div class=\"review-slider__source review-slider__source--apple-app-store\"><\/div><\/div><\/div><div class=\"review-slider__item\"><div class=\"review-slider__inner\"><div class=\"review-slider__stars\"><div class=\"review-slider__star review-slider__star--filled\"><\/div><div class=\"review-slider__star review-slider__star--filled\"><\/div><div class=\"review-slider__star review-slider__star--filled\"><\/div><div class=\"review-slider__star review-slider__star--filled\"><\/div><div class=\"review-slider__star review-slider__star--filled\"><\/div><\/div><div class=\"review-slider__quote\">Vor einiger Zeit habe ich schon einmal eine Ern\u00e4hrungsumstellung mit Foodpunk gemacht und habe mich in dieser Zeit total wohl gef\u00fchlt. <\/div><div class=\"review-slider__name\">Cara_Luna<\/div><div class=\"review-slider__source review-slider__source--apple-app-store\"><\/div><\/div><\/div><div class=\"review-slider__item\"><div class=\"review-slider__inner\"><div class=\"review-slider__stars\"><div class=\"review-slider__star review-slider__star--filled\"><\/div><div class=\"review-slider__star review-slider__star--filled\"><\/div><div class=\"review-slider__star review-slider__star--filled\"><\/div><div class=\"review-slider__star review-slider__star--filled\"><\/div><div class=\"review-slider__star review-slider__star--filled\"><\/div><\/div><div class=\"review-slider__quote\">Ich kann flexibel (monatlich) den Ern\u00e4hrungsplan \u00e4ndern und meiner pers\u00f6nlichen Planung anpassen. Die App unterst\u00fctzt dabei optimal. <\/div><div class=\"review-slider__name\">LaLangesch<\/div><div class=\"review-slider__source review-slider__source--apple-app-store\"><\/div><\/div><\/div><div class=\"review-slider__item\"><div class=\"review-slider__inner\"><div class=\"review-slider__stars\"><div class=\"review-slider__star review-slider__star--filled\"><\/div><div class=\"review-slider__star review-slider__star--filled\"><\/div><div class=\"review-slider__star review-slider__star--filled\"><\/div><div class=\"review-slider__star review-slider__star--filled\"><\/div><div class=\"review-slider__star review-slider__star--filled\"><\/div><\/div><div class=\"review-slider__quote\">Es ist gro\u00dfartig,dass es Anbieter und vor allem Gr\u00fcnder gibt, die so genau auf die Bed\u00fcrfnisse ihrer Kunden hin entwickeln.<\/div><div class=\"review-slider__name\">UP-Liker<\/div><div class=\"review-slider__source review-slider__source--apple-app-store\"><\/div><\/div><\/div><div class=\"review-slider__item\"><div class=\"review-slider__inner\"><div class=\"review-slider__stars\"><div class=\"review-slider__star review-slider__star--filled\"><\/div><div class=\"review-slider__star review-slider__star--filled\"><\/div><div class=\"review-slider__star review-slider__star--filled\"><\/div><div class=\"review-slider__star review-slider__star--filled\"><\/div><div class=\"review-slider__star review-slider__star--filled\"><\/div><\/div><div class=\"review-slider__quote\">Die baukastenfunktion ist perfekt daf\u00fcr wenn es mal schnell gehen muss. wenn man eine Zutat tauscht sich die Werte aller anderen Zutaten<\/div><div class=\"review-slider__name\">Jenny Toetter<\/div><div class=\"review-slider__source review-slider__source--apple-app-store\"><\/div><\/div><\/div><div class=\"review-slider__item\"><div class=\"review-slider__inner\"><div class=\"review-slider__stars\"><div class=\"review-slider__star review-slider__star--filled\"><\/div><div class=\"review-slider__star review-slider__star--filled\"><\/div><div class=\"review-slider__star review-slider__star--filled\"><\/div><div class=\"review-slider__star review-slider__star--filled\"><\/div><div class=\"review-slider__star review-slider__star--filled\"><\/div><\/div><div class=\"review-slider__quote\">F\u00fcr alle die langfristig und lecker abnehmen wollen, kann ich die App wirklich nur empfehlen<\/div><div class=\"review-slider__name\">j.jenny.j.2022<\/div><div class=\"review-slider__source review-slider__source--apple-app-store\"><\/div><\/div><\/div><\/div><div class=\"review-slider__arrows\"><\/div><\/div>[\/vc_column][\/vc_row][\/vc_section][vc_section row_padding=&#8220;vpt-7 vpb-7&#8243; section_sidetitle=&#8220;Foodpunk&#8220;][vc_row row_padding=&#8220;custom&#8220;][vc_column width=&#8220;5\/6&#8243; col_sticky=&#8220;&#8220; offset=&#8220;vc_col-md-offset-2 vc_col-md-8 vc_col-sm-offset-1&#8243;]<div class=\"vmb-3 wpb_content_element\" ><div class=\"heading heading--h2 \"><h2 class=\"heading   heading--center\" >Mit dem wissenschaftsbasierten Foodpunk Konzept gesund, lecker und nachhaltig zum <strong>Wohlf\u00fchlk\u00f6rper<\/strong><\/h2><\/div><\/div>[\/vc_column][\/vc_row][vc_row row_padding=&#8220;custom&#8220; row_padding_bottom=&#8220;vpb-3&#8243;][vc_column width=&#8220;5\/6&#8243; col_sticky=&#8220;&#8220; offset=&#8220;vc_col-sm-offset-1&#8243;]<div class=\"vmb-3 wpb_content_element\" ><div class=\"heading heading--p \"><p class=\"heading h4  heading--center\" >Du hast schon viele Di\u00e4ten probiert und bist stets gescheitert? Damit ist jetzt Schluss. \u00dcber 100.000 Menschen haben mit Foodpunk bereits ihr Abnehmziel erreicht und arbeiten jetzt <span class=\"deco-underline\">mit ihrem K\u00f6rper<\/span>, statt gegen ihn.<\/p><\/div><\/div>[\/vc_column][\/vc_row][vc_row row_padding=&#8220;custom&#8220;][vc_column width=&#8220;1\/2&#8243; col_sticky=&#8220;&#8220; offset=&#8220;vc_col-lg-offset-2 vc_col-lg-5&#8243;][vc_column_text]<\/p>\n<ul class=\"icon-list icon-list--check-round\">\n<li><strong>Jeder K\u00f6rper funktioniert anders.<\/strong> Ver\u00e4ndere jetzt Deinen Stoffwechsel zu mehr Fettverbrennung!<\/li>\n<li><strong>Mach es dir leicht! Der Ern\u00e4hrungsplan zum Abnehmen<\/strong> ist alltagstauglich, lecker und trainiert Mahlzeit f\u00fcr Mahlzeit deine Fettverbrennung.<\/li>\n<li><strong>Ein personalisierter Ern\u00e4hrungsplan zum Abnehmen<\/strong> beachtet deine individuellen Angaben zu Zielen, Lebensmittelw\u00fcnschen, Allergien und mehr. 100% auf dich angepasst.<\/li>\n<\/ul>\n<p>[\/vc_column_text][\/vc_column][vc_column width=&#8220;5\/12&#8243; col_sticky=&#8220;&#8220; offset=&#8220;vc_col-lg-4&#8243;]<div class=\"vmb-3 pl30-xs pr30-xs pr60-md pr120-lg wpb_content_element\" ><div class=\"lottie\"><lottie-player class=\"lottie__player lottie__player--viewport\" src=\"https:\/\/foodpunk.com\/wp-content\/uploads\/foodpunk_tacho.json\" speed=\"1\" background=\"transparent\" loop ><\/lottie-player><\/div><\/div>[vc_single_image image=&#8220;6433&#8243; img_size=&#8220;large&#8220; alignment=&#8220;center&#8220; elem_margin_bottom=&#8220;vmb-1&#8243; el_class=&#8220;pl50-md pr50-md&#8220;][vc_single_image image=&#8220;6435&#8243; img_size=&#8220;large&#8220;][\/vc_column][\/vc_row][vc_row row_padding=&#8220;&#8220; row_maxwidth=&#8220;&#8220;][vc_column]<div class=\"templatera_shortcode\"><section class=\"vc_section custom bg--color--bg-primary vc_section-sided\"><div class=\"vc_container vc_maxwidth \"><div class=\"vc_row wpb_row vc_row-fluid vc_row-o-content-bottom vc_row-flex\"><div class=\"vc_col-sm-push-6 wpb_column vc_column_container vc_col-sm-6\"><div class=\"vc_column-inner\"><div class=\"wpb_wrapper\"><div class=\"vc_row wpb_row vc_inner vc_row-fluid vpt-5 vpb-5\"><div class=\"wpb_column vc_column_container vc_col-sm-12 vc_col-md-10\"><div class=\"vc_column-inner\"><div class=\"wpb_wrapper\"><div class=\"vmb-3 wpb_content_element\" ><div class=\"heading heading--p \"><p class=\"heading h2  \" ><em>Barbara<\/em> ist f\u00fcr Dich da!<\/p><\/div><\/div>\r\n\t<div  class=\"wpb_text_column wpb_content_element  vmb-3  wpb_content_element\">\r\n\t\t<p><strong>Das Team der Foodpunk <span class=\"deco-underline\">Ern\u00e4hrungswissenschaftl<\/span>er\/-innen erstellt den perfekten Plan f\u00fcr dein Ziel - zusammen mit den smarten Algorithmen unserer preisgekr\u00f6nten, KI-gest\u00fctzten Foodpunk App.<\/strong><\/p>\n<p>Bei Foodpunk bist du nie alleine. Die gro\u00dfe Community und der Experten-Support sind f\u00fcr dich da.<\/p>\n<p>Du schlemmst und erreichst mit gro\u00dfartiger Unterst\u00fctzung dein Abnehmziel - ganz nebenbei.<\/p>\n\r\n\t<\/div>\r\n<div class=\"vmb-7 wpb_content_element\" ><div class=\"btn__wrapper \"><a href=\"https:\/\/foodpunk.com\/de\/team\/\" target=\"\" rel=\"\" title=\"Team\" class=\"btn--link btn--primary btn--lg btn--icon btn--icon--arrow\"><span>Erfahre alles \u00fcber Foodpunk und das Team<\/span><\/a><\/div><\/div><\/div><\/div><\/div><\/div><\/div><\/div><\/div><div class=\"vc_col-sm-pull-6 overlapping-person wpb_column vc_column_container vc_col-sm-6 vc_col-lg-offset-1 vc_col-lg-5\"><div class=\"vc_column-inner\"><div class=\"wpb_wrapper\">\n\t<div  class=\"wpb_single_image wpb_content_element vc_align_left wpb_content_element\" >\n\t\t\n\t\t<figure class=\"wpb_wrapper vc_figure\">\n\t\t\t<div class=\"vc_single_image-wrapper  \"><img loading=\"lazy\" decoding=\"async\" width=\"659\" height=\"1024\" src=\"https:\/\/foodpunk.com\/wp-content\/uploads\/Foodpunk_Barbara-659x1024.png\" class=\"vc_single_image-img attachment-large\" alt=\"\" title=\"Foodpunk_Barbara\" srcset=\"https:\/\/foodpunk.com\/wp-content\/uploads\/Foodpunk_Barbara-659x1024.png 659w, https:\/\/foodpunk.com\/wp-content\/uploads\/Foodpunk_Barbara-193x300.png 193w, https:\/\/foodpunk.com\/wp-content\/uploads\/Foodpunk_Barbara-768x1194.png 768w, https:\/\/foodpunk.com\/wp-content\/uploads\/Foodpunk_Barbara-988x1536.png 988w, https:\/\/foodpunk.com\/wp-content\/uploads\/Foodpunk_Barbara.png 1046w\" sizes=\"auto, (max-width: 659px) 100vw, 659px\"><\/div>\n\t\t<\/figure>\n\t<\/div>\n<\/div><\/div><\/div><\/div><\/div><div class=\"vc_section__side\"><span class=\"vc_section__side__text\">Support<\/span><div class=\"vc_section__side__border\"><div class=\"vc_section__side__dot\"><\/div><\/div><\/div><\/section><\/div>[\/vc_column][\/vc_row][\/vc_section]<\/p>\n<\/div>","protected":false},"excerpt":{"rendered":"","protected":false},"author":38,"featured_media":0,"parent":92,"menu_order":44,"comment_status":"closed","ping_status":"closed","template":"","meta":{"_acf_changed":false,"inline_featured_image":false,"footnotes":""},"class_list":["post-10892","page","type-page","status-publish","hentry"],"acf":[],"_links":{"self":[{"href":"https:\/\/foodpunk.com\/de\/wp-json\/wp\/v2\/pages\/10892","targetHints":{"allow":["GET"]}}],"collection":[{"href":"https:\/\/foodpunk.com\/de\/wp-json\/wp\/v2\/pages"}],"about":[{"href":"https:\/\/foodpunk.com\/de\/wp-json\/wp\/v2\/types\/page"}],"author":[{"embeddable":true,"href":"https:\/\/foodpunk.com\/de\/wp-json\/wp\/v2\/users\/38"}],"replies":[{"embeddable":true,"href":"https:\/\/foodpunk.com\/de\/wp-json\/wp\/v2\/comments?post=10892"}],"version-history":[{"count":7,"href":"https:\/\/foodpunk.com\/de\/wp-json\/wp\/v2\/pages\/10892\/revisions"}],"predecessor-version":[{"id":73331,"href":"https:\/\/foodpunk.com\/de\/wp-json\/wp\/v2\/pages\/10892\/revisions\/73331"}],"up":[{"embeddable":true,"href":"https:\/\/foodpunk.com\/de\/wp-json\/wp\/v2\/pages\/92"}],"wp:attachment":[{"href":"https:\/\/foodpunk.com\/de\/wp-json\/wp\/v2\/media?parent=10892"}],"curies":[{"name":"wp","href":"https:\/\/api.w.org\/{rel}","templated":true}]}}