{"id":108,"date":"2022-09-30T10:58:51","date_gmt":"2022-09-30T10:58:46","guid":{"rendered":"https:\/\/foodpunk.com\/presse\/"},"modified":"2025-09-18T15:23:51","modified_gmt":"2025-09-18T13:23:51","slug":"presse","status":"publish","type":"page","link":"https:\/\/foodpunk.com\/de\/services\/presse\/","title":{"rendered":"Presse"},"content":{"rendered":"<div class=\"wpb-content-wrapper\"><p>[vc_section row_bg_color=&#8220;bg&#8211;color&#8211;bg-blue&#8220;][vc_row][vc_column width=&#8220;5\/6&#8243; col_sticky=&#8220;&#8220; offset=&#8220;vc_col-md-8&#8243;]<div class=\"vmb-3 wpb_content_element\" ><div class=\"heading heading--h1 \"><h1 class=\"heading   \" >Foodpunk in der<br \/>\n<em>Presse<\/em><\/h1><\/div><\/div><div class=\"vmb-3 wpb_content_element\" ><div class=\"heading heading--p \"><p class=\"heading h4  \" >St\u00f6bert in unserer Sammlung von aktuellen und wichtigen Artikeln und Ver\u00f6ffentlichungen!<\/p><\/div><\/div>[\/vc_column][\/vc_row][\/vc_section][vc_section row_padding=&#8220;vpt-3 vpb-3&#8243;][vc_row row_padding=&#8220;vpt-5 vpb-5&#8243;][vc_column col_sticky=&#8220;&#8220; offset=&#8220;vc_col-lg-offset-2 vc_col-lg-8 vc_col-md-offset-1 vc_col-md-10&#8243;]<div class=\"vmb-5 wpb_content_element\" ><div class=\"index-list\"><p class=\"h4 index-list__title\">Inhaltsverzeichnis<\/p><ul><\/ul><\/div><\/div><div class=\"vmb-5 wpb_content_element\" ><div class=\"heading heading--h2 \"><h2 class=\"heading   \" >Pressemitteilungen<\/h2><\/div><\/div>[vc_column_text]<\/p>\n<h3 id=\"2025\">2025<\/h3>\n<ul>\n<li>16.09.2025: <a href=\"https:\/\/foodpunk.com\/wp-content\/uploads\/250902_Pressemitteiling_DHBW_Heilbronn.pdf\">Foodpunk wird dualer Partner im neuen Studiengang \u201ePersonalisierte Ern\u00e4hrung\u201c der DHBW Heilbronn<\/a><\/li>\n<\/ul>\n<h3 id=\"2024\">2024<\/h3>\n<ul>\n<li>21.11.2024: <a href=\"https:\/\/foodpunk.com\/wp-content\/uploads\/241122_PM_AOK_PLUS_Kooperation.docx.pdf\" target=\"_blank\" rel=\"noopener\">Foodpunk und AOK PLUS: Partnerschaft f\u00fcr innovative Gesundheitsf\u00f6rderung und Pr\u00e4vention mit der AOK Navida App<\/a><\/li>\n<li>15.02.2024: <a href=\"https:\/\/foodpunk.com\/wp-content\/uploads\/241125_PM_AOK_Februar_final_Webseite.pdf\" target=\"_blank\" rel=\"noopener\">Individuelle Erna\u0308hrungsprogramme fu\u0308r Versicherte: Foodpunk schlie\u00dft Partnerschaft mit AOK PLUS<\/a><\/li>\n<li>16.01.2024: <a href=\"https:\/\/foodpunk.com\/wp-content\/uploads\/2411125_PM_UK_final_Webseite.pdf\" target=\"_blank\" rel=\"noopener\">Studie in Cell Reports Medicine vero\u0308ffentlicht: Erna\u0308hrungs-Startup Foodpunk unterstu\u0308tzt Forschung der Universita\u0308t zu Ko\u0308ln<\/a><\/li>\n<\/ul>\n<p>[\/vc_column_text]<div class=\"vmb-5 wpb_content_element\" ><div class=\"heading heading--h2 \"><h2 class=\"heading   \" >Foodpunk in den Medien<\/h2><\/div><\/div>[vc_column_text]<\/p>\n<div id=\"u81_text\" class=\"text \">\n<h3 id=\"2024\"><strong>2024<\/strong><\/h3>\n<ul>\n<li>Pharma Relations: <a href=\"https:\/\/www.pharma-relations.de\/themen\/digital-health\/aok-plusfoodpunk~n3269\" target=\"_blank\" rel=\"noopener noreferrer nofollow\">Foodpunk und AOK PLUS kooperieren bei Online-Pr\u00e4vention<\/a><\/li>\n<li>Food Campus Berlin: <a href=\"https:\/\/www.linkedin.com\/posts\/foodcampus-berlin_foodcampusberlin-planetaryhealth-personalizednutrition-activity-7227184269364776960-4NqC?utm_source=share&amp;utm_medium=member_desktop\" target=\"_blank\" rel=\"noopener noreferrer nofollow\">Im Food Campus Community Talk spricht Marina \u00fcber ihre Vision \u00fcber die Zukunft der personalisierten Ern\u00e4hrung.\u00a0<\/a><\/li>\n<li>Merkur: <a href=\"https:\/\/www.merkur.de\/lokales\/muenchen-lk\/hohenbrunn-ort28822\/hohenbrunn-foodpunk-ki-gestuetzt-diese-firma-stellt-personalisierte-ernaehrung-her-92908082.html\" target=\"_blank\" rel=\"noopener noreferrer nofollow\"><span style=\"font-weight: 400;\">KI-gest\u00fctzt: Diese Firma stellt personalisierte Ern\u00e4hrung her<\/span><\/a><\/li>\n<li>Pharma Relations: <a href=\"https:\/\/www.pharma-relations.de\/pharma-relations.de\/themen\/branche\/foodpunkpnt-center~n1713\" target=\"_blank\" rel=\"noopener noreferrer nofollow\">Foodpunk er\u00f6ffnet Zentrum f\u00fcr personalisierte Ern\u00e4hrung und Technologi<\/a>e<\/li>\n<li>S\u00fcddeutsche Zeitung: <a href=\"https:\/\/www.sueddeutsche.de\/muenchen\/landkreismuenchen\/hohenbrunn-foodpunk-gmbh-abnehmen-ernaehrungsumstellung-ketogene-ernaehrung-1.6443529?reduced=true\" target=\"_blank\" rel=\"noopener noreferrer nofollow\">Besser statt weniger essen<\/a><\/li>\n<li>Munich-Startup.de: \u00a0<a href=\"https:\/\/www.munich-startup.de\/98255\/foodpunk-partnerschaft-aok-plus\/\" target=\"_blank\" rel=\"noopener noreferrer nofollow\">Foodpunk schlie\u00dft Partnerschaft mit AOK Plus &#8211; Munich Startup<\/a><\/li>\n<li>Nutrition Hub: <a href=\"https:\/\/www.nutrition-hub.de\/post\/experten-insights-zum-ern%C3%A4hrungstrend-convenience-food-essen-to-go-deep-dive-2024\" target=\"_blank\" rel=\"noopener noreferrer nofollow\">Ern\u00e4hrungstrends Convenience Food<\/a><\/li>\n<li>arte.tv: <a href=\"https:\/\/www.arte.tv\/de\/videos\/109816-013-A\/macht-zucker-dumm\/\" target=\"_blank\" rel=\"noopener noreferrer nofollow\">Dokumentation &#8222;Macht Zucker dumm?&#8220;<\/a><\/li>\n<li>Health Reminder: <a href=\"https:\/\/www.healthreminder.de\/news\/Foodpunk%20\" target=\"_blank\" rel=\"noopener noreferrer nofollow\">Foodpunk schlie\u00dft Partnerschaft mit AOK PLUS<\/a><\/li>\n<li>Healthcare Startups: <a href=\"https:\/\/healthcare-startups.de\/foodpunkt\/\" target=\"_blank\" rel=\"noopener noreferrer nofollow\">\u00dcber Foodpunk<\/a><\/li>\n<li>Startup Valley News: <a href=\"https:\/\/startupvalley.news\/de\/foodpunk\/\" target=\"_blank\" rel=\"noopener noreferrer nofollow\"><span style=\"font-weight: 400;\">Foodpunk individuelle wissenschaftsbasierte Ern\u00e4hrungsprogramme<\/span><\/a><\/li>\n<li>Munich-Startup.de: <a href=\"https:\/\/www.munich-startup.de\/97556\/foodpunk-forschung-uni-koeln\/\" target=\"_blank\" rel=\"noopener noreferrer nofollow\"><span style=\"font-weight: 400;\">Foodpunk unterst\u00fctzt Forschung der K\u00f6lner Uni &#8211; Munich Startup<\/span><\/a><\/li>\n<\/ul>\n<h3 id=\"2023\">2023<\/h3>\n<ul>\n<li>Deutsche Startups \u2013 <a href=\"https:\/\/www-deutsche--startups-de.cdn.ampproject.org\/c\/s\/www.deutsche-startups.de\/2023\/09\/12\/foodpunk-ernaehrungsberatung\/amp\/\" target=\"_blank\" rel=\"noopener noreferrer nofollow\">Wir sind positiver Dinge und nutzen die Zeit f\u00fcr Weiterentwicklung<\/a><\/li>\n<li>NDR \u2013 <a href=\"https:\/\/www.ndr.de\/fernsehen\/programm\/epg\/42-Die-Antwort-auf-fast-alles,sendung1353772.html\" target=\"_blank\" rel=\"noopener noreferrer nofollow\">Warum essen wir, was wir essen?<\/a><\/li>\n<li>T-Online: <a href=\"https:\/\/www.t-online.de\/gesundheit\/ernaehrung\/id_86387984\/cheat-day-an-einem-tag-alles-essen-und-trotzdem-schlank-bleiben-.html\" target=\"_blank\" rel=\"noopener noreferrer nofollow\">Burger, Pasta, Pommes: Viele Abnehmwillige g\u00f6nnen sich einmal pro Woche ein regelrechtes Fressgelage \u2013 den &#8222;Cheat Day&#8220; oder &#8222;Schummeltag&#8220;. Kann man so tats\u00e4chlich abnehmen? Und ist das gesund?<\/a><\/li>\n<li>Live Talk mit Julia Tulipan \u2013 <a href=\"https:\/\/www.instagram.com\/p\/CpiA2R-PEuX\/?utm_source=ig_web_copy_link\" target=\"_blank\" rel=\"noopener noreferrer nofollow\">Alles zur neuen Erythrit Studie\u00a0<\/a><\/li>\n<li>Live Talk mit Dr. Simone Koch \u2013 <a href=\"https:\/\/www.instagram.com\/p\/CpYD4mYLJne\/?utm_source=ig_web_copy_link\" target=\"_blank\" rel=\"noopener noreferrer nofollow\">Zuckerentzug, Zucker f\u00fcr Sportler, Die sch\u00e4dliche Wirkung von Fructose &amp; Co<\/a><\/li>\n<li>Nutrition Hub:<a href=\"https:\/\/www.nutrition-hub.de\/post\/trendreport-ernaehrung-10-top-trends-2023\" target=\"_blank\" rel=\"noopener noreferrer nofollow\"> Die Top 10 Ern\u00e4hrungstrends 2023<\/a><\/li>\n<\/ul>\n<h3 id=\"2022\">2022<\/h3>\n<\/div>\n<ul>\n<li>Podcast Anahita Rehbein \u2013 Das A&amp;O vom Mamasein: <a href=\"https:\/\/open.spotify.com\/episode\/6EmQLSgrhtQz62xA6WzzVg?si=bNFyb-FrQAOvnnn5DWXFPA&amp;nd=1&amp;product=open&amp;%24full_url=https%3A%2F%2Fopen.spotify.com%2Fepisode%2F6EmQLSgrhtQz62xA6WzzVg%3Fsi%3DbNFyb-FrQAOvnnn5DWXFPA&amp;feature=organic&amp;_branch_match_id=1139549434935764139&amp;utm_medium=organic&amp;_branch_referrer=H4sIAAAAAAAAA72N3QqCMACFn2bepTRrF4HEwHYVlQTZXcw5dTi3sZ9In74V9ArBuTicj48zeG%2FcLsuc0V50c0qNSaVQY7Y3VreB%2BUIbrhIAN12Q8hGsLIaPAnIMIIn54PRnMz3FiRvhdMtjQ4epOl57O%2FhqQfCFUb0stx7kxAmQl82JzM2K2Aqfn0qpbVnfyQV%2Fv6iUDWXjP%2F4ARKqNdJ10nPpgeaFtT5Vgbz3C2NUbAQAA\" target=\"_blank\" rel=\"noopener noreferrer nofollow\">Die &#8222;perfekte&#8220; Ern\u00e4hrung verstehen, mit Marina Lommel<\/a><\/li>\n<li>1e9 &#8211; Festival der Zukunft 2022: <a href=\"https:\/\/1e9.community\/t\/marina-lommel-ceo-foodpunk-gmbh\/17524\" target=\"_blank\" rel=\"noopener noreferrer nofollow\">Marina Lommel, Ern\u00e4hrungswissenschaftlerin und Gr\u00fcnderin von Foodpunk, ist Speaker beim Festival der Zukunft.<\/a><\/li>\n<li>FOOD Sensor: <a href=\"https:\/\/www.food-sensor.de\/foodsensor-meets-foodpunk-eine-optimale-ergaenzung\/\" target=\"_blank\" rel=\"noopener noreferrer nofollow\">Foodpunks meets FOOD Sensor, das Fachlabor f\u00fcr ern\u00e4hrungsmedizinische Diagnostik<\/a><\/li>\n<\/ul>\n<h3 id=\"2021\">2021<\/h3>\n<ul>\n<li>Die Finanzheldinnen: <a href=\"https:\/\/finanz-heldinnen.de\/podcast-schwungmasse\/127-ernahrung-mit-marina-lommel\" target=\"_blank\" rel=\"noopener noreferrer nofollow\">Im Gespr\u00e4ch mit finanzheldin Katharina gibt Marina Lommel Einblicke in die Entwicklung von Foodpunk und spricht dar\u00fcber wie Ern\u00e4hrung Deine Leistung steigern kann.<\/a><\/li>\n<li>GQ Magazin: <a href=\"https:\/\/www.gq-magazin.de\/lifestyle\/artikel\/tech-start-ups-das-steckt-hinter-bezeichnungen-wie-fintech-foodtech-femtech-und-co\" target=\"_blank\" rel=\"noopener noreferrer nofollow\">Tech-Start-ups: Das steckt hinter Bezeichnungen wie FinTech, FoodTech, FemTech &amp; Co.<\/a><\/li>\n<li>Tobis Fahrtenbuch: <a href=\"https:\/\/tobisfahrtenbuch.podigee.io\/41-neue-episode\" target=\"_blank\" rel=\"noopener noreferrer nofollow\">Im Interview Marina Lommel \u00fcber ihr 5. Buch \u201eSelbstbewusstsein geht durch den Magen\u201c<\/a><\/li>\n<li>Business Punk &#8211; How to hack: <a href=\"https:\/\/www.business-punk.com\/2021\/03\/how-to-hack-121-marina-lommel-uebers-gruenden-von-der-idee-zum-erfolgreichen-business\/\" target=\"_blank\" rel=\"noopener noreferrer nofollow\">Marina Lommel \u00fcbers Gr\u00fcnden \u2013 von der Idee zum erfolgreichen Business<\/a><\/li>\n<li>Anke Sommer \u2013 Leben mit Herz: <a href=\"https:\/\/institut-sommer.de\/podcast\/schaedliche-angewohnheiten-veraendern\/\" target=\"_blank\" rel=\"noopener noreferrer nofollow\">In dieser Podcastfolge unterh\u00e4lt sich Anke Sommer mit Marina Lommel, Gr\u00fcnderin von Foodpunk, \u00fcber das Thema: Wie k\u00f6nnen sch\u00e4dliche Angewohnheiten ver\u00e4ndert werden?<\/a><\/li>\n<li>RTL News: <a href=\"https:\/\/www.rtl.de\/cms\/immunsystem-so-koennen-sie-ihre-abwehrkraefte-staerken-1659852.html\" target=\"_blank\" rel=\"noopener noreferrer nofollow\">Kampf gegen Coronavirus: Wie k\u00f6nnen wir unsere Abwehrkr\u00e4fte wirklich st\u00e4rken?<\/a><\/li>\n<li>Men\u2019s Health: <a href=\"https:\/\/www.menshealth.de\/abnehmen\/so-effektiv-ist-die-ketogene-diaet\/\" target=\"_blank\" rel=\"noopener noreferrer nofollow\">Diese Lebensmittel sind bei der Keto-Di\u00e4t erlaubt \u2013 und diese sind tabu!<\/a><\/li>\n<li>Gruenderfreunde.de: <a href=\"https:\/\/gruenderfreunde.de\/top-20-startups-deutschland-2021\/\" target=\"_blank\" rel=\"noopener noreferrer nofollow\">Foodpunk ist eins der Top 20 Startups in Deutschland 2021\u00a0<\/a><\/li>\n<\/ul>\n<h3 id=\"2020\">2020<\/h3>\n<ul>\n<li>Zuckerjunkies: <a href=\"https:\/\/zuckerjunkies.com\/?s=marina+lommel\" target=\"_blank\" rel=\"noopener noreferrer nofollow\">Interview mit Marina Lommel \u2013 Ketogene Ern\u00e4hrung mit Diabetes mit Foodpunk<\/a><\/li>\n<li>Bunte.de: <a href=\"https:\/\/www.bunte.de\/health\/abnehmen-ernaehrung\/diaeten\/diaet-erfolg-low-carb-funktioniert-nicht-das-sind-die-gruende.html\" target=\"_blank\" rel=\"noopener noreferrer nofollow\">Low Carb funktioniert nicht? Das sind die Gr\u00fcnde.<\/a><\/li>\n<li>Julia Tulipan: <a href=\"https:\/\/juliatulipan.com\/mit-ketogener-ernaehrung-zum-super-brain-interview-mit-foodpunk-marina-lommel\/\" target=\"_blank\" rel=\"noopener noreferrer nofollow\">Mit ketogener Ern\u00e4hrung zum Super Brain \u2013 Interview mit Foodpunk Marina Lommel<\/a><\/li>\n<li>Julia Tulipan: <a href=\"https:\/\/juliatulipan.com\/hoechstleistung-mit-strategie-und-energie-die-gruenderin-von-foodpunk\/\" target=\"_blank\" rel=\"noopener noreferrer nofollow\">H\u00f6chstleistung mit Strategie und Energie \u2013 die Gr\u00fcnderin von Foodpunk im Interview<\/a><\/li>\n<\/ul>\n<h3 id=\"2019\">2019<\/h3>\n<ul>\n<li>Regiotrends.de: <a href=\"https:\/\/www.regiotrends.de\/de\/verbraucher-wirtschaft\/index.news.395751.das-koerpereigene-kraftwerk-aktivieren---das-neue-grundlagenwerk-der-keto-kompass-weist-den-weg-zum-gesunden-leben.html\" target=\"_blank\" rel=\"noopener noreferrer nofollow\">Zusammen mit Marina Lommel, Ulrike Gonder und Julia Tulipan hat die Freiburger \u00c4rztin und Ern\u00e4hrungsmedizinerin Dr. Brigitte Karner ihre Erfahrungen mit ketogener Ern\u00e4hrung in \u201eDER KETO-KOMPASS\u201c zusammengefasst.<\/a><\/li>\n<li>Saarbr\u00fccker Zeitung: <a href=\"https:\/\/www.saarbruecker-zeitung.de\/ketone-die-unterschaetzten-heilstoffe-aus-unserer-leber_aid-37309291\" target=\"_blank\" rel=\"noopener noreferrer nofollow\">Aus Fett in der Leber gebildete Ketone k\u00f6nnen vielen Erkrankungen entgegenwirken und K\u00f6rper und Geist fit halten.<\/a><\/li>\n<li>medianauten.net: <a href=\"https:\/\/medianauten.net\/wie-marina-dank-facebook-zur-unternehmerin-wurde\" target=\"_blank\" rel=\"noopener noreferrer nofollow\">Auf Foodpunk bietet Marina Ern\u00e4hrungspl\u00e4ne an, die sie ihren Kunden auf den Leib schreibt. Was am Anfang nur eine Facebook-Seite war, ist heute ein Unternehmen mit Angestellten und Blog.<\/a><\/li>\n<li>Made in Germany: <a href=\"https:\/\/www.madeingermany.online\/magazin\/company-stories\/foodpunk-start-up-fuer-nachhaltige-ernaehrung\" target=\"_blank\" rel=\"noopener noreferrer nofollow\">Wie ein M\u00fcnchner Start-up unser Essverhalten n\u00e4hrender, aufbauender und bunter macht.<\/a><\/li>\n<li>happycarb.de: <a href=\"https:\/\/happycarb.de\/happy-carb-meets\/schlank-mit-keto-marina-lommel-im-foodpunk-talk\/\" target=\"_blank\" rel=\"noopener noreferrer nofollow\">Happy Carb meets Marina Lommel im Foodpunk-Talk zu Marinas Buch \u201eSchlank mit Keto\u201c<\/a><\/li>\n<li>Julia Burget: <a href=\"https:\/\/juliaburget.de\/so-hat-sie-es-gemacht-marina-lommel-von-foodpunk-de\/\" target=\"_blank\" rel=\"noopener noreferrer nofollow\">Interview: So hat SIE es gemacht: Marina Lommel von Foodpunk<\/a><\/li>\n<li>F\u00fcr-Gr\u00fcnder.de: <a href=\"https:\/\/www.fuer-gruender.de\/blog\/female-founders\/\" target=\"_blank\" rel=\"noopener noreferrer nofollow\">Female + CEO: passt perfekt, aber wie steht&#8217;s um die Gleichberechtigung?\u00a0<\/a><\/li>\n<li>F\u00fcr-Gr\u00fcnder.de: <a href=\"https:\/\/www.fuer-gruender.de\/blog\/geschaeftsideen-von-frauen\/\" target=\"_blank\" rel=\"noopener noreferrer nofollow\">Von Gaming bis Food &#8211; vier Gesch\u00e4ftsideen von Gr\u00fcnderinnen<\/a><\/li>\n<li>F\u00fcr-Gr\u00fcnder.de: <a href=\"https:\/\/www.fuer-gruender.de\/blog\/foodpunk-digitale-ernaehrungsberatung\/\" target=\"_blank\" rel=\"noopener noreferrer nofollow\">Schlemmen ohne Reue: Mit dem digitalen Ern\u00e4hrungs-Coach zum Erfolg<\/a><\/li>\n<li>Open-PR.de: <a href=\"https:\/\/www.openpr.de\/news\/1035977\/PM-Platz-6-der-Top-50-Startups-2018-geht-an-Foodpunk.html\" target=\"_blank\" rel=\"noopener noreferrer nofollow\">Das Gr\u00fcnderportal F\u00fcr-Gr\u00fcnder.de hat am Mittwoch die Top 50 Startups 2018 bekannt gegeben. Von 672 analysierten Startups hat Foodpunk dabei den 6. Platz erhalten und rangiert damit in den Top 10.<\/a><\/li>\n<\/ul>\n<h3 id=\"2018\">2018<\/h3>\n<ul>\n<li>Top50startups.de: <a href=\"https:\/\/www.top50startups.de\/start-ups\/ranking\/2018\/foodpunk\" target=\"_blank\" rel=\"noopener noreferrer nofollow\">Foodpunk erreicht Platz 6 bei den Top 50 Startups 2018. Mit individuellen Ern\u00e4hrungspl\u00e4nen erreichen die Foodpunk Kunden effektiv ihr Ziel. Die Foodpunk-App ist der Ern\u00e4hrungscoach in der Hosentasche.<\/a><\/li>\n<li>Arktis Biopharma \u2013 Darmgesundheit: <a href=\"https:\/\/www.arktisbiopharma.ch\/darmglueck-folge-017\/\" target=\"_blank\" rel=\"noopener noreferrer nofollow\">Was ist ketogene Ern\u00e4hrung und warum du das einfach einmal ausprobieren solltest \u2013 Interview mit Marina Lommel von Foodpunk<\/a><\/li>\n<li>Munich-Startup.de: <a href=\"https:\/\/www.munich-startup.de\/41391\/foodpunk-investment\/\" target=\"_blank\" rel=\"noopener noreferrer nofollow\">Mu\u0308nchner Startup FOODPUNK gewinnt strategische Partner und Kapital fu\u0308r Wachstum und Produktentwicklung.\u00a0<\/a><\/li>\n<li>Herzensk\u00f6chin.com: <a href=\"https:\/\/www.herzenskoechin.com\/2018\/01\/31\/muenchner-startup-foodpunk-gewinnt-1-preis\/\" target=\"_blank\" rel=\"noopener noreferrer nofollow\">M\u00fcnchner Startup Foodpunk gewinnt 1. Preis<\/a><\/li>\n<li>connect.de: <a href=\"https:\/\/www.connect.de\/news\/breakthrough-award-2018-gewinner-live-stream-ticker-3198091.html\" target=\"_blank\" rel=\"noopener noreferrer nofollow\">Foodpunk gewinnt den 1. Preis beim breakthrough award 2018<\/a><\/li>\n<\/ul>\n<h3 id=\"2016\">2016<\/h3>\n<ul>\n<li>MucBook: <a href=\"https:\/\/www.mucbook.de\/foodpunk-popup-store-ab-heute-am-isartor\/\" target=\"_blank\" rel=\"noopener noreferrer nofollow\">Foodpunk er\u00f6ffnet seinen ersten Popup-Store in M\u00fcnchen. Angeboten werden leckere Brownies und Cupcakes, weitere gesunde Spezialit\u00e4ten und Bulletproof Coffee \u2013 alles glutenfrei und ohne Soja- oder Lupinenmehl zubereitet.<\/a><\/li>\n<\/ul>\n<div id=\"u81_text\" class=\"text \">\n<ul class=\"icon-list icon-list--arrow\">\n<li style=\"list-style-type: none;\"><\/li>\n<\/ul>\n<\/div>\n<p>[\/vc_column_text][\/vc_column][\/vc_row][vc_row row_padding=&#8220;vpt-5 vpb-5&#8243;][vc_column col_sticky=&#8220;&#8220; offset=&#8220;vc_col-lg-offset-2 vc_col-lg-8 vc_col-md-offset-1 vc_col-md-10&#8243;]<div class=\"vmb-5 wpb_content_element\" ><div class=\"heading heading--h2 \"><h2 class=\"heading   \" ><span class=\"deco-underline\">Presse<\/span> Material<\/h2><\/div><\/div>[vc_column_text]<\/p>\n<div id=\"u81_text\" class=\"text \">\n<div id=\"u113_text\" class=\"text \">\n<ul class=\"icon-list icon-list--arrow\">\n<li>Pressetext (PDF) &#8222;<a href=\"https:\/\/foodpunk.com\/wp-content\/uploads\/Pressetext-Foodpunk.pdf\" target=\"_blank\" rel=\"noopener\">Das ist Foodpunk<\/a>&#8222;<\/li>\n<\/ul>\n<\/div>\n<\/div>\n<p>[\/vc_column_text][vc_row_inner row_padding=&#8220;vpt-1 vpb-1&#8243;][vc_column_inner width=&#8220;1\/4&#8243;][vc_single_image image=&#8220;12386&#8243; img_size=&#8220;medium&#8220; elem_margin_bottom=&#8220;vmb-1&#8243;][\/vc_column_inner][vc_column_inner width=&#8220;3\/4&#8243; offset=&#8220;vc_col-md-offset-1 vc_col-md-8&#8243;][vc_column_text]<\/p>\n<div id=\"u81_text\" class=\"text \">\n<div id=\"u113_text\" class=\"text \">\n<p><a href=\"https:\/\/foodpunk.com\/wp-content\/uploads\/Foodpunk-Logo-Black.png\">Foodpunk Logo schwarz<\/a><\/p>\n<\/div>\n<\/div>\n<p>[\/vc_column_text][\/vc_column_inner][\/vc_row_inner][vc_row_inner row_padding=&#8220;vpt-1 vpb-1&#8243;][vc_column_inner width=&#8220;1\/4&#8243;][vc_single_image image=&#8220;61799&#8243; img_size=&#8220;medium&#8220;][\/vc_column_inner][vc_column_inner width=&#8220;3\/4&#8243; offset=&#8220;vc_col-md-offset-1 vc_col-md-8&#8243;][vc_column_text]<\/p>\n<div id=\"u81_text\" class=\"text \">\n<div id=\"u113_text\" class=\"text \">\n<ul class=\"icon-list icon-list--arrow\">\n<li><a href=\"https:\/\/foodpunk.com\/wp-content\/uploads\/Marina_Lommel_c_Foodpunk_GmbH_2023_1.jpg\">Foodpunk Gr\u00fcnderin Marina Lommel (c) Foodpunk<\/a><\/li>\n<\/ul>\n<\/div>\n<\/div>\n<p>[\/vc_column_text][\/vc_column_inner][\/vc_row_inner][vc_row_inner row_padding=&#8220;vpt-1 vpb-1&#8243;][vc_column_inner width=&#8220;1\/4&#8243;][vc_single_image image=&#8220;12397&#8243; img_size=&#8220;medium&#8220;][\/vc_column_inner][vc_column_inner width=&#8220;3\/4&#8243; offset=&#8220;vc_col-md-offset-1 vc_col-md-8&#8243;][vc_column_text]<\/p>\n<div id=\"u81_text\" class=\"text \">\n<div id=\"u113_text\" class=\"text \">\n<ul class=\"icon-list icon-list--arrow\">\n<li><a href=\"https:\/\/foodpunk.com\/wp-content\/uploads\/Foodpunk_App_09.jpg\">Rezept in der Foodpunk App<\/a><\/li>\n<\/ul>\n<\/div>\n<\/div>\n<p>[\/vc_column_text][\/vc_column_inner][\/vc_row_inner][vc_row_inner row_padding=&#8220;vpt-1 vpb-1&#8243;][vc_column_inner width=&#8220;1\/4&#8243;][vc_single_image image=&#8220;12399&#8243; img_size=&#8220;medium&#8220;][\/vc_column_inner][vc_column_inner width=&#8220;3\/4&#8243; offset=&#8220;vc_col-md-offset-1 vc_col-md-8&#8243;][vc_column_text]<\/p>\n<div id=\"u81_text\" class=\"text \">\n<div id=\"u113_text\" class=\"text \">\n<ul class=\"icon-list icon-list--arrow\">\n<li><a href=\"https:\/\/foodpunk.com\/wp-content\/uploads\/Foodpunk_App_12.jpg\">Ern\u00e4hrungsplan f\u00fcr einen Tag in der Foodpunk App<\/a><\/li>\n<\/ul>\n<\/div>\n<\/div>\n<p>[\/vc_column_text][\/vc_column_inner][\/vc_row_inner][vc_row_inner row_padding=&#8220;vpt-1 vpb-1&#8243;][vc_column_inner width=&#8220;1\/4&#8243;][vc_single_image image=&#8220;12395&#8243; img_size=&#8220;medium&#8220;][\/vc_column_inner][vc_column_inner width=&#8220;3\/4&#8243; offset=&#8220;vc_col-md-offset-1 vc_col-md-8&#8243;][vc_column_text]<\/p>\n<div id=\"u81_text\" class=\"text \">\n<div id=\"u113_text\" class=\"text \">\n<ul class=\"icon-list icon-list--arrow\">\n<li><a href=\"https:\/\/foodpunk.com\/wp-content\/uploads\/Foodpunk_App_01.jpg\">Ern\u00e4hrungsplan f\u00fcr eine Woche in der Foodpunk App<\/a><\/li>\n<\/ul>\n<\/div>\n<\/div>\n<p>[\/vc_column_text][\/vc_column_inner][\/vc_row_inner][\/vc_column][\/vc_row][\/vc_section][vc_section row_padding=&#8220;custom&#8220; row_bg_color=&#8220;bg&#8211;color&#8211;bg-primary&#8220; section_sidetitle=&#8220;Support&#8220;][vc_row content_placement=&#8220;bottom&#8220; row_padding=&#8220;&#8220;][vc_column width=&#8220;1\/2&#8243; col_sticky=&#8220;&#8220; el_class=&#8220;vc_col-sm-push-6&#8243;][vc_row_inner row_padding=&#8220;vpt-5 vpb-5&#8243;][vc_column_inner offset=&#8220;vc_col-md-10&#8243;]<div class=\"vmb-3 wpb_content_element\" ><div class=\"heading heading--h3 \"><p class=\"heading--subtitle \" >Du m\u00f6chtest \u00fcber Foodpunk berichten?<\/p><h3 class=\"heading h2 heading--subtitle-top \" ><em>Marina<\/em> ist f\u00fcr Dich da!<\/h3><\/div><\/div>[vc_column_text]<\/p>\n<div id=\"u80_text\" class=\"text \">\n<p><strong>Kontaktiere uns gerne per Mail an <a href=\"mailto:info@foodpunk.de\">info@foodpunk.de<\/a> oder rufe uns an unter 089\/35762016.<\/strong><\/p>\n<p>Wir sind Montag-Freitag von 8 Uhr bis 16 Uhr (Freitag bis 14 Uhr) f\u00fcr dich erreichbar.<\/p>\n<\/div>\n<p>[\/vc_column_text][\/vc_column_inner][\/vc_row_inner][\/vc_column][vc_column width=&#8220;1\/2&#8243; col_sticky=&#8220;&#8220; offset=&#8220;vc_col-lg-offset-1 vc_col-lg-5&#8243; el_class=&#8220;vc_col-sm-pull-6 overlapping-person&#8220;][vc_single_image image=&#8220;12875&#8243; img_size=&#8220;large&#8220; elem_margin_bottom=&#8220;&#8220;][\/vc_column][\/vc_row][\/vc_section]<\/p>\n<\/div>","protected":false},"excerpt":{"rendered":"<p>[vc_section row_bg_color=&#8220;bg&#8211;color&#8211;bg-blue&#8220;][vc_row][vc_column width=&#8220;5\/6&#8243; col_sticky=&#8220;&#8220; offset=&#8220;vc_col-md-8&#8243;][\/vc_column][\/vc_row][\/vc_section][vc_section row_padding=&#8220;vpt-3 vpb-3&#8243;][vc_row row_padding=&#8220;vpt-5 vpb-5&#8243;][vc_column col_sticky=&#8220;&#8220; offset=&#8220;vc_col-lg-offset-2 vc_col-lg-8 vc_col-md-offset-1 vc_col-md-10&#8243;][vc_column_text] 2025 16.09.2025: Foodpunk wird dualer Partner im neuen Studiengang \u201ePersonalisierte Ern\u00e4hrung\u201c der DHBW Heilbronn 2024 21.11.2024: Foodpunk und AOK PLUS: Partnerschaft f\u00fcr innovative Gesundheitsf\u00f6rderung und Pr\u00e4vention mit der AOK Navida App 15.02.2024: Individuelle Erna\u0308hrungsprogramme fu\u0308r Versicherte: Foodpunk schlie\u00dft Partnerschaft mit AOK [&hellip;]<\/p>\n","protected":false},"author":38,"featured_media":0,"parent":5285,"menu_order":4,"comment_status":"closed","ping_status":"closed","template":"","meta":{"_acf_changed":false,"inline_featured_image":false,"footnotes":""},"class_list":["post-108","page","type-page","status-publish","hentry"],"acf":[],"_links":{"self":[{"href":"https:\/\/foodpunk.com\/de\/wp-json\/wp\/v2\/pages\/108","targetHints":{"allow":["GET"]}}],"collection":[{"href":"https:\/\/foodpunk.com\/de\/wp-json\/wp\/v2\/pages"}],"about":[{"href":"https:\/\/foodpunk.com\/de\/wp-json\/wp\/v2\/types\/page"}],"author":[{"embeddable":true,"href":"https:\/\/foodpunk.com\/de\/wp-json\/wp\/v2\/users\/38"}],"replies":[{"embeddable":true,"href":"https:\/\/foodpunk.com\/de\/wp-json\/wp\/v2\/comments?post=108"}],"version-history":[{"count":22,"href":"https:\/\/foodpunk.com\/de\/wp-json\/wp\/v2\/pages\/108\/revisions"}],"predecessor-version":[{"id":74033,"href":"https:\/\/foodpunk.com\/de\/wp-json\/wp\/v2\/pages\/108\/revisions\/74033"}],"up":[{"embeddable":true,"href":"https:\/\/foodpunk.com\/de\/wp-json\/wp\/v2\/pages\/5285"}],"wp:attachment":[{"href":"https:\/\/foodpunk.com\/de\/wp-json\/wp\/v2\/media?parent=108"}],"curies":[{"name":"wp","href":"https:\/\/api.w.org\/{rel}","templated":true}]}}