{"id":10265,"date":"2022-12-01T21:59:26","date_gmt":"2022-12-01T21:59:26","guid":{"rendered":"https:\/\/foodpunk.com\/services\/presse-2\/"},"modified":"2025-10-16T09:31:41","modified_gmt":"2025-10-16T07:31:41","slug":"awards","status":"publish","type":"page","link":"https:\/\/foodpunk.com\/de\/awards\/","title":{"rendered":"Awards"},"content":{"rendered":"<div class=\"wpb-content-wrapper\"><p>[vc_section row_bg_color=&#8220;bg&#8211;color&#8211;bg-blue&#8220;][vc_row][vc_column width=&#8220;5\/6&#8243; col_sticky=&#8220;&#8220; offset=&#8220;vc_col-md-8&#8243;]<div class=\"vmb-3 wpb_content_element\" ><div class=\"heading heading--h1 \"><h1 class=\"heading   \" >Foodpunk<br \/>\n<em>Awards<\/em><\/h1><\/div><\/div><div class=\"vmb-3 wpb_content_element\" ><div class=\"heading heading--p \"><p class=\"heading h4  \" >Seit der Gr\u00fcndung im Mai 2015 wurde Foodpunk \u00fcber die Jahre mehrfach ausgezeichnet! Vom Breakthrough Award 2018 bis hin zu den Top 100 der besten Startup-Arbeitgeber hat das Unternehmen, das inzwischen zu einem Team von \u00fcber 20 Mitarbeitern gewachsen ist, viel Anerkennung f\u00fcr sein innovatives Konzept erhalten.<\/p><\/div><\/div>[\/vc_column][\/vc_row][\/vc_section][vc_section row_padding=&#8220;vpt-7 vpb-7&#8243;][vc_row row_padding=&#8220;vpt-5 vpb-5&#8243;][vc_column col_sticky=&#8220;&#8220; offset=&#8220;vc_col-lg-offset-2 vc_col-lg-8 vc_col-md-offset-1 vc_col-md-10&#8243;]<div class=\"vmb-5 wpb_content_element\" ><div class=\"heading heading--h2 \"><h2 class=\"heading   \" ><span class=\"deco-underline\">Auszeichnungen<\/span> von Foodpunk<\/h2><\/div><\/div>[vc_column_text]<\/p>\n<ul class=\"icon-list icon-list--arrow\">\n<li>2024: Gewinner des deutschen Service-Preises in der Kategorie Gesundheit &#8211; Start ups (Deutsches Institut f\u00fcr Service-Qualit\u00e4t DISQ)<\/li>\n<li>2021: Top 100 der besten Startup-Arbeitgeber (Businesspunk)<\/li>\n<li>2020: Watchlist der Zeitschrift Business Punk \u2013 Top 100 Unternehmer, Macher und Kreative<\/li>\n<li>2019: 1. Platz Startup Arena<\/li>\n<li>2019: Top Innovation auf der internationalen Leitmesse f\u00fcr den Lebensmittelsektor ANUGA<\/li>\n<li>2018: Top 50 Startups des Jahres im Ranking von fuer-gruender.de (Platz 1 in der Kategorie Food)<\/li>\n<li>2018: Lecker Liebling Award, Bestes Startup (Bauer Media)<\/li>\n<li>2018: Breakthrough Award 1. Platz (WEKA Media)<\/li>\n<li>2017: 1. Platz in 6 von 8 Kategorien auf der Paleo Convention, Berlin<\/li>\n<\/ul>\n<p>[\/vc_column_text][\/vc_column][\/vc_row][vc_row][vc_column col_sticky=&#8220;&#8220; offset=&#8220;vc_col-lg-offset-2 vc_col-lg-8 vc_col-md-offset-1 vc_col-md-10&#8243;]<div class=\"vmb-3 wpb_content_element\" ><div class=\"review-slider\"><div class=\"review-slider__item\"><div class=\"review-slider__inner\"><div class=\"review-slider__stars\"><div class=\"review-slider__star review-slider__star--filled\"><\/div><div class=\"review-slider__star review-slider__star--filled\"><\/div><div class=\"review-slider__star review-slider__star--filled\"><\/div><div class=\"review-slider__star review-slider__star--filled\"><\/div><div class=\"review-slider__star review-slider__star--filled\"><\/div><\/div><div class=\"review-slider__quote\">ich muss sagen, einfach klasse. Seit ich die App benutze und mich an den Plan halte, sind meine Hei\u00dfhungerattacken weniger geworden.<\/div><div class=\"review-slider__name\">Claudia Olah-Schwindling<\/div><div class=\"review-slider__source review-slider__source--google-playstore\"><\/div><\/div><\/div><div class=\"review-slider__item\"><div class=\"review-slider__inner\"><div class=\"review-slider__stars\"><div class=\"review-slider__star review-slider__star--filled\"><\/div><div class=\"review-slider__star review-slider__star--filled\"><\/div><div class=\"review-slider__star review-slider__star--filled\"><\/div><div class=\"review-slider__star review-slider__star--filled\"><\/div><div class=\"review-slider__star review-slider__star--filled\"><\/div><\/div><div class=\"review-slider__quote\">Zum einen findest du jede Menge Rezepte, die auf dich und dein pers\u00f6nliches Ziel zugeschnitten sind. kannst du flexibel Zutaten austauschen<\/div><div class=\"review-slider__name\">Micha6311<\/div><div class=\"review-slider__source review-slider__source--apple-app-store\"><\/div><\/div><\/div><div class=\"review-slider__item\"><div class=\"review-slider__inner\"><div class=\"review-slider__stars\"><div class=\"review-slider__star review-slider__star--filled\"><\/div><div class=\"review-slider__star review-slider__star--filled\"><\/div><div class=\"review-slider__star review-slider__star--filled\"><\/div><div class=\"review-slider__star review-slider__star--filled\"><\/div><div class=\"review-slider__star review-slider__star--filled\"><\/div><\/div><div class=\"review-slider__quote\">Die baukastenfunktion ist perfekt daf\u00fcr wenn es mal schnell gehen muss. wenn man eine Zutat tauscht sich die Werte aller anderen Zutaten<\/div><div class=\"review-slider__name\">Jenny Toetter<\/div><div class=\"review-slider__source review-slider__source--apple-app-store\"><\/div><\/div><\/div><div class=\"review-slider__item\"><div class=\"review-slider__inner\"><div class=\"review-slider__stars\"><div class=\"review-slider__star review-slider__star--filled\"><\/div><div class=\"review-slider__star review-slider__star--filled\"><\/div><div class=\"review-slider__star review-slider__star--filled\"><\/div><div class=\"review-slider__star review-slider__star--filled\"><\/div><div class=\"review-slider__star review-slider__star--filled\"><\/div><\/div><div class=\"review-slider__quote\">Die App bietet einen individuell erstellten digitalen Ern\u00e4hrungsplan mit tollen Rezepten, die genau auf meine Werte und Ziele berechnet sind<\/div><div class=\"review-slider__name\">Dorothee<\/div><div class=\"review-slider__source review-slider__source--google-playstore\"><\/div><\/div><\/div><div class=\"review-slider__item\"><div class=\"review-slider__inner\"><div class=\"review-slider__stars\"><div class=\"review-slider__star review-slider__star--filled\"><\/div><div class=\"review-slider__star review-slider__star--filled\"><\/div><div class=\"review-slider__star review-slider__star--filled\"><\/div><div class=\"review-slider__star review-slider__star--filled\"><\/div><div class=\"review-slider__star review-slider__star--filled\"><\/div><\/div><div class=\"review-slider__quote\">F\u00fcr alle die langfristig und lecker abnehmen wollen, kann ich die App wirklich nur empfehlen<\/div><div class=\"review-slider__name\">j.jenny.j.2022<\/div><div class=\"review-slider__source review-slider__source--apple-app-store\"><\/div><\/div><\/div><div class=\"review-slider__item\"><div class=\"review-slider__inner\"><div class=\"review-slider__stars\"><div class=\"review-slider__star review-slider__star--filled\"><\/div><div class=\"review-slider__star review-slider__star--filled\"><\/div><div class=\"review-slider__star review-slider__star--filled\"><\/div><div class=\"review-slider__star review-slider__star--filled\"><\/div><div class=\"review-slider__star review-slider__star--filled\"><\/div><\/div><div class=\"review-slider__quote\">Die App ist ein praktisches und geeignetes Mittel zur Umsetzung lange erw\u00fcnschter Ver\u00e4nderungen ungesunder Ern\u00e4hrung. <\/div><div class=\"review-slider__name\">Dudu Uli<\/div><div class=\"review-slider__source review-slider__source--google-playstore\"><\/div><\/div><\/div><div class=\"review-slider__item\"><div class=\"review-slider__inner\"><div class=\"review-slider__stars\"><div class=\"review-slider__star review-slider__star--filled\"><\/div><div class=\"review-slider__star review-slider__star--filled\"><\/div><div class=\"review-slider__star review-slider__star--filled\"><\/div><div class=\"review-slider__star review-slider__star--filled\"><\/div><div class=\"review-slider__star review-slider__star--filled\"><\/div><\/div><div class=\"review-slider__quote\">Mit Foodpunk und der App nehme ich eigentlich fast schon 'nebenbei' ab, ohne gro\u00df etwas einb\u00fc\u00dfen zu m\u00fcssen<\/div><div class=\"review-slider__name\">Carolin Lamm<\/div><div class=\"review-slider__source review-slider__source--google-playstore\"><\/div><\/div><\/div><\/div><div class=\"review-slider__arrows\"><\/div><\/div>[\/vc_column][\/vc_row][\/vc_section][vc_section row_padding=&#8220;custom&#8220; row_bg_color=&#8220;bg&#8211;color&#8211;bg-primary&#8220; section_sidetitle=&#8220;Support&#8220;][vc_row content_placement=&#8220;bottom&#8220; row_padding=&#8220;&#8220;][vc_column width=&#8220;1\/2&#8243; col_sticky=&#8220;&#8220; el_class=&#8220;vc_col-sm-push-6&#8243;][vc_row_inner row_padding=&#8220;vpt-5 vpb-5&#8243;][vc_column_inner offset=&#8220;vc_col-md-10&#8243;]<div class=\"vmb-3 wpb_content_element\" ><div class=\"heading heading--h2 \"><p class=\"heading--subtitle \" >Du m\u00f6chtest \u00fcber Foodpunk berichten?<\/p><h2 class=\"heading  heading--subtitle-top \" ><em>Barbara<\/em> ist f\u00fcr Dich da!<\/h2><\/div><\/div>[vc_column_text]<\/p>\n<div id=\"u80_text\" class=\"text \">\n<p><strong>Kontaktiere uns gerne per Mail an <a href=\"mailto:info@foodpunk.de\">info@foodpunk.de<\/a> oder rufe uns an unter 089\/35762016.<\/strong><\/p>\n<p>Wir sind Montag-Freitag von 8 Uhr bis 16 Uhr (Freitag bis 14 Uhr) f\u00fcr dich erreichbar.<\/p>\n<\/div>\n<p>[\/vc_column_text][\/vc_column_inner][\/vc_row_inner][\/vc_column][vc_column width=&#8220;1\/2&#8243; col_sticky=&#8220;&#8220; offset=&#8220;vc_col-lg-offset-1 vc_col-lg-5&#8243; el_class=&#8220;vc_col-sm-pull-6 overlapping-person&#8220;][vc_single_image image=&#8220;6329&#8243; img_size=&#8220;large&#8220; elem_margin_bottom=&#8220;&#8220;][\/vc_column][\/vc_row][\/vc_section]<\/p>\n<\/div>","protected":false},"excerpt":{"rendered":"<p>[vc_section row_bg_color=&#8220;bg&#8211;color&#8211;bg-blue&#8220;][vc_row][vc_column width=&#8220;5\/6&#8243; col_sticky=&#8220;&#8220; offset=&#8220;vc_col-md-8&#8243;][\/vc_column][\/vc_row][\/vc_section][vc_section row_padding=&#8220;vpt-7 vpb-7&#8243;][vc_row row_padding=&#8220;vpt-5 vpb-5&#8243;][vc_column col_sticky=&#8220;&#8220; offset=&#8220;vc_col-lg-offset-2 vc_col-lg-8 vc_col-md-offset-1 vc_col-md-10&#8243;][vc_column_text] 2024: Gewinner des deutschen Service-Preises in der Kategorie Gesundheit &#8211; Start ups (Deutsches Institut f\u00fcr Service-Qualit\u00e4t DISQ) 2021: Top 100 der besten Startup-Arbeitgeber (Businesspunk) 2020: Watchlist der Zeitschrift Business Punk \u2013 Top 100 Unternehmer, Macher und Kreative 2019: 1. Platz Startup [&hellip;]<\/p>\n","protected":false},"author":13,"featured_media":0,"parent":0,"menu_order":26,"comment_status":"closed","ping_status":"closed","template":"","meta":{"_acf_changed":false,"inline_featured_image":false,"footnotes":""},"class_list":["post-10265","page","type-page","status-publish","hentry"],"acf":[],"_links":{"self":[{"href":"https:\/\/foodpunk.com\/de\/wp-json\/wp\/v2\/pages\/10265","targetHints":{"allow":["GET"]}}],"collection":[{"href":"https:\/\/foodpunk.com\/de\/wp-json\/wp\/v2\/pages"}],"about":[{"href":"https:\/\/foodpunk.com\/de\/wp-json\/wp\/v2\/types\/page"}],"author":[{"embeddable":true,"href":"https:\/\/foodpunk.com\/de\/wp-json\/wp\/v2\/users\/13"}],"replies":[{"embeddable":true,"href":"https:\/\/foodpunk.com\/de\/wp-json\/wp\/v2\/comments?post=10265"}],"version-history":[{"count":7,"href":"https:\/\/foodpunk.com\/de\/wp-json\/wp\/v2\/pages\/10265\/revisions"}],"predecessor-version":[{"id":74542,"href":"https:\/\/foodpunk.com\/de\/wp-json\/wp\/v2\/pages\/10265\/revisions\/74542"}],"wp:attachment":[{"href":"https:\/\/foodpunk.com\/de\/wp-json\/wp\/v2\/media?parent=10265"}],"curies":[{"name":"wp","href":"https:\/\/api.w.org\/{rel}","templated":true}]}}