{"id":10208,"date":"2022-11-28T15:08:18","date_gmt":"2022-11-28T15:08:54","guid":{"rendered":"https:\/\/foodpunk.com\/?page_id=10208"},"modified":"2024-07-09T11:33:51","modified_gmt":"2024-07-09T11:33:51","slug":"anleitung-partnerprogramm","status":"publish","type":"page","link":"https:\/\/foodpunk.com\/de\/anleitung-partnerprogramm\/","title":{"rendered":"Anleitung Partnerprogramm"},"content":{"rendered":"<div class=\"wpb-content-wrapper\"><p>[vc_section row_bg_color=&#8220;bg&#8211;color&#8211;bg-yellow&#8220;][vc_row][vc_column width=&#8220;1\/2&#8243; col_sticky=&#8220;&#8220;]<div class=\"vmb-3 wpb_content_element\" ><div class=\"heading heading--h1 \"><h1 class=\"heading   \" >Anleitung<br \/>\n<span class=\"deco-underline\">Partnerprogramm<\/span><\/h1><\/div><\/div>[vc_column_text]Du bist Heilpraktiker*in, Coach*in, Ern\u00e4hrungsberater*in, Arzt\/\u00c4rztin, Therapeut*in, Influencer*in, Personal Trainer*in oder bist anderweitig im Bereich Gesundheit\/Ern\u00e4hrung unterwegs und hast Lust deine Kunden f\u00fcr Foodpunk zu begeistern? Dann werde ein Teil unseres Partnerprogramms![\/vc_column_text][vc_column_text]Registriere dich bitte zuerst bei unserem Partnerprogramm unter <a href=\"http:\/\/foodpunk.firstpromoter.com\/\" target=\"_blank\" rel=\"noopener noreferrer nofollow\">foodpunk.firstpromoter.com<\/a>[\/vc_column_text][\/vc_column][vc_column width=&#8220;1\/2&#8243;][\/vc_column][\/vc_row][\/vc_section][vc_section row_padding=&#8220;custom&#8220; row_padding_top=&#8220;vpt-5&#8243; row_padding_bottom=&#8220;vpb-7&#8243;][vc_row][vc_column width=&#8220;2\/3&#8243; col_sticky=&#8220;&#8220; offset=&#8220;vc_col-lg-6 vc_col-md-offset-2 vc_col-md-7 vc_col-sm-offset-1&#8243;]<div class=\"wpb_content_element\" ><div class=\"heading heading--h2 \"><h2 class=\"heading   \" >Schritt <em>1<\/em><\/h2><\/div><\/div>[vc_column_text]Einloggen auf <a href=\"https:\/\/foodpunk.firstpromoter.com\/login\" target=\"_blank\" rel=\"noopener noreferrer nofollow\">foodpunk.firstpromoter.com\/login<\/a>.[\/vc_column_text][\/vc_column][\/vc_row][vc_row][vc_column width=&#8220;2\/3&#8243; col_sticky=&#8220;&#8220; offset=&#8220;vc_col-lg-6 vc_col-md-offset-2 vc_col-md-7 vc_col-sm-offset-1&#8243;]<div class=\"wpb_content_element\" ><div class=\"heading heading--h2 \"><h2 class=\"heading   \" >Schritt <em>2<\/em><\/h2><\/div><\/div>[vc_column_text]Du bist nun auf dem Dashboard.[\/vc_column_text][\/vc_column][\/vc_row][vc_row][vc_column width=&#8220;2\/3&#8243; col_sticky=&#8220;&#8220; offset=&#8220;vc_col-lg-6 vc_col-md-offset-2 vc_col-md-7 vc_col-sm-offset-1&#8243;]<div class=\"wpb_content_element\" ><div class=\"heading heading--h2 \"><h2 class=\"heading   \" >Schritt <em>3<\/em><\/h2><\/div><\/div>[vc_column_text]Am Ende der Seite findest du deinen individuellen Link mit deiner spezifischen Affiliate-Erkennung. Kopiere diesen und sende ihn an deine Freunde.[\/vc_column_text][\/vc_column][\/vc_row][vc_row][vc_column width=&#8220;2\/3&#8243; col_sticky=&#8220;&#8220; offset=&#8220;vc_col-lg-6 vc_col-md-offset-2 vc_col-md-7 vc_col-sm-offset-1&#8243;]<div class=\"wpb_content_element\" ><div class=\"heading heading--h2 \"><h2 class=\"heading   \" >Schritt <em>4<\/em><\/h2><\/div><\/div>[vc_column_text]\u00dcber den Button \u201eAdd Link\u201c kannst du weitere Links zu anderen Unterseiten auf unserer Website erstellen und deine Interessenten direkt auf die speziellen Seiten Leiten. Zum Beispiel auf\u00a0<a href=\"https:\/\/foodpunk.com\/de\/ernaehrungsplaene\/lipoedem-ernaehrungsplan\/\">foodpunk.com\/de\/ernaehrungsplaene\/lipoedem-ernaehrungsplan\/<\/a>\u00a0\u2013 dazu gibst du den gew\u00fcnschten Link in das Feld ein und vergibst im Feld \u201eLink Name\u201c noch einen Namen (ohne Umlaute). Wenn du speicherst, f\u00fcgt das System automatisch deine individuelle Affiliate-Erkennung an den Link.[\/vc_column_text][\/vc_column][\/vc_row][vc_row][vc_column width=&#8220;2\/3&#8243; col_sticky=&#8220;&#8220; offset=&#8220;vc_col-lg-6 vc_col-md-offset-2 vc_col-md-7 vc_col-sm-offset-1&#8243;]<div class=\"wpb_content_element\" ><div class=\"heading heading--h2 \"><h2 class=\"heading   \" >Schritt <em>5<\/em><\/h2><\/div><\/div>[vc_column_text]Wenn du jemandem deinen Link sendest, wird ein Cookie gesetzt, der 7 Tage g\u00fcltig ist. Das bedeutet, alle K\u00e4ufe, die nach dem Klick auf deinen Link innerhalb von 7 Tagen auf unserer Seite durchgef\u00fchrt werden, werden dir gutgeschrieben.<\/p>\n<p><strong>WICHTG:<\/strong>\u00a0Nur wenn die geworbene Person Cookie akzeptiert, kann das Tracking und die Zuordnung funktionieren. Lehnt die Person Cookies ab, darf aus datenschutzrechtlichen Gr\u00fcnden keine Affiliate-Information erfasst werden.[\/vc_column_text][\/vc_column][\/vc_row][vc_row][vc_column width=&#8220;2\/3&#8243; col_sticky=&#8220;&#8220; offset=&#8220;vc_col-lg-6 vc_col-md-offset-2 vc_col-md-7 vc_col-sm-offset-1&#8243;]<div class=\"wpb_content_element\" ><div class=\"heading heading--h2 \"><h2 class=\"heading   \" >Schritt <em>6<\/em><\/h2><\/div><\/div>[vc_column_text]Du kannst auch sogenannte Sub-Affiliates werben (also weitere Partner) und wirst dann mit 10% Provision auf deren Umsatz verg\u00fctet. Gehe dazu auf den Men\u00fcpunkt \u201eSub-Affiliates\u201c und kopiere den Link. Du kannst ihn an andere Menschen senden, f\u00fcr die unser Partnerprogramm interessant ist. Wenn eine Person sich dann \u00fcber deinen Link anmeldet und selbst neue Kunden wirbt, wirst du mit 10% am Umsatz beteiligt.[\/vc_column_text][\/vc_column][\/vc_row][vc_row][vc_column width=&#8220;2\/3&#8243; col_sticky=&#8220;&#8220; offset=&#8220;vc_col-lg-6 vc_col-md-offset-2 vc_col-md-7 vc_col-sm-offset-1&#8243;]<div class=\"wpb_content_element\" ><div class=\"heading heading--h2 \"><h2 class=\"heading   \" >Schritt <em>7<\/em><\/h2><\/div><\/div>[vc_column_text]Unter dem Men\u00fcpunkt \u201eAssets\u201c findest du Werbematerialien und das Einf\u00fchrungsvideo.[\/vc_column_text][\/vc_column][\/vc_row][vc_row][vc_column width=&#8220;2\/3&#8243; col_sticky=&#8220;&#8220; offset=&#8220;vc_col-lg-6 vc_col-md-offset-2 vc_col-md-7 vc_col-sm-offset-1&#8243;]<div class=\"wpb_content_element\" ><div class=\"heading heading--h2 \"><h2 class=\"heading   \" >Regeln<\/h2><\/div><\/div>[vc_column_text]Das Einsetzen von bezahlter Werbung z.B. auf Google unter Einsatz des pers\u00f6nlichen Links ist verboten. Betroffene Promoter werden ohne Vorwarnung blockiert und dauerhaft f\u00fcr das Programm gesperrt. Auszahlungen werden nicht get\u00e4tigt und Provisionen verfallen, wenn dieses sogenannte Ad Hijacking oder andere Arten des Affiliate Betrugs betrieben werden.[\/vc_column_text][\/vc_column][\/vc_row][\/vc_section][vc_row row_padding=&#8220;&#8220; row_maxwidth=&#8220;&#8220;][vc_column]<div class=\"templatera_shortcode\"><section class=\"vc_section custom bg--color--bg-2025-green-2 vc_section-sided\"><div class=\"vc_container vc_maxwidth \"><div class=\"vc_row wpb_row vc_row-fluid vc_row-o-content-bottom vc_row-flex bg--color--bg-2025-green-2\"><div class=\"vc_col-sm-push-6 wpb_column vc_column_container vc_col-sm-6\"><div class=\"vc_column-inner\"><div class=\"wpb_wrapper\"><div class=\"vc_row wpb_row vc_inner vc_row-fluid vpt-5 vpb-5\"><div class=\"wpb_column vc_column_container vc_col-sm-12 vc_col-md-10\"><div class=\"vc_column-inner\"><div class=\"wpb_wrapper\"><div class=\"vmb-3 wpb_content_element\" ><div class=\"heading heading--p \"><p class=\"heading h2  \" ><em>Marina<\/em> ist f\u00fcr Dich da!<\/p><\/div><\/div>\r\n\t<div  class=\"wpb_text_column wpb_content_element  vmb-3  wpb_content_element\">\r\n\t\t<p><strong>Die Foodpunk Ern\u00e4hrungsexperten erstellen einen perfekten Plan - nur f\u00fcr dich. Egal ob dein Ziel Abnehmen, fitter und ges\u00fcnder werden oder das Vermeiden von Unvertr\u00e4glichkeiten ist: Ern\u00e4hrungswissenschaftlerin Barbara und das Foodpunk Team kreieren f\u00fcr dich ganz pers\u00f6nliche Genussmomente\u2026 Du kochst und schlemmst - wir sorgen daf\u00fcr, dass du damit dein Ziel erreichst. Ganz nebenbei.<\/strong><\/p>\n\r\n\t<\/div>\r\n<div class=\"vmb-7 wpb_content_element\" ><div class=\"btn__wrapper \"><a href=\"https:\/\/foodpunk.com\/de\/team\/\" target=\"\" rel=\"\" title=\"Team\" class=\"btn--link btn--primary btn--lg btn--icon btn--icon--arrow\"><span>Erfahre alles \u00fcber Foodpunk und das Team<\/span><\/a><\/div><\/div><\/div><\/div><\/div><\/div><\/div><\/div><\/div><div class=\"vc_col-sm-pull-6 overlapping-person wpb_column vc_column_container vc_col-sm-6 vc_col-lg-offset-1 vc_col-lg-5\"><div class=\"vc_column-inner\"><div class=\"wpb_wrapper\">\n\t<div  class=\"wpb_single_image wpb_content_element vc_align_left wpb_content_element\" >\n\t\t\n\t\t<figure class=\"wpb_wrapper vc_figure\">\n\t\t\t<div class=\"vc_single_image-wrapper  \"><img loading=\"lazy\" decoding=\"async\" width=\"819\" height=\"1024\" src=\"https:\/\/foodpunk.com\/wp-content\/uploads\/250922_TBR_Fotos_Marina_Portait_00614-819x1024.png\" class=\"vc_single_image-img attachment-large\" alt=\"Marina Lommel, Foodpunk Gr\u00fcnderin\" title=\"Marina Lommel, Foodpunk Gr\u00fcnderin\" srcset=\"https:\/\/foodpunk.com\/wp-content\/uploads\/250922_TBR_Fotos_Marina_Portait_00614-819x1024.png 819w, https:\/\/foodpunk.com\/wp-content\/uploads\/250922_TBR_Fotos_Marina_Portait_00614-240x300.png 240w, https:\/\/foodpunk.com\/wp-content\/uploads\/250922_TBR_Fotos_Marina_Portait_00614-768x960.png 768w, https:\/\/foodpunk.com\/wp-content\/uploads\/250922_TBR_Fotos_Marina_Portait_00614-1229x1536.png 1229w, https:\/\/foodpunk.com\/wp-content\/uploads\/250922_TBR_Fotos_Marina_Portait_00614.png 1638w\" sizes=\"auto, (max-width: 819px) 100vw, 819px\" \/><\/div>\n\t\t<\/figure>\n\t<\/div>\n<\/div><\/div><\/div><\/div><\/div><div class=\"vc_section__side\"><span class=\"vc_section__side__text\">Support<\/span><div class=\"vc_section__side__border\"><div class=\"vc_section__side__dot\"><\/div><\/div><\/div><\/section><\/div>[\/vc_column][\/vc_row]<\/p>\n<\/div>","protected":false},"excerpt":{"rendered":"Anleitung Partnerprogramm Du bist Heilpraktiker*in, Coach*in, Ern\u00e4hrungsberater*in, Arzt\/\u00c4rztin, Therapeut*in, Influencer*in, Personal Trainer*in oder bist anderweitig im Bereich Gesundheit\/Ern\u00e4hrung unterwegs und hast Lust deine Kunden f\u00fcr Foodpunk zu begeistern? Dann werde ein Teil unseres Partnerprogramms! Registriere dich bitte zuerst bei unserem Partnerprogramm unter foodpunk.firstpromoter.com Schritt 1 Einloggen auf foodpunk.firstpromoter.com\/login. Schritt 2 Du bist nun auf dem [...]","protected":false},"author":38,"featured_media":0,"parent":0,"menu_order":15,"comment_status":"closed","ping_status":"closed","template":"","meta":{"_acf_changed":false,"inline_featured_image":false,"footnotes":""},"class_list":["post-10208","page","type-page","status-publish","hentry"],"acf":[],"_links":{"self":[{"href":"https:\/\/foodpunk.com\/de\/wp-json\/wp\/v2\/pages\/10208","targetHints":{"allow":["GET"]}}],"collection":[{"href":"https:\/\/foodpunk.com\/de\/wp-json\/wp\/v2\/pages"}],"about":[{"href":"https:\/\/foodpunk.com\/de\/wp-json\/wp\/v2\/types\/page"}],"author":[{"embeddable":true,"href":"https:\/\/foodpunk.com\/de\/wp-json\/wp\/v2\/users\/38"}],"replies":[{"embeddable":true,"href":"https:\/\/foodpunk.com\/de\/wp-json\/wp\/v2\/comments?post=10208"}],"version-history":[{"count":5,"href":"https:\/\/foodpunk.com\/de\/wp-json\/wp\/v2\/pages\/10208\/revisions"}],"predecessor-version":[{"id":37953,"href":"https:\/\/foodpunk.com\/de\/wp-json\/wp\/v2\/pages\/10208\/revisions\/37953"}],"wp:attachment":[{"href":"https:\/\/foodpunk.com\/de\/wp-json\/wp\/v2\/media?parent=10208"}],"curies":[{"name":"wp","href":"https:\/\/api.w.org\/{rel}","templated":true}]}}